{"id":10565,"date":"2022-08-11T03:59:54","date_gmt":"2022-08-11T03:59:54","guid":{"rendered":"https:\/\/worknow.vn\/marketing-associate\/"},"modified":"2023-06-01T07:40:31","modified_gmt":"2023-06-01T07:40:31","slug":"lien-ket-marketing","status":"publish","type":"page","link":"https:\/\/worknow.vn\/vi\/lien-ket-marketing\/","title":{"rendered":"Li\u00ean K\u1ebft Marketing"},"content":{"rendered":"<div class=\"wpb-content-wrapper\">[vc_row top_margin=&#8221;0&#8243; bottom_margin=&#8221;0&#8243; css=&#8221;.vc_custom_1499912039446{margin-top: -30px !important;}&#8221;][vc_column]<div class=\"shortcode-wrapper shortcode-title clearfix hb-animate-element hb-fade-in\"><p style=\"color:#878787!important;border-color:#878787\" class=\"hb-text-large aligncenter\">Li\u00ean K\u1ebft Marketing<\/p><\/div>[vc_row_inner][vc_column_inner][vc_empty_space height=&#8221;10px&#8221;]<div class=\"shortcode-wrapper shortcode-icon-box clearfix\"><div class=\"feature-box alternative left-icon-box aligncenter\"><div class=\"feature-box-content\"><h4 class=\"bold\">M\u00f4 t\u1ea3 c\u00f4ng vi\u1ec7c<\/h4><p>M\u1ed9t c\u1ed9ng t\u00e1c vi\u00ean marketing l\u00e0 m\u1ed9t chuy\u00ean gia ti\u1ebfp th\u1ecb c\u1ea5p \u0111\u1ea7u v\u00e0o. C\u00f2n \u0111\u01b0\u1ee3c g\u1ecdi l\u00e0 tr\u1ee3 l\u00fd h\u00e0nh ch\u00ednh ti\u1ebfp th\u1ecb ho\u1eb7c tr\u1ee3 l\u00fd \u0111i\u1ec1u h\u00e0nh t\u00e0i kho\u1ea3n, c\u1ed9ng t\u00e1c vi\u00ean ti\u1ebfp th\u1ecb h\u1ed7 tr\u1ee3 n\u1ed7 l\u1ef1c c\u1ee7a c\u00e1c gi\u00e1m \u0111\u1ed1c ho\u1eb7c gi\u00e1m \u0111\u1ed1c ti\u1ebfp th\u1ecb. H\u1ecd h\u1ed7 tr\u1ee3 c\u00e1c nh\u00f3m ti\u1ebfp th\u1ecb ho\u1eb7c c\u00e1c b\u1ed9 ph\u1eadn li\u00ean quan l\u1eadp k\u1ebf ho\u1ea1ch v\u00e0 ho\u00e0n th\u00e0nh c\u00e1c d\u1ef1 \u00e1n. C\u00e1c c\u1ed9ng t\u00e1c vi\u00ean ti\u1ebfp th\u1ecb th\u1ef1c hi\u1ec7n c\u00e1c ho\u1ea1t \u0111\u1ed9ng h\u00e0ng ng\u00e0y c\u1ee7a b\u1ed9 ph\u1eadn ti\u1ebfp th\u1ecb. \u0110i\u1ec1u n\u00e0y c\u00f3 th\u1ec3 bao g\u1ed3m nghi\u00ean c\u1ee9u c\u00e1c xu h\u01b0\u1edbng, gi\u00e1m s\u00e1t c\u00e1c chi\u1ebfn d\u1ecbch, vi\u1ebft ho\u1eb7c hi\u1ec7u \u0111\u00ednh t\u00e0i li\u1ec7u ho\u1eb7c h\u1ed7 tr\u1ee3 c\u00e1c c\u00f4ng vi\u1ec7c h\u00e0nh ch\u00ednh. C\u00e1c c\u1ed9ng t\u00e1c vi\u00ean ti\u1ebfp th\u1ecb c\u0169ng th\u01b0\u1eddng c\u1ed9ng t\u00e1c v\u1edbi c\u00e1c b\u1ed9 ph\u1eadn kh\u00e1c nhau \u0111\u1ec3 gi\u00e1m s\u00e1t vi\u1ec7c t\u1ea1o ra c\u00e1c s\u1ea3n ph\u1ea9m ti\u1ebfp th\u1ecb. Tuy nhi\u00ean, tr\u00e1ch nhi\u1ec7m ch\u00ednh x\u00e1c c\u1ee7a c\u1ed9ng t\u00e1c vi\u00ean ti\u1ebfp th\u1ecb c\u00f3 th\u1ec3 thay \u0111\u1ed5i t\u00f9y theo n\u01a1i h\u1ecd l\u00e0m vi\u1ec7c. C\u00e1c c\u1ed9ng t\u00e1c vi\u00ean ti\u1ebfp th\u1ecb x\u1eed l\u00fd nhi\u1ec1u nhi\u1ec7m v\u1ee5 kh\u00e1c nhau v\u00e0 nhi\u1ec7m v\u1ee5 c\u1ee7a h\u1ecd c\u00f3 th\u1ec3 thay \u0111\u1ed5i t\u00f9y theo t\u1ed5 ch\u1ee9c m\u00e0 h\u1ecd l\u00e0m vi\u1ec7c. Nhi\u1ec1u c\u1ed9ng t\u00e1c vi\u00ean ti\u1ebfp th\u1ecb th\u01b0\u1eddng ho\u00e0n th\u00e0nh nhi\u1ec1u nhi\u1ec7m v\u1ee5 h\u00e0nh ch\u00ednh kh\u00e1c nhau. Nh\u1eefng nhi\u1ec7m v\u1ee5 n\u00e0y bao g\u1ed3m l\u00ean l\u1ecbch c\u00e1c cu\u1ed9c h\u1ecdp, ho\u00e0n th\u00e0nh m\u1ee5c nh\u1eadp d\u1eef li\u1ec7u, theo d\u00f5i h\u00e0ng t\u1ed3n kho v\u00e0 tr\u1ea3 l\u1eddi email. M\u1ed9t s\u1ed1 c\u1ed9ng t\u00e1c vi\u00ean ti\u1ebfp th\u1ecb c\u0169ng c\u00f3 tr\u00e1ch nhi\u1ec7m li\u00ean quan \u0111\u1ebfn t\u00e0i ch\u00ednh, ch\u1eb3ng h\u1ea1n nh\u01b0 theo d\u00f5i h\u00f3a \u0111\u01a1n.<br \/>\nSau khi b\u1ea1n ho\u00e0n th\u00e0nh b\u1eadc trung h\u1ecdc, \u0111i\u1ec1u quan tr\u1ecdng l\u00e0 ph\u1ea3i l\u1ea5y \u0111\u01b0\u1ee3c b\u1eb1ng \u0111\u1ea1i h\u1ecdc. Trong khi m\u1ed9t s\u1ed1 nh\u00e0 tuy\u1ec3n d\u1ee5ng s\u1ebd ch\u1ea5p nh\u1eadn b\u1eb1ng li\u00ean k\u1ebft, nhi\u1ec1u ng\u01b0\u1eddi th\u00edch \u1ee9ng vi\u00ean c\u00f3 b\u1eb1ng c\u1eed nh\u00e2n. C\u00e2n nh\u1eafc theo \u0111u\u1ed5i chuy\u00ean ng\u00e0nh nh\u01b0: Marketing; Qu\u1ea3ng c\u00e1o; Truy\u1ec1n th\u00f4ng; Vi\u1ec7c kinh doanh; Quan h\u1ec7 c\u00f4ng ch\u00fang<\/p><\/div><\/div><\/div>[vc_empty_space height=&#8221;30px&#8221;]<div class=\"shortcode-wrapper shortcode-icon-box clearfix\"><div class=\"feature-box alternative left-icon-box aligncenter\"><div class=\"feature-box-content\"><h4 class=\"bold\">Vai tr\u00f2 v\u00e0 tr\u00e1ch nhi\u1ec7m<\/h4><p>\u2022 Qu\u1ea3n l\u00fd c\u00e1c c\u00f4ng vi\u1ec7c h\u00e0nh ch\u00ednh h\u00e0ng ng\u00e0y \u0111\u1ec3 \u0111\u1ea3m b\u1ea3o b\u1ed9 ph\u1eadn Marketing ho\u1ea1t \u0111\u1ed9ng tr\u01a1n tru<br \/>\n\u2022 Ti\u1ebfn h\u00e0nh nghi\u00ean c\u1ee9u th\u1ecb tr\u01b0\u1eddng \u0111\u1ec3 x\u00e1c \u0111\u1ecbnh c\u00e1c c\u01a1 h\u1ed9i m\u1edbi<br \/>\n\u2022 Thu th\u1eadp v\u00e0 ph\u00e2n t\u00edch d\u1eef li\u1ec7u h\u00e0nh vi c\u1ee7a ng\u01b0\u1eddi ti\u00eau d\u00f9ng (v\u00ed d\u1ee5: l\u01b0u l\u01b0\u1ee3ng truy c\u1eadp web v\u00e0 x\u1ebfp h\u1ea1ng)<br \/>\n\u2022 T\u1ea1o b\u00e1o c\u00e1o v\u1ec1 s\u1ed1 li\u1ec7u ti\u1ebfp th\u1ecb v\u00e0 b\u00e1n h\u00e0ng, nh\u01b0 t\u1ef7 l\u1ec7 chuy\u1ec3n \u0111\u1ed5i<br \/>\n\u2022 H\u1ed7 tr\u1ee3 t\u1ed5 ch\u1ee9c c\u00e1c s\u1ef1 ki\u1ec7n qu\u1ea3ng c\u00e1o<br \/>\n\u2022 Ph\u1ed1i h\u1ee3p v\u1edbi nh\u00f3m Thi\u1ebft k\u1ebf v\u00e0 N\u1ed9i dung Ti\u1ebfp th\u1ecb \u0111\u1ec3 t\u1ea1o t\u00e0i li\u1ec7u qu\u1ea3ng c\u00e1o (v\u00ed d\u1ee5: t\u00e0i li\u1ec7u qu\u1ea3ng c\u00e1o v\u00e0 b\u1ea3n tin)<br \/>\n\u2022 L\u01b0u gi\u1eef h\u1ed3 s\u01a1 c\u00f3 t\u1ed5 ch\u1ee9c v\u1ec1 s\u1ed1 li\u1ec7u ti\u1ebfp th\u1ecb v\u00e0 k\u1ebft qu\u1ea3 c\u1ee7a c\u00e1c chi\u1ebfn d\u1ecbch tr\u01b0\u1edbc \u0111\u00e2y<br \/>\n\u2022 Chu\u1ea9n b\u1ecb c\u00e1c b\u00e1o c\u00e1o d\u1ef1 b\u00e1o b\u00e1n h\u00e0ng th\u01b0\u1eddng xuy\u00ean<br \/>\n\u2022 Gi\u00e1m s\u00e1t c\u00e1c ho\u1ea1t \u0111\u1ed9ng ti\u1ebfp th\u1ecb c\u1ee7a \u0111\u1ed1i th\u1ee7 c\u1ea1nh tranh<br \/>\nK\u1ef9 n\u0103ng:<br \/>\n\u2022 Kinh nghi\u1ec7m l\u00e0m vi\u1ec7c \u0111\u00e3 \u0111\u01b0\u1ee3c ch\u1ee9ng minh \u1edf v\u1ecb tr\u00ed C\u1ed9ng t\u00e1c vi\u00ean Ti\u1ebfp th\u1ecb, Tr\u1ee3 l\u00fd Ti\u1ebfp th\u1ecb ho\u1eb7c vai tr\u00f2 t\u01b0\u01a1ng t\u1ef1<br \/>\n\u2022 Ki\u1ebfn th\u1ee9c v\u1ec1 c\u00e1c c\u00f4ng c\u1ee5 v\u00e0 k\u1ef9 thu\u1eadt ti\u1ebfp th\u1ecb k\u1ef9 thu\u1eadt s\u1ed1<br \/>\n\u2022 Kinh nghi\u1ec7m v\u1edbi c\u00e1c chi\u1ebfn d\u1ecbch SEO\/SEM<br \/>\n\u2022 K\u1ef9 n\u0103ng m\u00e1y t\u00ednh v\u1eefng ch\u1eafc, bao g\u1ed3m MS Excel, ph\u00e2n t\u00edch trang web v\u00e0 Google Adwords<br \/>\n\u2022 Kh\u1ea3 n\u0103ng giao ti\u1ebfp v\u00e0 k\u0129 n\u0103ng thuy\u1ebft tr\u00ecnh tuy\u1ec7t v\u1eddi<br \/>\n\u2022 K\u1ef9 n\u0103ng ph\u00e2n t\u00edch m\u1ea1nh m\u1ebd v\u1edbi th\u00e1i \u0111\u1ed9 \u0111\u1ecbnh h\u01b0\u1edbng m\u1ee5c ti\u00eau<br \/>\nTr\u00ecnh \u0111\u1ed9 chuy\u00ean m\u00f4n: C\u1eed nh\u00e2n Marketing ho\u1eb7c l\u0129nh v\u1ef1c li\u00ean quan<\/p><\/div><\/div><\/div>[\/vc_column_inner][\/vc_row_inner][\/vc_column][\/vc_row]\n<\/div>","protected":false},"excerpt":{"rendered":"<p>[vc_row top_margin=&#8221;0&#8243; bottom_margin=&#8221;0&#8243; css=&#8221;.vc_custom_1499912039446{margin-top: -30px !important;}&#8221;][vc_column][vc_row_inner][vc_column_inner][vc_empty_space height=&#8221;10px&#8221;][vc_empty_space height=&#8221;30px&#8221;][\/vc_column_inner][\/vc_row_inner][\/vc_column][\/vc_row]<\/p>\n","protected":false},"author":4,"featured_media":0,"parent":0,"menu_order":0,"comment_status":"closed","ping_status":"closed","template":"","meta":{"nf_dc_page":"","footnotes":""},"class_list":["post-10565","page","type-page","status-publish","hentry"],"_links":{"self":[{"href":"https:\/\/worknow.vn\/vi\/wp-json\/wp\/v2\/pages\/10565","targetHints":{"allow":["GET"]}}],"collection":[{"href":"https:\/\/worknow.vn\/vi\/wp-json\/wp\/v2\/pages"}],"about":[{"href":"https:\/\/worknow.vn\/vi\/wp-json\/wp\/v2\/types\/page"}],"author":[{"embeddable":true,"href":"https:\/\/worknow.vn\/vi\/wp-json\/wp\/v2\/users\/4"}],"replies":[{"embeddable":true,"href":"https:\/\/worknow.vn\/vi\/wp-json\/wp\/v2\/comments?post=10565"}],"version-history":[{"count":5,"href":"https:\/\/worknow.vn\/vi\/wp-json\/wp\/v2\/pages\/10565\/revisions"}],"predecessor-version":[{"id":11944,"href":"https:\/\/worknow.vn\/vi\/wp-json\/wp\/v2\/pages\/10565\/revisions\/11944"}],"wp:attachment":[{"href":"https:\/\/worknow.vn\/vi\/wp-json\/wp\/v2\/media?parent=10565"}],"curies":[{"name":"wp","href":"https:\/\/api.w.org\/{rel}","templated":true}]}}