{"id":10567,"date":"2022-08-11T04:00:25","date_gmt":"2022-08-11T04:00:25","guid":{"rendered":"https:\/\/worknow.vn\/content-marketing-manager\/"},"modified":"2023-06-01T07:45:23","modified_gmt":"2023-06-01T07:45:23","slug":"quan-ly-marketing-noi-dung","status":"publish","type":"page","link":"https:\/\/worknow.vn\/vi\/quan-ly-marketing-noi-dung\/","title":{"rendered":"Qu\u1ea3n L\u00fd Marketing N\u1ed9i Dung"},"content":{"rendered":"<div class=\"wpb-content-wrapper\">[vc_row top_margin=&#8221;0&#8243; bottom_margin=&#8221;0&#8243; css=&#8221;.vc_custom_1499912039446{margin-top: -30px !important;}&#8221;][vc_column]<div class=\"shortcode-wrapper shortcode-title clearfix hb-animate-element hb-fade-in\"><p style=\"color:#878787!important;border-color:#878787\" class=\"hb-text-large aligncenter\">Qu\u1ea3n L\u00fd Marketing N\u1ed9i Dung<\/p><\/div>[vc_row_inner][vc_column_inner][vc_empty_space height=&#8221;10px&#8221;]<div class=\"shortcode-wrapper shortcode-icon-box clearfix\"><div class=\"feature-box alternative left-icon-box aligncenter\"><div class=\"feature-box-content\"><h4 class=\"bold\">M\u00f4 t\u1ea3 c\u00f4ng vi\u1ec7c<\/h4><p>C\u00e1c nh\u00e0 qu\u1ea3n l\u00fd marketing n\u1ed9i dung ch\u1ecbu tr\u00e1ch nhi\u1ec7m t\u1ea1o v\u00e0 th\u1ef1c hi\u1ec7n chi\u1ebfn l\u01b0\u1ee3c ti\u1ebfp th\u1ecb t\u1ed5ng th\u1ec3 c\u1ee7a m\u1ed9t t\u1ed5 ch\u1ee9c. H\u1ea7u h\u1ebft c\u00e1c nh\u00e0 qu\u1ea3n l\u00fd ti\u1ebfp th\u1ecb n\u1ed9i dung l\u00e0m vi\u1ec7c to\u00e0n th\u1eddi gian trong m\u00f4i tr\u01b0\u1eddng v\u0103n ph\u00f2ng, nh\u01b0ng c\u00f3 th\u1ec3 \u0111i c\u00f4ng t\u00e1c \u0111\u1ec3 g\u1eb7p g\u1ee1 kh\u00e1ch h\u00e0ng ho\u1eb7c nh\u00e0 cung c\u1ea5p. H\u1ecd c\u00f3 th\u1ec3 l\u00e0m vi\u1ec7c trong nhi\u1ec1u ng\u00e0nh kh\u00e1c nhau, bao g\u1ed3m c\u00e1c c\u01a1 quan ti\u1ebfp th\u1ecb v\u00e0 t\u01b0 v\u1ea5n, c\u00f4ng ty s\u1ea3n xu\u1ea5t ho\u1eb7c c\u00f4ng ty k\u1ef9 thu\u1eadt. Tr\u00e1ch nhi\u1ec7m c\u00f4<br \/>\nng vi\u1ec7c c\u1ee5 th\u1ec3 \u0111\u1ed1i v\u1edbi ng\u01b0\u1eddi qu\u1ea3n l\u00fd ti\u1ebfp th\u1ecb n\u1ed9i dung c\u00f3 th\u1ec3 thay \u0111\u1ed5i t\u00f9y theo lo\u1ea1i h\u00ecnh t\u1ed5 ch\u1ee9c. C\u00e1c nhi\u1ec7m v\u1ee5 c\u00f4ng vi\u1ec7c chung c\u00f3 th\u1ec3 bao g\u1ed3m c\u1ed9ng t\u00e1c v\u1edbi c\u00e1c nh\u00e0 qu\u1ea3n l\u00fd ph\u01b0\u01a1ng ti\u1ec7n truy\u1ec1n th\u00f4ng x\u00e3 h\u1ed9i \u0111\u1ec3 h\u1ee3p l\u00fd h\u00f3a vi\u1ec7c g\u1eedi tin nh\u1eafn tr\u00ean nhi\u1ec1u ph\u01b0\u01a1ng ti\u1ec7n kh\u00e1c nhau, ph\u00e2n t\u00edch l\u01b0u l\u01b0\u1ee3ng truy c\u1eadp trang web, tri\u1ec3n khai c\u00e1c c\u00e1ch \u0111\u1ec3 t\u1ed1i \u01b0u h\u00f3a hi\u1ec7u su\u1ea5t trang web v\u00e0 t\u1ea1o video, b\u00e0i vi\u1ebft v\u00e0 h\u00ecnh \u1ea3nh. Ng\u01b0\u1eddi qu\u1ea3n l\u00fd ti\u1ebfp th\u1ecb n\u1ed9i dung c\u00f3 th\u1ec3 cung c\u1ea5p cho c\u00e1c nh\u00f3m n\u1ed9i b\u1ed9 kh\u00e1c \u0111\u1ec1 xu\u1ea5t v\u1ec1 c\u00e1c ph\u01b0\u01a1ng ph\u00e1p hay nh\u1ea5t. C\u00e1c nhi\u1ec7m v\u1ee5 c\u00f4ng vi\u1ec7c kh\u00e1c c\u00f3 th\u1ec3 bao g\u1ed3m thi\u1ebft k\u1ebf v\u00e0 ph\u00e2n ph\u1ed1i c\u00e1c b\u1ea3n tin c\u1ee7a t\u1ed5 ch\u1ee9c, t\u1ea1o v\u00e0 c\u1eadp nh\u1eadt l\u1ecbch bao g\u1ed3m th\u1eddi h\u1ea1n d\u1ef1 \u00e1n quan tr\u1ecdng v\u00e0 h\u1ed7 tr\u1ee3 c\u00e1c nh\u00e0 cung c\u1ea5p ho\u1eb7c nh\u00e0 ph\u00e2n ph\u1ed1i t\u1ea1o n\u1ed9i dung cho trang web c\u00f4ng ty c\u1ee7a h\u1ecd.<br \/>\nS\u00e1ng t\u1ea1o l\u00e0 m\u1ed9t trong nh\u1eefng k\u1ef9 n\u0103ng c\u1ea7n thi\u1ebft nh\u1ea5t \u0111\u1ed1i v\u1edbi ng\u01b0\u1eddi qu\u1ea3n l\u00fd ti\u1ebfp th\u1ecb n\u1ed9i dung, v\u00ec h\u1ecd chuy\u00ean truy\u1ec1n \u0111\u1ea1t th\u01b0\u01a1ng hi\u1ec7u v\u00e0 h\u00ecnh \u1ea3nh c\u1ee7a t\u1ed5 ch\u1ee9c tr\u00ean nhi\u1ec1u n\u1ec1n t\u1ea3ng kh\u00e1c nhau. K\u1ef9 n\u0103ng giao ti\u1ebfp xu\u1ea5t s\u1eafc c\u0169ng r\u1ea5t c\u1ea7n thi\u1ebft, v\u00ec c\u00e1c nh\u00e0 qu\u1ea3n l\u00fd ti\u1ebfp th\u1ecb n\u1ed9i dung t\u01b0\u01a1ng t\u00e1c v\u1edbi nh\u00e2n vi\u00ean n\u1ed9i b\u1ed9, ch\u1eb3ng h\u1ea1n nh\u01b0 ng\u01b0\u1eddi qu\u1ea3n l\u00fd s\u1ea3n ph\u1ea9m ho\u1eb7c nh\u00e0 thi\u1ebft k\u1ebf \u0111\u1ed3 h\u1ecda v\u00e0 kh\u00e1ch h\u00e0ng b\u00ean ngo\u00e0i. C\u00e1c nh\u00e0 qu\u1ea3n l\u00fd ti\u1ebfp th\u1ecb n\u1ed9i dung n\u00ean c\u00f3 k\u1ef9 n\u0103ng qu\u1ea3n l\u00fd d\u1ef1 \u00e1n m\u1ea1nh m\u1ebd \u0111\u1ec3 gi\u00e1m s\u00e1t c\u00e1c d\u1ef1 \u00e1n v\u00e0 nh\u00e2n s\u1ef1 tr\u1ef1c ti\u1ebfp. H\u1ecd s\u1ebd c\u1ea7n s\u1ef1 ch\u00fa \u00fd tuy\u1ec7t v\u1eddi \u0111\u1ebfn t\u1eebng chi ti\u1ebft \u0111\u1ec3 th\u1ef1c hi\u1ec7n c\u00e1c nhi\u1ec7m v\u1ee5 kh\u00e1c nhau, ch\u1eb3ng h\u1ea1n nh\u01b0 hi\u1ec7u \u0111\u00ednh, gi\u00e1m s\u00e1t ng\u00e2n s\u00e1ch v\u00e0 \u0111\u1ea3m b\u1ea3o h\u00ecnh \u1ea3nh v\u00e0 m\u00f4 t\u1ea3 n\u1ed9i dung tu\u00e2n th\u1ee7 c\u00e1c ti\u00eau chu\u1ea9n c\u1ee7a c\u00f4ng ty v\u00e0 ph\u00e1p l\u00fd.<br \/>\nC\u00e1c nh\u00e0 qu\u1ea3n l\u00fd ti\u1ebfp th\u1ecb n\u1ed9i dung ti\u1ec1m n\u0103ng s\u1ebd c\u1ea7n b\u1eb1ng c\u1eed nh\u00e2n v\u1ec1 ti\u1ebfp th\u1ecb, truy\u1ec1n th\u00f4ng ho\u1eb7c l\u0129nh v\u1ef1c li\u00ean quan. C\u00e1c kh\u00f3a h\u1ecdc li\u00ean quan cho v\u1ecb tr\u00ed n\u00e0y bao g\u1ed3m th\u1ed1ng k\u00ea, qu\u1ea3n l\u00fd v\u00e0 kinh t\u1ebf, s\u1ebd c\u00f3 l\u1ee3i cho vi\u1ec7c ph\u00e2n t\u00edch l\u01b0u l\u01b0\u1ee3ng truy c\u1eadp trang web v\u00e0 gi\u00e1m s\u00e1t c\u00e1c d\u1ef1 \u00e1n ti\u1ebfp th\u1ecb. C\u00e1c c\u00e1 nh\u00e2n c\u00f3 th\u1ec3 theo \u0111u\u1ed5i t\u01b0 c\u00e1ch th\u00e0nh vi\u00ean trong c\u00e1c t\u1ed5 ch\u1ee9c chuy\u00ean nghi\u1ec7p nh\u01b0 Hi\u1ec7p h\u1ed9i ti\u1ebfp th\u1ecb n\u1ed9i dung, n\u01a1i cung c\u1ea5p t\u00e0i nguy\u00ean \u0111\u00e0o t\u1ea1o v\u00e0 ti\u1ebfp x\u00fac cho c\u00e1c t\u1ed5 ch\u1ee9c m\u1edbi mu\u1ed1n tham gia v\u00e0o l\u0129nh v\u1ef1c n\u00e0y.<\/p><\/div><\/div><\/div>[vc_empty_space height=&#8221;30px&#8221;]<div class=\"shortcode-wrapper shortcode-icon-box clearfix\"><div class=\"feature-box alternative left-icon-box aligncenter\"><div class=\"feature-box-content\"><h4 class=\"bold\">Vai tr\u00f2 v\u00e0 tr\u00e1ch nhi\u1ec7m<\/h4><p>\u2022 Ph\u1ed1i h\u1ee3p c\u00e1c chi\u1ebfn l\u01b0\u1ee3c n\u1ed9i dung k\u1ef9 thu\u1eadt s\u1ed1 tr\u00ean t\u1ea5t c\u1ea3 c\u00e1c n\u1ec1n t\u1ea3ng tr\u1ef1c tuy\u1ebfn.<br \/>\n\u2022 Th\u00fac \u0111\u1ea9y l\u01b0u l\u01b0\u1ee3ng truy c\u1eadp v\u00e0 m\u1ee9c \u0111\u1ed9 t\u01b0\u01a1ng t\u00e1c chuy\u1ec3n th\u00e0nh doanh s\u1ed1 b\u00e1n h\u00e0ng v\u00e0 qu\u1ea3ng b\u00e1 th\u01b0\u01a1ng hi\u1ec7u.<br \/>\n\u2022 Qu\u1ea3n l\u00fd ng\u00e2n s\u00e1ch ti\u1ebfp th\u1ecb n\u1ed9i dung.<br \/>\n\u2022 \u0110o l\u01b0\u1eddng k\u1ebft qu\u1ea3 c\u1ee7a ho\u1ea1t \u0111\u1ed9ng ti\u1ebfp th\u1ecb \u0111\u1ec3 th\u00f4ng b\u00e1o cho c\u00e1c chi\u1ebfn d\u1ecbch ti\u1ebfp th\u1ecb trong t\u01b0\u01a1ng lai.<br \/>\n\u2022 Qu\u1ea3n l\u00fd nh\u00f3m c\u00e1c nh\u00e0 v\u0103n, h\u1ecda s\u0129 minh h\u1ecda v\u00e0 nh\u00e0 ph\u00e2n t\u00edch d\u1eef li\u1ec7u.<br \/>\n\u2022 Th\u1ef1c hi\u1ec7n c\u00e1c ph\u01b0\u01a1ng ph\u00e1p hay nh\u1ea5t v\u1ec1 SEO.<br \/>\n\u2022 Bi\u1ebft c\u00e1c lo\u1ea1i n\u1ed9i dung kh\u00e1c nhau ph\u00f9 h\u1ee3p nh\u1ea5t v\u1edbi n\u1ec1n t\u1ea3ng n\u00e0o.<br \/>\n\u2022 Thi\u1ebft k\u1ebf v\u00e0 th\u1ef1c hi\u1ec7n c\u00e1c chi\u1ebfn l\u01b0\u1ee3c ti\u1ebfp th\u1ecb s\u00e1ng t\u1ea1o \u0111\u1ec3 ph\u1ed5 bi\u1ebfn n\u1ed9i dung.<br \/>\nK\u1ef9 n\u0103ng:<br \/>\n\u2022 C\u00f3 kinh nghi\u1ec7m x\u00e2y d\u1ef1ng c\u1ed9ng \u0111\u1ed3ng tr\u1ef1c tuy\u1ebfn.<br \/>\n\u2022 D\u1ef1a tr\u00ean d\u1eef li\u1ec7u v\u00e0 c\u00f3 t\u00ednh ph\u00e2n t\u00edch cao.<br \/>\n\u2022 Th\u00e0nh th\u1ea1o Google Analytics.<br \/>\n\u2022 Th\u00e0nh th\u1ea1o ph\u00e2n t\u00edch m\u1ea1ng x\u00e3 h\u1ed9i.<br \/>\n\u2022 K\u1ef9 n\u0103ng qu\u1ea3n l\u00fd th\u1eddi gian.<br \/>\n\u2022 K\u1ef9 n\u0103ng quan h\u1ec7 tuy\u1ec7t v\u1eddi.<br \/>\n\u2022 Giao ti\u1ebfp b\u1eb1ng v\u0103n b\u1ea3n v\u00e0 b\u1eb1ng l\u1eddi n\u00f3i xu\u1ea5t s\u1eafc.<br \/>\nTr\u00ecnh \u0111\u1ed9 chuy\u00ean m\u00f4n: B\u1eb1ng c\u1eed nh\u00e2n v\u1ec1 ti\u1ebfp th\u1ecb ho\u1eb7c l\u0129nh v\u1ef1c li\u00ean quan.<\/p><\/div><\/div><\/div>[\/vc_column_inner][\/vc_row_inner][\/vc_column][\/vc_row]\n<\/div>","protected":false},"excerpt":{"rendered":"<p>[vc_row top_margin=&#8221;0&#8243; bottom_margin=&#8221;0&#8243; css=&#8221;.vc_custom_1499912039446{margin-top: -30px !important;}&#8221;][vc_column][vc_row_inner][vc_column_inner][vc_empty_space height=&#8221;10px&#8221;][vc_empty_space height=&#8221;30px&#8221;][\/vc_column_inner][\/vc_row_inner][\/vc_column][\/vc_row]<\/p>\n","protected":false},"author":4,"featured_media":0,"parent":0,"menu_order":0,"comment_status":"closed","ping_status":"closed","template":"","meta":{"nf_dc_page":"","footnotes":""},"class_list":["post-10567","page","type-page","status-publish","hentry"],"_links":{"self":[{"href":"https:\/\/worknow.vn\/vi\/wp-json\/wp\/v2\/pages\/10567","targetHints":{"allow":["GET"]}}],"collection":[{"href":"https:\/\/worknow.vn\/vi\/wp-json\/wp\/v2\/pages"}],"about":[{"href":"https:\/\/worknow.vn\/vi\/wp-json\/wp\/v2\/types\/page"}],"author":[{"embeddable":true,"href":"https:\/\/worknow.vn\/vi\/wp-json\/wp\/v2\/users\/4"}],"replies":[{"embeddable":true,"href":"https:\/\/worknow.vn\/vi\/wp-json\/wp\/v2\/comments?post=10567"}],"version-history":[{"count":5,"href":"https:\/\/worknow.vn\/vi\/wp-json\/wp\/v2\/pages\/10567\/revisions"}],"predecessor-version":[{"id":11946,"href":"https:\/\/worknow.vn\/vi\/wp-json\/wp\/v2\/pages\/10567\/revisions\/11946"}],"wp:attachment":[{"href":"https:\/\/worknow.vn\/vi\/wp-json\/wp\/v2\/media?parent=10567"}],"curies":[{"name":"wp","href":"https:\/\/api.w.org\/{rel}","templated":true}]}}