{"id":10569,"date":"2022-08-11T04:00:59","date_gmt":"2022-08-11T04:00:59","guid":{"rendered":"https:\/\/worknow.vn\/content-writer\/"},"modified":"2023-06-01T07:52:15","modified_gmt":"2023-06-01T07:52:15","slug":"nguoi-sang-tao-noi-dung","status":"publish","type":"page","link":"https:\/\/worknow.vn\/vi\/nguoi-sang-tao-noi-dung\/","title":{"rendered":"Ng\u01b0\u1eddi S\u00e1ng T\u1ea1o N\u1ed9i Dung"},"content":{"rendered":"<div class=\"wpb-content-wrapper\">[vc_row top_margin=&#8221;0&#8243; bottom_margin=&#8221;0&#8243; css=&#8221;.vc_custom_1499912039446{margin-top: -30px !important;}&#8221;][vc_column]<div class=\"shortcode-wrapper shortcode-title clearfix hb-animate-element hb-fade-in\"><p style=\"color:#878787!important;border-color:#878787\" class=\"hb-text-large aligncenter\">Ng\u01b0\u1eddi S\u00e1ng T\u1ea1o N\u1ed9i Dung<\/p><\/div>[vc_row_inner][vc_column_inner][vc_empty_space height=&#8221;10px&#8221;]<div class=\"shortcode-wrapper shortcode-icon-box clearfix\"><div class=\"feature-box alternative left-icon-box aligncenter\"><div class=\"feature-box-content\"><h4 class=\"bold\">M\u00f4 t\u1ea3 c\u00f4ng vi\u1ec7c<\/h4><p>Ng\u01b0\u1eddi vi\u1ebft n\u1ed9i dung ho\u1eb7c Ng\u01b0\u1eddi t\u1ea1o n\u1ed9i dung ch\u1ecbu tr\u00e1ch nhi\u1ec7m s\u1eed d\u1ee5ng v\u0103n b\u1ea3n \u0111\u1ec3 chia s\u1ebb th\u00f4ng tin v\u1ec1 s\u1ea3n ph\u1ea9m, d\u1ecbch v\u1ee5 ho\u1eb7c ng\u00e0nh c\u1ee7a kh\u00e1ch h\u00e0ng. Nhi\u1ec7m v\u1ee5 c\u1ee7a h\u1ecd bao g\u1ed3m chu\u1ea9n b\u1ecb d\u00e0n \u00fd cho t\u00e0i li\u1ec7u, c\u1eadp nh\u1eadt n\u1ed9i dung d\u1ef1a tr\u00ean y\u00eau c\u1ea7u ch\u1ec9nh s\u1eeda c\u1ee7a kh\u00e1ch h\u00e0ng v\u00e0 hi\u1ec7u \u0111\u00ednh t\u00e1c ph\u1ea9m c\u1ee7a h\u1ecd v\u1ec1 gi\u1ecdng \u0111i\u1ec7u, v\u0103n phong, s\u1ef1 r\u00f5 r\u00e0ng, ng\u1eef ph\u00e1p v\u00e0 \u0111\u1ecbnh d\u1ea1ng. Ng\u01b0\u1eddi vi\u1ebft n\u1ed9i dung l\u00e0m vi\u1ec7c cho c\u00e1c \u0111\u1ea1i l\u00fd ti\u1ebfp th\u1ecb v\u00e0 b\u1ed9 ph\u1eadn qu\u1ea3ng c\u00e1o n\u1ed9i b\u1ed9 \u0111\u1ec3 t\u1ea1o ra c\u00e1c t\u00e1c ph\u1ea9m vi\u1ebft h\u1ea5p d\u1eabn cho ph\u01b0\u01a1ng ti\u1ec7n k\u1ef9 thu\u1eadt s\u1ed1 v\u00e0 in \u1ea5n. Ng\u01b0\u1eddi vi\u1ebft n\u1ed9i dung c\u00f3 th\u1ec3 vi\u1ebft v\u1ec1 nhi\u1ec1u ch\u1ee7 \u0111\u1ec1, sau \u0111\u00f3 kh\u00e1ch h\u00e0ng c\u1ee7a h\u1ecd c\u00f3 th\u1ec3 s\u1eed d\u1ee5ng \u0111\u1ec3 qu\u1ea3ng c\u00e1o d\u1ecbch v\u1ee5 c\u1ee7a h\u1ecd ho\u1eb7c gi\u00e1o d\u1ee5c ng\u01b0\u1eddi ti\u00eau d\u00f9ng v\u1ec1 c\u00e1c ch\u1ee7 \u0111\u1ec1 c\u00f3 li\u00ean quan \u0111\u1ebfn th\u01b0\u01a1ng hi\u1ec7u c\u1ee7a h\u1ecd. H\u1ecd th\u00f4ng th\u1ea1o c\u00e1c h\u01b0\u1edbng d\u1eabn v\u1ec1 phong c\u00e1ch kh\u00e1c nhau v\u00e0 c\u00f3 th\u1ec3 t\u1ea1o ra c\u00e1c b\u00e0i vi\u1ebft s\u00e1ng t\u1ea1o, c\u00e1c b\u00e0i b\u00e1o cung c\u1ea5p th\u00f4ng tin, c\u00e1c c\u00e2u chuy\u1ec7n h\u01b0 c\u1ea5u, c\u00e1c b\u00e0i \u0111\u0103ng tr\u00ean blog c\u00e1 nh\u00e2n v\u00e0 c\u00e1c n\u1ed9i dung gi\u1ea3i tr\u00ed ho\u1eb7c gi\u00e1o d\u1ee5c kh\u00e1c. Vai tr\u00f2 c\u1ee7a h\u1ecd l\u00e0 thu h\u00fat kh\u00e1ch h\u00e0ng ti\u1ec1m n\u0103ng \u0111\u1ebfn v\u1edbi th\u01b0\u01a1ng hi\u1ec7u b\u1eb1ng c\u00e1ch t\u1ea1o ra b\u00e0i vi\u1ebft h\u1ea5p d\u1eabn m\u00e0 th\u1ecb tr\u01b0\u1eddng m\u1ee5c ti\u00eau c\u1ee7a doanh nghi\u1ec7p c\u00f3 th\u1ec3 mu\u1ed1n \u0111\u1ecdc.<br \/>\nNg\u01b0\u1eddi vi\u1ebft n\u1ed9i dung t\u1ed1t n\u00ean c\u00f3 kh\u1ea3 n\u0103ng th\u00edch \u1ee9ng v\u00e0 linh ho\u1ea1t \u0111\u1ec3 ch\u1ea5p nh\u1eadn th\u1eed th\u00e1ch vi\u1ebft theo nhi\u1ec1u phong c\u00e1ch v\u00e0 gi\u1ecdng \u0111i\u1ec7u. H\u1ecd s\u1eed d\u1ee5ng s\u1ef1 s\u00e1ng t\u1ea1o \u0111\u1ec3 n\u1eafm b\u1eaft th\u01b0\u01a1ng hi\u1ec7u v\u00e0 h\u00ecnh \u1ea3nh c\u1ee7a kh\u00e1ch h\u00e0ng b\u1eb1ng c\u00e1ch s\u1eed d\u1ee5ng c\u00e1c m\u1eabu ng\u00f4n ng\u1eef v\u00e0 ti\u1ebfng l\u00f3ng ho\u1eb7c bi\u1ec7t ng\u1eef kh\u00e1c nhau. Nh\u1eefng Ng\u01b0\u1eddi vi\u1ebft n\u1ed9i dung th\u00e0nh c\u00f4ng l\u00e0 nh\u1eefng ng\u01b0\u1eddi h\u1ecdc h\u1ecfi nhanh, l\u00e0m vi\u1ec7c t\u1ed1t d\u01b0\u1edbi \u00e1p l\u1ef1c v\u00e0 c\u00f3 th\u1ec3 t\u1ea1o ra s\u1ef1 thay \u0111\u1ed5i nhanh ch\u00f3ng cho kh\u00e1ch h\u00e0ng trong th\u1eddi h\u1ea1n ch\u1eb7t ch\u1ebd. Ng\u01b0\u1eddi vi\u1ebft n\u1ed9i dung gi\u1ecfi c\u00f3 hi\u1ec3u bi\u1ebft s\u00e2u s\u1eafc v\u1ec1 c\u00e1c quy t\u1eafc ng\u1eef ph\u00e1p \u0111\u1ec3 h\u1ecd c\u00f3 th\u1ec3 d\u1ec5 d\u00e0ng t\u1ea1o ra n\u1ed9i dung nh\u1ea5t qu\u00e1n, d\u1ec5 \u0111\u1ecdc. Ch\u00fang \u0111\u01b0\u1ee3c \u0111\u1ecbnh h\u01b0\u1edbng t\u1ec9 m\u1ec9 v\u00e0 chi ti\u1ebft, ng\u0103n ng\u1eeba l\u1ed7i \u0111\u00e1nh m\u00e1y ho\u1eb7c ng\u00f4n ng\u1eef kh\u00f3 x\u1eed khi g\u1eedi cho kh\u00e1ch h\u00e0ng. K\u1ef9 n\u0103ng nghi\u00ean c\u1ee9u cho ph\u00e9p b\u1ea1n \u0111i \u0111\u1ebfn g\u1ed1c r\u1ec5 c\u1ee7a m\u1ed9t ch\u1ee7 \u0111\u1ec1, cho ph\u00e9p b\u1ea1n vi\u1ebft n\u1ed9i dung x\u00e1c th\u1ef1c, c\u1eadp nh\u1eadt v\u00e0 chi ti\u1ebft. B\u1ea1n c\u00f3 th\u1ec3 c\u00e2n nh\u1eafc \u0111\u0103ng k\u00fd tham gia m\u1ed9t l\u1edbp nghi\u00ean c\u1ee9u \u0111\u1ec3 \u0111\u1ea1t \u0111\u01b0\u1ee3c nh\u1eefng k\u1ef9 n\u0103ng n\u00e0y ho\u1eb7c l\u00e0m vi\u1ec7c trong c\u00e1c d\u1ef1 \u00e1n nghi\u00ean c\u1ee9u kh\u00e1c nhau \u0111\u1ec3 trau d\u1ed3i k\u1ef9 n\u0103ng c\u1ee7a m\u00ecnh. M\u1ed9t ng\u01b0\u1eddi vi\u1ebft n\u1ed9i dung c\u00f3 k\u1ef9 n\u0103ng giao ti\u1ebfp b\u1eb1ng v\u0103n b\u1ea3n xu\u1ea5t s\u1eafc c\u00f3 th\u1ec3 d\u1ec5 d\u00e0ng thu h\u00fat s\u1ef1 ch\u00fa \u00fd c\u1ee7a nh\u00e0 tuy\u1ec3n d\u1ee5ng. L\u00e0m vi\u1ec7c v\u1edbi t\u01b0 c\u00e1ch l\u00e0 ng\u01b0\u1eddi vi\u1ebft n\u1ed9i dung c\u00f3 th\u1ec3 y\u00eau c\u1ea7u b\u1ea1n ph\u1ea3i l\u00e0m vi\u1ec7c tr\u00ean nhi\u1ec1u d\u1ef1 \u00e1n ho\u1eb7c thay \u0111\u1ed5i tr\u1ecdng t\u00e2m c\u1ee7a b\u1ea1n t\u1eeb m\u1ed9t d\u1ef1 \u00e1n sang l\u00e0m vi\u1ec7c v\u1edbi d\u1ef1 \u00e1n c\u1ea5p b\u00e1ch nh\u1ea5t. \u0110i\u1ec1u n\u00e0y \u0111\u00f2i h\u1ecfi b\u1ea1n ph\u1ea3i c\u00f3 kh\u1ea3 n\u0103ng th\u00edch nghi v\u00e0 ki\u00ean c\u01b0\u1eddng. Nhi\u1ec1u d\u1ef1 \u00e1n vi\u1ebft c\u00f3 l\u1ecbch tr\u00ecnh m\u00e0 ng\u01b0\u1eddi vi\u1ebft n\u1ed9i dung c\u00f3 th\u1ec3 g\u1eedi c\u00f4ng vi\u1ec7c v\u00e0 \u0111i\u1ec1u c\u1ea7n thi\u1ebft l\u00e0 b\u1ea1n ph\u1ea3i qu\u1ea3n l\u00fd th\u1eddi gian c\u1ee7a m\u00ecnh \u0111\u1ec3 \u0111\u00e1p \u1ee9ng th\u1eddi h\u1ea1n. M\u1ed9t s\u1ed1 d\u1ef1 \u00e1n c\u00f3 th\u1ec3 m\u1ea5t m\u1ed9t ho\u1eb7c hai ng\u00e0y, trong khi nh\u1eefng d\u1ef1 \u00e1n kh\u00e1c c\u00f3 th\u1ec3 m\u1ea5t m\u1ed9t tu\u1ea7n \u0111\u1ebfn m\u1ed9t th\u00e1ng, t\u00f9y thu\u1ed9c v\u00e0o kh\u1ed1i l\u01b0\u1ee3ng c\u00f4ng vi\u1ec7c.<br \/>\nKi\u1ebfm \u0111\u01b0\u1ee3c b\u1eb1ng c\u1ea5p th\u01b0\u1eddng l\u00e0 t\u00f9y ch\u1ecdn \u0111\u1ec3 tr\u1edf th\u00e0nh ng\u01b0\u1eddi vi\u1ebft n\u1ed9i dung, nh\u01b0ng n\u00f3 c\u00f3 th\u1ec3 c\u00f3 l\u1ee3i. Nhi\u1ec1u ng\u01b0\u1eddi tr\u1edf th\u00e0nh ng\u01b0\u1eddi vi\u1ebft n\u1ed9i dung c\u00f3 b\u1eb1ng c\u1eed nh\u00e2n v\u1ec1 ti\u1ebfp th\u1ecb, ti\u1ebfng Anh, vi\u1ebft s\u00e1ng t\u1ea1o ho\u1eb7c giao ti\u1ebfp. C\u00f3 b\u1eb1ng c\u1ea5p li\u00ean quan c\u00f3 th\u1ec3 gi\u00fap b\u1ea1n ph\u00e1t tri\u1ec3n v\u00e0 c\u1ea3i thi\u1ec7n c\u00e1c k\u1ef9 n\u0103ng nghi\u00ean c\u1ee9u, vi\u1ebft v\u00e0 giao ti\u1ebfp c\u1ea7n thi\u1ebft cho vi\u1ec7c n\u00e0y<\/p><\/div><\/div><\/div>[vc_empty_space height=&#8221;30px&#8221;]<div class=\"shortcode-wrapper shortcode-icon-box clearfix\"><div class=\"feature-box alternative left-icon-box aligncenter\"><div class=\"feature-box-content\"><h4 class=\"bold\">Vai tr\u00f2 v\u00e0 tr\u00e1ch nhi\u1ec7m<\/h4><p>\u2022 Ho\u00e0n th\u00e0nh d\u1ef1 \u00e1n vi\u1ebft, \u0111\u00e1p \u1ee9ng th\u1eddi h\u1ea1n v\u00e0 tu\u00e2n th\u1ee7 c\u00e1c y\u00eau c\u1ea7u v\u1ec1 n\u1ed9i dung v\u1ec1 phong c\u00e1ch v\u00e0 th\u00f4ng s\u1ed1 k\u1ef9 thu\u1eadt c\u1ee7a d\u1ef1 \u00e1n<br \/>\n\u2022 Ch\u1ec9nh s\u1eeda n\u1ed9i dung b\u1ea5t c\u1ee9 khi n\u00e0o kh\u00e1ch h\u00e0ng ho\u1eb7c kh\u00e1ch h\u00e0ng y\u00eau c\u1ea7u thay \u0111\u1ed5i<br \/>\n\u2022 Gi\u00fap t\u1ea1o h\u01b0\u1edbng d\u1eabn phong c\u00e1ch ho\u1eb7c \u0111\u1ec1 xu\u1ea5t thay \u0111\u1ed5i \u0111\u1ec3 \u0111\u1ea3m b\u1ea3o n\u1ed9i dung nh\u1ea5t qu\u00e1n v\u00e0 r\u00f5 r\u00e0ng<br \/>\n\u2022 L\u00e0m vi\u1ec7c v\u1edbi kh\u00e1ch h\u00e0ng \u0111\u1ec3 x\u00e1c \u0111\u1ecbnh nhu c\u1ea7u n\u1ed9i dung c\u1ee7a h\u1ecd<br \/>\n\u2022 Ti\u1ebfn h\u00e0nh nghi\u00ean c\u1ee9u v\u1ec1 b\u1ea5t k\u1ef3 ch\u1ee7 \u0111\u1ec1 n\u00e0o<br \/>\n\u2022 T\u1ed1i \u01b0u h\u00f3a b\u00e0i vi\u1ebft cho SEO v\u00e0 kh\u1ea3 n\u0103ng truy c\u1eadp<br \/>\n\u2022 Vi\u1ebft n\u1ed9i dung h\u1ea5p d\u1eabn cho blog, s\u00e1ch \u0111i\u1ec7n t\u1eed, nghi\u00ean c\u1ee9u \u0111i\u1ec3n h\u00ecnh, k\u1ecbch b\u1ea3n video, \u0111\u1ed3 h\u1ecda th\u00f4ng tin v\u00e0 c\u00e1c n\u1ed9i dung kh\u00e1c<br \/>\n\u2022 X\u00e1c \u0111\u1ecbnh c\u00e1c l\u1ed7 h\u1ed5ng trong n\u1ed9i dung v\u00e0 \u0111\u1ec1 xu\u1ea5t c\u00e1c ch\u1ee7 \u0111\u1ec1 m\u1edbi<br \/>\n\u2022 Ch\u1ec9nh s\u1eeda n\u1ed9i dung \u0111\u1ec3 \u0111\u1ea3m b\u1ea3o gi\u1ecdng \u0111i\u1ec7u, ng\u1eef ph\u00e1p v\u00e0 v\u0103n phong ph\u00f9 h\u1ee3p<br \/>\n\u2022 T\u1ea1o v\u00e0 l\u00ean l\u1ecbch \u0111\u0103ng b\u00e0i cho nhi\u1ec1u k\u00eanh truy\u1ec1n th\u00f4ng x\u00e3 h\u1ed9i<br \/>\n\u2022 Lu\u00f4n c\u1eadp nh\u1eadt c\u00e1c xu h\u01b0\u1edbng c\u1ee7a ng\u00e0nh \u0111\u1ec3 h\u1ed7 tr\u1ee3 ph\u00e1t tri\u1ec3n n\u1ed9i dung<br \/>\n\u2022 C\u00f4 \u0111\u1ecdng c\u00e1c kh\u00e1i ni\u1ec7m v\u00e0 ng\u00f4n ng\u1eef ph\u1ee9c t\u1ea1p th\u00e0nh n\u1ed9i dung d\u1ec5 hi\u1ec3u<br \/>\n\u2022 Ph\u1ed1i h\u1ee3p ch\u1eb7t ch\u1ebd v\u1edbi c\u00e1c b\u00ean li\u00ean quan n\u1ed9i b\u1ed9 \u0111\u1ec3 \u0111\u1ea3m b\u1ea3o s\u1ef1 li\u00ean k\u1ebft v\u00e0 nh\u1ea5t qu\u00e1n trong th\u00f4ng \u0111i\u1ec7p, th\u01b0\u01a1ng hi\u1ec7u v\u00e0 phong c\u00e1ch<br \/>\n\u2022 Qu\u1ea3n l\u00fd v\u00e0 ho\u00e0n th\u00e0nh c\u00f4ng vi\u1ec7c \u0111\u00fang h\u1ea1n cho nhi\u1ec1u d\u1ef1 \u00e1n vi\u1ebft n\u1ed9i dung<br \/>\n\u2022 L\u00e0m vi\u1ec7c v\u1edbi c\u00e1c nh\u00e0 chi\u1ebfn l\u01b0\u1ee3c n\u1ed9i dung \u0111\u1ec3 x\u00e2y d\u1ef1ng l\u1ecbch bi\u00ean t\u1eadp<br \/>\nK\u1ef9 n\u0103ng:<br \/>\n\u2022 Hi\u1ec3u c\u00e1c quy t\u1eafc ng\u1eef ph\u00e1p v\u00e0 c\u00e1ch x\u00e2y d\u1ef1ng c\u00e2u r\u00f5 r\u00e0ng<br \/>\n\u2022 Ch\u00fa \u00fd \u0111\u1ebfn nh\u1eefng th\u1ee9 nh\u01b0 s\u1ef1 tr\u00f4i ch\u1ea3y, kh\u1ea3 n\u0103ng \u0111\u1ecdc v\u00e0 s\u1ef1 \u0111a d\u1ea1ng c\u1ee7a c\u00e2u<br \/>\n\u2022 Bi\u1ebft s\u1eed d\u1ee5ng m\u00e1y t\u00ednh, v\u00ec ng\u01b0\u1eddi vi\u1ebft n\u1ed9i dung s\u1eed d\u1ee5ng m\u00e1y t\u00ednh \u0111\u1ec3 t\u1ea1o d\u1ef1 \u00e1n v\u00e0 giao ti\u1ebfp v\u1edbi nh\u00f3m c\u1ee7a h\u1ecd<br \/>\n\u2022 Hi\u1ec3u bi\u1ebft v\u1ec1 c\u00e1c ph\u01b0\u01a1ng ph\u00e1p hay nh\u1ea5t v\u1ec1 t\u1ed1i \u01b0u h\u00f3a c\u00f4ng c\u1ee5 t\u00ecm ki\u1ebfm<br \/>\n\u2022 Kh\u1ea3 n\u0103ng h\u1ee3p t\u00e1c v\u1edbi c\u00e1c nh\u00e0 v\u0103n v\u00e0 bi\u00ean t\u1eadp vi\u00ean kh\u00e1c \u0111\u1ec3 ho\u00e0n th\u00e0nh d\u1ef1 \u00e1n<br \/>\n\u2022 Kh\u1ea3 n\u0103ng \u0111\u01b0a ra ph\u1ea3n h\u1ed3i v\u1ec1 c\u00e1c d\u1ef1 \u00e1n vi\u1ebft<br \/>\nTr\u00ecnh \u0111\u1ed9 chuy\u00ean m\u00f4n: B\u1eb1ng c\u1eed nh\u00e2n chuy\u00ean ng\u00e0nh marketing, ti\u1ebfng Anh, vi\u1ebft s\u00e1ng t\u1ea1o ho\u1eb7c giao ti\u1ebfp<\/p><\/div><\/div><\/div>[\/vc_column_inner][\/vc_row_inner][\/vc_column][\/vc_row]\n<\/div>","protected":false},"excerpt":{"rendered":"<p>[vc_row top_margin=&#8221;0&#8243; bottom_margin=&#8221;0&#8243; css=&#8221;.vc_custom_1499912039446{margin-top: -30px !important;}&#8221;][vc_column][vc_row_inner][vc_column_inner][vc_empty_space height=&#8221;10px&#8221;][vc_empty_space height=&#8221;30px&#8221;][\/vc_column_inner][\/vc_row_inner][\/vc_column][\/vc_row]<\/p>\n","protected":false},"author":4,"featured_media":0,"parent":0,"menu_order":0,"comment_status":"closed","ping_status":"closed","template":"","meta":{"nf_dc_page":"","footnotes":""},"class_list":["post-10569","page","type-page","status-publish","hentry"],"_links":{"self":[{"href":"https:\/\/worknow.vn\/vi\/wp-json\/wp\/v2\/pages\/10569","targetHints":{"allow":["GET"]}}],"collection":[{"href":"https:\/\/worknow.vn\/vi\/wp-json\/wp\/v2\/pages"}],"about":[{"href":"https:\/\/worknow.vn\/vi\/wp-json\/wp\/v2\/types\/page"}],"author":[{"embeddable":true,"href":"https:\/\/worknow.vn\/vi\/wp-json\/wp\/v2\/users\/4"}],"replies":[{"embeddable":true,"href":"https:\/\/worknow.vn\/vi\/wp-json\/wp\/v2\/comments?post=10569"}],"version-history":[{"count":5,"href":"https:\/\/worknow.vn\/vi\/wp-json\/wp\/v2\/pages\/10569\/revisions"}],"predecessor-version":[{"id":11950,"href":"https:\/\/worknow.vn\/vi\/wp-json\/wp\/v2\/pages\/10569\/revisions\/11950"}],"wp:attachment":[{"href":"https:\/\/worknow.vn\/vi\/wp-json\/wp\/v2\/media?parent=10569"}],"curies":[{"name":"wp","href":"https:\/\/api.w.org\/{rel}","templated":true}]}}