{"id":10571,"date":"2022-08-11T04:02:15","date_gmt":"2022-08-11T04:02:15","guid":{"rendered":"https:\/\/worknow.vn\/digital-marketing-manager\/"},"modified":"2023-06-01T07:54:29","modified_gmt":"2023-06-01T07:54:29","slug":"quan-ly-marketing-ky-thuat-so","status":"publish","type":"page","link":"https:\/\/worknow.vn\/vi\/quan-ly-marketing-ky-thuat-so\/","title":{"rendered":"Qu\u1ea3n L\u00fd Marketing K\u1ef9 Thu\u1eadt S\u1ed1"},"content":{"rendered":"<div class=\"wpb-content-wrapper\">[vc_row top_margin=&#8221;0&#8243; bottom_margin=&#8221;0&#8243; css=&#8221;.vc_custom_1499912039446{margin-top: -30px !important;}&#8221;][vc_column]<div class=\"shortcode-wrapper shortcode-title clearfix hb-animate-element hb-fade-in\"><p style=\"color:#878787!important;border-color:#878787\" class=\"hb-text-large aligncenter\">Qu\u1ea3n L\u00fd Marketing K\u1ef9 Thu\u1eadt S\u1ed1<\/p><\/div>[vc_row_inner][vc_column_inner][vc_empty_space height=&#8221;10px&#8221;]<div class=\"shortcode-wrapper shortcode-icon-box clearfix\"><div class=\"feature-box alternative left-icon-box aligncenter\"><div class=\"feature-box-content\"><h4 class=\"bold\">M\u00f4 t\u1ea3 c\u00f4ng vi\u1ec7c<\/h4><p>Ng\u01b0\u1eddi qu\u1ea3n l\u00fd ti\u1ebfp th\u1ecb k\u1ef9 thu\u1eadt s\u1ed1 ch\u1ecbu tr\u00e1ch nhi\u1ec7m ph\u00e1t tri\u1ec3n, tri\u1ec3n khai v\u00e0 gi\u00e1m s\u00e1t c\u00e1c chi\u1ebfn d\u1ecbch ti\u1ebfp th\u1ecb k\u1ef9 thu\u1eadt s\u1ed1 d\u00e0i h\u1ea1n c\u0169ng nh\u01b0 c\u00e1c k\u1ef9 thu\u1eadt qu\u1ea3ng c\u00e1o ng\u1eafn h\u1ea1n. Vai tr\u00f2 n\u00e0y \u0111\u00f2i h\u1ecfi ph\u1ea3i th\u00e0nh th\u1ea1o trong vi\u1ec7c n\u00e2ng cao nh\u1eadn th\u1ee9c v\u1ec1 th\u01b0\u01a1ng hi\u1ec7u, h\u01b0\u1edbng l\u01b0u l\u01b0\u1ee3ng truy c\u1eadp \u0111\u1ebfn trang web c\u1ee7a c\u00f4ng ty v\u00e0 t\u1ea1o ra c\u00e1c kh\u00e1ch h\u00e0ng ti\u1ec1m n\u0103ng. Ng\u01b0\u1eddi qu\u1ea3n l\u00fd ti\u1ebfp th\u1ecb k\u1ef9 thu\u1eadt s\u1ed1 gi\u00e1m s\u00e1t nh\u00f3m ti\u1ebfp th\u1ecb v\u00e0 cung c\u1ea5p h\u1ed7 tr\u1ee3 trong m\u1ed9t s\u1ed1 l\u0129nh v\u1ef1c.<br \/>\nNg\u01b0\u1eddi qu\u1ea3n l\u00fd ti\u1ebfp th\u1ecb k\u1ef9 thu\u1eadt s\u1ed1 s\u1eed d\u1ee5ng t\u01b0 duy chi\u1ebfn l\u01b0\u1ee3c \u0111\u1ec3 nh\u1eafm m\u1ee5c ti\u00eau qu\u1ea3ng c\u00e1o v\u00e0 t\u1ed1i \u01b0u h\u00f3a c\u00e1c chi\u1ebfn d\u1ecbch \u0111\u1ec3 mang l\u1ea1i l\u1ee3i nhu\u1eadn l\u1edbn nh\u1ea5t c\u00f3 th\u1ec3. C\u00e1c nh\u00e0 qu\u1ea3n l\u00fd ti\u1ebfp th\u1ecb k\u1ef9 thu\u1eadt s\u1ed1 s\u1eed d\u1ee5ng th\u1eddi gian c\u1ee7a h\u1ecd m\u1ed9t c\u00e1ch kh\u00f4n ngoan, \u1ee7y th\u00e1c m\u1ed9t s\u1ed1 nhi\u1ec7m v\u1ee5 nh\u1ea5t \u0111\u1ecbnh v\u00e0 d\u00e0nh m\u1ed9t kho\u1ea3ng th\u1eddi gian \u0111\u1eb7t tr\u01b0\u1edbc cho t\u1eebng nhi\u1ec7m v\u1ee5 c\u00f2n l\u1ea1i. \u0110i\u1ec1u n\u00e0y t\u1ea1o ra m\u1ed9t h\u1ec7 th\u1ed1ng ho\u00e0n th\u00e0nh nhi\u1ec7m v\u1ee5 k\u1ecbp th\u1eddi. K\u1ef9 n\u0103ng n\u00e0y c\u0169ng \u0111\u01b0\u1ee3c s\u1eed d\u1ee5ng \u0111\u1ec3 qu\u1ea3n l\u00fd l\u1ecbch tr\u00ecnh \u0111\u1ec3 \u0111\u00e1p \u1ee9ng th\u1eddi h\u1ea1n, tham d\u1ef1 c\u00e1c cu\u1ed9c h\u1ecdp v\u00e0 th\u1ef1c hi\u1ec7n ho\u1eb7c \u1ee7y th\u00e1c c\u00e1c nhi\u1ec7m v\u1ee5 nh\u1ea1y c\u1ea3m v\u1ec1 th\u1eddi gian kh\u00e1c trong ng\u00e0y. C\u00e1c nh\u00e0 qu\u1ea3n l\u00fd ti\u1ebfp th\u1ecb k\u1ef9 thu\u1eadt s\u1ed1 ph\u1ea3i c\u00f3 k\u1ef9 n\u0103ng giao ti\u1ebfp m\u1ea1nh m\u1ebd, r\u00f5 r\u00e0ng v\u00e0 s\u00fac t\u00edch \u0111\u1ec3 th\u00e0nh c\u00f4ng trong l\u0129nh v\u1ef1c c\u1ee7a h\u1ecd. M\u1ed9t ng\u01b0\u1eddi giao ti\u1ebfp c\u00f3 k\u1ef9 n\u0103ng s\u1eed d\u1ee5ng c\u00e1c \u0111\u1eb7c \u0111i\u1ec3m nh\u01b0 l\u1eafng nghe t\u00edch c\u1ef1c, t\u00edch c\u1ef1c v\u00e0 ki\u00ean nh\u1eabn c\u0169ng nh\u01b0 c\u00e1c k\u1ef9 n\u0103ng giao ti\u1ebfp b\u1eb1ng l\u1eddi n\u00f3i v\u00e0 v\u0103n b\u1ea3n. T\u1ea1o b\u00e1o c\u00e1o \u0111\u1ec3 chia s\u1ebb v\u1edbi qu\u1ea3n l\u00fd c\u1ea5p tr\u00ean v\u00e0 vi\u1ebft b\u1ea3n sao s\u1ea3n Ng\u01b0\u1eddi qu\u1ea3n l\u00fd ti\u1ebfp th\u1ecb k\u1ef9 thu\u1eadt s\u1ed1 ch\u1ecbu tr\u00e1ch nhi\u1ec7m ph\u00e1t tri\u1ec3n, tri\u1ec3n khai v\u00e0 gi\u00e1m s\u00e1t c\u00e1c chi\u1ebfn d\u1ecbch ti\u1ebfp th\u1ecb k\u1ef9 thu\u1eadt s\u1ed1 d\u00e0i h\u1ea1n c\u0169ng nh\u01b0 c\u00e1c k\u1ef9 thu\u1eadt qu\u1ea3ng c\u00e1o ng\u1eafn h\u1ea1n. Vai tr\u00f2 n\u00e0y \u0111\u00f2i h\u1ecfi ph\u1ea3i th\u00e0nh th\u1ea1o trong vi\u1ec7c n\u00e2ng cao nh\u1eadn th\u1ee9c v\u1ec1 th\u01b0\u01a1ng hi\u1ec7u, h\u01b0\u1edbng l\u01b0u l\u01b0\u1ee3ng truy c\u1eadp \u0111\u1ebfn trang web c\u1ee7a c\u00f4ng ty v\u00e0 t\u1ea1o ra c\u00e1c kh\u00e1ch h\u00e0ng ti\u1ec1m n\u0103ng. Ng\u01b0\u1eddi qu\u1ea3n l\u00fd ti\u1ebfp th\u1ecb k\u1ef9 thu\u1eadt s\u1ed1 gi\u00e1m s\u00e1t nh\u00f3m ti\u1ebfp th\u1ecb v\u00e0 cung c\u1ea5p h\u1ed7 tr\u1ee3 trong m\u1ed9t s\u1ed1 l\u0129nh v\u1ef1c.<br \/>\nNg\u01b0\u1eddi qu\u1ea3n l\u00fd ti\u1ebfp th\u1ecb k\u1ef9 thu\u1eadt s\u1ed1 s\u1eed d\u1ee5ng t\u01b0 duy chi\u1ebfn l\u01b0\u1ee3c \u0111\u1ec3 nh\u1eafm m\u1ee5c ti\u00eau qu\u1ea3ng c\u00e1o v\u00e0 t\u1ed1i \u01b0u h\u00f3a c\u00e1c chi\u1ebfn d\u1ecbch \u0111\u1ec3 mang l\u1ea1i l\u1ee3i nhu\u1eadn l\u1edbn nh\u1ea5t c\u00f3 th\u1ec3. C\u00e1c nh\u00e0 qu\u1ea3n l\u00fd ti\u1ebfp th\u1ecb k\u1ef9 thu\u1eadt s\u1ed1 s\u1eed d\u1ee5ng th\u1eddi gian c\u1ee7a h\u1ecd m\u1ed9t c\u00e1ch kh\u00f4n ngoan, \u1ee7y th\u00e1c m\u1ed9t s\u1ed1 nhi\u1ec7m v\u1ee5 nh\u1ea5t \u0111\u1ecbnh v\u00e0 d\u00e0nh m\u1ed9t kho\u1ea3ng th\u1eddi gian \u0111\u1eb7t tr\u01b0\u1edbc cho t\u1eebng nhi\u1ec7m v\u1ee5 c\u00f2n l\u1ea1i. \u0110i\u1ec1u n\u00e0y t\u1ea1o ra m\u1ed9t h\u1ec7 th\u1ed1ng ho\u00e0n th\u00e0nh nhi\u1ec7m v\u1ee5 k\u1ecbp th\u1eddi. K\u1ef9 n\u0103ng n\u00e0y c\u0169ng \u0111\u01b0\u1ee3c s\u1eed d\u1ee5ng \u0111\u1ec3 qu\u1ea3n l\u00fd l\u1ecbch tr\u00ecnh \u0111\u1ec3 \u0111\u00e1p \u1ee9ng th\u1eddi h\u1ea1n, tham d\u1ef1 c\u00e1c cu\u1ed9c h\u1ecdp v\u00e0 th\u1ef1c hi\u1ec7n ho\u1eb7c \u1ee7y th\u00e1c c\u00e1c nhi\u1ec7m v\u1ee5 nh\u1ea1y c\u1ea3m v\u1ec1 th\u1eddi gian kh\u00e1c trong ng\u00e0y. C\u00e1c nh\u00e0 qu\u1ea3n l\u00fd ti\u1ebfp th\u1ecb k\u1ef9 thu\u1eadt s\u1ed1 ph\u1ea3i c\u00f3 k\u1ef9 n\u0103ng giao ti\u1ebfp m\u1ea1nh m\u1ebd, r\u00f5 r\u00e0ng v\u00e0 s\u00fac t\u00edch \u0111\u1ec3 th\u00e0nh c\u00f4ng trong l\u0129nh v\u1ef1c c\u1ee7a h\u1ecd. M\u1ed9t ng\u01b0\u1eddi giao ti\u1ebfp c\u00f3 k\u1ef9 n\u0103ng s\u1eed d\u1ee5ng c\u00e1c \u0111\u1eb7c \u0111i\u1ec3m nh\u01b0 l\u1eafng nghe t\u00edch c\u1ef1c, t\u00edch c\u1ef1c v\u00e0 ki\u00ean nh\u1eabn c\u0169ng nh\u01b0 c\u00e1c k\u1ef9 n\u0103ng giao ti\u1ebfp b\u1eb1ng l\u1eddi n\u00f3i v\u00e0 v\u0103n b\u1ea3n. T\u1ea1o b\u00e1o c\u00e1o \u0111\u1ec3 chia s\u1ebb v\u1edbi qu\u1ea3n l\u00fd c\u1ea5p tr\u00ean v\u00e0 vi\u1ebft b\u1ea3n sao s\u1ea3n ph\u1ea9m thuy\u1ebft ph\u1ee5c l\u00e0 m\u1ed9t s\u1ed1 nhi\u1ec7m v\u1ee5 \u0111\u00f2i h\u1ecfi k\u1ef9 n\u0103ng giao ti\u1ebfp xu\u1ea5t s\u1eafc. K\u1ef9 n\u0103ng giao ti\u1ebfp gi\u1eefa c\u00e1c c\u00e1 nh\u00e2n th\u01b0\u1eddng l\u00e0 s\u1ef1 k\u1ebft h\u1ee3p gi\u1eefa giao ti\u1ebfp b\u1eb1ng v\u0103n b\u1ea3n v\u00e0 b\u1eb1ng l\u1eddi n\u00f3i nh\u1eb1m t\u1ea1o \u0111i\u1ec1u ki\u1ec7n giao ti\u1ebfp r\u00f5 r\u00e0ng, t\u00f4n tr\u1ecdng v\u1edbi c\u00e1c ph\u01b0\u01a1ng ti\u1ec7n truy\u1ec1n th\u00f4ng, kh\u00e1ch h\u00e0ng ti\u1ec1m n\u0103ng, \u0111\u1ed3ng nghi\u1ec7p v\u00e0 kh\u00e1ch h\u00e0ng. Nh\u1eefng ph\u1ea9m ch\u1ea5t nh\u01b0 s\u1ef1 \u0111\u1ed3ng c\u1ea3m v\u00e0 tr\u1ef1c gi\u00e1c cho ph\u00e9p c\u00e1c th\u00e0nh vi\u00ean trong nh\u00f3m l\u00e0m vi\u1ec7c c\u00f9ng nhau \u0111\u1ec3 \u0111\u1ea1t \u0111\u01b0\u1ee3c m\u1ee5c ti\u00eau v\u00e0 c\u00e1c k\u1ef9 n\u0103ng x\u00e3 h\u1ed9i gi\u00fap c\u00e1c nh\u00e0 ti\u1ebfp th\u1ecb hi\u1ec3u c\u00e1ch c\u00e1c c\u00e1 nh\u00e2n giao ti\u1ebfp, cho ph\u00e9p t\u1ea1o ra n\u1ed9i dung h\u1ea5p d\u1eabn, c\u00f3 s\u1ee9c \u1ea3nh h\u01b0\u1edfng nh\u1ea5t cho chi\u1ebfn d\u1ecbch. C\u00e1c nh\u00e0 qu\u1ea3n l\u00fd ti\u1ebfp th\u1ecb k\u1ef9 thu\u1eadt s\u1ed1 \u0111\u01b0\u1ee3c y\u00eau c\u1ea7u ph\u1ea3i quen thu\u1ed9c v\u00e0 tho\u1ea3i m\u00e1i v\u1edbi c\u00e1c d\u1ea1ng c\u00f4ng ngh\u1ec7 m\u00e0 h\u1ecd s\u1eed d\u1ee5ng trong c\u00e1c nhi\u1ec7m v\u1ee5 h\u00e0ng ng\u00e0y. H\u1ecd ph\u1ea3i \u0111\u1ea1t \u0111\u01b0\u1ee3c tr\u00ecnh \u0111\u1ed9 k\u1ef9 thu\u1eadt th\u00e0nh th\u1ea1o \u0111\u1ec3 s\u1eed d\u1ee5ng thi\u1ebft b\u1ecb, ph\u1ea7n m\u1ec1m v\u00e0 n\u1ec1n t\u1ea3ng tr\u1ef1c tuy\u1ebfn c\u1ea7n thi\u1ebft \u0111\u1ec3 ti\u1ebfn h\u00e0nh c\u00f4ng vi\u1ec7c c\u1ee7a h\u1ecd m\u1ed9t c\u00e1ch hi\u1ec7u qu\u1ea3. M\u1ed9t s\u1ed1 k\u1ef9 n\u0103ng k\u1ef9 thu\u1eadt bao g\u1ed3m l\u1eadp ng\u00e2n s\u00e1ch, ph\u00e2n t\u00edch l\u1ee3i t\u1ee9c \u0111\u1ea7u t\u01b0 c\u1ee7a c\u00e1c chi\u1ebfn d\u1ecbch ti\u1ebfp th\u1ecb, x\u1eed l\u00fd v\u0103n b\u1ea3n v\u00e0 d\u1eef li\u1ec7u v\u00e0 ph\u00e2n t\u00edch trang web.<br \/>\nC\u00e1c nh\u00e0 qu\u1ea3n l\u00fd ti\u1ebfp th\u1ecb k\u1ef9 thu\u1eadt s\u1ed1 c\u1ea5p \u0111\u1ea7u v\u00e0o \u0111\u01b0\u1ee3c y\u00eau c\u1ea7u ph\u1ea3i c\u00f3 b\u1eb1ng c\u1eed nh\u00e2n v\u1ec1 ti\u1ebfp th\u1ecb, qu\u1ea3ng c\u00e1o ho\u1eb7c l\u0129nh v\u1ef1c li\u00ean quan. M\u1ed9t s\u1ed1 nh\u00e0 tuy\u1ec3n d\u1ee5ng th\u00edch nh\u1eefng \u1ee9ng vi\u00ean c\u00f3 b\u1eb1ng th\u1ea1c s\u0129 ho\u1eb7c ch\u1ee9ng ch\u1ec9 chuy\u00ean ng\u00e0nh. B\u1ea1n c\u00f3 th\u1ec3 ki\u1ebfm \u0111\u01b0\u1ee3c b\u1eb1ng c\u1ea5p trong nhi\u1ec1u l\u0129nh v\u1ef1c li\u00ean quan, bao g\u1ed3m qu\u1ea3n tr\u1ecb kinh doanh, c\u00f4ng ngh\u1ec7 th\u00f4ng tin v\u00e0 thi\u1ebft k\u1ebf web. C\u00e1c nh\u00e0 qu\u1ea3n l\u00fd ti\u1ebfp th\u1ecb k\u1ef9 thu\u1eadt s\u1ed1 th\u01b0\u1eddng \u0111\u01b0\u1ee3c y\u00eau c\u1ea7u ph\u1ea3i nghi\u00ean c\u1ee9u c\u00e1c kh\u00f3a h\u1ecdc v\u1ec1 ng\u00f4n ng\u1eef l\u1eadp tr\u00ecnh, t\u1ed1i \u01b0u h\u00f3a c\u00f4ng c\u1ee5 t\u00ecm ki\u1ebfm, th\u01b0\u01a1ng m\u1ea1i \u0111i\u1ec7n t\u1eed v\u00e0 c\u00e1c c\u00f4ng c\u1ee5 ph\u00e2n t\u00edch trang web.<\/p><\/div><\/div><\/div>[vc_empty_space height=&#8221;30px&#8221;]<div class=\"shortcode-wrapper shortcode-icon-box clearfix\"><div class=\"feature-box alternative left-icon-box aligncenter\"><div class=\"feature-box-content\"><h4 class=\"bold\">Vai tr\u00f2 v\u00e0 tr\u00e1ch nhi\u1ec7m<\/h4><p>\u2022 L\u1eadp k\u1ebf ho\u1ea1ch n\u1ed9i dung v\u00e0 qu\u1ea3n l\u00fd c\u00e1c k\u00eanh truy\u1ec1n th\u00f4ng x\u00e3 h\u1ed9i v\u00e0 trang web c\u1ee7a c\u00f4ng ty<br \/>\n\u2022 T\u0103ng l\u01b0\u1ee3ng ng\u01b0\u1eddi xem tr\u00ean m\u1ea1ng x\u00e3 h\u1ed9i v\u00e0 l\u01b0u l\u01b0\u1ee3ng truy c\u1eadp trang web c\u1ee7a c\u00f4ng ty<br \/>\n\u2022 Ph\u1ed1i h\u1ee3p ch\u1eb7t ch\u1ebd v\u1edbi nh\u1eefng ng\u01b0\u1eddi s\u00e1ng t\u1ea1o n\u1ed9i dung bao g\u1ed3m ng\u01b0\u1eddi vi\u1ebft qu\u1ea3ng c\u00e1o, ng\u01b0\u1eddi quay phim v\u00e0 nh\u00e0 thi\u1ebft k\u1ebf \u0111\u1ec3 t\u1ea1o ra n\u1ed9i dung h\u1ea5p d\u1eabn v\u00e0 thuy\u1ebft ph\u1ee5c<br \/>\n\u2022 Theo d\u00f5i v\u00e0 ph\u00e2n t\u00edch c\u00e1c s\u1ed1 li\u1ec7u ti\u1ebfp th\u1ecb k\u1ef9 thu\u1eadt s\u1ed1 \u0111\u1ec3 thi\u1ebft l\u1eadp hi\u1ec7u qu\u1ea3 c\u1ee7a c\u00e1c chi\u1ebfn d\u1ecbch v\u00e0 ch\u01b0\u01a1ng tr\u00ecnh khuy\u1ebfn m\u00e3i<br \/>\n\u2022 Vi\u1ebft v\u00e0 tr\u00ecnh b\u00e0y c\u00e1c b\u00e1o c\u00e1o hi\u1ec7u su\u1ea5t ti\u1ebfp th\u1ecb k\u1ef9 thu\u1eadt s\u1ed1 c\u00f3 ch\u00fa \u00fd \u0111\u1ebfn c\u00e1c ch\u1ec9 s\u1ed1 hi\u1ec7u su\u1ea5t ch\u00ednh (KPI) v\u00e0 ROI (l\u1ee3i t\u1ee9c \u0111\u1ea7u t\u01b0)<br \/>\n\u2022 H\u1ed7 tr\u1ee3 tr\u01b0\u1edfng b\u1ed9 ph\u1eadn ti\u1ebfp th\u1ecb trong vi\u1ec7c ph\u00e1t tri\u1ec3n ng\u00e2n s\u00e1ch chi\u1ebfn d\u1ecbch<br \/>\n\u2022 Th\u01b0\u1eddng xuy\u00ean \u0111\u00e1nh gi\u00e1 v\u00e0 xem x\u00e9t th\u00f4ng \u0111i\u1ec7p th\u01b0\u01a1ng hi\u1ec7u tr\u00ean to\u00e0n di\u1ec7n v\u1ec1 m\u1ee9c \u0111\u1ed9 ph\u00f9 h\u1ee3p v\u00e0 nh\u1ea5t qu\u00e1n<br \/>\n\u2022 Ph\u1ed1i h\u1ee3p v\u1edbi c\u00e1c nh\u00e0 ti\u1ebfp th\u1ecb c\u1ea5p cao, ph\u00e1t tri\u1ec3n chi\u1ebfn l\u01b0\u1ee3c ti\u1ebfp th\u1ecb k\u1ef9 thu\u1eadt s\u1ed1 v\u00e0 truy\u1ec1n th\u00f4ng x\u00e3 h\u1ed9i<br \/>\n\u2022 L\u00ean k\u1ebf ho\u1ea1ch cho c\u00e1c trang \u0111\u00edch c\u1ee7a trang web l\u1ea5y ng\u01b0\u1eddi d\u00f9ng l\u00e0m trung t\u00e2m<br \/>\n\u2022 Cung c\u1ea5p c\u01a1 h\u1ed9i c\u1ed1 v\u1ea5n v\u00e0 h\u1ecdc t\u1eadp cho c\u00e1c th\u00e0nh vi\u00ean trong nh\u00f3m ti\u1ebfp th\u1ecb k\u1ef9 thu\u1eadt s\u1ed1<br \/>\n\u2022 X\u00e1c \u0111\u1ecbnh v\u00e0 \u00e1p d\u1ee5ng c\u00e1c c\u00f4ng c\u1ee5 v\u00e0 c\u00f4ng ngh\u1ec7 k\u1ef9 thu\u1eadt s\u1ed1 m\u1edbi nh\u1ea5t, \u0111\u1ed3ng th\u1eddi c\u00f3 nh\u1eadn th\u1ee9c v\u1ec1 c\u00e1c xu h\u01b0\u1edbng k\u1ef9 thu\u1eadt s\u1ed1 trong ng\u00e0nh c\u1ee7a b\u1ea1n<br \/>\n\u2022 L\u1eadp k\u1ebf ho\u1ea1ch, chu\u1ea9n b\u1ecb v\u00e0 x\u00e2y d\u1ef1ng c\u00e1c th\u1eed nghi\u1ec7m chuy\u1ec3n \u0111\u1ed5i<br \/>\nK\u1ef9 n\u0103ng:<br \/>\n\u2022 Suy ngh\u0129 chi\u1ebfn l\u01b0\u1ee3c<br \/>\n\u2022 Ph\u00e2n t\u00edch d\u1eef li\u1ec7u<br \/>\n\u2022 Ki\u1ebfn th\u1ee9c v\u1ec1 c\u00e1c k\u00eanh v\u00e0 k\u1ef9 thu\u1eadt ti\u1ebfp th\u1ecb k\u1ef9 thu\u1eadt s\u1ed1 ch\u00ednh<br \/>\n\u2022 Ki\u1ebfn th\u1ee9c v\u1ec1 ph\u1ec5u ti\u1ebfp th\u1ecb, s\u1ed1 li\u1ec7u ti\u1ebfp th\u1ecb v\u00e0 KPI<br \/>\n\u2022 M\u1ed9t s\u1ed1 ki\u1ebfn th\u1ee9c v\u1ec1 visual marketing<br \/>\n\u2022 UX (tr\u1ea3i nghi\u1ec7m ng\u01b0\u1eddi d\u00f9ng) v\u00e0 CX (tr\u1ea3i nghi\u1ec7m kh\u00e1ch h\u00e0ng)<br \/>\nTr\u00ecnh \u0111\u1ed9 chuy\u00ean m\u00f4n: B\u1eb1ng c\u1eed nh\u00e2n v\u1ec1 ti\u1ebfp th\u1ecb, qu\u1ea3ng c\u00e1o ho\u1eb7c l\u0129nh v\u1ef1c li\u00ean quan. S\u1ea3n\u1ea3 ph\u1ea9m thuy\u1ebft ph\u1ee5c l\u00e0 m\u1ed9t s\u1ed1 nhi\u1ec7m v\u1ee5 \u0111\u00f2i h\u1ecfi k\u1ef9 n\u0103ng giao ti\u1ebfp xu\u1ea5t s\u1eafc. K\u1ef9 n\u0103ng giao ti\u1ebfp gi\u1eefa c\u00e1c c\u00e1 nh\u00e2n th\u01b0\u1eddng l\u00e0 s\u1ef1 k\u1ebft h\u1ee3p gi\u1eefa giao ti\u1ebfp b\u1eb1ng v\u0103n b\u1ea3n v\u00e0 b\u1eb1ng l\u1eddi n\u00f3i nh\u1eb1m t\u1ea1o \u0111i\u1ec1u ki\u1ec7n giao ti\u1ebfp r\u00f5 r\u00e0ng, t\u00f4n tr\u1ecdng v\u1edbi c\u00e1c ph\u01b0\u01a1ng ti\u1ec7n truy\u1ec1n th\u00f4ng, kh\u00e1ch h\u00e0ng ti\u1ec1m n\u0103ng, \u0111\u1ed3ng nghi\u1ec7p v\u00e0 kh\u00e1ch h\u00e0ng. Nh\u1eefng ph\u1ea9m ch\u1ea5t nh\u01b0 s\u1ef1 \u0111\u1ed3ng c\u1ea3m v\u00e0 tr\u1ef1c gi\u00e1c cho ph\u00e9p c\u00e1c th\u00e0nh vi\u00ean trong nh\u00f3m l\u00e0m vi\u1ec7c c\u00f9ng nhau \u0111\u1ec3 \u0111\u1ea1t \u0111\u01b0\u1ee3c m\u1ee5c ti\u00eau v\u00e0 c\u00e1c k\u1ef9 n\u0103ng x\u00e3 h\u1ed9i gi\u00fap c\u00e1c nh\u00e0 ti\u1ebfp th\u1ecb hi\u1ec3u c\u00e1ch c\u00e1c c\u00e1 nh\u00e2n giao ti\u1ebfp, cho ph\u00e9p t\u1ea1o ra n\u1ed9i dung h\u1ea5p d\u1eabn, c\u00f3 s\u1ee9c \u1ea3nh h\u01b0\u1edfng nh\u1ea5t cho chi\u1ebfn d\u1ecbch. C\u00e1c nh\u00e0 qu\u1ea3n l\u00fd ti\u1ebfp th\u1ecb k\u1ef9 thu\u1eadt s\u1ed1 \u0111\u01b0\u1ee3c y\u00eau c\u1ea7u ph\u1ea3i quen thu\u1ed9c v\u00e0 tho\u1ea3i m\u00e1i v\u1edbi c\u00e1c d\u1ea1ng c\u00f4ng ngh\u1ec7 m\u00e0 h\u1ecd s\u1eed d\u1ee5ng trong c\u00e1c nhi\u1ec7m v\u1ee5 h\u00e0ng ng\u00e0y. H\u1ecd ph\u1ea3i \u0111\u1ea1t \u0111\u01b0\u1ee3c tr\u00ecnh \u0111\u1ed9 k\u1ef9 thu\u1eadt th\u00e0nh th\u1ea1o \u0111\u1ec3 s\u1eed d\u1ee5ng thi\u1ebft b\u1ecb, ph\u1ea7n m\u1ec1m v\u00e0 n\u1ec1n t\u1ea3ng tr\u1ef1c tuy\u1ebfn c\u1ea7n thi\u1ebft \u0111\u1ec3 ti\u1ebfn h\u00e0nh c\u00f4ng vi\u1ec7c c\u1ee7a h\u1ecd m\u1ed9t c\u00e1ch hi\u1ec7u qu\u1ea3. M\u1ed9t s\u1ed1 k\u1ef9 n\u0103ng k\u1ef9 thu\u1eadt bao g\u1ed3m l\u1eadp ng\u00e2n s\u00e1ch, ph\u00e2n t\u00edch l\u1ee3i t\u1ee9c \u0111\u1ea7u t\u01b0 c\u1ee7a c\u00e1c chi\u1ebfn d\u1ecbch ti\u1ebfp th\u1ecb, x\u1eed l\u00fd v\u0103n b\u1ea3n v\u00e0 d\u1eef li\u1ec7u v\u00e0 ph\u00e2n t\u00edch trang web.<br \/>\nC\u00e1c nh\u00e0 qu\u1ea3n l\u00fd ti\u1ebfp th\u1ecb k\u1ef9 thu\u1eadt s\u1ed1 c\u1ea5p \u0111\u1ea7u v\u00e0o \u0111\u01b0\u1ee3c y\u00eau c\u1ea7u ph\u1ea3i c\u00f3 b\u1eb1ng c\u1eed nh\u00e2n v\u1ec1 ti\u1ebfp th\u1ecb, qu\u1ea3ng c\u00e1o ho\u1eb7c l\u0129nh v\u1ef1c li\u00ean quan. M\u1ed9t s\u1ed1 nh\u00e0 tuy\u1ec3n d\u1ee5ng th\u00edch nh\u1eefng \u1ee9ng vi\u00ean c\u00f3 b\u1eb1ng th\u1ea1c s\u0129 ho\u1eb7c ch\u1ee9ng ch\u1ec9 chuy\u00ean ng\u00e0nh. B\u1ea1n c\u00f3 th\u1ec3 ki\u1ebfm \u0111\u01b0\u1ee3c b\u1eb1ng c\u1ea5p trong nhi\u1ec1u l\u0129nh v\u1ef1c li\u00ean quan, bao g\u1ed3m qu\u1ea3n tr\u1ecb kinh doanh, c\u00f4ng ngh\u1ec7 th\u00f4ng tin v\u00e0 thi\u1ebft k\u1ebf web. C\u00e1c nh\u00e0 qu\u1ea3n l\u00fd ti\u1ebfp th\u1ecb k\u1ef9 thu\u1eadt s\u1ed1 th\u01b0\u1eddng \u0111\u01b0\u1ee3c y\u00eau c\u1ea7u ph\u1ea3i nghi\u00ean c\u1ee9u c\u00e1c kh\u00f3a h\u1ecdc v\u1ec1 ng\u00f4n ng\u1eef l\u1eadp tr\u00ecnh, t\u1ed1i \u01b0u h\u00f3a c\u00f4ng c\u1ee5 t\u00ecm ki\u1ebfm, th\u01b0\u01a1ng m\u1ea1i \u0111i\u1ec7n t\u1eed v\u00e0 c\u00e1c c\u00f4ng c\u1ee5 ph\u00e2n t\u00edch trang web.<\/p>\n<p>\u2022 L\u1eadp k\u1ebf ho\u1ea1ch n\u1ed9i dung v\u00e0 qu\u1ea3n l\u00fd c\u00e1c k\u00eanh truy\u1ec1n th\u00f4ng x\u00e3 h\u1ed9i v\u00e0 trang web c\u1ee7a c\u00f4ng ty<br \/>\n\u2022 T\u0103ng l\u01b0\u1ee3ng ng\u01b0\u1eddi xem tr\u00ean m\u1ea1ng x\u00e3 h\u1ed9i v\u00e0 l\u01b0u l\u01b0\u1ee3ng truy c\u1eadp trang web c\u1ee7a c\u00f4ng ty<br \/>\n\u2022 Ph\u1ed1i h\u1ee3p ch\u1eb7t ch\u1ebd v\u1edbi nh\u1eefng ng\u01b0\u1eddi s\u00e1ng t\u1ea1o n\u1ed9i dung bao g\u1ed3m ng\u01b0\u1eddi vi\u1ebft qu\u1ea3ng c\u00e1o, ng\u01b0\u1eddi quay phim v\u00e0 nh\u00e0 thi\u1ebft k\u1ebf \u0111\u1ec3 t\u1ea1o ra n\u1ed9i dung h\u1ea5p d\u1eabn v\u00e0 thuy\u1ebft ph\u1ee5c<br \/>\n\u2022 Theo d\u00f5i v\u00e0 ph\u00e2n t\u00edch c\u00e1c s\u1ed1 li\u1ec7u ti\u1ebfp th\u1ecb k\u1ef9 thu\u1eadt s\u1ed1 \u0111\u1ec3 thi\u1ebft l\u1eadp hi\u1ec7u qu\u1ea3 c\u1ee7a c\u00e1c chi\u1ebfn d\u1ecbch v\u00e0 ch\u01b0\u01a1ng tr\u00ecnh khuy\u1ebfn m\u00e3i<br \/>\n\u2022 Vi\u1ebft v\u00e0 tr\u00ecnh b\u00e0y c\u00e1c b\u00e1o c\u00e1o hi\u1ec7u su\u1ea5t ti\u1ebfp th\u1ecb k\u1ef9 thu\u1eadt s\u1ed1 c\u00f3 ch\u00fa \u00fd \u0111\u1ebfn c\u00e1c ch\u1ec9 s\u1ed1 hi\u1ec7u su\u1ea5t ch\u00ednh (KPI) v\u00e0 ROI (l\u1ee3i t\u1ee9c \u0111\u1ea7u t\u01b0)<br \/>\n\u2022 H\u1ed7 tr\u1ee3 tr\u01b0\u1edfng b\u1ed9 ph\u1eadn ti\u1ebfp th\u1ecb trong vi\u1ec7c ph\u00e1t tri\u1ec3n ng\u00e2n s\u00e1ch chi\u1ebfn d\u1ecbch<br \/>\n\u2022 Th\u01b0\u1eddng xuy\u00ean \u0111\u00e1nh gi\u00e1 v\u00e0 xem x\u00e9t th\u00f4ng \u0111i\u1ec7p th\u01b0\u01a1ng hi\u1ec7u tr\u00ean to\u00e0n di\u1ec7n v\u1ec1 m\u1ee9c \u0111\u1ed9 ph\u00f9 h\u1ee3p v\u00e0 nh\u1ea5t qu\u00e1n<br \/>\n\u2022 Ph\u1ed1i h\u1ee3p v\u1edbi c\u00e1c nh\u00e0 ti\u1ebfp th\u1ecb c\u1ea5p cao, ph\u00e1t tri\u1ec3n chi\u1ebfn l\u01b0\u1ee3c ti\u1ebfp th\u1ecb k\u1ef9 thu\u1eadt s\u1ed1 v\u00e0 truy\u1ec1n th\u00f4ng x\u00e3 h\u1ed9i<br \/>\n\u2022 L\u00ean k\u1ebf ho\u1ea1ch cho c\u00e1c trang \u0111\u00edch c\u1ee7a trang web l\u1ea5y ng\u01b0\u1eddi d\u00f9ng l\u00e0m trung t\u00e2m<br \/>\n\u2022 Cung c\u1ea5p c\u01a1 h\u1ed9i c\u1ed1 v\u1ea5n v\u00e0 h\u1ecdc t\u1eadp cho c\u00e1c th\u00e0nh vi\u00ean trong nh\u00f3m ti\u1ebfp th\u1ecb k\u1ef9 thu\u1eadt s\u1ed1<br \/>\n\u2022 X\u00e1c \u0111\u1ecbnh v\u00e0 \u00e1p d\u1ee5ng c\u00e1c c\u00f4ng c\u1ee5 v\u00e0 c\u00f4ng ngh\u1ec7 k\u1ef9 thu\u1eadt s\u1ed1 m\u1edbi nh\u1ea5t, \u0111\u1ed3ng th\u1eddi c\u00f3 nh\u1eadn th\u1ee9c v\u1ec1 c\u00e1c xu h\u01b0\u1edbng k\u1ef9 thu\u1eadt s\u1ed1 trong ng\u00e0nh c\u1ee7a b\u1ea1n<br \/>\n\u2022 L\u1eadp k\u1ebf ho\u1ea1ch, chu\u1ea9n b\u1ecb v\u00e0 x\u00e2y d\u1ef1ng c\u00e1c th\u1eed nghi\u1ec7m chuy\u1ec3n \u0111\u1ed5i<br \/>\nK\u1ef9 n\u0103ng:<br \/>\n\u2022 Suy ngh\u0129 chi\u1ebfn l\u01b0\u1ee3c<br \/>\n\u2022 Ph\u00e2n t\u00edch d\u1eef li\u1ec7u<br \/>\n\u2022 Ki\u1ebfn th\u1ee9c v\u1ec1 c\u00e1c k\u00eanh v\u00e0 k\u1ef9 thu\u1eadt ti\u1ebfp th\u1ecb k\u1ef9 thu\u1eadt s\u1ed1 ch\u00ednh<br \/>\n\u2022 Ki\u1ebfn th\u1ee9c v\u1ec1 ph\u1ec5u ti\u1ebfp th\u1ecb, s\u1ed1 li\u1ec7u ti\u1ebfp th\u1ecb v\u00e0 KPI<br \/>\n\u2022 M\u1ed9t s\u1ed1 ki\u1ebfn th\u1ee9c v\u1ec1 visual marketing<br \/>\n\u2022 Tr\u1ea3i nghi\u1ec7m ng\u01b0\u1eddi d\u00f9ng (UX) v\u00e0 tr\u1ea3i nghi\u1ec7m kh\u00e1ch h\u00e0ng (CX)<br \/>\nTr\u00ecnh \u0111\u1ed9 chuy\u00ean m\u00f4n: B\u1eb1ng c\u1eed nh\u00e2n v\u1ec1 ti\u1ebfp th\u1ecb, qu\u1ea3ng c\u00e1o ho\u1eb7c l\u0129nh v\u1ef1c li\u00ean quan<\/p><\/div><\/div><\/div>[\/vc_column_inner][\/vc_row_inner][\/vc_column][\/vc_row]\n<\/div>","protected":false},"excerpt":{"rendered":"<p>[vc_row top_margin=&#8221;0&#8243; bottom_margin=&#8221;0&#8243; css=&#8221;.vc_custom_1499912039446{margin-top: -30px !important;}&#8221;][vc_column][vc_row_inner][vc_column_inner][vc_empty_space height=&#8221;10px&#8221;][vc_empty_space height=&#8221;30px&#8221;][\/vc_column_inner][\/vc_row_inner][\/vc_column][\/vc_row]<\/p>\n","protected":false},"author":4,"featured_media":0,"parent":0,"menu_order":0,"comment_status":"closed","ping_status":"closed","template":"","meta":{"footnotes":""},"class_list":["post-10571","page","type-page","status-publish","hentry"],"_links":{"self":[{"href":"https:\/\/worknow.vn\/vi\/wp-json\/wp\/v2\/pages\/10571","targetHints":{"allow":["GET"]}}],"collection":[{"href":"https:\/\/worknow.vn\/vi\/wp-json\/wp\/v2\/pages"}],"about":[{"href":"https:\/\/worknow.vn\/vi\/wp-json\/wp\/v2\/types\/page"}],"author":[{"embeddable":true,"href":"https:\/\/worknow.vn\/vi\/wp-json\/wp\/v2\/users\/4"}],"replies":[{"embeddable":true,"href":"https:\/\/worknow.vn\/vi\/wp-json\/wp\/v2\/comments?post=10571"}],"version-history":[{"count":5,"href":"https:\/\/worknow.vn\/vi\/wp-json\/wp\/v2\/pages\/10571\/revisions"}],"predecessor-version":[{"id":11952,"href":"https:\/\/worknow.vn\/vi\/wp-json\/wp\/v2\/pages\/10571\/revisions\/11952"}],"wp:attachment":[{"href":"https:\/\/worknow.vn\/vi\/wp-json\/wp\/v2\/media?parent=10571"}],"curies":[{"name":"wp","href":"https:\/\/api.w.org\/{rel}","templated":true}]}}