{"id":10573,"date":"2022-08-11T04:03:03","date_gmt":"2022-08-11T04:03:03","guid":{"rendered":"https:\/\/worknow.vn\/seo-manager\/"},"modified":"2023-06-01T07:59:55","modified_gmt":"2023-06-01T07:59:55","slug":"quan-ly-seo","status":"publish","type":"page","link":"https:\/\/worknow.vn\/vi\/quan-ly-seo\/","title":{"rendered":"Qu\u1ea3n L\u00fd SEO"},"content":{"rendered":"<div class=\"wpb-content-wrapper\">[vc_row top_margin=&#8221;0&#8243; bottom_margin=&#8221;0&#8243; css=&#8221;.vc_custom_1499912039446{margin-top: -30px !important;}&#8221;][vc_column]<div class=\"shortcode-wrapper shortcode-title clearfix hb-animate-element hb-fade-in\"><p style=\"color:#878787!important;border-color:#878787\" class=\"hb-text-large aligncenter\">Qu\u1ea3n L\u00fd SEO<\/p><\/div>[vc_row_inner][vc_column_inner][vc_empty_space height=&#8221;10px&#8221;]<div class=\"shortcode-wrapper shortcode-icon-box clearfix\"><div class=\"feature-box alternative left-icon-box aligncenter\"><div class=\"feature-box-content\"><h4 class=\"bold\">M\u00f4 t\u1ea3 c\u00f4ng vi\u1ec7c<\/h4><p>C\u00e1c nh\u00e0 qu\u1ea3n l\u00fd SEO l\u00e0m vi\u1ec7c v\u1edbi c\u00e1c c\u00f4ng ty \u0111ang c\u1ed1 g\u1eafng c\u1ea3i thi\u1ec7n kh\u1ea3 n\u0103ng hi\u1ec3n th\u1ecb c\u1ee7a h\u1ecd tr\u00ean c\u00e1c trang k\u1ebft qu\u1ea3 c\u1ee7a c\u00f4ng c\u1ee5 t\u00ecm ki\u1ebfm. Ch\u00fang gi\u00fap c\u00e1c c\u00f4ng ty k\u1ebft h\u1ee3p c\u00e1c t\u1eeb kh\u00f3a v\u00e0 \u0111\u1ecbnh d\u1ea1ng nh\u1eb1m c\u1ea3i thi\u1ec7n m\u1ed1i quan h\u1ec7 c\u1ee7a h\u1ecd v\u1edbi c\u00e1c c\u00f4ng c\u1ee5 t\u00ecm ki\u1ebfm \u0111\u1ec3 kh\u00e1ch h\u00e0ng c\u00f3 th\u1ec3 t\u00ecm th\u1ea5y doanh nghi\u1ec7p c\u1ee7a h\u1ecd d\u1ec5 d\u00e0ng h\u01a1n. C\u00e1c nh\u00e0 qu\u1ea3n l\u00fd t\u1ed1i \u01b0u h\u00f3a c\u00f4ng c\u1ee5 t\u00ecm ki\u1ebfm l\u00e0m vi\u1ec7c v\u1edbi c\u00e1c nh\u00f3m ti\u1ebfp th\u1ecb k\u1ef9 thu\u1eadt s\u1ed1 ki\u1ec3m so\u00e1t n\u1ed9i dung tr\u1ef1c tuy\u1ebfn c\u1ee7a c\u00f4ng ty v\u00e0 gi\u00fap h\u1ecd nh\u1eadn \u0111\u01b0\u1ee3c k\u1ebft qu\u1ea3 m\u00e0 h\u1ecd \u0111ang t\u00ecm ki\u1ebfm. C\u00e1c nh\u00e0 qu\u1ea3n l\u00fd SEO th\u01b0\u1eddng c\u00f3 n\u1ec1n t\u1ea3ng v\u1ec1 c\u00f4ng ngh\u1ec7 v\u00e0 hi\u1ec3u bi\u1ebft s\u00e2u s\u1eafc v\u1ec1 c\u00e1ch c\u00e1c c\u00f4ng c\u1ee5 t\u00ecm ki\u1ebfm kh\u00e1c nhau l\u1ecdc k\u1ebft qu\u1ea3 c\u1ee7a h\u1ecd. C\u00e1c nh\u00e0 qu\u1ea3n l\u00fd SEO c\u00f3 nhi\u1ec1u tr\u00e1ch nhi\u1ec7m li\u00ean quan \u0111\u1ebfn s\u1ef1 hi\u1ec7n di\u1ec7n tr\u1ef1c tuy\u1ebfn c\u1ee7a c\u00f4ng ty h\u1ecd. H\u1ecd l\u00e0m vi\u1ec7c v\u1edbi c\u00e1c b\u1ed9 ph\u1eadn kh\u00e1c nhau c\u00f3 li\u00ean quan \u0111\u1ebfn ph\u01b0\u01a1ng ti\u1ec7n k\u1ef9 thu\u1eadt s\u1ed1 v\u00e0 ho\u1ea1t \u0111\u1ed9ng tr\u1ef1c tuy\u1ebfn, \u0111\u1ed3ng th\u1eddi cung c\u1ea5p \u0111\u1ea7u v\u00e0o cho c\u00e1c ch\u00ednh s\u00e1ch c\u00f3 th\u1ec3 \u1ea3nh h\u01b0\u1edfng \u0111\u1ebfn kh\u1ea3 n\u0103ng \u0111\u01b0\u1ee3c t\u00ecm th\u1ea5y tr\u1ef1c tuy\u1ebfn c\u1ee7a c\u00f4ng ty.<br \/>\nC\u00e1c nh\u00e0 qu\u1ea3n l\u00fd SEO c\u1ea7n ph\u1ea3i c\u00f3 k\u1ef9 n\u0103ng giao ti\u1ebfp tuy\u1ec7t v\u1eddi \u0111\u1ec3 \u0111\u1ea1t \u0111\u01b0\u1ee3c m\u1ee5c ti\u00eau c\u1ee7a h\u1ecd. C\u00f3 th\u1ec3 giao ti\u1ebfp v\u1edbi c\u00e1c nh\u00e2n vi\u00ean m\u00e0 b\u1ea1n qu\u1ea3n l\u00fd s\u1ebd cho ph\u00e9p h\u1ecd ho\u00e0n th\u00e0nh c\u00f4ng vi\u1ec7c hi\u1ec7u qu\u1ea3 h\u01a1n. B\u1edfi v\u00ec c\u00e1c nh\u00e0 qu\u1ea3n l\u00fd SEO gi\u00e1m s\u00e1t m\u1ed9t nh\u00f3m ti\u1ebfp th\u1ecb k\u1ef9 thu\u1eadt s\u1ed1, \u0111i\u1ec1u quan tr\u1ecdng l\u00e0 h\u1ecd ph\u1ea3i c\u00f3 c\u00e1c k\u1ef9 n\u0103ng qu\u1ea3n l\u00fd ph\u00e1t tri\u1ec3n cao. N\u1ebfu b\u1ea1n mu\u1ed1n tr\u1edf th\u00e0nh ng\u01b0\u1eddi qu\u1ea3n l\u00fd SEO, c\u00f3 th\u1ec3 h\u1eefu \u00edch khi tham gia m\u1ed9t s\u1ed1 l\u1edbp h\u1ecdc tr\u1ef1c tuy\u1ebfn ho\u1eb7c h\u1ed9i th\u1ea3o \u0111\u00e0o t\u1ea1o m\u1ecdi ng\u01b0\u1eddi v\u1ec1 c\u00e1ch qu\u1ea3n l\u00fd nh\u00e2n vi\u00ean hi\u1ec7u qu\u1ea3. C\u00e1c nh\u00e0 qu\u1ea3n l\u00fd SEO d\u00e0nh nhi\u1ec1u th\u1eddi gian \u0111\u1ec3 vi\u1ebft v\u00e0 s\u1eeda \u0111\u1ed5i n\u1ed9i dung d\u00e0nh cho xu\u1ea5t b\u1ea3n k\u1ef9 thu\u1eadt s\u1ed1. B\u1ea1n kh\u00f4ng ch\u1ec9 t\u1ea1o n\u1ed9i dung c\u1ee7a ri\u00eang m\u00ecnh m\u00e0 c\u00f2n ch\u1ec9nh s\u1eeda n\u1ed9i dung m\u00e0 nh\u00f3m c\u1ee7a b\u1ea1n t\u1ea1o, v\u00ec v\u1eady, ph\u00e1t tri\u1ec3n k\u1ef9 n\u0103ng ch\u1ec9nh s\u1eeda c\u1ee7a b\u1ea1n c\u00f3 th\u1ec3 l\u00e0 m\u1ed9t c\u00e1ch tuy\u1ec7t v\u1eddi \u0111\u1ec3 c\u1ea3i thi\u1ec7n quy tr\u00ecnh l\u00e0m vi\u1ec7c c\u1ee7a b\u1ea1n. C\u00e1c nh\u00e0 qu\u1ea3n l\u00fd SEO l\u00e0m vi\u1ec7c v\u1edbi m\u1ed9t m\u00f4i tr\u01b0\u1eddng tr\u1ef1c tuy\u1ebfn lu\u00f4n thay \u0111\u1ed5i, v\u00ec v\u1eady kh\u1ea3 n\u0103ng ph\u1ea3n \u1ee9ng v\u1edbi b\u1ea5t k\u1ef3 s\u1ef1 c\u1ed1 b\u1ea5t ng\u1edd n\u00e0o l\u00e0 m\u1ed9t k\u1ef9 n\u0103ng quan tr\u1ecdng c\u1ea7n c\u00f3. C\u00e1c k\u1ef9 n\u0103ng gi\u1ea3i quy\u1ebft v\u1ea5n \u0111\u1ec1 kh\u00f4ng ch\u1ec9 c\u00f3 th\u1ec3 gi\u00fap b\u1ea1n ho\u00e0n th\u00e0nh nhi\u1ec7m v\u1ee5 c\u1ee7a m\u00ecnh m\u00e0 c\u00f2n c\u00f3 th\u1ec3 cho ph\u00e9p b\u1ea1n h\u1ed7 tr\u1ee3 nh\u00e2n vi\u00ean m\u00e0 b\u1ea1n qu\u1ea3n l\u00fd t\u1ed1t h\u01a1n.<br \/>\nH\u1ea7u h\u1ebft c\u00e1c c\u00f4ng vi\u1ec7c thu\u00ea ng\u01b0\u1eddi qu\u1ea3n l\u00fd SEO \u0111\u1ec1u y\u00eau c\u1ea7u \u1ee9ng vi\u00ean ph\u1ea3i c\u00f3 \u00edt nh\u1ea5t b\u1eb1ng c\u1eed nh\u00e2n tr\u01b0\u1edbc khi n\u1ed9p \u0111\u01a1n. Do \u0111\u00f3, ki\u1ebfm \u0111\u01b0\u1ee3c b\u1eb1ng c\u1ea5p li\u00ean quan c\u00f3 th\u1ec3 l\u00e0 b\u01b0\u1edbc \u0111\u1ea7u ti\u00ean quan tr\u1ecdng tr\u01b0\u1edbc khi n\u1ed9p \u0111\u01a1n xin vi\u1ec7c. M\u1ed9t s\u1ed1 b\u1eb1ng c\u1ea5p ph\u1ed5 bi\u1ebfn do c\u00e1c nh\u00e0 qu\u1ea3n l\u00fd SEO n\u1eafm gi\u1eef bao g\u1ed3m truy\u1ec1n th\u00f4ng, ti\u1ebfp th\u1ecb, qu\u1ea3ng c\u00e1o ho\u1eb7c qu\u1ea3n tr\u1ecb kinh doanh. Trong khi ki\u1ebfm \u0111\u01b0\u1ee3c b\u1eb1ng c\u1ea5p c\u1ee7a b\u1ea1n, n\u00f3 c\u00f3 th\u1ec3 h\u1eefu \u00edch cho m\u1ed9t l\u0129nh v\u1ef1c c\u1ee5 th\u1ec3, ch\u1eb3ng h\u1ea1n nh\u01b0 truy\u1ec1n th\u00f4ng tr\u1ef1c tuy\u1ebfn ho\u1eb7c ti\u1ebfp th\u1ecb k\u1ef9 thu\u1eadt s\u1ed1.<\/p><\/div><\/div><\/div>[vc_empty_space height=&#8221;30px&#8221;]<div class=\"shortcode-wrapper shortcode-icon-box clearfix\"><div class=\"feature-box alternative left-icon-box aligncenter\"><div class=\"feature-box-content\"><h4 class=\"bold\">Vai tr\u00f2 v\u00e0 tr\u00e1ch nhi\u1ec7m<\/h4><p>\u2022 Nghi\u00ean c\u1ee9u t\u1eeb kh\u00f3a<br \/>\n\u2022 Chi\u1ebfn l\u01b0\u1ee3c n\u1ed9i dung<br \/>\n\u2022 Chi\u1ebfn d\u1ecbch t\u00ecm ki\u1ebfm c\u00f3 tr\u1ea3 ti\u1ec1n<br \/>\n\u2022 T\u1ed1i \u01b0u h\u00f3a trang web<br \/>\n\u2022 C\u1ed9ng t\u00e1c v\u1edbi c\u00e1c nh\u00f3m<br \/>\n\u2022 T\u00ecm hi\u1ec3u thu\u1eadt to\u00e1n<br \/>\n\u2022 \u0110\u00e1nh gi\u00e1 hi\u1ec7u su\u1ea5t<br \/>\nK\u1ef9 n\u0103ng:<br \/>\n\u2022 SEO tr\u00ean trang<br \/>\n\u2022 SEO ngo\u00e0i trang<br \/>\n\u2022 SEO k\u1ef9 thu\u1eadt<br \/>\n\u2022 Li\u00ean k\u1ebft x\u00e2y d\u1ef1ng<br \/>\n\u2022 Nghi\u00ean c\u1ee9u t\u1eeb kh\u00f3a<br \/>\n\u2022 S\u00e1ng t\u1ea1o n\u1ed9i dung &amp; ti\u1ebfp th\u1ecb n\u1ed9i dung<br \/>\n\u2022 Ph\u00e2n t\u00edch<br \/>\n\u2022 M\u00e3 h\u00f3a web<br \/>\n\u2022 Quy\u1ebft \u0111\u1ecbnh<br \/>\n\u2022 Qu\u1ea3n l\u00fd d\u1ef1 \u00e1n<br \/>\nTr\u00ecnh \u0111\u1ed9 chuy\u00ean m\u00f4n: T\u1ed1t nghi\u1ec7p \u0111\u1ea1i h\u1ecdc chuy\u00ean ng\u00e0nh truy\u1ec1n th\u00f4ng, marketing, qu\u1ea3ng c\u00e1o ho\u1eb7c qu\u1ea3n tr\u1ecb kinh doanh<\/p><\/div><\/div><\/div>[\/vc_column_inner][\/vc_row_inner][\/vc_column][\/vc_row]\n<\/div>","protected":false},"excerpt":{"rendered":"<p>[vc_row top_margin=&#8221;0&#8243; bottom_margin=&#8221;0&#8243; css=&#8221;.vc_custom_1499912039446{margin-top: -30px !important;}&#8221;][vc_column][vc_row_inner][vc_column_inner][vc_empty_space height=&#8221;10px&#8221;][vc_empty_space height=&#8221;30px&#8221;][\/vc_column_inner][\/vc_row_inner][\/vc_column][\/vc_row]<\/p>\n","protected":false},"author":4,"featured_media":0,"parent":0,"menu_order":0,"comment_status":"closed","ping_status":"closed","template":"","meta":{"nf_dc_page":"","footnotes":""},"class_list":["post-10573","page","type-page","status-publish","hentry"],"_links":{"self":[{"href":"https:\/\/worknow.vn\/vi\/wp-json\/wp\/v2\/pages\/10573","targetHints":{"allow":["GET"]}}],"collection":[{"href":"https:\/\/worknow.vn\/vi\/wp-json\/wp\/v2\/pages"}],"about":[{"href":"https:\/\/worknow.vn\/vi\/wp-json\/wp\/v2\/types\/page"}],"author":[{"embeddable":true,"href":"https:\/\/worknow.vn\/vi\/wp-json\/wp\/v2\/users\/4"}],"replies":[{"embeddable":true,"href":"https:\/\/worknow.vn\/vi\/wp-json\/wp\/v2\/comments?post=10573"}],"version-history":[{"count":5,"href":"https:\/\/worknow.vn\/vi\/wp-json\/wp\/v2\/pages\/10573\/revisions"}],"predecessor-version":[{"id":11955,"href":"https:\/\/worknow.vn\/vi\/wp-json\/wp\/v2\/pages\/10573\/revisions\/11955"}],"wp:attachment":[{"href":"https:\/\/worknow.vn\/vi\/wp-json\/wp\/v2\/media?parent=10573"}],"curies":[{"name":"wp","href":"https:\/\/api.w.org\/{rel}","templated":true}]}}