{"id":10575,"date":"2022-08-11T04:03:41","date_gmt":"2022-08-11T04:03:41","guid":{"rendered":"https:\/\/worknow.vn\/social-media-marketing-analyst\/"},"modified":"2023-06-01T08:01:14","modified_gmt":"2023-06-01T08:01:14","slug":"phan-tich-marketing-truyen-thong-xa-hoi","status":"publish","type":"page","link":"https:\/\/worknow.vn\/vi\/phan-tich-marketing-truyen-thong-xa-hoi\/","title":{"rendered":"Ph\u00e2n T\u00edch Marketing Truy\u1ec1n Th\u00f4ng X\u00e3 H\u1ed9i"},"content":{"rendered":"<div class=\"wpb-content-wrapper\">[vc_row top_margin=&#8221;0&#8243; bottom_margin=&#8221;0&#8243; css=&#8221;.vc_custom_1499912039446{margin-top: -30px !important;}&#8221;][vc_column]<div class=\"shortcode-wrapper shortcode-title clearfix hb-animate-element hb-fade-in\"><p style=\"color:#878787!important;border-color:#878787\" class=\"hb-text-large aligncenter\">Ph\u00e2n T\u00edch Marketing Truy\u1ec1n Th\u00f4ng X\u00e3 H\u1ed9i<\/p><\/div>[vc_row_inner][vc_column_inner][vc_empty_space height=&#8221;10px&#8221;]<div class=\"shortcode-wrapper shortcode-icon-box clearfix\"><div class=\"feature-box alternative left-icon-box aligncenter\"><div class=\"feature-box-content\"><h4 class=\"bold\">M\u00f4 t\u1ea3 c\u00f4ng vi\u1ec7c<\/h4><p>Nh\u00e0 ph\u00e2n t\u00edch truy\u1ec1n th\u00f4ng x\u00e3 h\u1ed9i t\u0103ng c\u01b0\u1eddng s\u1ef1 hi\u1ec7n di\u1ec7n tr\u1ef1c tuy\u1ebfn c\u1ee7a m\u1ed9t c\u00f4ng ty b\u1eb1ng c\u00e1ch t\u00edch h\u1ee3p ph\u01b0\u01a1ng ti\u1ec7n truy\u1ec1n th\u00f4ng x\u00e3 h\u1ed9i, k\u1ef9 thu\u1eadt t\u1ed1i \u01b0u h\u00f3a c\u00f4ng c\u1ee5 t\u00ecm ki\u1ebfm v\u00e0 vi\u1ebft blog v\u00e0o b\u1ea3n s\u1eafc th\u01b0\u01a1ng hi\u1ec7u. Nh\u1eefng nh\u00e0 ph\u00e2n t\u00edch n\u00e0y th\u01b0\u1eddng c\u00f3 ki\u1ebfn th\u1ee9c c\u01a1 b\u1ea3n v\u1ec1 ti\u1ebfp th\u1ecb v\u00e0 b\u1eb1ng c\u1eed nh\u00e2n trong m\u1ed9t l\u0129nh v\u1ef1c nh\u01b0 qu\u1ea3n l\u00fd m\u1ea1ng x\u00e3 h\u1ed9i, quan h\u1ec7 c\u00f4ng ch\u00fang ho\u1eb7c truy\u1ec1n th\u00f4ng kinh doanh. M\u1ed9t trong nh\u1eefng m\u1ee5c ti\u00eau c\u1ee7a c\u00e1c chuy\u00ean gia n\u00e0y l\u00e0 t\u0103ng c\u1ea3 l\u01b0\u1ee3ng l\u01b0u l\u01b0\u1ee3ng truy c\u1eadp tr\u1ef1c tuy\u1ebfn v\u00e0 m\u1ee9c \u0111\u1ed9 hi\u1ec3n th\u1ecb th\u01b0\u01a1ng hi\u1ec7u th\u00f4ng qua c\u00e1c ph\u01b0\u01a1ng ti\u1ec7n truy\u1ec1n th\u00f4ng x\u00e3 h\u1ed9i kh\u00e1c nhau. C\u00e1c nh\u00e0 ph\u00e2n t\u00edch truy\u1ec1n th\u00f4ng x\u00e3 h\u1ed9i ch\u1ecbu tr\u00e1ch nhi\u1ec7m t\u1ea1o v\u00e0 duy tr\u00ec s\u1ef1 hi\u1ec7n di\u1ec7n c\u1ee7a c\u00f4ng ty tr\u00ean c\u00e1c trang truy\u1ec1n th\u00f4ng x\u00e3 h\u1ed9i, bao g\u1ed3m Facebook, Twitter, Flickr v\u00e0 Digg, c\u0169ng nh\u01b0 b\u1ea5t k\u1ef3 blog n\u00e0o c\u1ee7a c\u00f4ng ty. C\u00e1c nh\u00e0 ph\u00e2n t\u00edch ch\u1ecbu tr\u00e1ch nhi\u1ec7m t\u0103ng m\u1ee9c \u0111\u1ed9 hi\u1ec3n th\u1ecb t\u1ed5ng th\u1ec3 c\u1ee7a m\u1ed9t c\u00f4ng ty th\u00f4ng qua t\u1ed1i \u01b0u h\u00f3a c\u00f4ng c\u1ee5 t\u00ecm ki\u1ebfm (SEO) v\u00e0 b\u1eb1ng c\u00e1ch t\u00ecm c\u00e1ch s\u1eed d\u1ee5ng c\u00e1c t\u1eeb kh\u00f3a n\u00e0y trong c\u00e1c chi\u1ebfn l\u01b0\u1ee3c ti\u1ebfp th\u1ecb do c\u00f4ng ty c\u1ee7a h\u1ecd s\u1eed d\u1ee5ng. H\u1ecd c\u0169ng theo d\u00f5i c\u00e1c c\u00f4ng c\u1ee5 truy\u1ec1n th\u00f4ng x\u00e3 h\u1ed9i m\u1edbi n\u1ed5i \u0111\u1ec3 xem l\u00e0m th\u1ebf n\u00e0o ch\u00fang c\u00f3 th\u1ec3 \u0111\u01b0\u1ee3c k\u1ebft h\u1ee3p v\u00e0o c\u00e1c chi\u1ebfn l\u01b0\u1ee3c kinh doanh, ti\u1ebfp th\u1ecb v\u00e0 quan h\u1ec7 c\u00f4ng ch\u00fang c\u1ee7a c\u00f4ng ty.<br \/>\nM\u1ed9t nh\u00e0 ph\u00e2n t\u00edch truy\u1ec1n th\u00f4ng x\u00e3 h\u1ed9i c\u00f3 th\u1ec3 c\u00f3 mong mu\u1ed1n ti\u1ebfp thu ki\u1ebfn th\u1ee9c m\u1edbi v\u00e0 ph\u00e1t tri\u1ec3n. \u0110i\u1ec1u n\u00e0y \u0111\u1eb7c bi\u1ec7t \u00e1p d\u1ee5ng cho c\u00e1c n\u1ec1n t\u1ea3ng truy\u1ec1n th\u00f4ng x\u00e3 h\u1ed9i, v\u00ec lu\u00f4n c\u00f3 c\u00e1c xu h\u01b0\u1edbng v\u00e0 c\u1eadp nh\u1eadt s\u1eafp t\u1edbi. C\u0169ng c\u00f3 th\u1ec3 c\u00f3 kh\u1ea3 n\u0103ng c\u00e1c n\u1ec1n t\u1ea3ng truy\u1ec1n th\u00f4ng x\u00e3 h\u1ed9i m\u1edbi tr\u1edf n\u00ean ph\u1ed5 bi\u1ebfn, v\u00ec v\u1eady \u0111i\u1ec1u quan tr\u1ecdng l\u00e0 nh\u00e0 ph\u00e2n t\u00edch ph\u1ea3i hi\u1ec3u \u0111\u01b0\u1ee3c s\u1ee9c h\u1ea5p d\u1eabn c\u1ee7a n\u00f3. \u0110i\u1ec1u n\u00e0y l\u00e0 \u0111\u1ec3 h\u1ecd c\u00f3 th\u1ec3 k\u1ebft h\u1ee3p ki\u1ebfn th\u1ee9c n\u00e0y v\u1edbi ph\u00e2n t\u00edch ng\u01b0\u1eddi d\u00f9ng \u0111\u1ec3 hi\u1ec3u r\u00f5 h\u01a1n v\u1ec1 t\u00e1c \u0111\u1ed9ng c\u1ee7a nh\u1eefng xu h\u01b0\u1edbng n\u00e0y v\u00e0 \u0111\u1ec1 xu\u1ea5t c\u00e1c chi\u1ebfn l\u01b0\u1ee3c trong t\u01b0\u01a1ng lai cho c\u00e1c c\u00f4ng ty. V\u00ec c\u00e1c n\u1ec1n t\u1ea3ng truy\u1ec1n th\u00f4ng x\u00e3 h\u1ed9i l\u00e0 c\u00f4ng c\u1ee5 b\u1ea1n s\u1eed d\u1ee5ng tr\u1ef1c tuy\u1ebfn n\u00ean c\u00e1c nh\u00e0 ph\u00e2n t\u00edch truy\u1ec1n th\u00f4ng x\u00e3 h\u1ed9i s\u1eed d\u1ee5ng t\u1ed1t m\u00e1y t\u00ednh c\u00f3 th\u1ec3 h\u1eefu \u00edch. H\u1ecd c\u0169ng c\u00f3 th\u1ec3 s\u1eed d\u1ee5ng nhi\u1ec1u c\u00f4ng c\u1ee5 tr\u1ef1c tuy\u1ebfn kh\u00e1c \u0111\u1ec3 t\u1ea1o v\u00e0 theo d\u00f5i ph\u00e2n t\u00edch t\u1eeb c\u00e1c n\u1ec1n t\u1ea3ng n\u00e0y. \u0110i\u1ec1u n\u00e0y c\u00f3 th\u1ec3 bao g\u1ed3m c\u00e1c n\u1ec1n t\u1ea3ng giao ti\u1ebfp kh\u00e1c nh\u01b0 c\u00e1c ch\u01b0\u01a1ng tr\u00ecnh h\u1ed9i th\u1ea3o b\u1eb1ng v\u0103n b\u1ea3n v\u00e0 video \u0111\u1ec3 hi\u1ec3u t\u1ea5t c\u1ea3 c\u00e1c h\u00ecnh th\u1ee9c giao ti\u1ebfp tr\u1ef1c tuy\u1ebfn. H\u1ecd c\u0169ng s\u1eed d\u1ee5ng c\u00e1c c\u00f4ng c\u1ee5 x\u1eed l\u00fd v\u0103n b\u1ea3n, tr\u00ecnh b\u00e0y v\u00e0 b\u1ea3ng t\u00ednh kh\u00e1c nhau \u0111\u1ec3 t\u1ea1o b\u00e1o c\u00e1o v\u1ec1 c\u00e1c s\u1ed1 li\u1ec7u n\u00e0y v\u00e0 tr\u00ecnh b\u00e0y ch\u00fang cho c\u00f4ng ty n\u01a1i h\u1ecd l\u00e0m vi\u1ec7c. C\u00e1c nh\u00e0 ph\u00e2n t\u00edch truy\u1ec1n th\u00f4ng x\u00e3 h\u1ed9i c\u00f3 th\u1ec3 s\u1eed d\u1ee5ng ki\u1ebfn th\u1ee9c c\u1ee7a h\u1ecd \u0111\u1ec3 chuy\u1ec3n \u0111\u1ed5i d\u1eef li\u1ec7u th\u00f4 th\u00e0nh th\u00f4ng tin s\u00e2u s\u1eafc. \u0110i\u1ec1u n\u00e0y c\u00f3 th\u1ec3 bao g\u1ed3m kh\u1ea3 n\u0103ng thu th\u1eadp, s\u1eafp x\u1ebfp, tr\u1ef1c quan h\u00f3a v\u00e0 \u0111\u1ed3ng h\u00f3a d\u1eef li\u1ec7u \u0111\u1ec3 hi\u1ec3u r\u00f5 h\u01a1n v\u1ec1 xu h\u01b0\u1edbng t\u01b0\u01a1ng t\u00e1c c\u1ee7a ng\u01b0\u1eddi d\u00f9ng. H\u1ecd c\u00f3 th\u1ec3 s\u1eed d\u1ee5ng ki\u1ebfn th\u1ee9c chung v\u1ec1 truy\u1ec1n th\u00f4ng x\u00e3 h\u1ed9i v\u00e0 d\u1eef li\u1ec7u h\u1ecd thu th\u1eadp \u0111\u1ec3 d\u1ef1 \u0111o\u00e1n t\u01b0\u01a1ng lai c\u1ee7a s\u1ed1 li\u1ec7u v\u00e0 h\u1ed7 tr\u1ee3 c\u00e1c quy\u1ebft \u0111\u1ecbnh kinh doanh. \u0110i\u1ec1u n\u00e0y c\u00f3 th\u1ec3 cho ph\u00e9p h\u1ecd l\u00e0m vi\u1ec7c h\u01b0\u1edbng t\u1edbi c\u00e1c m\u1ee5c ti\u00eau c\u1ee7a c\u00f4ng ty b\u1eb1ng c\u00e1ch cung c\u1ea5p \u0111\u1ee7 d\u1eef li\u1ec7u \u0111\u1ec3 t\u1ea1o ra m\u1ed9t k\u1ebft qu\u1ea3 c\u00f3 \u00fd ngh\u0129a. Bi\u1ebft v\u1ec1 ti\u1ebfp th\u1ecb gi\u00fap c\u00e1c nh\u00e0 ph\u00e2n t\u00edch truy\u1ec1n th\u00f4ng x\u00e3 h\u1ed9i h\u1ee3p t\u00e1c v\u1edbi c\u00e1c \u0111i\u1ec1u ph\u1ed1i vi\u00ean truy\u1ec1n th\u00f4ng x\u00e3 h\u1ed9i. H\u1ecd c\u00f3 th\u1ec3 hi\u1ec3u r\u00f5 h\u01a1n v\u1ec1 c\u00e1c n\u1ec1n t\u1ea3ng truy\u1ec1n th\u00f4ng x\u00e3 h\u1ed9i v\u00e0 ti\u1ebfp th\u1ecb \u0111\u1ec3 t\u1ea1o ra c\u00e1c chi\u1ebfn l\u01b0\u1ee3c c\u1ea3i thi\u1ec7n kh\u1ea3 n\u0103ng hi\u1ec3n th\u1ecb c\u1ee7a c\u00e1c s\u1ea3n ph\u1ea9m v\u00e0 d\u1ecbch v\u1ee5 c\u1ee7a c\u00f4ng ty. N\u00f3 c\u0169ng c\u00f3 th\u1ec3 h\u1eefu \u00edch khi bi\u1ebft v\u1ec1 t\u1ed1i \u01b0u h\u00f3a c\u00f4ng c\u1ee5 t\u00ecm ki\u1ebfm, \u0111\u00e2y l\u00e0 m\u1ed9t ph\u1ea7n c\u1ee7a ho\u1ea1t \u0111\u1ed9ng ti\u1ebfp th\u1ecb v\u1edbi m\u1ee5c ti\u00eau l\u00e0 t\u1ea1o ra k\u1ebft qu\u1ea3 t\u00ecm ki\u1ebfm cao h\u01a1n trong c\u00e1c c\u00f4ng c\u1ee5 t\u00ecm ki\u1ebfm b\u1eb1ng c\u00e1ch \u0111i\u1ec1u ch\u1ec9nh b\u1ed1 c\u1ee5c v\u00e0 n\u1ed9i dung. \u0110i\u1ec1u n\u00e0y th\u1eadm ch\u00ed c\u00f3 th\u1ec3 m\u1edf r\u1ed9ng \u0111\u1ebfn t\u00e0i kho\u1ea3n c\u1ee7a c\u00f4ng ty tr\u00ean b\u1ea5t k\u1ef3 n\u1ec1n t\u1ea3ng truy\u1ec1n th\u00f4ng x\u00e3 h\u1ed9i n\u00e0o m\u00e0 h\u1ecd quy\u1ebft \u0111\u1ecbnh s\u1eed d\u1ee5ng. Giao ti\u1ebfp li\u00ean quan \u0111\u1ebfn m\u1ed9t t\u1eadp h\u1ee3p c\u00e1c k\u1ef9 n\u0103ng bao g\u1ed3m nghe, n\u00f3i, quan s\u00e1t v\u00e0 \u0111\u1ed3ng c\u1ea3m. C\u00e1c nh\u00e0 ph\u00e2n t\u00edch truy\u1ec1n th\u00f4ng x\u00e3 h\u1ed9i c\u00f3 th\u1ec3 s\u1eed d\u1ee5ng c\u00e1c k\u1ef9 n\u0103ng giao ti\u1ebfp \u0111\u1ec3 tr\u00ecnh b\u00e0y th\u00e0nh c\u00f4ng c\u00e1c ch\u1ec9 s\u1ed1 ng\u01b0\u1eddi d\u00f9ng theo c\u00e1ch m\u00e0 ngay c\u1ea3 nh\u1eefng ng\u01b0\u1eddi kh\u00f4ng quen thu\u1ed9c v\u1edbi ch\u1ee7 \u0111\u1ec1 n\u00e0y c\u0169ng c\u00f3 th\u1ec3 hi\u1ec3u \u0111\u01b0\u1ee3c. H\u1ecd c\u0169ng c\u00f3 th\u1ec3 l\u00e0m vi\u1ec7c \u0111\u1ec3 \u0111\u00e0m ph\u00e1n v\u1edbi c\u00e1c th\u00e0nh vi\u00ean kh\u00e1c trong nh\u00f3m \u0111\u1ec3 t\u1ea1o ra c\u00e1c chi\u1ebfn l\u01b0\u1ee3c ti\u1ebfp th\u1ecb truy\u1ec1n th\u00f4ng x\u00e3 h\u1ed9i t\u1ed1t nh\u1ea5t. K\u1ef9 n\u0103ng giao ti\u1ebfp n\u00e2ng cao c\u00f3 th\u1ec3 cho ph\u00e9p nh\u00e0 ph\u00e2n t\u00edch nh\u1eafm m\u1ee5c ti\u00eau th\u00e0nh c\u00f4ng \u0111\u1ed1i t\u01b0\u1ee3ng nh\u00e2n kh\u1ea9u h\u1ecdc ch\u00ednh c\u1ee7a c\u00f4ng ty, b\u1ea5t k\u1ec3 n\u1ec1n t\u1ea3ng truy\u1ec1n th\u00f4ng x\u00e3 h\u1ed9i d\u1ef1 \u0111\u1ecbnh l\u00e0 g\u00ec. C\u00e1c nh\u00e0 ph\u00e2n t\u00edch truy\u1ec1n th\u00f4ng x\u00e3 h\u1ed9i c\u00f3 th\u1ec3 c\u1ea7n theo d\u00f5i d\u1eef li\u1ec7u t\u1eeb nhi\u1ec1u t\u00e0i kho\u1ea3n n\u1ec1n t\u1ea3ng truy\u1ec1n th\u00f4ng x\u00e3 h\u1ed9i. T\u00f9y thu\u1ed9c v\u00e0o c\u00f4ng ty, \u0111i\u1ec1u n\u00e0y c\u0169ng c\u00f3 th\u1ec3 bao g\u1ed3m c\u00e1c t\u00e0i kho\u1ea3n truy\u1ec1n th\u00f4ng x\u00e3 h\u1ed9i ch\u00ednh c\u00f9ng v\u1edbi c\u00e1c t\u00e0i kho\u1ea3n nh\u1ecf h\u01a1n d\u00e0nh cho c\u00e1c th\u01b0\u01a1ng hi\u1ec7u nh\u1ecf h\u01a1n ho\u1ea1t \u0111\u1ed9ng d\u01b0\u1edbi c\u00f9ng m\u1ed9t nh\u00e3n hi\u1ec7u kinh doanh. M\u1ed9t nh\u00e0 ph\u00e2n t\u00edch ph\u01b0\u01a1ng ti\u1ec7n truy\u1ec1n th\u00f4ng x\u00e3 h\u1ed9i c\u00f3 th\u1ec3 c\u1ea7n t\u1ed5 ch\u1ee9c c\u00e1c b\u1ed9 d\u1eef li\u1ec7u n\u00e0y trong n\u1ec1n t\u1ea3ng t\u1ed5ng h\u1ee3p d\u1eef li\u1ec7u \u0111\u00e3 ch\u1ecdn c\u1ee7a c\u00f4ng ty. M\u1ee5c ti\u00eau ch\u00ednh l\u00e0 t\u1ea1o ra m\u1ed9t c\u01a1 s\u1edf d\u1eef li\u1ec7u ph\u00e2n t\u00edch l\u1edbn m\u00e0 m\u1ed9t c\u00f4ng ty c\u00f3 th\u1ec3 s\u1eed d\u1ee5ng \u0111\u1ec3 \u0111\u01b0a ra quy\u1ebft \u0111\u1ecbnh v\u1ec1 c\u00e1c k\u1ebf ho\u1ea1ch ti\u1ebfp th\u1ecb trong t\u01b0\u01a1ng lai. M\u1ed9t nh\u00e0 ph\u00e2n t\u00edch truy\u1ec1n th\u00f4ng x\u00e3 h\u1ed9i c\u00f3 th\u1ec3 qu\u1ea3n l\u00fd c\u00e1c d\u1ef1 \u00e1n ti\u1ebfp th\u1ecb truy\u1ec1n th\u00f4ng x\u00e3 h\u1ed9i c\u1ee7a c\u00f4ng ty. \u0110i\u1ec1u n\u00e0y c\u00f3 th\u1ec3 bao g\u1ed3m c\u1ed9ng t\u00e1c v\u1edbi nhi\u1ec1u th\u00e0nh vi\u00ean c\u1ee7a b\u1ed9 ph\u1eadn truy\u1ec1n th\u00f4ng x\u00e3 h\u1ed9i, bao g\u1ed3m ng\u01b0\u1eddi qu\u1ea3n l\u00fd n\u1ed9i dung, \u0111i\u1ec1u ph\u1ed1i vi\u00ean v\u00e0 th\u1eadm ch\u00ed c\u1ea3 c\u1ed9ng t\u00e1c vi\u00ean ti\u1ebfp th\u1ecb, nh\u1eefng ng\u01b0\u1eddi gi\u00fap l\u1eadp k\u1ebf ho\u1ea1ch cho c\u00e1c n\u1ed7 l\u1ef1c ti\u1ebfp th\u1ecb c\u1ee7a th\u01b0\u01a1ng hi\u1ec7u. C\u00e1c nh\u00e0 ph\u00e2n t\u00edch truy\u1ec1n th\u00f4ng x\u00e3 h\u1ed9i c\u0169ng c\u00f3 th\u1ec3 c\u1ea7n gi\u00fap s\u1eafp x\u1ebfp th\u1eddi gian cho nh\u1eefng n\u1ed7 l\u1ef1c ti\u1ebfp th\u1ecb n\u00e0y, v\u00ec n\u00f3 c\u00f3 th\u1ec3 bao g\u1ed3m nhi\u1ec1u n\u1ec1n t\u1ea3ng truy\u1ec1n th\u00f4ng x\u00e3 h\u1ed9i kh\u00e1c nhau \u0111\u0103ng c\u00e1c t\u00e0i li\u1ec7u t\u01b0\u01a1ng t\u1ef1 c\u00f9ng m\u1ed9t l\u00fac. K\u1ef9 n\u0103ng qu\u1ea3n l\u00fd d\u1ef1 \u00e1n c\u00f3 th\u1ec3 h\u1eefu \u00edch trong vi\u1ec7c \u0111i\u1ec1u ph\u1ed1i c\u1ea3 m\u1ed9t nh\u00f3m \u0111\u1ec3 h\u01b0\u1edbng t\u1edbi c\u00e1c m\u1ee5c ti\u00eau ti\u1ebfp th\u1ecb c\u1ee7a c\u00f4ng ty.<br \/>\nV\u1ecb tr\u00ed nh\u00e0 ph\u00e2n t\u00edch truy\u1ec1n th\u00f4ng x\u00e3 h\u1ed9i c\u00f3 th\u1ec3 y\u00eau c\u1ea7u b\u1eb1ng c\u1eed nh\u00e2n tr\u1edf l\u00ean v\u1ec1 c\u00e1c m\u00f4n h\u1ecdc kh\u00e1c nhau li\u00ean quan \u0111\u1ebfn truy\u1ec1n th\u00f4ng, truy\u1ec1n th\u00f4ng v\u00e0 ti\u1ebfp th\u1ecb. \u0110i\u1ec1u n\u00e0y c\u00f3 th\u1ec3 bao g\u1ed3m c\u00f4ng vi\u1ec7c kh\u00f3a h\u1ecdc chi ti\u1ebft, ch\u1eb3ng h\u1ea1n nh\u01b0 th\u1ef1c ti\u1ec5n truy\u1ec1n th\u00f4ng x\u00e3 h\u1ed9i, ph\u00e2n t\u00edch d\u1eef li\u1ec7u v\u00e0 th\u1ef1c h\u00e0nh t\u1ed1i \u01b0u h\u00f3a c\u00f4ng c\u1ee5 t\u00ecm ki\u1ebfm. M\u1ed9t m\u1ee5c ti\u00eau ch\u00ednh c\u1ee7a gi\u00e1o d\u1ee5c c\u1ee7a b\u1ea1n c\u00f3 th\u1ec3 \u0111\u01b0\u1ee3c hi\u1ec3u r\u00f5 h\u01a1n \u0111\u00e1p \u1ee9ng<\/p><\/div><\/div><\/div>[vc_empty_space height=&#8221;30px&#8221;]<div class=\"shortcode-wrapper shortcode-icon-box clearfix\"><div class=\"feature-box alternative left-icon-box aligncenter\"><div class=\"feature-box-content\"><h4 class=\"bold\">Vai tr\u00f2 v\u00e0 tr\u00e1ch nhi\u1ec7m<\/h4><p>\u2022 Ph\u00e2n t\u00edch m\u1ee9c \u0111\u1ed9 t\u01b0\u01a1ng t\u00e1c c\u1ee7a ng\u01b0\u1eddi d\u00f9ng (v\u00ed d\u1ee5: t\u1ef7 l\u1ec7 nh\u1ea5p v\u00e0 t\u1ef7 l\u1ec7 tho\u00e1t)<br \/>\n\u2022 B\u00e1o c\u00e1o v\u1ec1 l\u01b0u l\u01b0\u1ee3ng truy c\u1eadp web t\u1eeb t\u1ea5t c\u1ea3 c\u00e1c ph\u01b0\u01a1ng ti\u1ec7n truy\u1ec1n th\u00f4ng x\u00e3 h\u1ed9i<br \/>\n\u2022 X\u00e2y d\u1ef1ng v\u00e0 h\u1ed7 tr\u1ee3 c\u00e1c chi\u1ebfn l\u01b0\u1ee3c SEO, bao g\u1ed3m t\u1ed1i \u01b0u h\u00f3a t\u1eeb kh\u00f3a trong c\u00e1c d\u1ef1 \u00e1n ti\u1ebfp th\u1ecb n\u1ed9i dung<br \/>\n\u2022 X\u00e1c \u0111\u1ecbnh th\u00f3i quen c\u1ee7a kh\u00e1ch h\u00e0ng tr\u1ef1c tuy\u1ebfn v\u00e0 \u0111\u1ec1 xu\u1ea5t c\u00e1c c\u00e1ch ti\u1ebfp c\u1eadn \u0111\u1ed1i t\u01b0\u1ee3ng r\u1ed9ng h\u01a1n<br \/>\n\u2022 Duy tr\u00ec chi\u1ebfn l\u01b0\u1ee3c g\u1eafn k\u1ebft tr\u00ean t\u1ea5t c\u1ea3 c\u00e1c n\u1ec1n t\u1ea3ng \u0111\u1ec3 n\u00e2ng cao nh\u1eadn th\u1ee9c v\u1ec1 th\u01b0\u01a1ng hi\u1ec7u c\u1ee7a ch\u00fang t\u00f4i<br \/>\n\u2022 Ph\u1ed1i h\u1ee3p v\u1edbi Social Media Manager v\u00e0 b\u1ed9 ph\u1eadn Marketing \u0111\u1ec3 thi\u1ebft k\u1ebf c\u00e1c chi\u1ebfn d\u1ecbch qu\u1ea3ng c\u00e1o<br \/>\n\u2022 \u0110\u1ea3m b\u1ea3o ph\u1ea3n h\u1ed3i k\u1ecbp th\u1eddi cho c\u00e1c truy v\u1ea5n v\u00e0 nh\u1eadn x\u00e9t c\u1ee7a kh\u00e1ch h\u00e0ng v\u00e0 ng\u01b0\u1eddi theo d\u00f5i<br \/>\n\u2022 T\u01b0 v\u1ea5n cho c\u00e1c nh\u00e2n vi\u00ean kh\u00e1c v\u1ec1 ho\u1ea1t \u0111\u1ed9ng truy\u1ec1n th\u00f4ng x\u00e3 h\u1ed9i c\u1ee7a h\u1ecd (v\u00ed d\u1ee5: c\u00e1ch tr\u1ea3 l\u1eddi nh\u1eadn x\u00e9t v\u00e0 c\u00e2u h\u1ecfi c\u1ee7a kh\u00e1ch h\u00e0ng c\u0169ng nh\u01b0 n\u1ed9i dung chia s\u1ebb tr\u00ean t\u00e0i kho\u1ea3n c\u00e1 nh\u00e2n ho\u1eb7c c\u00f4ng ty)<br \/>\n\u2022 Nghi\u00ean c\u1ee9u xem c\u00e1c t\u00ednh n\u0103ng v\u00e0 m\u1ea1ng x\u00e3 h\u1ed9i m\u1edbi n\u1ed5i c\u00f3 th\u1ec3 mang l\u1ea1i l\u1ee3i \u00edch nh\u01b0 th\u1ebf n\u00e0o cho c\u00f4ng ty c\u1ee7a ch\u00fang ta<br \/>\n\u2022 C\u1eadp nh\u1eadt ch\u00ednh s\u00e1ch c\u00f4ng ty truy\u1ec1n th\u00f4ng x\u00e3 h\u1ed9i c\u1ee7a ch\u00fang t\u00f4i, khi c\u1ea7n thi\u1ebft<br \/>\nK\u1ef9 n\u0103ng:<br \/>\n\u2022 Kinh nghi\u1ec7m l\u00e0m vi\u1ec7c tr\u01b0\u1edbc \u0111\u00e2y v\u1edbi vai tr\u00f2 l\u00e0 Nh\u00e0 ph\u00e2n t\u00edch truy\u1ec1n th\u00f4ng x\u00e3 h\u1ed9i, \u0110i\u1ec1u ph\u1ed1i vi\u00ean truy\u1ec1n th\u00f4ng x\u00e3 h\u1ed9i ho\u1eb7c vai tr\u00f2 t\u01b0\u01a1ng t\u1ef1<br \/>\n\u2022 Tr\u1ea3i nghi\u1ec7m th\u1ef1c t\u1ebf v\u1edbi c\u00e1c n\u1ec1n t\u1ea3ng truy\u1ec1n th\u00f4ng x\u00e3 h\u1ed9i v\u00e0 c\u00e1c chi\u1ebfn d\u1ecbch ti\u1ebfp th\u1ecb k\u1ef9 thu\u1eadt s\u1ed1<br \/>\n\u2022 Hi\u1ec3u bi\u1ebft s\u00e2u v\u1ec1 SEO, nghi\u00ean c\u1ee9u t\u1eeb kh\u00f3a v\u00e0 Google Analytics<br \/>\n\u2022 C\u00f3 kinh nghi\u1ec7m v\u1edbi c\u00e1c c\u00f4ng c\u1ee5 qu\u1ea3n l\u00fd m\u1ea1ng x\u00e3 h\u1ed9i, nh\u01b0 Buffer v\u00e0 Hootsuite<br \/>\n\u2022 Quen thu\u1ed9c v\u1edbi n\u1ed9i dung tr\u1ef1c tuy\u1ebfn (\u01b0u ti\u00ean c\u00f3 kinh nghi\u1ec7m v\u1edbi WordPress v\u00e0 h\u1ec7 th\u1ed1ng qu\u1ea3n l\u00fd n\u1ed9i dung)<br \/>\n\u2022 Kh\u1ea3 n\u0103ng x\u00e1c \u0111\u1ecbnh s\u1edf th\u00edch v\u00e0 xu h\u01b0\u1edbng c\u1ee7a \u0111\u1ed1i t\u01b0\u1ee3ng m\u1ee5c ti\u00eau<br \/>\n\u2022 K\u1ef9 n\u0103ng giao ti\u1ebfp xu\u1ea5t s\u1eafc<br \/>\n\u2022 K\u1ef9 n\u0103ng qu\u1ea3n l\u00fd th\u1eddi gian v\u00e0 \u0111a nhi\u1ec7m<br \/>\nTr\u00ecnh \u0111\u1ed9 chuy\u00ean m\u00f4n: C\u1eed nh\u00e2n Marketing, Truy\u1ec1n th\u00f4ng ho\u1eb7c l\u0129nh v\u1ef1c li\u00ean quan<\/p><\/div><\/div><\/div>[\/vc_column_inner][\/vc_row_inner][\/vc_column][\/vc_row]\n<\/div>","protected":false},"excerpt":{"rendered":"<p>[vc_row top_margin=&#8221;0&#8243; bottom_margin=&#8221;0&#8243; css=&#8221;.vc_custom_1499912039446{margin-top: -30px !important;}&#8221;][vc_column][vc_row_inner][vc_column_inner][vc_empty_space height=&#8221;10px&#8221;][vc_empty_space height=&#8221;30px&#8221;][\/vc_column_inner][\/vc_row_inner][\/vc_column][\/vc_row]<\/p>\n","protected":false},"author":4,"featured_media":0,"parent":0,"menu_order":0,"comment_status":"closed","ping_status":"closed","template":"","meta":{"nf_dc_page":"","footnotes":""},"class_list":["post-10575","page","type-page","status-publish","hentry"],"_links":{"self":[{"href":"https:\/\/worknow.vn\/vi\/wp-json\/wp\/v2\/pages\/10575","targetHints":{"allow":["GET"]}}],"collection":[{"href":"https:\/\/worknow.vn\/vi\/wp-json\/wp\/v2\/pages"}],"about":[{"href":"https:\/\/worknow.vn\/vi\/wp-json\/wp\/v2\/types\/page"}],"author":[{"embeddable":true,"href":"https:\/\/worknow.vn\/vi\/wp-json\/wp\/v2\/users\/4"}],"replies":[{"embeddable":true,"href":"https:\/\/worknow.vn\/vi\/wp-json\/wp\/v2\/comments?post=10575"}],"version-history":[{"count":5,"href":"https:\/\/worknow.vn\/vi\/wp-json\/wp\/v2\/pages\/10575\/revisions"}],"predecessor-version":[{"id":11956,"href":"https:\/\/worknow.vn\/vi\/wp-json\/wp\/v2\/pages\/10575\/revisions\/11956"}],"wp:attachment":[{"href":"https:\/\/worknow.vn\/vi\/wp-json\/wp\/v2\/media?parent=10575"}],"curies":[{"name":"wp","href":"https:\/\/api.w.org\/{rel}","templated":true}]}}