{"id":10577,"date":"2022-08-11T04:05:09","date_gmt":"2022-08-11T04:05:09","guid":{"rendered":"https:\/\/worknow.vn\/social-media-marketing-manager\/"},"modified":"2023-06-01T08:02:21","modified_gmt":"2023-06-01T08:02:21","slug":"quan-ly-marketing-truyen-thong-xa-hoi","status":"publish","type":"page","link":"https:\/\/worknow.vn\/vi\/quan-ly-marketing-truyen-thong-xa-hoi\/","title":{"rendered":"Qu\u1ea3n L\u00fd Marketing Truy\u1ec1n Th\u00f4ng X\u00e3 H\u1ed9i"},"content":{"rendered":"<div class=\"wpb-content-wrapper\">[vc_row top_margin=&#8221;0&#8243; bottom_margin=&#8221;0&#8243; css=&#8221;.vc_custom_1499912039446{margin-top: -30px !important;}&#8221;][vc_column]<div class=\"shortcode-wrapper shortcode-title clearfix hb-animate-element hb-fade-in\"><p style=\"color:#878787!important;border-color:#878787\" class=\"hb-text-large aligncenter\">Qu\u1ea3n L\u00fd Marketing Truy\u1ec1n Th\u00f4ng X\u00e3 H\u1ed9i<\/p><\/div>[vc_row_inner][vc_column_inner][vc_empty_space height=&#8221;10px&#8221;]<div class=\"shortcode-wrapper shortcode-icon-box clearfix\"><div class=\"feature-box alternative left-icon-box aligncenter\"><div class=\"feature-box-content\"><h4 class=\"bold\">M\u00f4 t\u1ea3 c\u00f4ng vi\u1ec7c<\/h4><p>Ng\u01b0\u1eddi qu\u1ea3n l\u00fd ph\u01b0\u01a1ng ti\u1ec7n truy\u1ec1n th\u00f4ng x\u00e3 h\u1ed9i l\u00e0 nh\u1eefng c\u00e1 nh\u00e2n qu\u1ea3n l\u00fd s\u1ef1 hi\u1ec7n di\u1ec7n tr\u00ean ph\u01b0\u01a1ng ti\u1ec7n truy\u1ec1n th\u00f4ng x\u00e3 h\u1ed9i c\u1ee7a m\u1ed9t doanh nghi\u1ec7p ho\u1eb7c m\u1ed9t ng\u01b0\u1eddi. Vai tr\u00f2 n\u00e0y ng\u00e0y c\u00e0ng tr\u1edf n\u00ean quan tr\u1ecdng v\u00ec nhi\u1ec1u t\u1ed5 ch\u1ee9c v\u00e0 nh\u00e2n v\u1eadt c\u1ee7a c\u00f4ng ch\u00fang s\u1eed d\u1ee5ng m\u1ea1ng x\u00e3 h\u1ed9i \u0111\u1ec3 t\u01b0\u01a1ng t\u00e1c v\u1edbi kh\u00e1n gi\u1ea3 c\u1ee7a h\u1ecd. \u0110\u1ec3 theo \u0111u\u1ed5i s\u1ef1 nghi\u1ec7p n\u00e0y, b\u1ea1n ph\u1ea3i ph\u00e1t tri\u1ec3n c\u00e1c k\u1ef9 n\u0103ng giao ti\u1ebfp m\u1ea1nh m\u1ebd, ki\u1ebfm \u0111\u01b0\u1ee3c b\u1eb1ng c\u1ea5p ph\u00f9 h\u1ee3p v\u00e0 s\u1eed d\u1ee5ng th\u00e0nh th\u1ea1o c\u00e1c ph\u01b0\u01a1ng ti\u1ec7n truy\u1ec1n th\u00f4ng x\u00e3 h\u1ed9i. Nhi\u1ec1u ng\u01b0\u1eddi ngh\u0129 r\u1eb1ng m\u1ea1ng x\u00e3 h\u1ed9i l\u00e0 \u201cd\u1ec5 d\u00e0ng\u201d. M\u1eb7c d\u00f9 c\u00f3 th\u1ec3 d\u1ec5 d\u00e0ng chia s\u1ebb m\u1ed9t h\u00ecnh \u1ea3nh v\u00e0 \u0111\u0103ng m\u1ed9t b\u00e0i b\u00ecnh lu\u1eadn nh\u1ecf, nh\u01b0ng th\u1ef1c t\u1ebf c\u00f3 r\u1ea5t nhi\u1ec1u chi\u1ebfn l\u01b0\u1ee3c v\u00e0 ph\u00e2n t\u00edch d\u1eef li\u1ec7u \u0111i k\u00e8m v\u1edbi n\u00f3. Ng\u01b0\u1eddi qu\u1ea3n l\u00fd ph\u01b0\u01a1ng ti\u1ec7n truy\u1ec1n th\u00f4ng x\u00e3 h\u1ed9i l\u00e0 ng\u01b0\u1eddi trong b\u1ed9 ph\u1eadn truy\u1ec1n th\u00f4ng, ti\u1ebfp th\u1ecb ho\u1eb7c quan h\u1ec7 c\u00f4ng ch\u00fang c\u1ee7a m\u1ed9t t\u1ed5 ch\u1ee9c gi\u00e1m s\u00e1t, l\u1ecdc , \u0111\u00f3ng g\u00f3p v\u00e0 h\u01b0\u1edbng d\u1eabn s\u1ef1 hi\u1ec7n di\u1ec7n tr\u00ean m\u1ea1ng x\u00e3 h\u1ed9i c\u1ee7a m\u1ed9t doanh nghi\u1ec7p, s\u1ea3n ph\u1ea9m ho\u1eb7c th\u01b0\u01a1ng hi\u1ec7u. C\u00e1c n\u1ec1n t\u1ea3ng truy\u1ec1n th\u00f4ng x\u00e3 h\u1ed9i c\u00f3 nh\u1ecbp \u0111\u1ed9 nhanh v\u00e0 th\u01b0\u1eddng \u0111\u01b0\u1ee3c coi l\u00e0 \u201cti\u1ebfp th\u1ecb th\u1eddi gian th\u1ef1c\u201d, v\u00ec v\u1eady c\u00e1c nh\u00e0 qu\u1ea3n l\u00fd truy\u1ec1n th\u00f4ng x\u00e3 h\u1ed9i ph\u1ea3i c\u00f3 kh\u1ea3 n\u0103ng l\u00e0m vi\u1ec7c nhanh ch\u00f3ng, ph\u1ea3n h\u1ed3i v\u00e0 chia s\u1ebb th\u00f4ng tin khi c\u00f3 s\u1eb5n. Ng\u01b0\u1eddi qu\u1ea3n l\u00fd m\u1ea1ng x\u00e3 h\u1ed9i th\u01b0\u1eddng ph\u1ea3i th\u00f4ng th\u1ea1o c\u00e1c chu k\u1ef3 tin t\u1ee9c v\u00e0 l\u00e0 chuy\u00ean gia trong ng\u00e0nh v\u1ec1 c\u00f4ng ty, doanh nghi\u1ec7p, s\u1ea3n ph\u1ea9m ho\u1eb7c d\u1ecbch v\u1ee5 c\u1ee7a h\u1ecd.<br \/>\nC\u00e1c n\u1ec1n t\u1ea3ng truy\u1ec1n th\u00f4ng x\u00e3 h\u1ed9i \u0111\u01b0\u1ee3c t\u1ea1o ra cho m\u1ee5c \u0111\u00edch giao ti\u1ebfp v\u00e0 k\u1ec3 chuy\u1ec7n. \u0110\u00f3 l\u00e0 l\u00fd do t\u1ea1i sao n\u1ebfu b\u1ea1n mu\u1ed1n tr\u1edf th\u00e0nh ng\u01b0\u1eddi qu\u1ea3n l\u00fd m\u1ea1ng x\u00e3 h\u1ed9i, b\u1ea1n ph\u1ea3i c\u00f3 k\u1ef9 n\u0103ng giao ti\u1ebfp t\u1ed1t v\u00e0 c\u00f3 th\u1ec3 s\u1eed d\u1ee5ng nh\u1eefng k\u1ef9 n\u0103ng n\u00e0y tr\u00ean nhi\u1ec1u n\u1ec1n t\u1ea3ng m\u1ea1ng x\u00e3 h\u1ed9i. L\u00e0 m\u1ed9t ph\u1ea7n trong vai tr\u00f2 c\u1ee7a m\u00ecnh, b\u1ea1n s\u1ebd ph\u1ea3i duy tr\u00ec giao ti\u1ebfp hi\u1ec7u qu\u1ea3 v\u1edbi kh\u00e1n gi\u1ea3 tr\u1ef1c tuy\u1ebfn c\u0169ng nh\u01b0 v\u1edbi s\u1ebfp v\u00e0 \u0111\u1ed3ng nghi\u1ec7p c\u1ee7a m\u00ecnh. \u0110i\u1ec1u quan tr\u1ecdng l\u00e0 b\u1ea1n c\u00f3 th\u1ec3 giao ti\u1ebfp v\u1edbi s\u1ebfp, \u0111\u1ed3ng nghi\u1ec7p v\u00e0 c\u1ed9ng t\u00e1c vi\u00ean \u1edf c\u00e1c ph\u00f2ng ban kh\u00e1c nhau. B\u1ea1n c\u0169ng c\u1ea7n c\u00f3 kh\u1ea3 n\u0103ng giao ti\u1ebfp v\u1edbi b\u1ea5t k\u1ef3 b\u00ean li\u00ean quan n\u1ed9i b\u1ed9 n\u00e0o v\u1ec1 chi\u1ebfn l\u01b0\u1ee3c, ph\u00e2n ph\u1ed1i n\u1ed9i dung v\u00e0 k\u1ebft qu\u1ea3 c\u00f4ng vi\u1ec7c c\u1ee7a m\u00ecnh. C\u00e1c nh\u00e0 qu\u1ea3n l\u00fd ph\u01b0\u01a1ng ti\u1ec7n truy\u1ec1n th\u00f4ng x\u00e3 h\u1ed9i c\u1ea7n c\u00f3 kh\u1ea3 n\u0103ng qu\u1ea3n l\u00fd th\u1eddi gian c\u1ee7a h\u1ecd m\u1ed9t c\u00e1ch kh\u00f4n ngoan v\u00e0 c\u1ef1c k\u1ef3 c\u00f3 t\u1ed5 ch\u1ee9c. Tr\u1edf th\u00e0nh ng\u01b0\u1eddi qu\u1ea3n l\u00fd ph\u01b0\u01a1ng ti\u1ec7n truy\u1ec1n th\u00f4ng x\u00e3 h\u1ed9i kh\u00f4ng ch\u1ec9 li\u00ean quan \u0111\u1ebfn vi\u1ec7c \u0111\u01b0a ra c\u00e1c chi\u1ebfn d\u1ecbch v\u00e0 nh\u1ecbp \u0111i\u1ec7u ph\u00e2n ph\u1ed1i. B\u1ea1n c\u0169ng s\u1ebd l\u00e3nh \u0111\u1ea1o v\u00e0 th\u1ef1c hi\u1ec7n c\u00e1c k\u1ebf ho\u1ea1ch t\u1eeb \u0111\u1ea7u \u0111\u1ebfn cu\u1ed1i. S\u00e1ng t\u1ea1o l\u00e0 ch\u00eca kh\u00f3a trong th\u1ebf gi\u1edbi truy\u1ec1n th\u00f4ng x\u00e3 h\u1ed9i. B\u1ea1n ph\u1ea3i c\u00f3 kh\u1ea3 n\u0103ng t\u1ea1o n\u1ed9i dung thu h\u00fat s\u1ef1 ch\u00fa \u00fd c\u1ee7a kh\u00e1n gi\u1ea3. C\u00f3 qu\u00e1 nhi\u1ec1u \u1ed3n \u00e0o trong th\u1ebf gi\u1edbi truy\u1ec1n th\u00f4ng x\u00e3 h\u1ed9i, \u0111\u1ec3 n\u1ed5i b\u1eadt, b\u1ea1n ph\u1ea3i s\u00e1ng t\u1ea1o. B\u1ea1n s\u1ebd c\u1ea7n ph\u1ea3i s\u00e1ng t\u1ea1o trong lo\u1ea1i n\u1ed9i dung b\u1ea1n \u0111\u0103ng, thi\u1ebft k\u1ebf c\u1ee7a b\u1ea1n v\u00e0 c\u00e1ch vi\u1ebft qu\u1ea3ng c\u00e1o \u0111i k\u00e8m v\u1edbi n\u1ed9i dung \u0111\u00f3. Ph\u00e2n t\u00edch d\u1eef li\u1ec7u l\u00e0 m\u1ed9t k\u1ef9 n\u0103ng quan tr\u1ecdng c\u1ea7n c\u00f3 khi l\u00e0m vi\u1ec7c v\u1edbi t\u01b0 c\u00e1ch l\u00e0 ng\u01b0\u1eddi qu\u1ea3n l\u00fd ph\u01b0\u01a1ng ti\u1ec7n truy\u1ec1n th\u00f4ng x\u00e3 h\u1ed9i. V\u1edbi vai tr\u00f2 n\u00e0y, b\u1ea1n s\u1ebd c\u1ea7n c\u00f3 hi\u1ec3u bi\u1ebft th\u1ea5u \u0111\u00e1o v\u1ec1 c\u1ea3 d\u1eef li\u1ec7u \u0111\u1ecbnh l\u01b0\u1ee3ng v\u00e0 \u0111\u1ecbnh t\u00ednh. B\u1ea1n kh\u00f4ng ch\u1ec9 ph\u1ea3i hi\u1ec3u d\u1eef li\u1ec7u m\u00e0 c\u00f2n ph\u1ea3i c\u00f3 kh\u1ea3 n\u0103ng tr\u00ecnh b\u00e0y ch\u00ednh x\u00e1c nh\u1eefng ph\u00e1t hi\u1ec7n c\u1ee7a m\u00ecnh v\u00e0 gi\u1ea3i th\u00edch nh\u1eefng ph\u00e1t hi\u1ec7n n\u00e0y cho nh\u00f3m c\u1ee7a b\u1ea1n v\u00e0 qu\u1ea3n l\u00fd c\u1ea5p tr\u00ean. Truy\u1ec1n \u0111\u1ea1t cho h\u1ecd b\u1ea5t k\u1ef3 xu h\u01b0\u1edbng n\u00e0o b\u1ea1n th\u1ea5y v\u00e0 \u0111\u01b0a ra m\u1ed9t k\u1ebf ho\u1ea1ch h\u00e0nh \u0111\u1ed9ng. B\u1ea1n s\u1ebd c\u1ea7n c\u00f3 kh\u1ea3 n\u0103ng vi\u1ebft theo nhi\u1ec1u phong c\u00e1ch kh\u00e1c nhau. \u0110\u1ed1i v\u1edbi c\u00e1c b\u00e0i \u0111\u0103ng qu\u1ea3ng c\u00e1o, b\u1ea1n s\u1ebd c\u1ea7n vi\u1ebft b\u1ea3n qu\u1ea3ng c\u00e1o \u0111\u1eadm, thu h\u00fat s\u1ef1 ch\u00fa \u00fd. K\u1ec3 chuy\u1ec7n l\u00e0 m\u1ed9t k\u1ef9 n\u0103ng vi\u1ebft quan tr\u1ecdng kh\u00e1c c\u1ea7n c\u00f3 v\u00ec \u0111\u00f3 l\u00e0 th\u1ee9 s\u1ebd n\u1eafm b\u1eaft \u0111\u01b0\u1ee3c c\u1ea3m x\u00fac c\u1ee7a kh\u00e1n gi\u1ea3 v\u00e0 khi\u1ebfn th\u01b0\u01a1ng hi\u1ec7u c\u1ee7a b\u1ea1n tr\u1edf n\u00ean g\u1ea7n g\u0169i v\u1edbi \u0111\u1ed1i t\u01b0\u1ee3ng m\u1ee5c ti\u00eau. C\u00e1c nh\u00e0 qu\u1ea3n l\u00fd m\u1ea1ng x\u00e3 h\u1ed9i th\u00e0nh c\u00f4ng bi\u1ebft c\u00e1ch vi\u1ebft kh\u00e1c nhau cho c\u00e1c n\u1ec1n t\u1ea3ng v\u00e0 \u0111\u1ed1i t\u01b0\u1ee3ng kh\u00e1c nhau.<br \/>\nM\u1eb7c d\u00f9 kh\u00f4ng ph\u1ea3i t\u1ea5t c\u1ea3 c\u00e1c v\u1ecb tr\u00ed qu\u1ea3n l\u00fd ph\u01b0\u01a1ng ti\u1ec7n truy\u1ec1n th\u00f4ng x\u00e3 h\u1ed9i \u0111\u1ec1u y\u00eau c\u1ea7u b\u1eb1ng \u0111\u1ea1i h\u1ecdc, nh\u01b0ng nhi\u1ec1u nh\u00e0 tuy\u1ec3n d\u1ee5ng th\u00edch \u1ee9ng vi\u00ean c\u00f3 b\u1eb1ng c\u1eed nh\u00e2n. C\u00e1c ch\u01b0\u01a1ng tr\u00ecnh t\u1ed1t nh\u1ea5t cho con \u0111\u01b0\u1eddng s\u1ef1 nghi\u1ec7p n\u00e0y bao g\u1ed3m kinh doanh, ti\u1ebfp th\u1ecb, qu\u1ea3ng c\u00e1o, quan h\u1ec7 c\u00f4ng ch\u00fang v\u00e0 b\u1eb1ng c\u1ea5p truy\u1ec1n th\u00f4ng chung. Sinh vi\u00ean chuy\u00ean ng\u00e0nh t\u00e2m l\u00fd h\u1ecdc c\u0169ng l\u00e0m t\u1ed1t trong l\u0129nh v\u1ef1c n\u00e0y v\u00ec h\u1ecd hi\u1ec3u r\u00f5 v\u1ec1 h\u00e0nh vi c\u1ee7a con ng\u01b0\u1eddi v\u00e0 suy ngh\u0129 c\u1ee7a kh\u00e1ch h\u00e0ng.<\/p><\/div><\/div><\/div>[vc_empty_space height=&#8221;30px&#8221;]<div class=\"shortcode-wrapper shortcode-icon-box clearfix\"><div class=\"feature-box alternative left-icon-box aligncenter\"><div class=\"feature-box-content\"><h4 class=\"bold\">Vai tr\u00f2 v\u00e0 tr\u00e1ch nhi\u1ec7m<\/h4><p>\u2022 T\u1ea1o l\u1ecbch bi\u00ean t\u1eadp n\u1ed9i dung c\u00f3 th\u1ec3 c\u00f3 li\u00ean quan \u0111\u1ebfn th\u1eddi gian v\u00e0 k\u00eanh<br \/>\n\u2022 Xu\u1ea5t b\u1ea3n n\u1ed9i dung \u0111\u1ec3 chia s\u1ebb th\u00f4ng qua c\u00e1c k\u00eanh truy\u1ec1n th\u00f4ng x\u00e3 h\u1ed9i kh\u00e1c nhau. M\u1ed7i c\u00f4ng ty c\u00f3 th\u1ec3 c\u00f3 s\u1ef1 k\u1ebft h\u1ee3p c\u1ee7a c\u00e1c k\u00eanh truy\u1ec1n th\u00f4ng x\u00e3 h\u1ed9i ti\u1ebfp c\u1eadn th\u1ecb tr\u01b0\u1eddng c\u1ee5 th\u1ec3 c\u1ee7a h\u1ecd<br \/>\n\u2022 Tr\u1ea3 l\u1eddi c\u00e1c nh\u1eadn x\u00e9t v\u00e0 ph\u1ea3n h\u1ed3i do ng\u01b0\u1eddi d\u00f9ng t\u1ea1o \u0111\u1ec3 t\u1ea1o tr\u1ea3i nghi\u1ec7m th\u01b0\u01a1ng hi\u1ec7u t\u00edch c\u1ef1c cho s\u1ef1 t\u01b0\u01a1ng t\u00e1c m\u1ea1nh m\u1ebd<br \/>\n\u2022 T\u1ea1o chi\u1ebfn d\u1ecbch v\u1edbi th\u00f4ng \u0111i\u1ec7p \u0111\u1ea1i di\u1ec7n cho ti\u1ebfng n\u00f3i th\u01b0\u01a1ng hi\u1ec7u<br \/>\n\u2022 Theo d\u00f5i n\u1ed9i dung v\u00e0 th\u00e0nh c\u00f4ng c\u1ee7a chi\u1ebfn d\u1ecbch th\u00f4ng qua x\u1ebfp h\u1ea1ng t\u01b0\u01a1ng t\u00e1c, s\u1ed1 li\u1ec7u v\u00e0 ph\u00e2n t\u00edch<br \/>\n\u2022 Tham gia v\u00e0o c\u00e1c chi\u1ebfn l\u01b0\u1ee3c thi\u1ebft k\u1ebf h\u00ecnh \u1ea3nh<br \/>\n\u2022 T\u1ea1o chi\u1ebfn l\u01b0\u1ee3c t\u01b0\u01a1ng t\u00e1c v\u00e0 qu\u1ea3ng c\u00e1o, ch\u1eb3ng h\u1ea1n nh\u01b0 ti\u1ebfp th\u1ecb c\u00f3 \u1ea3nh h\u01b0\u1edfng, t\u1ea1o l\u01b0u l\u01b0\u1ee3ng truy c\u1eadp kh\u00f4ng ph\u1ea3i tr\u1ea3 ti\u1ec1n v\u00e0 qu\u1ea3ng c\u00e1o tr\u1ea3 ti\u1ec1n<br \/>\n\u2022 Tr\u00ecnh b\u00e0y nh\u1eefng ph\u00e1t hi\u1ec7n cho qu\u1ea3n l\u00fd c\u1ea5p tr\u00ean \u0111\u1ec3 \u0111\u00e1nh gi\u00e1 v\u00e0 \u0111\u1ecbnh h\u01b0\u1edbng chi\u1ebfn l\u01b0\u1ee3c trong t\u01b0\u01a1ng lai<br \/>\n\u2022 Nh\u1eadn bi\u1ebft v\u00e0 \u0111\u00e1nh gi\u00e1 l\u1ea1i n\u1ebfu m\u1ed9t n\u1ec1n t\u1ea3ng nh\u1ea5t \u0111\u1ecbnh kh\u00f4ng t\u1ea1o ra ROI ch\u1ea5p nh\u1eadn \u0111\u01b0\u1ee3c<br \/>\n\u2022 Duy tr\u00ec nguy\u00ean t\u1eafc th\u01b0\u01a1ng hi\u1ec7u tr\u00ean t\u1ea5t c\u1ea3 c\u00e1c k\u00eanh v\u00e0 l\u00e0m vi\u1ec7c v\u1edbi c\u00e1c th\u00e0nh vi\u00ean trong nh\u00f3m \u0111\u1ec3 \u0111\u1ea3m b\u1ea3o th\u00f4ng \u0111i\u1ec7p th\u01b0\u01a1ng hi\u1ec7u nh\u1ea5t qu\u00e1n<br \/>\n\u2022 Lu\u00f4n \u0111\u00f3n \u0111\u1ea7u xu h\u01b0\u1edbng. V\u00ed d\u1ee5: vi\u1ec7c s\u1eed d\u1ee5ng c\u00e1c video ng\u1eafn hi\u1ec7n \u0111ang ph\u1ed5 bi\u1ebfn nh\u01b0ng c\u00e1c meme v\u1eabn ti\u1ebfp t\u1ee5c nh\u1eadn \u0111\u01b0\u1ee3c m\u1ee9c \u0111\u1ed9 t\u01b0\u01a1ng t\u00e1c cao<br \/>\n\u2022 \u0110\u00f3ng g\u00f3p v\u00e0o s\u1eafc th\u00e1i c\u1ee7a th\u01b0\u01a1ng hi\u1ec7u\u2014nghi\u00eam t\u00fac, c\u00f3 tr\u00e1ch nhi\u1ec7m ho\u1eb7c th\u1eadm ch\u00ed h\u00e0i h\u01b0\u1edbc n\u1ebfu v\u00e0 \u1edf nh\u1eefng n\u01a1i \u0111i\u1ec1u \u0111\u00f3 h\u1ee3p l\u00fd<br \/>\n\u2022 Ph\u00e1t tri\u1ec3n v\u00e0 \u0111\u1ea1i di\u1ec7n cho th\u01b0\u01a1ng hi\u1ec7u v\u1edbi m\u1ed9t c\u00e1 t\u00ednh nh\u1ea5t qu\u00e1n\u2014r\u1ea5t r\u00f5 r\u00e0ng v\u1ec1 c\u00e1ch ng\u01b0\u1eddi n\u00e0y s\u1ebd t\u01b0\u01a1ng t\u00e1c v\u1edbi kh\u00e1ch h\u00e0ng, th\u01b0\u01a1ng hi\u1ec7u \u0111\u1ed1i t\u00e1c v\u00e0\/ho\u1eb7c th\u1eadm ch\u00ed l\u00e0 \u0111\u1ed1i th\u1ee7 c\u1ea1nh tranh c\u1ee7a m\u00ecnh. V\u00ed d\u1ee5: m\u1ed9t s\u1ed1 c\u00f4ng ty th\u1ee9c \u0103n nhanh n\u00f3i \u0111\u00f9a qua l\u1ea1i tr\u00ean Twitter v\u1edbi s\u1ef1 h\u00e0i h\u01b0\u1edbc nh\u1eb9 nh\u00e0ng v\u00e0 tr\u1edf n\u00ean lan truy\u1ec1n v\u1edbi r\u1ea5t nhi\u1ec1u l\u01b0\u1ee3t t\u01b0\u01a1ng t\u00e1c t\u1eeb kh\u00e1ch h\u00e0ng d\u01b0\u1edbi d\u1ea1ng tin nh\u1eafn l\u1ea1i v\u00e0 b\u00ecnh lu\u1eadn.<br \/>\nK\u1ef9 n\u0103ng:<br \/>\n\u2022 Giao ti\u1ebfp<br \/>\n\u2022 Vi\u1ebft<br \/>\n\u2022 S\u00e1ng t\u1ea1o<br \/>\n\u2022 Hi\u1ec7u qu\u1ea3 v\u00e0 t\u1ed5 ch\u1ee9c h\u00e0ng \u0111\u1ea7u<br \/>\n\u2022 Ti\u1ebfp th\u1ecb truy\u1ec1n th\u1ed1ng v\u00e0 k\u1ef9 thu\u1eadt s\u1ed1<br \/>\n\u2022 Ch\u0103m s\u00f3c kh\u00e1ch h\u00e0ng<br \/>\n\u2022 K\u1ebft n\u1ed1i<br \/>\n\u2022 Nhanh nh\u1eb9n<br \/>\n\u2022 Ph\u00e2n t\u00edch d\u1eef li\u1ec7u<br \/>\nTr\u00ecnh \u0111\u1ed9 chuy\u00ean m\u00f4n: Kinh doanh, ti\u1ebfp th\u1ecb, qu\u1ea3ng c\u00e1o, quan h\u1ec7 c\u00f4ng ch\u00fang v\u00e0 truy\u1ec1n th\u00f4ng chung<\/p><\/div><\/div><\/div>[\/vc_column_inner][\/vc_row_inner][\/vc_column][\/vc_row]\n<\/div>","protected":false},"excerpt":{"rendered":"<p>[vc_row top_margin=&#8221;0&#8243; bottom_margin=&#8221;0&#8243; css=&#8221;.vc_custom_1499912039446{margin-top: -30px !important;}&#8221;][vc_column][vc_row_inner][vc_column_inner][vc_empty_space height=&#8221;10px&#8221;][vc_empty_space height=&#8221;30px&#8221;][\/vc_column_inner][\/vc_row_inner][\/vc_column][\/vc_row]<\/p>\n","protected":false},"author":4,"featured_media":0,"parent":0,"menu_order":0,"comment_status":"closed","ping_status":"closed","template":"","meta":{"nf_dc_page":"","footnotes":""},"class_list":["post-10577","page","type-page","status-publish","hentry"],"_links":{"self":[{"href":"https:\/\/worknow.vn\/vi\/wp-json\/wp\/v2\/pages\/10577","targetHints":{"allow":["GET"]}}],"collection":[{"href":"https:\/\/worknow.vn\/vi\/wp-json\/wp\/v2\/pages"}],"about":[{"href":"https:\/\/worknow.vn\/vi\/wp-json\/wp\/v2\/types\/page"}],"author":[{"embeddable":true,"href":"https:\/\/worknow.vn\/vi\/wp-json\/wp\/v2\/users\/4"}],"replies":[{"embeddable":true,"href":"https:\/\/worknow.vn\/vi\/wp-json\/wp\/v2\/comments?post=10577"}],"version-history":[{"count":5,"href":"https:\/\/worknow.vn\/vi\/wp-json\/wp\/v2\/pages\/10577\/revisions"}],"predecessor-version":[{"id":11958,"href":"https:\/\/worknow.vn\/vi\/wp-json\/wp\/v2\/pages\/10577\/revisions\/11958"}],"wp:attachment":[{"href":"https:\/\/worknow.vn\/vi\/wp-json\/wp\/v2\/media?parent=10577"}],"curies":[{"name":"wp","href":"https:\/\/api.w.org\/{rel}","templated":true}]}}