{"id":10579,"date":"2022-08-17T09:36:39","date_gmt":"2022-08-17T09:36:39","guid":{"rendered":"https:\/\/worknow.vn\/data-scientist\/"},"modified":"2023-07-03T06:28:36","modified_gmt":"2023-07-03T06:28:36","slug":"nha-khoa-hoc-du-lieu","status":"publish","type":"page","link":"https:\/\/worknow.vn\/vi\/nha-khoa-hoc-du-lieu\/","title":{"rendered":"Nh\u00e0 Khoa H\u1ecdc D\u1eef Li\u1ec7u"},"content":{"rendered":"<div class=\"wpb-content-wrapper\">[vc_row top_margin=&#8221;0&#8243; bottom_margin=&#8221;0&#8243; css=&#8221;.vc_custom_1499912039446{margin-top: -30px !important;}&#8221;][vc_column]<div class=\"shortcode-wrapper shortcode-title clearfix hb-animate-element hb-fade-in\"><p style=\"color:#878787!important;border-color:#878787\" class=\"hb-text-large aligncenter\">Nh\u00e0 Khoa H\u1ecdc D\u1eef Li\u1ec7u<\/p><\/div>[vc_row_inner][vc_column_inner][vc_empty_space height=&#8221;10px&#8221;]<div class=\"shortcode-wrapper shortcode-icon-box clearfix\"><div class=\"feature-box alternative left-icon-box aligncenter\"><div class=\"feature-box-content\"><h4 class=\"bold\">M\u00f4 t\u1ea3 c\u00f4ng vi\u1ec7c<\/h4><p>Nh\u00e0 khoa h\u1ecdc d\u1eef li\u1ec7u c\u00f3 tr\u00e1ch nhi\u1ec7m l\u1ea5y m\u1ed9t t\u1eadp h\u1ee3p d\u1eef li\u1ec7u v\u00e0 di\u1ec5n gi\u1ea3i n\u00f3 m\u1ed9t c\u00e1ch ch\u00ednh x\u00e1c \u0111\u1ec3 c\u00f3 th\u1ec3 s\u1eed d\u1ee5ng d\u1eef li\u1ec7u \u0111\u00f3 trong nhi\u1ec1u kh\u00eda c\u1ea1nh, ch\u01b0\u01a1ng tr\u00ecnh, ph\u1ea7n c\u1ee9ng n\u00e2ng cao hi\u1ec7u su\u1ea5t v\u00e0 c\u00e1c l\u0129nh v\u1ef1c kh\u00e1c do c\u00f4ng ty quy \u0111\u1ecbnh. C\u00f4ng vi\u1ec7c m\u00e0 Nh\u00e0 khoa h\u1ecdc d\u1eef li\u1ec7u th\u1ef1c hi\u1ec7n th\u01b0\u1eddng s\u1ebd \u0111\u01b0\u1ee3c s\u1eed d\u1ee5ng \u0111\u1ec3 t\u1ea1o ra tr\u00ed tu\u1ec7 nh\u00e2n t\u1ea1o ho\u1eb7c cho ph\u00e9p tr\u00ed tu\u1ec7 nh\u00e2n t\u1ea1o ho\u1ea1t \u0111\u1ed9ng hi\u1ec7u qu\u1ea3 h\u01a1n khi n\u00f3i \u0111\u1ebfn c\u00e1c quy tr\u00ecnh d\u01b0\u1edbi s\u1ef1 ki\u1ec3m so\u00e1t c\u1ee7a n\u00f3.<br \/>\nKhoa h\u1ecdc d\u1eef li\u1ec7u l\u00e0 nghi\u00ean c\u1ee9u v\u1ec1 d\u1eef li\u1ec7u \u0111\u1ec3 tr\u00edch xu\u1ea5t nh\u1eefng hi\u1ec3u bi\u1ebft c\u00f3 \u00fd ngh\u0129a cho doanh nghi\u1ec7p. \u0110\u00f3 l\u00e0 m\u1ed9t c\u00e1ch ti\u1ebfp c\u1eadn \u0111a ng\u00e0nh k\u1ebft h\u1ee3p c\u00e1c nguy\u00ean t\u1eafc v\u00e0 th\u1ef1c h\u00e0nh t\u1eeb c\u00e1c l\u0129nh v\u1ef1c to\u00e1n h\u1ecdc, th\u1ed1ng k\u00ea, tr\u00ed tu\u1ec7 nh\u00e2n t\u1ea1o v\u00e0 k\u1ef9 thu\u1eadt m\u00e1y t\u00ednh \u0111\u1ec3 ph\u00e2n t\u00edch l\u01b0\u1ee3ng l\u1edbn d\u1eef li\u1ec7u. Ph\u00e2n t\u00edch n\u00e0y gi\u00fap c\u00e1c nh\u00e0 khoa h\u1ecdc d\u1eef li\u1ec7u \u0111\u1eb7t v\u00e0 tr\u1ea3 l\u1eddi c\u00e1c c\u00e2u h\u1ecfi nh\u01b0 chuy\u1ec7n g\u00ec \u0111\u00e3 x\u1ea3y ra, t\u1ea1i sao n\u00f3 x\u1ea3y ra, \u0111i\u1ec1u g\u00ec s\u1ebd x\u1ea3y ra v\u00e0 c\u00f3 th\u1ec3 l\u00e0m g\u00ec v\u1edbi k\u1ebft qu\u1ea3.<br \/>\n<\/p><\/div><\/div><\/div>[vc_empty_space height=&#8221;30px&#8221;]<div class=\"shortcode-wrapper shortcode-icon-box clearfix\"><div class=\"feature-box alternative left-icon-box aligncenter\"><div class=\"feature-box-content\"><h4 class=\"bold\">Vai tr\u00f2 v\u00e0 tr\u00e1ch nhi\u1ec7m:<\/h4><p>\n<ul>\n<li>\u0110\u1ea3m nh\u1eadn vi\u1ec7c thu th\u1eadp, ti\u1ec1n x\u1eed l\u00fd v\u00e0 ph\u00e2n t\u00edch d\u1eef li\u1ec7u.<\/li>\n<li>X\u00e2y d\u1ef1ng m\u00f4 h\u00ecnh gi\u1ea3i quy\u1ebft c\u00e1c v\u1ea5n \u0111\u1ec1 c\u1ee7a doanh nghi\u1ec7p.<\/li>\n<li>Tr\u00ecnh b\u00e0y th\u00f4ng tin b\u1eb1ng k\u1ef9 thu\u1eadt tr\u1ef1c quan h\u00f3a d\u1eef li\u1ec7u.<\/li>\n<li>X\u00e1c \u0111\u1ecbnh c\u00e1c ngu\u1ed3n d\u1eef li\u1ec7u c\u00f3 gi\u00e1 tr\u1ecb v\u00e0 t\u1ef1 \u0111\u1ed9ng h\u00f3a quy tr\u00ecnh thu th\u1eadp<\/li>\n<li>Ti\u1ebfn h\u00e0nh ti\u1ec1n x\u1eed l\u00fd d\u1eef li\u1ec7u c\u00f3 c\u1ea5u tr\u00fac v\u00e0 phi c\u1ea5u tr\u00fac<\/li>\n<li>Ph\u00e2n t\u00edch l\u01b0\u1ee3ng l\u1edbn th\u00f4ng tin \u0111\u1ec3 kh\u00e1m ph\u00e1 c\u00e1c xu h\u01b0\u1edbng v\u00e0 m\u00f4 h\u00ecnh<\/li>\n<li>X\u00e2y d\u1ef1ng m\u00f4 h\u00ecnh d\u1ef1 \u0111o\u00e1n v\u00e0 thu\u1eadt to\u00e1n m\u00e1y h\u1ecdc<\/li>\n<li>K\u1ebft h\u1ee3p c\u00e1c m\u00f4 h\u00ecnh th\u00f4ng qua m\u00f4 h\u00ecnh t\u1eadp h\u1ee3p<\/li>\n<li>Tr\u00ecnh b\u00e0y th\u00f4ng tin b\u1eb1ng k\u1ef9 thu\u1eadt tr\u1ef1c quan h\u00f3a d\u1eef li\u1ec7u<\/li>\n<li>\u0110\u1ec1 xu\u1ea5t c\u00e1c gi\u1ea3i ph\u00e1p v\u00e0 chi\u1ebfn l\u01b0\u1ee3c cho c\u00e1c th\u00e1ch th\u1ee9c kinh doanh<\/li>\n<li>Ph\u1ed1i h\u1ee3p v\u1edbi c\u00e1c nh\u00f3m ph\u00e1t tri\u1ec3n s\u1ea3n ph\u1ea9m v\u00e0 k\u1ef9 thu\u1eadt<\/li>\n<\/ul>\n<p><strong>K\u0129 n\u0103ng thi\u1ebft y\u1ebfu:<\/strong><\/p>\n<ul>\n<li>\u0110\u1ea7u \u00f3c ph\u00e2n t\u00edch v\u00e0 s\u1ef1 nh\u1ea1y b\u00e9n trong kinh doanh<\/li>\n<li>N\u0103ng khi\u1ebfu gi\u1ea3i quy\u1ebft v\u1ea5n \u0111\u1ec1<\/li>\n<li>Kh\u1ea3 n\u0103ng giao ti\u1ebfp v\u00e0 k\u0129 n\u0103ng thuy\u1ebft tr\u00ecnh tuy\u1ec7t v\u1eddi<\/li>\n<li>K\u1ef9 n\u0103ng l\u00e0m vi\u1ec7c nh\u00f3m<\/li>\n<li>K\u1ef9 n\u0103ng \u0111i\u1ec1u tra<\/li>\n<li>Y\u00eau th\u00edch th\u1ed1ng k\u00ea<\/li>\n<li>Quan t\u00e2m \u0111\u1ebfn vi\u1ec7c d\u1ef1 \u0111o\u00e1n xu h\u01b0\u1edbng v\u00e0 x\u00e1c \u0111\u1ecbnh c\u00e1c m\u1eabu<\/li>\n<li>Suy ngh\u0129 c\u00f3 t\u00ednh \u0111\u1ed5i m\u1edbi<\/li>\n<li>K\u1ef9 n\u0103ng quan s\u00e1t<\/li>\n<li>T\u01b0 duy ph\u1ea3n bi\u1ec7n<\/li>\n<\/ul>\n<p>Tr\u00ecnh \u0111\u1ed9 chuy\u00ean m\u00f4n: C\u1eed nh\u00e2n\/C\u1eed nh\u00e2n Khoa h\u1ecdc M\u00e1y t\u00ednh, K\u1ef9 thu\u1eadt ho\u1eb7c l\u0129nh v\u1ef1c li\u00ean quan; b\u1eb1ng t\u1ed1t nghi\u1ec7p v\u1ec1 Khoa h\u1ecdc d\u1eef li\u1ec7u ho\u1eb7c l\u0129nh v\u1ef1c \u0111\u1ecbnh l\u01b0\u1ee3ng kh\u00e1c \u0111\u01b0\u1ee3c \u01b0u ti\u00ean<\/p><\/div><\/div><\/div>[\/vc_column_inner][\/vc_row_inner][\/vc_column][\/vc_row]\n<\/div>","protected":false},"excerpt":{"rendered":"<p>[vc_row top_margin=&#8221;0&#8243; bottom_margin=&#8221;0&#8243; css=&#8221;.vc_custom_1499912039446{margin-top: -30px !important;}&#8221;][vc_column][vc_row_inner][vc_column_inner][vc_empty_space height=&#8221;10px&#8221;][vc_empty_space height=&#8221;30px&#8221;][\/vc_column_inner][\/vc_row_inner][\/vc_column][\/vc_row]<\/p>\n","protected":false},"author":4,"featured_media":0,"parent":0,"menu_order":0,"comment_status":"closed","ping_status":"closed","template":"","meta":{"nf_dc_page":"","footnotes":""},"class_list":["post-10579","page","type-page","status-publish","hentry"],"_links":{"self":[{"href":"https:\/\/worknow.vn\/vi\/wp-json\/wp\/v2\/pages\/10579","targetHints":{"allow":["GET"]}}],"collection":[{"href":"https:\/\/worknow.vn\/vi\/wp-json\/wp\/v2\/pages"}],"about":[{"href":"https:\/\/worknow.vn\/vi\/wp-json\/wp\/v2\/types\/page"}],"author":[{"embeddable":true,"href":"https:\/\/worknow.vn\/vi\/wp-json\/wp\/v2\/users\/4"}],"replies":[{"embeddable":true,"href":"https:\/\/worknow.vn\/vi\/wp-json\/wp\/v2\/comments?post=10579"}],"version-history":[{"count":3,"href":"https:\/\/worknow.vn\/vi\/wp-json\/wp\/v2\/pages\/10579\/revisions"}],"predecessor-version":[{"id":12322,"href":"https:\/\/worknow.vn\/vi\/wp-json\/wp\/v2\/pages\/10579\/revisions\/12322"}],"wp:attachment":[{"href":"https:\/\/worknow.vn\/vi\/wp-json\/wp\/v2\/media?parent=10579"}],"curies":[{"name":"wp","href":"https:\/\/api.w.org\/{rel}","templated":true}]}}