{"id":10581,"date":"2022-08-17T09:37:36","date_gmt":"2022-08-17T09:37:36","guid":{"rendered":"https:\/\/worknow.vn\/software-developer\/"},"modified":"2023-07-03T06:30:30","modified_gmt":"2023-07-03T06:30:30","slug":"phat-trien-phan-mem-vien","status":"publish","type":"page","link":"https:\/\/worknow.vn\/vi\/phat-trien-phan-mem-vien\/","title":{"rendered":"Ph\u00e1t Tri\u1ec3n Ph\u1ea7n M\u1ec1m Vi\u00ean"},"content":{"rendered":"<div class=\"wpb-content-wrapper\">[vc_row top_margin=&#8221;0&#8243; bottom_margin=&#8221;0&#8243; css=&#8221;.vc_custom_1499912039446{margin-top: -30px !important;}&#8221;][vc_column]<div class=\"shortcode-wrapper shortcode-title clearfix hb-animate-element hb-fade-in\"><p style=\"color:#878787!important;border-color:#878787\" class=\"hb-text-large aligncenter\">Ph\u00e1t Tri\u1ec3n Ph\u1ea7n M\u1ec1m Vi\u00ean<\/p><\/div>[vc_row_inner][vc_column_inner][vc_empty_space height=&#8221;10px&#8221;]<div class=\"shortcode-wrapper shortcode-icon-box clearfix\"><div class=\"feature-box alternative left-icon-box aligncenter\"><div class=\"feature-box-content\"><h4 class=\"bold\">M\u00f4 t\u1ea3 c\u00f4ng vi\u1ec7c<\/h4><p>Nh\u00e0 ph\u00e1t tri\u1ec3n ph\u1ea7n m\u1ec1m l\u00e0 m\u1ed9t chuy\u00ean gia ch\u1ecbu tr\u00e1ch nhi\u1ec7m thi\u1ebft k\u1ebf v\u00e0 m\u00e3 h\u00f3a ph\u1ea7n m\u1ec1m cho c\u00e1c doanh nghi\u1ec7p c\u0169ng nh\u01b0 ng\u01b0\u1eddi ti\u00eau d\u00f9ng.<br \/>\nNh\u00e0 ph\u00e1t tri\u1ec3n ph\u1ea7n m\u1ec1m l\u00e0 nh\u1eefng b\u1ed9 \u00f3c s\u00e1ng t\u1ea1o \u0111\u1eb1ng sau c\u00e1c ch\u01b0\u01a1ng tr\u00ecnh ph\u1ea7n m\u1ec1m v\u00e0 h\u1ecd c\u00f3 c\u00e1c k\u1ef9 n\u0103ng k\u1ef9 thu\u1eadt \u0111\u1ec3 x\u00e2y d\u1ef1ng c\u00e1c ch\u01b0\u01a1ng tr\u00ecnh \u0111\u00f3 ho\u1eb7c gi\u00e1m s\u00e1t vi\u1ec7c t\u1ea1o ra ch\u00fang b\u1edfi m\u1ed9t nh\u00f3m. H\u1ecd t\u1ea1o ra ph\u1ea7n m\u1ec1m cho ph\u00e9p ng\u01b0\u1eddi d\u00f9ng th\u1ef1c hi\u1ec7n c\u00e1c t\u00e1c v\u1ee5 c\u1ee5 th\u1ec3 tr\u00ean thi\u1ebft b\u1ecb m\u00e1y t\u00ednh.<br \/>\n<\/p><\/div><\/div><\/div>[vc_empty_space height=&#8221;30px&#8221;]<div class=\"shortcode-wrapper shortcode-icon-box clearfix\"><div class=\"feature-box alternative left-icon-box aligncenter\"><div class=\"feature-box-content\"><h4 class=\"bold\">Vai tr\u00f2 v\u00e0 tr\u00e1ch nhi\u1ec7m:<\/h4><p>\n<ul>\n<li>S\u1ea3n xu\u1ea5t m\u00e3 s\u1ea1ch, hi\u1ec7u qu\u1ea3 d\u1ef1a tr\u00ean th\u00f4ng s\u1ed1 k\u1ef9 thu\u1eadt<\/li>\n<li>Ki\u1ec3m tra v\u00e0 tri\u1ec3n khai c\u00e1c ch\u01b0\u01a1ng tr\u00ecnh v\u00e0 h\u1ec7 th\u1ed1ng<\/li>\n<li>S\u1eeda ch\u1eefa v\u00e0 c\u1ea3i thi\u1ec7n ph\u1ea7n m\u1ec1m hi\u1ec7n c\u00f3<\/li>\n<li>Ph\u00e1t tri\u1ec3n v\u00e0 th\u1eed nghi\u1ec7m ph\u1ea7n m\u1ec1m \u0111\u1ec3 \u0111\u00e1p \u1ee9ng nhu c\u1ea7u c\u1ee7a ng\u01b0\u1eddi ti\u00eau d\u00f9ng v\u00e0 kh\u00e1ch h\u00e0ng.<\/li>\n<li>\u0110\u1ec1 xu\u1ea5t v\u00e0 ph\u00e1t tri\u1ec3n c\u00e1c b\u1ea3n n\u00e2ng c\u1ea5p cho c\u00e1c \u1ee9ng d\u1ee5ng hi\u1ec7n c\u00f3.<\/li>\n<li>T\u1ea1o c\u00e1c m\u00f4 h\u00ecnh v\u00e0 s\u01a1 \u0111\u1ed3 \u0111\u1ec3 hi\u1ec3n th\u1ecb cho c\u00e1c l\u1eadp tr\u00ecnh vi\u00ean m\u00e3 c\u1ea7n thi\u1ebft cho c\u00e1c \u1ee9ng d\u1ee5ng.<\/li>\n<\/ul>\n<p><strong>K\u0129 n\u0103ng thi\u1ebft y\u1ebfu:<\/strong><\/p>\n<ul>\n<li>K\u1ef9 n\u0103ng giao ti\u1ebfp xu\u1ea5t s\u1eafc<\/li>\n<li>S\u1ef1 th\u00e1o v\u00e1t v\u00e0 kh\u1ea3 n\u0103ng x\u1eed l\u00fd s\u1ef1 c\u1ed1<\/li>\n<li>S\u1ef1 ch\u00fa \u00fd \u0111\u1ebfn chi ti\u1ebft<\/li>\n<li>T\u1eadp trung v\u00e0 t\u1eadp trung<\/li>\n<\/ul>\n<p>Tr\u00ecnh \u0111\u1ed9 chuy\u00ean m\u00f4n: C\u1eed nh\u00e2n\/C\u1eed nh\u00e2n Khoa h\u1ecdc M\u00e1y t\u00ednh, K\u1ef9 thu\u1eadt ho\u1eb7c l\u0129nh v\u1ef1c li\u00ean quan.<\/p><\/div><\/div><\/div>[\/vc_column_inner][\/vc_row_inner][\/vc_column][\/vc_row]\n<\/div>","protected":false},"excerpt":{"rendered":"<p>[vc_row top_margin=&#8221;0&#8243; bottom_margin=&#8221;0&#8243; css=&#8221;.vc_custom_1499912039446{margin-top: -30px !important;}&#8221;][vc_column][vc_row_inner][vc_column_inner][vc_empty_space height=&#8221;10px&#8221;][vc_empty_space height=&#8221;30px&#8221;][\/vc_column_inner][\/vc_row_inner][\/vc_column][\/vc_row]<\/p>\n","protected":false},"author":4,"featured_media":0,"parent":0,"menu_order":0,"comment_status":"closed","ping_status":"closed","template":"","meta":{"nf_dc_page":"","footnotes":""},"class_list":["post-10581","page","type-page","status-publish","hentry"],"_links":{"self":[{"href":"https:\/\/worknow.vn\/vi\/wp-json\/wp\/v2\/pages\/10581","targetHints":{"allow":["GET"]}}],"collection":[{"href":"https:\/\/worknow.vn\/vi\/wp-json\/wp\/v2\/pages"}],"about":[{"href":"https:\/\/worknow.vn\/vi\/wp-json\/wp\/v2\/types\/page"}],"author":[{"embeddable":true,"href":"https:\/\/worknow.vn\/vi\/wp-json\/wp\/v2\/users\/4"}],"replies":[{"embeddable":true,"href":"https:\/\/worknow.vn\/vi\/wp-json\/wp\/v2\/comments?post=10581"}],"version-history":[{"count":3,"href":"https:\/\/worknow.vn\/vi\/wp-json\/wp\/v2\/pages\/10581\/revisions"}],"predecessor-version":[{"id":12323,"href":"https:\/\/worknow.vn\/vi\/wp-json\/wp\/v2\/pages\/10581\/revisions\/12323"}],"wp:attachment":[{"href":"https:\/\/worknow.vn\/vi\/wp-json\/wp\/v2\/media?parent=10581"}],"curies":[{"name":"wp","href":"https:\/\/api.w.org\/{rel}","templated":true}]}}