{"id":10583,"date":"2022-08-17T09:38:40","date_gmt":"2022-08-17T09:38:40","guid":{"rendered":"https:\/\/worknow.vn\/information-security-analyst\/"},"modified":"2023-07-03T06:31:49","modified_gmt":"2023-07-03T06:31:49","slug":"nha-phan-tich-bao-mat-thong-tin","status":"publish","type":"page","link":"https:\/\/worknow.vn\/vi\/nha-phan-tich-bao-mat-thong-tin\/","title":{"rendered":"Nh\u00e0 Ph\u00e2n T\u00edch B\u1ea3o M\u1eadt Th\u00f4ng Tin"},"content":{"rendered":"<div class=\"wpb-content-wrapper\">[vc_row top_margin=&#8221;0&#8243; bottom_margin=&#8221;0&#8243; css=&#8221;.vc_custom_1499912039446{margin-top: -30px !important;}&#8221;][vc_column]<div class=\"shortcode-wrapper shortcode-title clearfix hb-animate-element hb-fade-in\"><p style=\"color:#878787!important;border-color:#878787\" class=\"hb-text-large aligncenter\">Nh\u00e0 Ph\u00e2n T\u00edch B\u1ea3o M\u1eadt Th\u00f4ng Tin<\/p><\/div>[vc_row_inner][vc_column_inner][vc_empty_space height=&#8221;10px&#8221;]<div class=\"shortcode-wrapper shortcode-icon-box clearfix\"><div class=\"feature-box alternative left-icon-box aligncenter\"><div class=\"feature-box-content\"><h4 class=\"bold\">M\u00f4 t\u1ea3 c\u00f4ng vi\u1ec7c<\/h4><p>Nh\u00e0 ph\u00e2n t\u00edch b\u1ea3o m\u1eadt th\u00f4ng tin th\u1ef1c hi\u1ec7n c\u00e1c bi\u1ec7n ph\u00e1p \u0111\u1ec3 b\u1ea3o v\u1ec7 d\u1eef li\u1ec7u quan tr\u1ecdng v\u00e0 nh\u1ea1y c\u1ea3m c\u1ee7a c\u00f4ng ty, lu\u00f4n \u0111i tr\u01b0\u1edbc nh\u1eefng k\u1ebb t\u1ea5n c\u00f4ng m\u1ea1ng m\u1ed9t b\u01b0\u1edbc. H\u1ecd l\u00e0m \u0111i\u1ec1u n\u00e0y b\u1eb1ng c\u00e1ch \u0111\u01b0a ra c\u00e1c gi\u1ea3i ph\u00e1p s\u00e1ng t\u1ea1o \u0111\u1ec3 ng\u0103n th\u00f4ng tin quan tr\u1ecdng b\u1ecb tin t\u1eb7c \u0111\u00e1nh c\u1eafp, l\u00e0m h\u1ecfng ho\u1eb7c x\u00e2m ph\u1ea1m. V\u1edbi s\u1ef1 gia t\u0103ng c\u1ee7a tin t\u1eb7c v\u00e0 vi ph\u1ea1m d\u1eef li\u1ec7u \u0111ang c\u00e0n qu\u00e9t kh\u1eafp c\u00e1c c\u00f4ng ty v\u00e0 ch\u00ednh ph\u1ee7, nhu c\u1ea7u gi\u1eef th\u00f4ng tin c\u00e1 nh\u00e2n v\u00e0 th\u00f4ng tin t\u1ed1i m\u1eadt an to\u00e0n tr\u01b0\u1edbc c\u00e1c cu\u1ed9c t\u1ea5n c\u00f4ng m\u1ea1ng ng\u00e0y c\u00e0ng l\u1edbn. C\u00e1c nh\u00e0 ph\u00e2n t\u00edch b\u1ea3o m\u1eadt th\u00f4ng tin gi\u00fap ph\u00e1t tri\u1ec3n, tri\u1ec3n khai v\u00e0 \u0111\u1ea3m b\u1ea3o tu\u00e2n th\u1ee7 c\u00e1c ch\u00ednh s\u00e1ch \u0111\u1ec3 b\u1ea3o v\u1ec7 d\u1eef li\u1ec7u c\u1ee7a t\u1ed5 ch\u1ee9c kh\u1ecfi b\u1ecb truy c\u1eadp ho\u1eb7c s\u1eed d\u1ee5ng kh\u00f4ng \u0111\u00fang c\u00e1ch, b\u1eb1ng c\u00e1ch d\u1ef1ng t\u01b0\u1eddng l\u1eeda v\u00e0 b\u1eb1ng c\u00e1ch m\u00e3 h\u00f3a truy\u1ec1n d\u1eef li\u1ec7u \u0111\u1ec3 b\u1ea3o m\u1eadt th\u00f4ng tin b\u00ed m\u1eadt khi nh\u1eadn ho\u1eb7c truy\u1ec1n. Nh\u1eefng cu\u1ed9c t\u1ea5n c\u00f4ng n\u00e0y c\u00f3 th\u1ec3 \u0111\u1ebfn t\u1eeb b\u00ean trong ho\u1eb7c b\u00ean ngo\u00e0i c\u00f4ng ty.<\/p><\/div><\/div><\/div>[vc_empty_space height=&#8221;30px&#8221;]<div class=\"shortcode-wrapper shortcode-icon-box clearfix\"><div class=\"feature-box alternative left-icon-box aligncenter\"><div class=\"feature-box-content\"><h4 class=\"bold\">Vai tr\u00f2 v\u00e0 tr\u00e1ch nhi\u1ec7m:<\/h4><p>\n<ul>\n<li>H\u1ed7 tr\u1ee3 v\u1eadn h\u00e0nh cho c\u00e1c c\u1ea3nh b\u00e1o, ph\u00e2n lo\u1ea1i v\u00e0 b\u1ea3o tr\u00ec c\u00f4ng c\u1ee5 b\u1ea3o m\u1eadt th\u00f4ng tin<\/li>\n<li>Th\u1ef1c hi\u1ec7n c\u00e1c ho\u1ea1t \u0111\u1ed9ng b\u1ea3o m\u1eadt th\u00f4ng tin nh\u01b0 qu\u1ea3n l\u00fd l\u1ed7 h\u1ed5ng, b\u1ea3o m\u1eadt ph\u00e1t tri\u1ec3n \u1ee9ng d\u1ee5ng, t\u00ednh li\u00ean t\u1ee5c trong kinh doanh, m\u1ea1ng, qu\u1ea3n l\u00fd r\u1ee7i ro, v.v.<\/li>\n<li>\u0110\u00e1nh gi\u00e1 c\u00e1c bi\u1ec7n ph\u00e1p ki\u1ec3m so\u00e1t an ninh v\u00e0 \u0111\u00e1nh gi\u00e1 t\u00ecnh tr\u1ea1ng an ninh c\u1ee7a c\u00e1c bi\u1ec7n ph\u00e1p ki\u1ec3m so\u00e1t n\u1ed9i b\u1ed9 c\u1ee7a t\u1ed5 ch\u1ee9c<\/li>\n<li>\u0110\u00e1nh gi\u00e1 c\u00e1c m\u1ed1i quan h\u1ec7 c\u1ee7a b\u00ean th\u1ee9 ba \u0111\u1ec3 tu\u00e2n th\u1ee7 c\u00e1c ti\u00eau chu\u1ea9n b\u1ea3o m\u1eadt c\u1ee7a t\u1ed5 ch\u1ee9c<\/li>\n<li>Nghi\u00ean c\u1ee9u xu h\u01b0\u1edbng b\u1ea3o m\u1eadt, c\u00e1c ph\u01b0\u01a1ng ph\u00e1p v\u00e0 k\u1ef9 thu\u1eadt m\u1edbi \u0111\u01b0\u1ee3c s\u1eed d\u1ee5ng \u0111\u1ec3 lo\u1ea1i b\u1ecf tr\u01b0\u1edbc kh\u1ea3 n\u0103ng vi ph\u1ea1m h\u1ec7 th\u1ed1ng<\/li>\n<li>Duy tr\u00ec t\u00ednh b\u1ea3o m\u1eadt \u0111\u1ed1i v\u1edbi t\u1ea5t c\u1ea3 c\u00e1c v\u1ea5n \u0111\u1ec1 b\u1ea3o m\u1eadt nh\u1ea1y c\u1ea3m<\/li>\n<\/ul>\n<p><strong>K\u0129 n\u0103ng thi\u1ebft y\u1ebfu:<\/strong><\/p>\n<ul>\n<li>K\u1ef9 n\u0103ng giao ti\u1ebfp v\u00e0 qu\u1ea3n l\u00fd th\u1eddi gian xu\u1ea5t s\u1eafc<\/li>\n<li>Kh\u1ea3 n\u0103ng nghi\u00ean c\u1ee9u c\u00e1c th\u00e1ch th\u1ee9c k\u1ef9 thu\u1eadt cao v\u00e0 h\u1ecdc h\u1ecfi nhanh ch\u00f3ng \u0111\u1ec3 cung c\u1ea5p h\u01b0\u1edbng d\u1eabn b\u1ea3o m\u1eadt<\/li>\n<li>Quen thu\u1ed9c v\u1edbi c\u00e1c quy \u0111\u1ecbnh tu\u00e2n th\u1ee7 (v\u00ed d\u1ee5: FERPA, HIPAA)<\/li>\n<li>Th\u1ec3 hi\u1ec7n kh\u1ea3 n\u0103ng chuy\u00ean m\u00f4n ph\u00e2n t\u00edch, ch\u00fa \u00fd \u0111\u1ebfn chi ti\u1ebft, t\u01b0 duy ph\u1ea3n bi\u1ec7n, logic v\u00e0 \u0111\u1ecbnh h\u01b0\u1edbng gi\u1ea3i ph\u00e1p<\/li>\n<\/ul>\n<p>Tr\u00ecnh \u0111\u1ed9 chuy\u00ean m\u00f4n: T\u1ed1i thi\u1ec3u ba n\u0103m kinh nghi\u1ec7m li\u00ean quan tr\u1ef1c ti\u1ebfp \u0111\u1ebfn B\u1ea3o m\u1eadt th\u00f4ng tin<\/p><\/div><\/div><\/div>[\/vc_column_inner][\/vc_row_inner][\/vc_column][\/vc_row]\n<\/div>","protected":false},"excerpt":{"rendered":"<p>[vc_row top_margin=&#8221;0&#8243; bottom_margin=&#8221;0&#8243; css=&#8221;.vc_custom_1499912039446{margin-top: -30px !important;}&#8221;][vc_column][vc_row_inner][vc_column_inner][vc_empty_space height=&#8221;10px&#8221;][vc_empty_space height=&#8221;30px&#8221;][\/vc_column_inner][\/vc_row_inner][\/vc_column][\/vc_row]<\/p>\n","protected":false},"author":4,"featured_media":0,"parent":0,"menu_order":0,"comment_status":"closed","ping_status":"closed","template":"","meta":{"nf_dc_page":"","footnotes":""},"class_list":["post-10583","page","type-page","status-publish","hentry"],"_links":{"self":[{"href":"https:\/\/worknow.vn\/vi\/wp-json\/wp\/v2\/pages\/10583","targetHints":{"allow":["GET"]}}],"collection":[{"href":"https:\/\/worknow.vn\/vi\/wp-json\/wp\/v2\/pages"}],"about":[{"href":"https:\/\/worknow.vn\/vi\/wp-json\/wp\/v2\/types\/page"}],"author":[{"embeddable":true,"href":"https:\/\/worknow.vn\/vi\/wp-json\/wp\/v2\/users\/4"}],"replies":[{"embeddable":true,"href":"https:\/\/worknow.vn\/vi\/wp-json\/wp\/v2\/comments?post=10583"}],"version-history":[{"count":3,"href":"https:\/\/worknow.vn\/vi\/wp-json\/wp\/v2\/pages\/10583\/revisions"}],"predecessor-version":[{"id":12324,"href":"https:\/\/worknow.vn\/vi\/wp-json\/wp\/v2\/pages\/10583\/revisions\/12324"}],"wp:attachment":[{"href":"https:\/\/worknow.vn\/vi\/wp-json\/wp\/v2\/media?parent=10583"}],"curies":[{"name":"wp","href":"https:\/\/api.w.org\/{rel}","templated":true}]}}