{"id":10585,"date":"2022-08-17T09:42:06","date_gmt":"2022-08-17T09:42:06","guid":{"rendered":"https:\/\/worknow.vn\/web-developer\/"},"modified":"2023-07-03T06:34:29","modified_gmt":"2023-07-03T06:34:29","slug":"nha-phat-trien-web","status":"publish","type":"page","link":"https:\/\/worknow.vn\/vi\/nha-phat-trien-web\/","title":{"rendered":"Nh\u00e0 Ph\u00e1t Tri\u1ec3n Web"},"content":{"rendered":"<div class=\"wpb-content-wrapper\">[vc_row top_margin=&#8221;0&#8243; bottom_margin=&#8221;0&#8243; css=&#8221;.vc_custom_1499912039446{margin-top: -30px !important;}&#8221;][vc_column]<div class=\"shortcode-wrapper shortcode-title clearfix hb-animate-element hb-fade-in\"><p style=\"color:#878787!important;border-color:#878787\" class=\"hb-text-large aligncenter\">Nh\u00e0 Ph\u00e1t Tri\u1ec3n Web<\/p><\/div>[vc_row_inner][vc_column_inner][vc_empty_space height=&#8221;10px&#8221;]<div class=\"shortcode-wrapper shortcode-icon-box clearfix\"><div class=\"feature-box alternative left-icon-box aligncenter\"><div class=\"feature-box-content\"><h4 class=\"bold\">M\u00f4 t\u1ea3 c\u00f4ng vi\u1ec7c<\/h4><p>Nh\u00e0 ph\u00e1t tri\u1ec3n web ch\u1ecbu tr\u00e1ch nhi\u1ec7m m\u00e3 h\u00f3a, thi\u1ebft k\u1ebf v\u00e0 b\u1ed1 c\u1ee5c trang web theo th\u00f4ng s\u1ed1 k\u1ef9 thu\u1eadt c\u1ee7a c\u00f4ng ty. V\u00ec vai tr\u00f2 c\u00f3 t\u00ednh \u0111\u1ebfn tr\u1ea3i nghi\u1ec7m v\u00e0 ch\u1ee9c n\u0103ng c\u1ee7a ng\u01b0\u1eddi d\u00f9ng, n\u00ean c\u1ea7n c\u00f3 m\u1ed9t m\u1ee9c \u0111\u1ed9 nh\u1ea5t \u0111\u1ecbnh v\u1ec1 c\u1ea3 thi\u1ebft k\u1ebf \u0111\u1ed3 h\u1ecda v\u00e0 l\u1eadp tr\u00ecnh M\u00e1y t\u00ednh. Khi m\u1ed9t trang web \u0111\u00e3 \u0111\u01b0\u1ee3c t\u1ea1o, Nh\u00e0 ph\u00e1t tri\u1ec3n web th\u01b0\u1eddng s\u1ebd h\u1ed7 tr\u1ee3 duy tr\u00ec v\u00e0 b\u1ea3o tr\u00ec trang web. Nh\u00e0 ph\u00e1t tri\u1ec3n web thi\u1ebft k\u1ebf v\u00e0 x\u00e2y d\u1ef1ng trang web. H\u1ecd th\u01b0\u1eddng ch\u1ecbu tr\u00e1ch nhi\u1ec7m v\u1ec1 h\u00ecnh th\u1ee9c, trang web v\u00e0 c\u00e1c kh\u00eda c\u1ea1nh k\u1ef9 thu\u1eadt, ch\u1eb3ng h\u1ea1n nh\u01b0 t\u1ed1c \u0111\u1ed9 trang web v\u00e0 l\u01b0\u1ee3ng l\u01b0u l\u01b0\u1ee3ng truy c\u1eadp m\u00e0 trang web c\u00f3 th\u1ec3 x\u1eed l\u00fd. C\u00e1c nh\u00e0 ph\u00e1t tri\u1ec3n web c\u0169ng c\u00f3 th\u1ec3 t\u1ea1o n\u1ed9i dung trang web y\u00eau c\u1ea7u c\u00e1c t\u00ednh n\u0103ng k\u1ef9 thu\u1eadt.<\/p><\/div><\/div><\/div>[vc_empty_space height=&#8221;30px&#8221;]<div class=\"shortcode-wrapper shortcode-icon-box clearfix\"><div class=\"feature-box alternative left-icon-box aligncenter\"><div class=\"feature-box-content\"><h4 class=\"bold\">Vai tr\u00f2 v\u00e0 tr\u00e1ch nhi\u1ec7m:<\/h4><p>\n<ul>\n<li>Thi\u1ebft k\u1ebf, x\u00e2y d\u1ef1ng ho\u1eb7c b\u1ea3o tr\u00ec trang web v\u00e0 \u1ee9ng d\u1ee5ng ph\u1ea7n m\u1ec1m.<\/li>\n<li>S\u1eed d\u1ee5ng ng\u00f4n ng\u1eef k\u1ecbch b\u1ea3n ho\u1eb7c t\u00e1c gi\u1ea3, c\u00f4ng c\u1ee5 qu\u1ea3n l\u00fd, c\u00f4ng c\u1ee5 t\u1ea1o n\u1ed9i dung, \u1ee9ng d\u1ee5ng v\u00e0 ph\u01b0\u01a1ng ti\u1ec7n k\u1ef9 thu\u1eadt s\u1ed1.<\/li>\n<li>Trao \u0111\u1ed5i v\u1edbi c\u00e1c nh\u00f3m \u0111\u1ec3 gi\u1ea3i quy\u1ebft xung \u0111\u1ed9t, \u01b0u ti\u00ean nhu c\u1ea7u, ph\u00e1t tri\u1ec3n ti\u00eau ch\u00ed n\u1ed9i dung ho\u1eb7c ch\u1ecdn gi\u1ea3i ph\u00e1p.<\/li>\n<li>Ch\u1ec9 \u0111\u1ea1o ho\u1eb7c th\u1ef1c hi\u1ec7n c\u1eadp nh\u1eadt trang web.<\/li>\n<li>Ph\u00e1t tri\u1ec3n ho\u1eb7c x\u00e1c nh\u1eadn l\u1ecbch tr\u00ecnh v\u00e0 quy tr\u00ecnh ki\u1ec3m tra \u0111\u1ec3 \u0111\u1ea3m b\u1ea3o r\u1eb1ng c\u00e1c tr\u01b0\u1eddng h\u1ee3p ki\u1ec3m tra b\u1eaft ch\u01b0\u1edbc c\u00e1c giao di\u1ec7n b\u00ean ngo\u00e0i v\u00e0 x\u1eed l\u00fd t\u1ea5t c\u1ea3 c\u00e1c lo\u1ea1i tr\u00ecnh duy\u1ec7t v\u00e0 thi\u1ebft b\u1ecb.<\/li>\n<li>Ch\u1ec9nh s\u1eeda, vi\u1ebft ho\u1eb7c thi\u1ebft k\u1ebf n\u1ed9i dung Trang web v\u00e0 ch\u1ec9 \u0111\u1ea1o c\u00e1c th\u00e0nh vi\u00ean trong nh\u00f3m s\u1ea3n xu\u1ea5t n\u1ed9i dung.<\/li>\n<li>Duy tr\u00ec s\u1ef1 hi\u1ec3u bi\u1ebft v\u1ec1 c\u00e1c \u1ee9ng d\u1ee5ng Web m\u1edbi nh\u1ea5t v\u00e0 th\u1ef1c ti\u1ec5n l\u1eadp tr\u00ecnh th\u00f4ng qua gi\u00e1o d\u1ee5c, h\u1ecdc t\u1eadp v\u00e0 tham gia c\u00e1c h\u1ed9i ngh\u1ecb, h\u1ed9i th\u1ea3o v\u00e0 nh\u00f3m.<\/li>\n<li>Sao l\u01b0u c\u00e1c t\u1eadp tin t\u1eeb c\u00e1c trang Web v\u00e0o c\u00e1c th\u01b0 m\u1ee5c c\u1ee5c b\u1ed9 \u0111\u1ec3 ph\u1ee5c h\u1ed3i.<\/li>\n<li>X\u00e1c \u0111\u1ecbnh c\u00e1c v\u1ea5n \u0111\u1ec1 \u0111\u01b0\u1ee3c ph\u00e1t hi\u1ec7n qua ph\u1ea3n h\u1ed3i v\u00e0 th\u1eed nghi\u1ec7m c\u1ee7a kh\u00e1ch h\u00e0ng v\u00e0 kh\u1eafc ph\u1ee5c ho\u1eb7c chuy\u1ec3n c\u00e1c v\u1ea5n \u0111\u1ec1 cho nh\u00e2n vi\u00ean th\u00edch h\u1ee3p \u0111\u1ec3 kh\u1eafc ph\u1ee5c.<\/li>\n<li>\u0110\u00e1nh gi\u00e1 m\u00e3 \u0111\u1ec3 \u0111\u1ea3m b\u1ea3o m\u00e3 \u0111\u00e1p \u1ee9ng c\u00e1c ti\u00eau chu\u1ea9n ng\u00e0nh, h\u1ee3p l\u1ec7, c\u00f3 c\u1ea5u tr\u00fac ph\u00f9 h\u1ee3p v\u00e0 t\u01b0\u01a1ng th\u00edch v\u1edbi tr\u00ecnh duy\u1ec7t, thi\u1ebft b\u1ecb ho\u1eb7c h\u1ec7 \u0111i\u1ec1u h\u00e0nh.<\/li>\n<\/ul>\n<p><strong>K\u0129 n\u0103ng thi\u1ebft y\u1ebfu:<\/strong><\/p>\n<ul>\n<li>K\u1ef9 n\u0103ng giao ti\u1ebfp b\u1eb1ng v\u0103n b\u1ea3n v\u00e0 b\u1eb1ng l\u1eddi n\u00f3i tuy\u1ec7t v\u1eddi<\/li>\n<li>K\u1ef9 n\u0103ng giao ti\u1ebfp m\u1ea1nh m\u1ebd<\/li>\n<li>Kh\u1ea3 n\u0103ng l\u00e0m vi\u1ec7c \u0111\u1ed9c l\u1eadp v\u00e0 qu\u1ea3n l\u00fd th\u1eddi gian hi\u1ec7u qu\u1ea3<\/li>\n<li>K\u1ef9 n\u0103ng l\u1eadp tr\u00ecnh c\u1ea5p cao v\u00e0 \u0111\u1ecbnh h\u01b0\u1edbng gi\u1ea3i ph\u00e1p<\/li>\n<li>Kh\u1ea3 n\u0103ng kh\u1eafc ph\u1ee5c s\u1ef1 c\u1ed1 v\u00e0 t\u1ed1i \u01b0u h\u00f3a c\u00e1c trang web \u0111\u1ec3 b\u1ea3o m\u1eadt v\u00e0 \u0111\u00e1p \u1ee9ng<\/li>\n<li>Hi\u1ec3u bi\u1ebft v\u1ec1 ch\u1ea9n \u0111o\u00e1n m\u1ea1ng v\u00e0 c\u00e1c c\u00f4ng c\u1ee5 ph\u00e2n t\u00edch<\/li>\n<\/ul>\n<p>tr\u00ecnh \u0111\u1ed9:<\/p>\n<ul>\n<li>B\u1eb1ng c\u1eed nh\u00e2n v\u1ec1 ph\u00e1t tri\u1ec3n Web ho\u1eb7c l\u0129nh v\u1ef1c li\u00ean quan ho\u1eb7c kinh nghi\u1ec7m li\u00ean quan.<\/li>\n<li>C\u00f3 ki\u1ebfn th\u1ee9c v\u1eefng v\u00e0ng v\u00e0 kinh nghi\u1ec7m v\u1ec1 l\u1eadp tr\u00ecnh \u1ee9ng d\u1ee5ng.<\/li>\n<\/ul>\n<\/p><\/div><\/div><\/div>[\/vc_column_inner][\/vc_row_inner][\/vc_column][\/vc_row]\n<\/div>","protected":false},"excerpt":{"rendered":"<p>[vc_row top_margin=&#8221;0&#8243; bottom_margin=&#8221;0&#8243; css=&#8221;.vc_custom_1499912039446{margin-top: -30px !important;}&#8221;][vc_column][vc_row_inner][vc_column_inner][vc_empty_space height=&#8221;10px&#8221;][vc_empty_space height=&#8221;30px&#8221;][\/vc_column_inner][\/vc_row_inner][\/vc_column][\/vc_row]<\/p>\n","protected":false},"author":4,"featured_media":0,"parent":0,"menu_order":0,"comment_status":"closed","ping_status":"closed","template":"","meta":{"nf_dc_page":"","footnotes":""},"class_list":["post-10585","page","type-page","status-publish","hentry"],"_links":{"self":[{"href":"https:\/\/worknow.vn\/vi\/wp-json\/wp\/v2\/pages\/10585","targetHints":{"allow":["GET"]}}],"collection":[{"href":"https:\/\/worknow.vn\/vi\/wp-json\/wp\/v2\/pages"}],"about":[{"href":"https:\/\/worknow.vn\/vi\/wp-json\/wp\/v2\/types\/page"}],"author":[{"embeddable":true,"href":"https:\/\/worknow.vn\/vi\/wp-json\/wp\/v2\/users\/4"}],"replies":[{"embeddable":true,"href":"https:\/\/worknow.vn\/vi\/wp-json\/wp\/v2\/comments?post=10585"}],"version-history":[{"count":4,"href":"https:\/\/worknow.vn\/vi\/wp-json\/wp\/v2\/pages\/10585\/revisions"}],"predecessor-version":[{"id":12325,"href":"https:\/\/worknow.vn\/vi\/wp-json\/wp\/v2\/pages\/10585\/revisions\/12325"}],"wp:attachment":[{"href":"https:\/\/worknow.vn\/vi\/wp-json\/wp\/v2\/media?parent=10585"}],"curies":[{"name":"wp","href":"https:\/\/api.w.org\/{rel}","templated":true}]}}