{"id":10588,"date":"2022-08-17T09:43:14","date_gmt":"2022-08-17T09:43:14","guid":{"rendered":"https:\/\/worknow.vn\/information-technology-manager\/"},"modified":"2023-07-03T06:35:52","modified_gmt":"2023-07-03T06:35:52","slug":"quan-ly-cong-nghe-thong-tin","status":"publish","type":"page","link":"https:\/\/worknow.vn\/vi\/quan-ly-cong-nghe-thong-tin\/","title":{"rendered":"Qu\u1ea3n L\u00fd C\u00f4ng Ngh\u1ec7 Th\u00f4ng Tin"},"content":{"rendered":"<div class=\"wpb-content-wrapper\">[vc_row top_margin=&#8221;0&#8243; bottom_margin=&#8221;0&#8243; css=&#8221;.vc_custom_1499912039446{margin-top: -30px !important;}&#8221;][vc_column]<div class=\"shortcode-wrapper shortcode-title clearfix hb-animate-element hb-fade-in\"><p style=\"color:#878787!important;border-color:#878787\" class=\"hb-text-large aligncenter\">Qu\u1ea3n L\u00fd C\u00f4ng Ngh\u1ec7 Th\u00f4ng Tin<\/p><\/div>[vc_row_inner][vc_column_inner][vc_empty_space height=&#8221;10px&#8221;]<div class=\"shortcode-wrapper shortcode-icon-box clearfix\"><div class=\"feature-box alternative left-icon-box aligncenter\"><div class=\"feature-box-content\"><h4 class=\"bold\">M\u00f4 t\u1ea3 c\u00f4ng vi\u1ec7c<\/h4><p>Ng\u01b0\u1eddi qu\u1ea3n l\u00fd c\u00f4ng ngh\u1ec7 th\u00f4ng tin (CNTT), c\u00f2n \u0111\u01b0\u1ee3c g\u1ecdi l\u00e0 ng\u01b0\u1eddi gi\u00e1m s\u00e1t CNTT ho\u1eb7c ng\u01b0\u1eddi qu\u1ea3n l\u00fd h\u1ec7 th\u1ed1ng th\u00f4ng tin, ch\u1ecbu tr\u00e1ch nhi\u1ec7m gi\u00e1m s\u00e1t, tri\u1ec3n khai v\u00e0 b\u1ea3o tr\u00ec c\u00e1c nhu c\u1ea7u m\u00e1y t\u00ednh c\u1ee7a c\u00f4ng ty. B\u1ea1n s\u1ebd \u0111\u1ea3m b\u1ea3o ho\u1ea1t \u0111\u1ed9ng an to\u00e0n v\u00e0 hi\u1ec7u qu\u1ea3 c\u1ee7a t\u1ea5t c\u1ea3 c\u00e1c h\u1ec7 th\u1ed1ng m\u00e1y t\u00ednh, \u1ee9ng d\u1ee5ng li\u00ean quan, ph\u1ea7n c\u1ee9ng v\u00e0 ph\u1ea7n m\u1ec1m \u0111\u01b0\u1ee3c s\u1eed d\u1ee5ng trong c\u00f4ng ty.<\/p><\/div><\/div><\/div>[vc_empty_space height=&#8221;30px&#8221;]<div class=\"shortcode-wrapper shortcode-icon-box clearfix\"><div class=\"feature-box alternative left-icon-box aligncenter\"><div class=\"feature-box-content\"><h4 class=\"bold\">Vai tr\u00f2 v\u00e0 tr\u00e1ch nhi\u1ec7m:<\/h4><p>\n<ul>\n<li>Ph\u1ed1i h\u1ee3p v\u00e0 gi\u00e1m s\u00e1t nh\u00e2n vi\u00ean CNTT<\/li>\n<li>X\u1eed l\u00fd ng\u00e2n s\u00e1ch h\u00e0ng n\u0103m v\u00e0 \u0111\u1ea3m b\u1ea3o hi\u1ec7u qu\u1ea3 chi ph\u00ed cho b\u1ed9 ph\u1eadn CNTT<\/li>\n<li>Qu\u1ea3n l\u00fd v\u00e0 \u0111i\u1ec1u ph\u1ed1i t\u1ea5t c\u1ea3 c\u00e1c v\u1ea5n \u0111\u1ec1 li\u00ean quan \u0111\u1ebfn CNTT bao g\u1ed3m d\u1eef li\u1ec7u, truy\u1ec1n th\u00f4ng kh\u00f4ng d\u00e2y, c\u00f4ng ngh\u1ec7 di \u0111\u1ed9ng, \u0111i\u1ec7n tho\u1ea1i, b\u1ea3o m\u1eadt, ph\u1ea7n c\u1ee9ng v\u00e0 ph\u1ea7n m\u1ec1m m\u00e1y t\u00ednh<\/li>\n<li>Kh\u1eafc ph\u1ee5c s\u1ef1 c\u1ed1 v\u00e0 gi\u1ea3i quy\u1ebft c\u00e1c s\u1ef1 c\u1ed1 li\u00ean quan \u0111\u1ebfn ph\u1ea7n c\u1ee9ng, ph\u1ea7n m\u1ec1m v\u00e0 s\u1ef1 c\u1ed1 m\u1ea1ng<\/li>\n<li>Nghi\u00ean c\u1ee9u v\u00e0 \u0111\u1ec1 xu\u1ea5t mua ph\u1ea7n c\u1ee9ng v\u00e0 ph\u1ea7n m\u1ec1m m\u1ea1ng<\/li>\n<li>Gi\u00e1m s\u00e1t vi\u1ec7c s\u1eed d\u1ee5ng v\u00e0 hi\u1ec7u su\u1ea5t c\u1ee7a m\u1ea1ng, th\u1ef1c hi\u1ec7n c\u00e1c quy tr\u00ecnh \u0111\u1ec3 t\u1ed1i \u01b0u h\u00f3a m\u1ea1ng, \u0111\u1ed9 tin c\u1eady v\u00e0 t\u00ednh kh\u1ea3 d\u1ee5ng<\/li>\n<li>X\u00e1c \u0111\u1ecbnh c\u00e1c khu v\u1ef1c c\u00f3 v\u1ea5n \u0111\u1ec1 v\u00e0 th\u1ef1c hi\u1ec7n c\u00e1c gi\u1ea3i ph\u00e1p chi\u1ebfn l\u01b0\u1ee3c k\u1ecbp th\u1eddi<\/li>\n<li>X\u00e2y d\u1ef1ng m\u1ed1i quan h\u1ec7 l\u00e2u d\u00e0i v\u1edbi c\u00e1c nh\u00e0 cung c\u1ea5p b\u00ean ngo\u00e0i cho c\u00e1c s\u1ea3n ph\u1ea9m v\u00e0 d\u1ecbch v\u1ee5 li\u00ean quan \u0111\u1ebfn CNTT<\/li>\n<\/ul>\n<p><strong>K\u0129 n\u0103ng thi\u1ebft y\u1ebfu:<\/strong><\/p>\n<ul>\n<li>C\u00f4ng ngh\u1ec7<\/li>\n<li>Kh\u1ea3 n\u0103ng l\u00e3nh \u0111\u1ea1o<\/li>\n<li>L\u1eadp ng\u00e2n s\u00e1ch v\u00e0 ph\u00e2n t\u00edch t\u00e0i ch\u00ednh<\/li>\n<li>Suy ngh\u0129 chi\u1ebfn l\u01b0\u1ee3c<\/li>\n<li>T\u1ed5 ch\u1ee9c<\/li>\n<li>Qu\u1ea3n l\u00fd quan h\u1ec7 kh\u00e1ch h\u00e0ng (CRM)<\/li>\n<li>H\u1ecdc m\u00e1y<\/li>\n<li>Nguy\u00ean t\u1eafc ph\u00e1t tri\u1ec3n ph\u1ea7n m\u1ec1m<\/li>\n<li>L\u01b0u tr\u1eef d\u1eef li\u1ec7u<\/li>\n<li>Ph\u1ea7n m\u1ec1m kinh doanh th\u00f4ng minh<\/li>\n<\/ul>\n<p>Tr\u00ecnh \u0111\u1ed9 chuy\u00ean m\u00f4n: C\u1eed nh\u00e2n\/C\u1eed nh\u00e2n Khoa h\u1ecdc M\u00e1y t\u00ednh, K\u1ef9 thu\u1eadt ho\u1eb7c l\u0129nh v\u1ef1c li\u00ean quan.<\/p><\/div><\/div><\/div>[\/vc_column_inner][\/vc_row_inner][\/vc_column][\/vc_row]\n<\/div>","protected":false},"excerpt":{"rendered":"<p>[vc_row top_margin=&#8221;0&#8243; bottom_margin=&#8221;0&#8243; css=&#8221;.vc_custom_1499912039446{margin-top: -30px !important;}&#8221;][vc_column][vc_row_inner][vc_column_inner][vc_empty_space height=&#8221;10px&#8221;][vc_empty_space height=&#8221;30px&#8221;][\/vc_column_inner][\/vc_row_inner][\/vc_column][\/vc_row]<\/p>\n","protected":false},"author":4,"featured_media":0,"parent":0,"menu_order":0,"comment_status":"closed","ping_status":"closed","template":"","meta":{"nf_dc_page":"","footnotes":""},"class_list":["post-10588","page","type-page","status-publish","hentry"],"_links":{"self":[{"href":"https:\/\/worknow.vn\/vi\/wp-json\/wp\/v2\/pages\/10588","targetHints":{"allow":["GET"]}}],"collection":[{"href":"https:\/\/worknow.vn\/vi\/wp-json\/wp\/v2\/pages"}],"about":[{"href":"https:\/\/worknow.vn\/vi\/wp-json\/wp\/v2\/types\/page"}],"author":[{"embeddable":true,"href":"https:\/\/worknow.vn\/vi\/wp-json\/wp\/v2\/users\/4"}],"replies":[{"embeddable":true,"href":"https:\/\/worknow.vn\/vi\/wp-json\/wp\/v2\/comments?post=10588"}],"version-history":[{"count":3,"href":"https:\/\/worknow.vn\/vi\/wp-json\/wp\/v2\/pages\/10588\/revisions"}],"predecessor-version":[{"id":12326,"href":"https:\/\/worknow.vn\/vi\/wp-json\/wp\/v2\/pages\/10588\/revisions\/12326"}],"wp:attachment":[{"href":"https:\/\/worknow.vn\/vi\/wp-json\/wp\/v2\/media?parent=10588"}],"curies":[{"name":"wp","href":"https:\/\/api.w.org\/{rel}","templated":true}]}}