{"id":10590,"date":"2022-08-17T09:44:23","date_gmt":"2022-08-17T09:44:23","guid":{"rendered":"https:\/\/worknow.vn\/computer-research-scientist\/"},"modified":"2023-07-03T06:37:20","modified_gmt":"2023-07-03T06:37:20","slug":"nha-khoa-hoc-nghiem-cuu-may-tinh","status":"publish","type":"page","link":"https:\/\/worknow.vn\/vi\/nha-khoa-hoc-nghiem-cuu-may-tinh\/","title":{"rendered":"Nh\u00e0 Khoa H\u1ecdc Nghi\u00eam C\u1ee9u M\u00e1y T\u00ednh"},"content":{"rendered":"<div class=\"wpb-content-wrapper\">[vc_row top_margin=&#8221;0&#8243; bottom_margin=&#8221;0&#8243; css=&#8221;.vc_custom_1499912039446{margin-top: -30px !important;}&#8221;][vc_column]<div class=\"shortcode-wrapper shortcode-title clearfix hb-animate-element hb-fade-in\"><p style=\"color:#878787!important;border-color:#878787\" class=\"hb-text-large aligncenter\">Nh\u00e0 Khoa H\u1ecdc Nghi\u00eam C\u1ee9u M\u00e1y T\u00ednh<\/p><\/div>[vc_row_inner][vc_column_inner][vc_empty_space height=&#8221;10px&#8221;]<div class=\"shortcode-wrapper shortcode-icon-box clearfix\"><div class=\"feature-box alternative left-icon-box aligncenter\"><div class=\"feature-box-content\"><h4 class=\"bold\">M\u00f4 t\u1ea3 c\u00f4ng vi\u1ec7c<\/h4><p>C\u00e1c nh\u00e0 khoa h\u1ecdc nghi\u00ean c\u1ee9u v\u1ec1 m\u00e1y t\u00ednh v\u00e0 th\u00f4ng tin t\u00ecm ra nh\u1eefng c\u00e1ch ti\u1ebfp c\u1eadn m\u1edbi cho c\u00f4ng ngh\u1ec7 \u0111i\u1ec7n to\u00e1n c\u0169ng nh\u01b0 nghi\u00ean c\u1ee9u v\u00e0 gi\u1ea3i quy\u1ebft c\u00e1c v\u1ea5n \u0111\u1ec1 ph\u1ee9c t\u1ea1p trong \u0111i\u1ec7n to\u00e1n cho kinh doanh, khoa h\u1ecdc v\u00e0 c\u00e1c l\u0129nh v\u1ef1c kh\u00e1c. H\u1ecd t\u1ea1o ra v\u00e0 c\u1ea3i thi\u1ec7n ph\u1ea7n c\u1ee9ng v\u00e0 ph\u1ea7n m\u1ec1m m\u00e1y t\u00ednh v\u00e0 l\u00e0m vi\u1ec7c \u1edf m\u1ee9c \u0111\u1ed9 l\u00fd thuy\u1ebft h\u01a1n so v\u1edbi c\u00e1c chuy\u00ean gia m\u00e1y t\u00ednh kh\u00e1c. M\u1ed9t s\u1ed1 nh\u00e0 khoa h\u1ecdc nghi\u00ean c\u1ee9u m\u00e1y t\u00ednh v\u00e0 th\u00f4ng tin chuy\u00ean v\u1ec1 ng\u00f4n ng\u1eef m\u00e1y t\u00ednh c\u0169ng nh\u01b0 c\u00e1c chuy\u00ean ng\u00e0nh kh\u00e1c<\/p>\n<p>C\u00f4ng vi\u1ec7c m\u00e0 c\u00e1c nh\u00e0 khoa h\u1ecdc nghi\u00ean c\u1ee9u m\u00e1y t\u00ednh v\u00e0 th\u00f4ng tin th\u1ef1c hi\u1ec7n th\u01b0\u1eddng d\u1eabn \u0111\u1ebfn s\u1ef1 ti\u1ebfn b\u1ed9 v\u00e0 t\u0103ng hi\u1ec7u qu\u1ea3 trong nhi\u1ec1u l\u0129nh v\u1ef1c, ch\u1eb3ng h\u1ea1n nh\u01b0 c\u00f4ng ngh\u1ec7 m\u1ea1ng t\u1ed1t h\u01a1n, t\u1ed1c \u0111\u1ed9 t\u00ednh to\u00e1n nhanh h\u01a1n v\u00e0 b\u1ea3o m\u1eadt th\u00f4ng tin \u0111\u01b0\u1ee3c c\u1ea3i thi\u1ec7n.<\/p>\n<p>C\u00e1c nh\u00e0 khoa h\u1ecdc nghi\u00ean c\u1ee9u m\u00e1y t\u00ednh v\u00e0 th\u00f4ng tin c\u00f3 nhi\u1ec7m v\u1ee5 nghi\u00ean c\u1ee9u c\u00e1c v\u1ea5n \u0111\u1ec1 c\u01a1 b\u1ea3n trong m\u00e1y t\u00ednh v\u00e0 ph\u00e1t tri\u1ec3n c\u00e1c l\u00fd thuy\u1ebft v\u00e0 m\u00f4 h\u00ecnh \u0111\u1ec3 gi\u1ea3i quy\u1ebft ch\u00fang. Ch\u00fang gi\u00fap gi\u1ea3i quy\u1ebft c\u00e1c v\u1ea5n \u0111\u1ec1 m\u00e1y t\u00ednh ph\u1ee9c t\u1ea1p v\u00e0 m\u1ed9t s\u1ed1 t\u1ea1o ra c\u00e1c ch\u01b0\u01a1ng tr\u00ecnh \u0111\u1ec3 \u0111i\u1ec1u khi\u1ec3n r\u00f4-b\u1ed1t. H\u1ecd c\u00f3 nhi\u1ec7m v\u1ee5 ph\u00e1t minh ra c\u00e1c c\u00f4ng c\u1ee5, ng\u00f4n ng\u1eef v\u00e0 ph\u01b0\u01a1ng ph\u00e1p t\u00ednh to\u00e1n m\u1edbi \u0111\u1ec3 gi\u00fap m\u1ecdi ng\u01b0\u1eddi l\u00e0m vi\u1ec7c v\u1edbi m\u00e1y t\u00ednh m\u1ed9t c\u00e1ch hi\u1ec7u qu\u1ea3 h\u01a1n.<\/p>\n<p>Nh\u1eefng nh\u00e0 khoa h\u1ecdc n\u00e0y c\u1ea3i thi\u1ec7n h\u1ec7 th\u1ed1ng ph\u1ea7n m\u1ec1m v\u00e0 thi\u1ebft k\u1ebf c\u00e1c th\u00ed nghi\u1ec7m \u0111\u1ec3 ki\u1ec3m tra hi\u1ec7u qu\u1ea3 ho\u1ea1t \u0111\u1ed9ng c\u1ee7a ch\u00fang. H\u1ecd ph\u00e2n t\u00edch k\u1ebft qu\u1ea3 th\u00ed nghi\u1ec7m v\u00e0 c\u00f4ng b\u1ed1 ph\u00e1t hi\u1ec7n c\u1ee7a h\u1ecd tr\u00ean c\u00e1c t\u1ea1p ch\u00ed h\u1ecdc thu\u1eadt. H\u1ecd c\u0169ng c\u00f3 th\u1ec3 tr\u00ecnh b\u00e0y k\u1ebft qu\u1ea3 th\u00ed nghi\u1ec7m c\u1ee7a m\u00ecnh t\u1ea1i m\u1ed9t h\u1ed9i ngh\u1ecb. C\u00f4ng vi\u1ec7c c\u1ee7a c\u00e1c nh\u00e0 khoa h\u1ecdc nghi\u00ean c\u1ee9u m\u00e1y t\u00ednh v\u00e0 th\u00f4ng tin c\u00f3 th\u1ec3 th\u00fac \u0111\u1ea9y nhi\u1ec1u lo\u1ea1i c\u00f4ng ngh\u1ec7 nh\u01b0 \u0111i\u1ec7n to\u00e1n \u0111\u00e1m m\u00e2y v\u00e0 h\u1ec7 th\u1ed1ng m\u00e1y h\u1ecdc. Ng\u01b0\u1eddi \u0111\u00f3 ph\u1ea3i c\u00f3 k\u1ef9 n\u0103ng ph\u00e2n t\u00edch, giao ti\u1ebfp v\u00e0 t\u01b0 duy ph\u1ea3n bi\u1ec7n, c\u0169ng nh\u01b0 c\u00f3 \u0111\u1ecbnh h\u01b0\u1edbng chi ti\u1ebft, t\u01b0 duy logic v\u00e0 c\u00f3 s\u1ef1 kh\u00e9o l\u00e9o. K\u1ef9 n\u0103ng to\u00e1n h\u1ecdc c\u0169ng s\u1ebd c\u1ea7n thi\u1ebft.<\/p><\/div><\/div><\/div>[vc_empty_space height=&#8221;30px&#8221;]<div class=\"shortcode-wrapper shortcode-icon-box clearfix\"><div class=\"feature-box alternative left-icon-box aligncenter\"><div class=\"feature-box-content\"><h4 class=\"bold\">Vai tr\u00f2 v\u00e0 tr\u00e1ch nhi\u1ec7m:<\/h4><p>\n<ul>\n<li>Kh\u00e1m ph\u00e1 c\u00e1c v\u1ea5n \u0111\u1ec1 c\u01a1 b\u1ea3n trong t\u00ednh to\u00e1n v\u00e0 ph\u00e1t tri\u1ec3n c\u00e1c l\u00fd thuy\u1ebft v\u00e0 m\u00f4 h\u00ecnh \u0111\u1ec3 gi\u1ea3i quy\u1ebft c\u00e1c v\u1ea5n \u0111\u1ec1 \u0111\u00f3<\/li>\n<li>Gi\u00fap c\u00e1c nh\u00e0 khoa h\u1ecdc v\u00e0 k\u1ef9 s\u01b0 gi\u1ea3i quy\u1ebft c\u00e1c v\u1ea5n \u0111\u1ec1 m\u00e1y t\u00ednh ph\u1ee9c t\u1ea1p<\/li>\n<li>Ph\u00e1t minh ra c\u00e1c ng\u00f4n ng\u1eef, c\u00f4ng c\u1ee5 v\u00e0 ph\u01b0\u01a1ng ph\u00e1p t\u00ednh to\u00e1n m\u1edbi \u0111\u1ec3 c\u1ea3i thi\u1ec7n c\u00e1ch m\u1ecdi ng\u01b0\u1eddi l\u00e0m vi\u1ec7c v\u1edbi m\u00e1y t\u00ednh<\/li>\n<li>Ph\u00e1t tri\u1ec3n v\u00e0 c\u1ea3i thi\u1ec7n c\u00e1c h\u1ec7 th\u1ed1ng ph\u1ea7n m\u1ec1m t\u1ea1o n\u1ec1n t\u1ea3ng cho tr\u1ea3i nghi\u1ec7m \u0111i\u1ec7n to\u00e1n hi\u1ec7n \u0111\u1ea1i<\/li>\n<li>Thi\u1ebft k\u1ebf c\u00e1c th\u00ed nghi\u1ec7m \u0111\u1ec3 ki\u1ec3m tra ho\u1ea1t \u0111\u1ed9ng c\u1ee7a c\u00e1c h\u1ec7 th\u1ed1ng ph\u1ea7n m\u1ec1m n\u00e0y<\/li>\n<li>Ph\u00e2n t\u00edch k\u1ebft qu\u1ea3 th\u00ed nghi\u1ec7m c\u1ee7a h\u1ecd<\/li>\n<li>Xu\u1ea5t b\u1ea3n nh\u1eefng ph\u00e1t hi\u1ec7n c\u1ee7a h\u1ecd tr\u00ean c\u00e1c t\u1ea1p ch\u00ed h\u1ecdc thu\u1eadt<\/li>\n<\/ul>\n<p>K\u0129 n\u0103ng thi\u1ebft y\u1ebfu:<\/p>\n<ul>\n<li>K\u1ef9 n\u0103ng ph\u00e2n t\u00edch.<\/li>\n<li>K\u0129 n\u0103ng giao ti\u1ebfp.<\/li>\n<li>K\u1ef9 n\u0103ng t\u01b0 duy ph\u1ea3n bi\u1ec7n.<\/li>\n<li>\u0110\u1ecbnh h\u01b0\u1edbng m\u1ed9t c\u00e1ch chi ti\u1ebft.<\/li>\n<li>Kh\u00e9o l\u00e9o.<\/li>\n<li>Suy ngh\u0129 logic.<\/li>\n<li>K\u1ef9 n\u0103ng to\u00e1n h\u1ecdc.<\/li>\n<\/ul>\n<p><strong>tr\u00ecnh \u0111\u1ed9:<\/strong><\/p>\n<ul>\n<li>C\u1eed nh\u00e2n\/C\u1eed nh\u00e2n Khoa h\u1ecdc M\u00e1y t\u00ednh, K\u1ef9 thu\u1eadt ho\u1eb7c l\u0129nh v\u1ef1c li\u00ean quan<\/li>\n<li>B\u1eb1ng Th\u1ea1c s\u0129 Khoa h\u1ecdc M\u00e1y t\u00ednh, K\u1ef9 thu\u1eadt M\u00e1y t\u00ednh ho\u1eb7c C\u00f4ng ngh\u1ec7 Th\u00f4ng tin.<\/li>\n<\/ul>\n<\/p><\/div><\/div><\/div>[\/vc_column_inner][\/vc_row_inner][\/vc_column][\/vc_row]\n<\/div>","protected":false},"excerpt":{"rendered":"<p>[vc_row top_margin=&#8221;0&#8243; bottom_margin=&#8221;0&#8243; css=&#8221;.vc_custom_1499912039446{margin-top: -30px !important;}&#8221;][vc_column][vc_row_inner][vc_column_inner][vc_empty_space height=&#8221;10px&#8221;][vc_empty_space height=&#8221;30px&#8221;][\/vc_column_inner][\/vc_row_inner][\/vc_column][\/vc_row]<\/p>\n","protected":false},"author":4,"featured_media":0,"parent":0,"menu_order":0,"comment_status":"closed","ping_status":"closed","template":"","meta":{"nf_dc_page":"","footnotes":""},"class_list":["post-10590","page","type-page","status-publish","hentry"],"_links":{"self":[{"href":"https:\/\/worknow.vn\/vi\/wp-json\/wp\/v2\/pages\/10590","targetHints":{"allow":["GET"]}}],"collection":[{"href":"https:\/\/worknow.vn\/vi\/wp-json\/wp\/v2\/pages"}],"about":[{"href":"https:\/\/worknow.vn\/vi\/wp-json\/wp\/v2\/types\/page"}],"author":[{"embeddable":true,"href":"https:\/\/worknow.vn\/vi\/wp-json\/wp\/v2\/users\/4"}],"replies":[{"embeddable":true,"href":"https:\/\/worknow.vn\/vi\/wp-json\/wp\/v2\/comments?post=10590"}],"version-history":[{"count":4,"href":"https:\/\/worknow.vn\/vi\/wp-json\/wp\/v2\/pages\/10590\/revisions"}],"predecessor-version":[{"id":12328,"href":"https:\/\/worknow.vn\/vi\/wp-json\/wp\/v2\/pages\/10590\/revisions\/12328"}],"wp:attachment":[{"href":"https:\/\/worknow.vn\/vi\/wp-json\/wp\/v2\/media?parent=10590"}],"curies":[{"name":"wp","href":"https:\/\/api.w.org\/{rel}","templated":true}]}}