{"id":10592,"date":"2022-08-17T09:45:12","date_gmt":"2022-08-17T09:45:12","guid":{"rendered":"https:\/\/worknow.vn\/network-and-systems-administrator\/"},"modified":"2023-07-03T06:39:13","modified_gmt":"2023-07-03T06:39:13","slug":"quan-tri-vien-mang-va-he-thong","status":"publish","type":"page","link":"https:\/\/worknow.vn\/vi\/quan-tri-vien-mang-va-he-thong\/","title":{"rendered":"Qu\u1ea3n Tr\u1ecb Vi\u00ean M\u1ea1ng V\u00e0 H\u1ec7 Th\u1ed1ng"},"content":{"rendered":"<div class=\"wpb-content-wrapper\">[vc_row top_margin=&#8221;0&#8243; bottom_margin=&#8221;0&#8243; css=&#8221;.vc_custom_1499912039446{margin-top: -30px !important;}&#8221;][vc_column]<div class=\"shortcode-wrapper shortcode-title clearfix hb-animate-element hb-fade-in\"><p style=\"color:#878787!important;border-color:#878787\" class=\"hb-text-large aligncenter\">Qu\u1ea3n Tr\u1ecb Vi\u00ean M\u1ea1ng V\u00e0 H\u1ec7 Th\u1ed1ng<\/p><\/div>[vc_row_inner][vc_column_inner][vc_empty_space height=&#8221;10px&#8221;]<div class=\"shortcode-wrapper shortcode-icon-box clearfix\"><div class=\"feature-box alternative left-icon-box aligncenter\"><div class=\"feature-box-content\"><h4 class=\"bold\">M\u00f4 t\u1ea3 c\u00f4ng vi\u1ec7c<\/h4><p>Qu\u1ea3n tr\u1ecb vi\u00ean m\u1ea1ng ho\u1eb7c Qu\u1ea3n tr\u1ecb vi\u00ean h\u1ec7 th\u1ed1ng duy tr\u00ec v\u00e0 \u0111i\u1ec1u ph\u1ed1i c\u00e1c h\u1ec7 th\u1ed1ng v\u00e0 m\u1ea1ng m\u00e1y t\u00ednh. Nhi\u1ec7m v\u1ee5 c\u1ee7a h\u1ecd bao g\u1ed3m x\u00e2y d\u1ef1ng v\u00e0 duy tr\u00ec trang web, gi\u00e1m s\u00e1t v\u00e0 t\u1ed1i \u01b0u h\u00f3a k\u1ebft n\u1ed1i m\u00e1y ch\u1ee7 c\u0169ng nh\u01b0 c\u00e0i \u0111\u1eb7t ph\u1ea7n c\u1ee9ng v\u00e0 ph\u1ea7n m\u1ec1m.<\/p>\n<p>Qu\u1ea3n tr\u1ecb vi\u00ean m\u1ea1ng l\u00e0 c\u00e1c chuy\u00ean gia CNTT ch\u1ecbu tr\u00e1ch nhi\u1ec7m duy tr\u00ec k\u1ebft n\u1ed1i m\u1ea1ng. H\u1ecd t\u1eadp trung v\u00e0o vi\u1ec7c thi\u1ebft l\u1eadp thi\u1ebft b\u1ecb m\u1ea1ng v\u00e0 \u0111\u1ea3m b\u1ea3o r\u1eb1ng c\u01a1 s\u1edf h\u1ea1 t\u1ea7ng m\u1ea1ng c\u1ee7a h\u1ecd c\u00f3 th\u1ec3 h\u1ed7 tr\u1ee3 c\u00e1c ho\u1ea1t \u0111\u1ed9ng c\u1ee7a ng\u01b0\u1eddi d\u00f9ng. Qu\u1ea3n tr\u1ecb vi\u00ean m\u1ea1ng gi\u00e1m s\u00e1t ho\u1ea1t \u0111\u1ed9ng t\u1ed5ng th\u1ec3 v\u00e0 y\u00eau c\u1ea7u tr\u00ean m\u1ea1ng \u0111\u1ec3 x\u00e1c \u0111\u1ecbnh c\u00e1c l\u1ed7 h\u1ed5ng ho\u1eb7c ho\u1ea1t \u0111\u1ed9ng l\u1ea1.<\/p>\n<p>Qu\u1ea3n tr\u1ecb vi\u00ean m\u1ea1ng gi\u00e1m s\u00e1t m\u1ea1ng m\u00e1y t\u00ednh v\u00e0 c\u00e1c ho\u1ea1t \u0111\u1ed9ng c\u1ee7a n\u00f3. H\u1ecd \u0111\u1ea3m b\u1ea3o r\u1eb1ng m\u00e1y ch\u1ee7 ho\u1ea1t \u0111\u1ed9ng b\u00ecnh th\u01b0\u1eddng, cho ph\u00e9p kh\u00e1ch h\u00e0ng v\u00e0 nh\u00e2n vi\u00ean giao ti\u1ebfp d\u1ec5 d\u00e0ng v\u1edbi nhau, \u0111i\u1ec1u ph\u1ed1i c\u00e1c ho\u1ea1t \u0111\u1ed9ng c\u1ee7a h\u1ecd v\u00e0 \u0111\u1ea3m nh\u1eadn c\u00e1c nhi\u1ec7m v\u1ee5 thi\u1ebft y\u1ebfu. C\u00e1c ho\u1ea1t \u0111\u1ed9ng h\u00e0ng ng\u00e0y c\u1ee7a Qu\u1ea3n tr\u1ecb vi\u00ean m\u1ea1ng th\u01b0\u1eddng kh\u00e1c nhau, bao g\u1ed3m gi\u00fap ng\u01b0\u1eddi d\u00f9ng m\u1edbi b\u1eaft \u0111\u1ea7u, t\u00ecm ki\u1ebfm c\u00e1c m\u1ed1i \u0111e d\u1ecda ho\u1eb7c l\u1ed7i tr\u00ean m\u1ea1ng v\u00e0 n\u00e2ng c\u1ea5p ph\u1ea7n m\u1ec1m.<\/p><\/div><\/div><\/div>[vc_empty_space height=&#8221;30px&#8221;]<div class=\"shortcode-wrapper shortcode-icon-box clearfix\"><div class=\"feature-box alternative left-icon-box aligncenter\"><div class=\"feature-box-content\"><h4 class=\"bold\">Vai tr\u00f2 v\u00e0 tr\u00e1ch nhi\u1ec7m:<\/h4><p>\n<ul>\n<li>\u0110\u1ea3m b\u1ea3o t\u00ednh to\u00e0n v\u1eb9n c\u1ee7a h\u1ec7 th\u1ed1ng l\u01b0u tr\u1eef v\u00e0 sao l\u01b0u d\u1eef li\u1ec7u<\/li>\n<li>S\u1eed d\u1ee5ng c\u00e1c c\u00f4ng c\u1ee5 b\u1ea3o m\u1eadt \u0111\u1ec3 b\u1ea3o v\u1ec7 m\u1ea1ng kh\u1ecfi tin t\u1eb7c, ph\u1ea7n m\u1ec1m \u0111\u1ed9c h\u1ea1i v\u00e0 c\u00e1c m\u1ed1i \u0111e d\u1ecda kh\u00e1c<\/li>\n<li>D\u1ef1 \u0111o\u00e1n c\u00e1c v\u1ea5n \u0111\u1ec1 v\u00e0 gi\u1ea3i quy\u1ebft ch\u00fang tr\u01b0\u1edbc khi ch\u00fang \u1ea3nh h\u01b0\u1edfng \u0111\u1ebfn ng\u01b0\u1eddi d\u00f9ng khi c\u00f3 th\u1ec3<\/li>\n<li>Ki\u1ec3m tra ph\u1ea7n m\u1ec1m v\u00e0 xem x\u00e9t nh\u1eadt k\u00fd \u1ee9ng d\u1ee5ng<\/li>\n<li>Th\u00eam, x\u00f3a ho\u1eb7c c\u1eadp nh\u1eadt th\u00f4ng tin ng\u01b0\u1eddi d\u00f9ng nh\u01b0 m\u1eadt kh\u1ea9u ho\u1eb7c \u0111\u1ecba ch\u1ec9 email n\u1ed9i b\u1ed9<\/li>\n<li>Tham d\u1ef1 c\u00e1c cu\u1ed9c h\u1ecdp v\u00e0 h\u01b0\u1edbng d\u1eabn c\u00e1c bu\u1ed5i \u0111\u00e0o t\u1ea1o m\u00e1y t\u00ednh<\/li>\n<\/ul>\n<p>K\u0129 n\u0103ng thi\u1ebft y\u1ebfu:<\/p>\n<ul>\n<li>K\u1ef9 n\u0103ng giao ti\u1ebfp b\u1eb1ng v\u0103n b\u1ea3n v\u00e0 b\u1eb1ng l\u1eddi n\u00f3i xu\u1ea5t s\u1eafc<\/li>\n<li>K\u1ef9 n\u0103ng l\u1eadp k\u1ebf ho\u1ea1ch v\u00e0 t\u1ed5 ch\u1ee9c t\u1ed1t<\/li>\n<li>Hi\u1ec3u bi\u1ebft s\u00e2u r\u1ed9ng v\u1ec1 h\u1ec7 \u0111i\u1ec1u h\u00e0nh m\u00e1y t\u00ednh v\u00e0 c\u00e1c ng\u00f4n ng\u1eef l\u1eadp tr\u00ecnh nh\u01b0 C++, Java, HTML, Linux, Pascal, Oracle v\u00e0 Delphi<\/li>\n<li>Kh\u1ea3 n\u0103ng l\u00e0m vi\u1ec7c d\u01b0\u1edbi \u00e1p l\u1ef1c trong m\u00f4i tr\u01b0\u1eddng nh\u1ecbp \u0111\u1ed9 nhanh<\/li>\n<\/ul>\n<p>tr\u00ecnh \u0111\u1ed9:<\/p>\n<ul>\n<li>C\u1eed nh\u00e2n\/C\u1eed nh\u00e2n Khoa h\u1ecdc M\u00e1y t\u00ednh, K\u1ef9 thu\u1eadt ho\u1eb7c l\u0129nh v\u1ef1c li\u00ean quan<\/li>\n<li>B\u1eb1ng Th\u1ea1c s\u0129 Khoa h\u1ecdc M\u00e1y t\u00ednh, K\u1ef9 thu\u1eadt M\u00e1y t\u00ednh ho\u1eb7c C\u00f4ng ngh\u1ec7 Th\u00f4ng tin.<\/li>\n<\/ul>\n<\/p><\/div><\/div><\/div>[\/vc_column_inner][\/vc_row_inner][\/vc_column][\/vc_row]\n<\/div>","protected":false},"excerpt":{"rendered":"<p>[vc_row top_margin=&#8221;0&#8243; bottom_margin=&#8221;0&#8243; css=&#8221;.vc_custom_1499912039446{margin-top: -30px !important;}&#8221;][vc_column][vc_row_inner][vc_column_inner][vc_empty_space height=&#8221;10px&#8221;][vc_empty_space height=&#8221;30px&#8221;][\/vc_column_inner][\/vc_row_inner][\/vc_column][\/vc_row]<\/p>\n","protected":false},"author":4,"featured_media":0,"parent":0,"menu_order":0,"comment_status":"closed","ping_status":"closed","template":"","meta":{"nf_dc_page":"","footnotes":""},"class_list":["post-10592","page","type-page","status-publish","hentry"],"_links":{"self":[{"href":"https:\/\/worknow.vn\/vi\/wp-json\/wp\/v2\/pages\/10592","targetHints":{"allow":["GET"]}}],"collection":[{"href":"https:\/\/worknow.vn\/vi\/wp-json\/wp\/v2\/pages"}],"about":[{"href":"https:\/\/worknow.vn\/vi\/wp-json\/wp\/v2\/types\/page"}],"author":[{"embeddable":true,"href":"https:\/\/worknow.vn\/vi\/wp-json\/wp\/v2\/users\/4"}],"replies":[{"embeddable":true,"href":"https:\/\/worknow.vn\/vi\/wp-json\/wp\/v2\/comments?post=10592"}],"version-history":[{"count":3,"href":"https:\/\/worknow.vn\/vi\/wp-json\/wp\/v2\/pages\/10592\/revisions"}],"predecessor-version":[{"id":12329,"href":"https:\/\/worknow.vn\/vi\/wp-json\/wp\/v2\/pages\/10592\/revisions\/12329"}],"wp:attachment":[{"href":"https:\/\/worknow.vn\/vi\/wp-json\/wp\/v2\/media?parent=10592"}],"curies":[{"name":"wp","href":"https:\/\/api.w.org\/{rel}","templated":true}]}}