{"id":10594,"date":"2022-08-17T09:46:05","date_gmt":"2022-08-17T09:46:05","guid":{"rendered":"https:\/\/worknow.vn\/computer-support-specialists\/"},"modified":"2023-07-03T06:44:07","modified_gmt":"2023-07-03T06:44:07","slug":"chuyen-gia-ho-tro-may-tinh","status":"publish","type":"page","link":"https:\/\/worknow.vn\/vi\/chuyen-gia-ho-tro-may-tinh\/","title":{"rendered":"Chuy\u00ean Gia H\u1ed7 Tr\u1ee3 M\u00e1y T\u00ednh"},"content":{"rendered":"<div class=\"wpb-content-wrapper\">[vc_row top_margin=&#8221;0&#8243; bottom_margin=&#8221;0&#8243; css=&#8221;.vc_custom_1499912039446{margin-top: -30px !important;}&#8221;][vc_column]<div class=\"shortcode-wrapper shortcode-title clearfix hb-animate-element hb-fade-in\"><p style=\"color:#878787!important;border-color:#878787\" class=\"hb-text-large aligncenter\">Chuy\u00ean Gia H\u1ed7 Tr\u1ee3 M\u00e1y T\u00ednh<\/p><\/div>[vc_row_inner][vc_column_inner][vc_empty_space height=&#8221;10px&#8221;]<div class=\"shortcode-wrapper shortcode-icon-box clearfix\"><div class=\"feature-box alternative left-icon-box aligncenter\"><div class=\"feature-box-content\"><h4 class=\"bold\">M\u00f4 t\u1ea3 c\u00f4ng vi\u1ec7c<\/h4><p>C\u00e1c chuy\u00ean gia h\u1ed7 tr\u1ee3 m\u00e1y t\u00ednh h\u1ed7 tr\u1ee3 ng\u01b0\u1eddi d\u00f9ng m\u00e1y t\u00ednh v\u00e0 c\u00e1c t\u1ed5 ch\u1ee9c. C\u00e1c chuy\u00ean gia n\u00e0y ho\u1eb7c duy tr\u00ec m\u1ea1ng m\u00e1y t\u00ednh ho\u1eb7c cung c\u1ea5p tr\u1ee3 gi\u00fap k\u1ef9 thu\u1eadt tr\u1ef1c ti\u1ebfp cho ng\u01b0\u1eddi d\u00f9ng m\u00e1y t\u00ednh.<\/p>\n<p>C\u00e1c chuy\u00ean gia h\u1ed7 tr\u1ee3 m\u00e1y t\u00ednh gi\u00fap gi\u1ea3i quy\u1ebft kh\u00f3 kh\u0103n khi \u0111\u0103ng nh\u1eadp, tr\u1ee5c tr\u1eb7c h\u1ec7 \u0111i\u1ec1u h\u00e0nh v\u00e0 ph\u1ea7n m\u1ec1m v\u00e0 m\u1ed9t s\u1ed1 th\u1eadm ch\u00ed c\u1ea7n r\u00fat tu\u1ed1c n\u01a1 v\u00edt \u0111\u1ec3 m\u1edf m\u00e1y t\u00ednh x\u00e1ch tay ho\u1eb7c PC. Xem x\u00e9t s\u1ed1 l\u01b0\u1ee3ng cu\u1ed9c g\u1ecdi \u0111i\u1ec7n tho\u1ea1i, g\u1eb7p m\u1eb7t tr\u1ef1c ti\u1ebfp, email v\u00e0 trong m\u1ed9t s\u1ed1 tr\u01b0\u1eddng h\u1ee3p l\u00e0 c\u00e1c cu\u1ed9c tr\u00f2 chuy\u1ec7n m\u00e0 h\u1ecd tham gia h\u00e0ng ng\u00e0y, nh\u1eefng ng\u01b0\u1eddi l\u00e0m c\u00f4ng vi\u1ec7c n\u00e0y ph\u1ea3i th\u1ec3 hi\u1ec7n k\u1ef9 n\u0103ng giao ti\u1ebfp xu\u1ea5t s\u1eafc. H\u1ecd c\u1ea7n h\u1ecfi ng\u01b0\u1eddi d\u00f9ng nh\u1eefng c\u00e2u h\u1ecfi ph\u00f9 h\u1ee3p \u0111\u1ec3 x\u00e1c \u0111\u1ecbnh v\u1ea5n \u0111\u1ec1, t\u00ecm gi\u1ea3i ph\u00e1p v\u00e0 sau \u0111\u00f3 h\u01b0\u1edbng d\u1eabn h\u1ecd t\u1eebng b\u01b0\u1edbc kh\u1eafc ph\u1ee5c.<\/p>\n<p>Chuy\u00ean gia h\u1ed7 tr\u1ee3 m\u00e1y t\u00ednh cung c\u1ea5p h\u1ed7 tr\u1ee3 k\u1ef9 thu\u1eadt cho c\u00f4ng ty, kh\u00e1ch h\u00e0ng c\u1ee7a t\u1ed5 ch\u1ee9c ho\u1eb7c nh\u00e2n vi\u00ean c\u1ee7a ch\u1ee7 lao \u0111\u1ed9ng c\u1ee7a h\u1ecd. H\u1ecd s\u1eed d\u1ee5ng ph\u1ea7n m\u1ec1m v\u00e0 thi\u1ebft b\u1ecb m\u00e1y t\u00ednh \u0111\u1ec3 h\u1ed7 tr\u1ee3 h\u1ecd \u0111\u01b0a ra l\u1eddi khuy\u00ean v\u00e0 tr\u1ee3 gi\u00fap cho ch\u1ee7 lao \u0111\u1ed9ng v\u00e0 nh\u00e2n vi\u00ean c\u1ee7a h\u1ecd. H\u1ecd mang nhi\u1ec1u ch\u1ee9c danh kh\u00e1c nhau nh\u01b0 chuy\u00ean gia h\u1ed7 tr\u1ee3 k\u1ef9 thu\u1eadt, chuy\u00ean gia c\u00f4ng ngh\u1ec7 th\u00f4ng tin (CNTT), k\u1ef9 thu\u1eadt vi\u00ean m\u00e1y t\u00ednh v\u00e0 m\u1ed9t s\u1ed1 ch\u1ee9c danh kh\u00e1c.<\/p><\/div><\/div><\/div>[vc_empty_space height=&#8221;30px&#8221;]<div class=\"shortcode-wrapper shortcode-icon-box clearfix\"><div class=\"feature-box alternative left-icon-box aligncenter\"><div class=\"feature-box-content\"><h4 class=\"bold\">Vai tr\u00f2 v\u00e0 tr\u00e1ch nhi\u1ec7m:<\/h4><p>\n<ul>\n<li>Ph\u00e2n t\u00edch s\u1ef1 c\u1ed1 m\u00e1y t\u00ednh c\u1ee7a kh\u00e1ch h\u00e0ng \u0111\u1ec3 ch\u1ea9n \u0111o\u00e1n v\u00e0 x\u00e1c \u0111\u1ecbnh nguy\u00ean nh\u00e2n<\/li>\n<li>Ghi l\u1ea1i c\u00e1c m\u00f4 t\u1ea3 c\u1ee7a kh\u00e1ch h\u00e0ng v\u1ec1 c\u00e1c s\u1ef1 c\u1ed1 m\u00e1y t\u00ednh c\u1ee7a h\u1ecd<\/li>\n<li>H\u01b0\u1edbng d\u1eabn kh\u00e1ch h\u00e0ng c\u00e1c b\u01b0\u1edbc gi\u1ea3i quy\u1ebft v\u1ea5n \u0111\u1ec1 \u0111\u01b0\u1ee3c khuy\u1ebfn ngh\u1ecb<\/li>\n<li>Thi\u1ebft l\u1eadp ho\u1eb7c s\u1eeda ch\u1eefa thi\u1ebft b\u1ecb m\u00e1y t\u00ednh v\u00e0 c\u00e1c thi\u1ebft b\u1ecb li\u00ean quan<\/li>\n<li>C\u00e0i \u0111\u1eb7t v\u00e0 \u0111\u00e0o t\u1ea1o ng\u01b0\u1eddi d\u00f9ng v\u1ec1 ph\u1ea7n c\u1ee9ng ho\u1eb7c ph\u1ea7n m\u1ec1m m\u1edbi<\/li>\n<li>Th\u00f4ng b\u00e1o cho c\u00e1c th\u00e0nh vi\u00ean trong nh\u00f3m v\u00e0 ng\u01b0\u1eddi qu\u1ea3n l\u00fd v\u1ec1 c\u00e1c v\u1ea5n \u0111\u1ec1 l\u1edbn ho\u1eb7c c\u00e1c m\u1ed1i quan t\u00e2m \u0111\u1ecbnh k\u1ef3 c\u1ee7a kh\u00e1ch h\u00e0ng<\/li>\n<\/ul>\n<p><strong>K\u0129 n\u0103ng thi\u1ebft y\u1ebfu:<\/strong><\/p>\n<ul>\n<li>K\u0129 n\u0103ng c\u00f4ng ngh\u1ec7<\/li>\n<li>K\u1ef9 n\u0103ng gi\u1ea3i quy\u1ebft v\u1ea5n \u0111\u1ec1<\/li>\n<li>Giao ti\u1ebfp v\u00e0 k\u1ef9 n\u0103ng giao ti\u1ebfp<\/li>\n<li>Tr\u00ecnh \u0111\u1ed9 chuy\u00ean m\u00f4n: C\u00f3 th\u1ec3 \u0111\u1ea1t \u0111\u01b0\u1ee3c v\u1ecb tr\u00ed \u0111\u1ea7u v\u00e0o v\u1edbi b\u1eb1ng c\u1eed nh\u00e2n v\u00e0 s\u1eed d\u1ee5ng ch\u01b0\u01a1ng tr\u00ecnh h\u1ed7 tr\u1ee3 h\u1ecdc ph\u00ed \u0111\u1ec3 chi tr\u1ea3 cho b\u1eb1ng th\u1ea1c s\u0129.<\/li>\n<\/ul>\n<\/p><\/div><\/div><\/div>[\/vc_column_inner][\/vc_row_inner][\/vc_column][\/vc_row]\n<\/div>","protected":false},"excerpt":{"rendered":"<p>[vc_row top_margin=&#8221;0&#8243; bottom_margin=&#8221;0&#8243; css=&#8221;.vc_custom_1499912039446{margin-top: -30px !important;}&#8221;][vc_column][vc_row_inner][vc_column_inner][vc_empty_space height=&#8221;10px&#8221;][vc_empty_space height=&#8221;30px&#8221;][\/vc_column_inner][\/vc_row_inner][\/vc_column][\/vc_row]<\/p>\n","protected":false},"author":4,"featured_media":0,"parent":0,"menu_order":0,"comment_status":"closed","ping_status":"closed","template":"","meta":{"nf_dc_page":"","footnotes":""},"class_list":["post-10594","page","type-page","status-publish","hentry"],"_links":{"self":[{"href":"https:\/\/worknow.vn\/vi\/wp-json\/wp\/v2\/pages\/10594","targetHints":{"allow":["GET"]}}],"collection":[{"href":"https:\/\/worknow.vn\/vi\/wp-json\/wp\/v2\/pages"}],"about":[{"href":"https:\/\/worknow.vn\/vi\/wp-json\/wp\/v2\/types\/page"}],"author":[{"embeddable":true,"href":"https:\/\/worknow.vn\/vi\/wp-json\/wp\/v2\/users\/4"}],"replies":[{"embeddable":true,"href":"https:\/\/worknow.vn\/vi\/wp-json\/wp\/v2\/comments?post=10594"}],"version-history":[{"count":3,"href":"https:\/\/worknow.vn\/vi\/wp-json\/wp\/v2\/pages\/10594\/revisions"}],"predecessor-version":[{"id":12334,"href":"https:\/\/worknow.vn\/vi\/wp-json\/wp\/v2\/pages\/10594\/revisions\/12334"}],"wp:attachment":[{"href":"https:\/\/worknow.vn\/vi\/wp-json\/wp\/v2\/media?parent=10594"}],"curies":[{"name":"wp","href":"https:\/\/api.w.org\/{rel}","templated":true}]}}