{"id":10599,"date":"2022-08-17T09:50:10","date_gmt":"2022-08-17T09:50:10","guid":{"rendered":"https:\/\/worknow.vn\/computer-programmer\/"},"modified":"2023-07-03T06:43:49","modified_gmt":"2023-07-03T06:43:49","slug":"lap-trinh-vien-may-tinh","status":"publish","type":"page","link":"https:\/\/worknow.vn\/vi\/lap-trinh-vien-may-tinh\/","title":{"rendered":"L\u1eadp Tr\u00ecnh Vi\u00ean M\u00e1y T\u00ednh"},"content":{"rendered":"<div class=\"wpb-content-wrapper\">[vc_row top_margin=&#8221;0&#8243; bottom_margin=&#8221;0&#8243; css=&#8221;.vc_custom_1499912039446{margin-top: -30px !important;}&#8221;][vc_column]<div class=\"shortcode-wrapper shortcode-title clearfix hb-animate-element hb-fade-in\"><p style=\"color:#878787!important;border-color:#878787\" class=\"hb-text-large aligncenter\">L\u1eadp Tr\u00ecnh Vi\u00ean M\u00e1y T\u00ednh<\/p><\/div>[vc_row_inner][vc_column_inner][vc_empty_space height=&#8221;10px&#8221;]<div class=\"shortcode-wrapper shortcode-icon-box clearfix\"><div class=\"feature-box alternative left-icon-box aligncenter\"><div class=\"feature-box-content\"><h4 class=\"bold\">M\u00f4 t\u1ea3 c\u00f4ng vi\u1ec7c<\/h4><p>L\u1eadp tr\u00ecnh vi\u00ean m\u00e1y t\u00ednh, ho\u1eb7c L\u1eadp tr\u00ecnh vi\u00ean h\u1ec7 th\u1ed1ng, vi\u1ebft m\u00e3 \u0111\u1ec3 gi\u00fap c\u00e1c \u1ee9ng d\u1ee5ng ph\u1ea7n m\u1ec1m ho\u1ea1t \u0111\u1ed9ng hi\u1ec7u qu\u1ea3 h\u01a1n. Nhi\u1ec7m v\u1ee5 c\u1ee7a h\u1ecd bao g\u1ed3m thi\u1ebft k\u1ebf v\u00e0 c\u1eadp nh\u1eadt c\u00e1c gi\u1ea3i ph\u00e1p ph\u1ea7n m\u1ec1m, vi\u1ebft v\u00e0 c\u1eadp nh\u1eadt m\u00e3 ngu\u1ed3n c\u0169ng nh\u01b0 qu\u1ea3n l\u00fd c\u00e1c h\u1ec7 \u0111i\u1ec1u h\u00e0nh kh\u00e1c nhau. T\u1ea5t c\u1ea3 c\u00e1c ch\u01b0\u01a1ng tr\u00ecnh ph\u1ea7n m\u1ec1m \u0111\u01b0\u1ee3c thi\u1ebft k\u1ebf \u0111\u1ec3 \u0111\u00e1p \u1ee9ng \u0111\u1ea7u v\u00e0o c\u1ee7a ng\u01b0\u1eddi d\u00f9ng theo nh\u1eefng c\u00e1ch kh\u00e1c nhau v\u00e0 c\u00e1c ch\u01b0\u01a1ng tr\u00ecnh chi ti\u1ebft c\u1ea7n c\u00f3 kh\u1ea3 n\u0103ng \u0111\u00e1p \u1ee9ng v\u1edbi v\u00f4 s\u1ed1 k\u1ebft h\u1ee3p \u0111\u1ea7u v\u00e0o. C\u00f4ng vi\u1ec7c c\u1ee7a c\u00e1c l\u1eadp tr\u00ecnh vi\u00ean m\u00e1y t\u00ednh l\u00e0 \u0111\u1ea3m b\u1ea3o c\u00e1c ch\u01b0\u01a1ng tr\u00ecnh ph\u1ea7n m\u1ec1m \u0111\u00e1p \u1ee9ng ph\u00f9 h\u1ee3p v\u1edbi ng\u01b0\u1eddi d\u00f9ng v\u00e0 cung c\u1ea5p ch\u1ee9c n\u0103ng mong mu\u1ed1n.<\/p>\n<p>L\u1eadp tr\u00ecnh vi\u00ean m\u00e1y t\u00ednh th\u01b0\u1eddng l\u00e0m vi\u1ec7c trong b\u1ed9 ph\u1eadn c\u00f4ng ngh\u1ec7 th\u00f4ng tin c\u1ee7a m\u1ed9t t\u1ed5 ch\u1ee9c \u0111ang ph\u00e1t tri\u1ec3n v\u00e0 qu\u1ea3n l\u00fd c\u01a1 s\u1edf h\u1ea1 t\u1ea7ng m\u00e1y t\u00ednh v\u00e0 c\u00e1c h\u1ec7 th\u1ed1ng ph\u1ea7n m\u1ec1m kh\u00e1c nhau. H\u1ecd xem x\u00e9t c\u00e1c ch\u01b0\u01a1ng tr\u00ecnh ph\u1ea7n m\u1ec1m hi\u1ec7n t\u1ea1i c\u1ee7a t\u1ed5 ch\u1ee9c v\u00e0 t\u00ecm c\u00e1ch c\u1eadp nh\u1eadt c\u0169ng nh\u01b0 n\u00e2ng cao ch\u00fang cho ng\u01b0\u1eddi d\u00f9ng.<\/p>\n<p>&nbsp;<\/p>\n<p>L\u1eadp tr\u00ecnh vi\u00ean m\u00e1y t\u00ednh c\u0169ng ch\u1ecbu tr\u00e1ch nhi\u1ec7m t\u00ecm v\u00e0 l\u1ed7i ho\u1eb7c khi\u1ebfm khuy\u1ebft trong h\u1ec7 th\u1ed1ng v\u00e0 th\u1ef1c hi\u1ec7n c\u00e1c ph\u01b0\u01a1ng ph\u00e1p \u0111\u1ec3 lo\u1ea1i b\u1ecf nh\u1eefng v\u1ea5n \u0111\u1ec1 n\u00e0y v\u00e0 ng\u0103n ch\u00fang t\u00e1i di\u1ec5n. H\u1ecd c\u0169ng c\u00f3 th\u1ec3 x\u00e2y d\u1ef1ng c\u00e1c b\u1ea3n c\u1eadp nh\u1eadt tr\u1ea1ng th\u00e1i v\u00e0 b\u00e1o c\u00e1o v\u1ec1 ch\u1ee9c n\u0103ng c\u1ee7a c\u00e1c ch\u01b0\u01a1ng tr\u00ecnh v\u00e0 tr\u00ecnh b\u00e0y ti\u1ebfn tr\u00ecnh n\u00e0y cho c\u00e1c nh\u00e2n vi\u00ean c\u1ea5p cao.<\/p><\/div><\/div><\/div>[vc_empty_space height=&#8221;30px&#8221;]<div class=\"shortcode-wrapper shortcode-icon-box clearfix\"><div class=\"feature-box alternative left-icon-box aligncenter\"><div class=\"feature-box-content\"><h4 class=\"bold\">Vai tr\u00f2 v\u00e0 tr\u00e1ch nhi\u1ec7m:<\/h4><p>\n<ul>\n<li>Vi\u1ebft m\u00e3 v\u00e0 s\u1eeda l\u1ed7i.<\/li>\n<li>Thi\u1ebft k\u1ebf v\u00e0 th\u1eed nghi\u1ec7m c\u1ea5u tr\u00fac m\u00e1y t\u00ednh.<\/li>\n<li>X\u1eed l\u00fd s\u1ef1 c\u1ed1 l\u1ed7i h\u1ec7 th\u1ed1ng.<\/li>\n<li>Vi\u1ebft h\u01b0\u1edbng d\u1eabn m\u00e1y t\u00ednh.<\/li>\n<li>Qu\u1ea3n l\u00fd h\u1ec7 th\u1ed1ng c\u01a1 s\u1edf d\u1eef li\u1ec7u.<\/li>\n<li>B\u1ea3o tr\u00ec c\u00e1c h\u1ec7 th\u1ed1ng \u0111ang ho\u1ea1t \u0111\u1ed9ng.<\/li>\n<li>Ch\u1ec9nh s\u1eeda m\u00e3 ngu\u1ed3n.<\/li>\n<li>L\u1eadp h\u1ed3 s\u01a1 v\u00e0 ph\u00e2n t\u00edch thu\u1eadt to\u00e1n.<\/li>\n<li>Tri\u1ec3n khai x\u00e2y d\u1ef1ng h\u1ec7 th\u1ed1ng.<\/li>\n<li>Cung c\u1ea5p h\u1ed7 tr\u1ee3 k\u1ef9 thu\u1eadt.<\/li>\n<li>Bi\u1ebft ng\u00f4n ng\u1eef m\u00e1y t\u00ednh<\/li>\n<li>Vi\u1ebft ch\u01b0\u01a1ng tr\u00ecnh m\u00e1y t\u00ednh<\/li>\n<li>C\u1eadp nh\u1eadt ch\u01b0\u01a1ng tr\u00ecnh m\u00e1y t\u00ednh<\/li>\n<li>Kh\u1eafc ph\u1ee5c s\u1ef1 c\u1ed1 ch\u01b0\u01a1ng tr\u00ecnh<\/li>\n<li>Ki\u1ec3m th\u1eed ch\u01b0\u01a1ng tr\u00ecnh ph\u1ea7n m\u1ec1m<\/li>\n<li>C\u1ed9ng t\u00e1c v\u1edbi c\u00e1c l\u1eadp tr\u00ecnh vi\u00ean kh\u00e1c<\/li>\n<\/ul>\n<p><strong>K\u0129 n\u0103ng thi\u1ebft y\u1ebfu:<\/strong><\/p>\n<ul>\n<li>Kh\u1ea3 n\u0103ng t\u00ecm v\u00e0 s\u1eeda b\u1ea5t k\u1ef3 l\u1ed7i n\u00e0o trong ch\u01b0\u01a1ng tr\u00ecnh, h\u1ec7 th\u1ed1ng v\u00e0 ph\u1ea7n m\u1ec1m<\/li>\n<li>Hi\u1ec3u c\u00e1c kh\u00e1i ni\u1ec7m \u0111\u1ea1i s\u1ed1 \u0111\u1ec3 \u00e1p d\u1ee5ng cho d\u1eef li\u1ec7u v\u00e0 t\u1ea1o b\u00e1o c\u00e1o<\/li>\n<li>Kh\u1ea3 n\u0103ng l\u00e0m vi\u1ec7c d\u01b0\u1edbi \u00e1p l\u1ef1c \u0111\u1ec3 \u0111\u00e1p \u1ee9ng th\u1eddi h\u1ea1n, x\u1eed l\u00fd nhi\u1ec1u nhi\u1ec7m v\u1ee5 v\u00e0 \u0111\u1eb7t \u01b0u ti\u00ean<\/li>\n<li>S\u1eb5n s\u00e0ng l\u00e0m vi\u1ec7c \u0111\u1ed9c l\u1eadp ho\u1eb7c theo nh\u00f3m<\/li>\n<li>K\u1ef9 n\u0103ng ph\u00e2n t\u00edch khi t\u1ea1o m\u00e3 m\u00e1y t\u00ednh<\/li>\n<li>S\u1ef1 ch\u00fa \u00fd \u0111\u1ebfn chi ti\u1ebft<\/li>\n<\/ul>\n<p>tr\u00ecnh \u0111\u1ed9:<\/p>\n<ul>\n<li>B\u1eb1ng c\u1eed nh\u00e2n v\u1ec1 khoa h\u1ecdc m\u00e1y t\u00ednh ho\u1eb7c c\u00e1c l\u0129nh v\u1ef1c li\u00ean quan n\u01a1i c\u00e1c k\u1ef9 n\u0103ng n\u00e0y \u0111\u01b0\u1ee3c nghi\u00ean c\u1ee9u chuy\u00ean s\u00e2u.<\/li>\n<\/ul>\n<\/p><\/div><\/div><\/div>[\/vc_column_inner][\/vc_row_inner][\/vc_column][\/vc_row]\n<\/div>","protected":false},"excerpt":{"rendered":"<p>[vc_row top_margin=&#8221;0&#8243; bottom_margin=&#8221;0&#8243; css=&#8221;.vc_custom_1499912039446{margin-top: -30px !important;}&#8221;][vc_column][vc_row_inner][vc_column_inner][vc_empty_space height=&#8221;10px&#8221;][vc_empty_space height=&#8221;30px&#8221;][\/vc_column_inner][\/vc_row_inner][\/vc_column][\/vc_row]<\/p>\n","protected":false},"author":4,"featured_media":0,"parent":0,"menu_order":0,"comment_status":"closed","ping_status":"closed","template":"","meta":{"footnotes":""},"class_list":["post-10599","page","type-page","status-publish","hentry"],"_links":{"self":[{"href":"https:\/\/worknow.vn\/vi\/wp-json\/wp\/v2\/pages\/10599","targetHints":{"allow":["GET"]}}],"collection":[{"href":"https:\/\/worknow.vn\/vi\/wp-json\/wp\/v2\/pages"}],"about":[{"href":"https:\/\/worknow.vn\/vi\/wp-json\/wp\/v2\/types\/page"}],"author":[{"embeddable":true,"href":"https:\/\/worknow.vn\/vi\/wp-json\/wp\/v2\/users\/4"}],"replies":[{"embeddable":true,"href":"https:\/\/worknow.vn\/vi\/wp-json\/wp\/v2\/comments?post=10599"}],"version-history":[{"count":3,"href":"https:\/\/worknow.vn\/vi\/wp-json\/wp\/v2\/pages\/10599\/revisions"}],"predecessor-version":[{"id":12333,"href":"https:\/\/worknow.vn\/vi\/wp-json\/wp\/v2\/pages\/10599\/revisions\/12333"}],"wp:attachment":[{"href":"https:\/\/worknow.vn\/vi\/wp-json\/wp\/v2\/media?parent=10599"}],"curies":[{"name":"wp","href":"https:\/\/api.w.org\/{rel}","templated":true}]}}