{"id":10601,"date":"2022-08-17T09:51:41","date_gmt":"2022-08-17T09:51:41","guid":{"rendered":"https:\/\/worknow.vn\/network-engineer\/"},"modified":"2023-07-03T06:43:15","modified_gmt":"2023-07-03T06:43:15","slug":"ky-su-mang","status":"publish","type":"page","link":"https:\/\/worknow.vn\/vi\/ky-su-mang\/","title":{"rendered":"K\u1ef9 S\u01b0 M\u1ea1ng"},"content":{"rendered":"<div class=\"wpb-content-wrapper\">[vc_row top_margin=&#8221;0&#8243; bottom_margin=&#8221;0&#8243; css=&#8221;.vc_custom_1499912039446{margin-top: -30px !important;}&#8221;][vc_column]<div class=\"shortcode-wrapper shortcode-title clearfix hb-animate-element hb-fade-in\"><p style=\"color:#878787!important;border-color:#878787\" class=\"hb-text-large aligncenter\">K\u1ef9 S\u01b0 M\u1ea1ng<\/p><\/div>[vc_row_inner][vc_column_inner][vc_empty_space height=&#8221;10px&#8221;]<div class=\"shortcode-wrapper shortcode-icon-box clearfix\"><div class=\"feature-box alternative left-icon-box aligncenter\"><div class=\"feature-box-content\"><h4 class=\"bold\">M\u00f4 t\u1ea3 c\u00f4ng vi\u1ec7c<\/h4><p>K\u1ef9 s\u01b0 m\u1ea1ng l\u00e0 m\u1ed9t chuy\u00ean gia ch\u1ecbu tr\u00e1ch nhi\u1ec7m thi\u1ebft l\u1eadp v\u00e0 duy tr\u00ec m\u1ea1ng trong m\u1ed9t t\u1ed5 ch\u1ee9c ho\u1eb7c gi\u1eefa c\u00e1c t\u1ed5 ch\u1ee9c. H\u1ecd cung c\u1ea5p h\u1ed7 tr\u1ee3 cho ng\u01b0\u1eddi d\u00f9ng, nh\u00e2n vi\u00ean, kh\u00e1ch h\u00e0ng ho\u1eb7c nh\u00e0 cung c\u1ea5p. V\u00ec v\u1eady, h\u1ecd c\u1ea7n ph\u1ea3i c\u00f3 k\u1ef9 n\u0103ng kh\u1eafc ph\u1ee5c s\u1ef1 c\u1ed1 m\u1ea1nh m\u1ebd v\u00e0 c\u00f3 th\u1ec3 l\u00e0m vi\u1ec7c v\u1edbi nh\u1eefng ng\u01b0\u1eddi kh\u00e1c \u0111\u1ec3 gi\u1ea3i quy\u1ebft v\u1ea5n \u0111\u1ec1.<\/p>\n<p>K\u1ef9 s\u01b0 m\u1ea1ng ch\u1ecbu tr\u00e1ch nhi\u1ec7m thi\u1ebft k\u1ebf, tri\u1ec3n khai, gi\u00e1m s\u00e1t v\u00e0 qu\u1ea3n l\u00fd m\u1ea1ng c\u1ee5c b\u1ed9 v\u00e0 m\u1ea1ng di\u1ec7n r\u1ed9ng c\u1ee7a m\u1ed9t t\u1ed5 ch\u1ee9c \u0111\u1ec3 \u0111\u1ea3m b\u1ea3o th\u1eddi gian ho\u1ea1t \u0111\u1ed9ng t\u1ed1i \u0111a cho ng\u01b0\u1eddi d\u00f9ng. Vai tr\u00f2 n\u00e0y c\u00f3 th\u1ec3 bao g\u1ed3m thi\u1ebft k\u1ebf c\u1ea5u h\u00ecnh h\u1ec7 th\u1ed1ng, l\u1eadp t\u00e0i li\u1ec7u v\u00e0 qu\u1ea3n l\u00fd vi\u1ec7c c\u00e0i \u0111\u1eb7t m\u1ea1ng m\u1edbi, \u0111\u1ed3ng th\u1eddi b\u1ea3o tr\u00ec v\u00e0 n\u00e2ng c\u1ea5p c\u00e1c h\u1ec7 th\u1ed1ng hi\u1ec7n c\u00f3 n\u1ebfu c\u1ea7n.<\/p><\/div><\/div><\/div>[vc_empty_space height=&#8221;30px&#8221;]<div class=\"shortcode-wrapper shortcode-icon-box clearfix\"><div class=\"feature-box alternative left-icon-box aligncenter\"><div class=\"feature-box-content\"><h4 class=\"bold\">Vai tr\u00f2 v\u00e0 tr\u00e1ch nhi\u1ec7m:<\/h4><p>\n<ul>\n<li>Thi\u1ebft k\u1ebf v\u00e0 tri\u1ec3n khai c\u00e1c gi\u1ea3i ph\u00e1p m\u1ea1ng m\u1edbi v\u00e0\/ho\u1eb7c n\u00e2ng cao hi\u1ec7u qu\u1ea3 c\u1ee7a c\u00e1c m\u1ea1ng hi\u1ec7n t\u1ea1i<\/li>\n<li>C\u00e0i \u0111\u1eb7t, c\u1ea5u h\u00ecnh v\u00e0 h\u1ed7 tr\u1ee3 thi\u1ebft b\u1ecb m\u1ea1ng bao g\u1ed3m b\u1ed9 \u0111\u1ecbnh tuy\u1ebfn, m\u00e1y ch\u1ee7 proxy, b\u1ed9 chuy\u1ec3n m\u1ea1ch, b\u1ed9 t\u0103ng t\u1ed1c WAN, DNS v\u00e0 DHCP<\/li>\n<li>Mua s\u1eafm thi\u1ebft b\u1ecb m\u1ea1ng v\u00e0 qu\u1ea3n l\u00fd c\u00e1c nh\u00e0 th\u1ea7u ph\u1ee5 tham gia l\u1eafp \u0111\u1eb7t m\u1ea1ng<\/li>\n<li>\u0110\u1ecbnh c\u1ea5u h\u00ecnh t\u01b0\u1eddng l\u1eeda, \u0111\u1ecbnh tuy\u1ebfn v\u00e0 chuy\u1ec3n m\u1ea1ch \u0111\u1ec3 t\u1ed1i \u0111a h\u00f3a hi\u1ec7u qu\u1ea3 v\u00e0 b\u1ea3o m\u1eadt m\u1ea1ng<\/li>\n<li>T\u1ed1i \u0111a h\u00f3a hi\u1ec7u su\u1ea5t m\u1ea1ng th\u00f4ng qua gi\u00e1m s\u00e1t v\u00e0 kh\u1eafc ph\u1ee5c s\u1ef1 c\u1ed1 li\u00ean t\u1ee5c<\/li>\n<li>S\u1eafp x\u1ebfp n\u00e2ng c\u1ea5p theo l\u1ecbch tr\u00ecnh<\/li>\n<li>\u0110i\u1ec1u tra l\u1ed7i trong m\u1ea1ng<\/li>\n<li>C\u1eadp nh\u1eadt thi\u1ebft b\u1ecb m\u1ea1ng l\u00ean phi\u00ean b\u1ea3n ph\u1ea7n s\u1ee5n m\u1edbi nh\u1ea5t<\/li>\n<li>B\u00e1o c\u00e1o tr\u1ea1ng th\u00e1i m\u1ea1ng cho c\u00e1c b\u00ean li\u00ean quan ch\u00ednh<\/li>\n<\/ul>\n<p><strong>K\u0128 N\u0102NG THI\u1ebeT Y\u1ebeU:<\/strong><\/p>\n<ul>\n<li>\u0110\u1ea7u \u00f3c ph\u00e2n t\u00edch<\/li>\n<li>Kh\u1ea3 n\u0103ng h\u1ecdc h\u1ecfi c\u00f4ng ngh\u1ec7 m\u1edbi nhanh ch\u00f3ng<\/li>\n<li>K\u1ef9 n\u0103ng qu\u1ea3n l\u00fd th\u1eddi gian t\u1ed1t<\/li>\n<li>Kh\u1ea3 n\u0103ng tu\u00e2n th\u1ee7 c\u00e1c quy tr\u00ecnh<\/li>\n<li>K\u1ef9 n\u0103ng l\u00e0m t\u00e0i li\u1ec7u t\u1ed1t<\/li>\n<li>K\u1ef9 n\u0103ng giao ti\u1ebfp t\u1ed1t \u2013 c\u1ea3 b\u1eb1ng v\u0103n b\u1ea3n v\u00e0 b\u1eb1ng l\u1eddi n\u00f3i<\/li>\n<li>Nh\u1eadn th\u1ee9c v\u1ec1 th\u01b0\u01a1ng m\u1ea1i v\u00e0 kinh doanh<\/li>\n<\/ul>\n<p>tr\u00ecnh \u0111\u1ed9:<\/p>\n<ul>\n<li>Khoa h\u1ecdc m\u00e1y t\u00ednh<\/li>\n<li>Ph\u1ea7n m\u1ec1m m\u00e1y t\u00ednh\/k\u1ef9 thu\u1eadt h\u1ec7 th\u1ed1ng m\u00e1y t\u00ednh<\/li>\n<li>H\u1ec7 th\u1ed1ng m\u00e1y t\u00ednh v\u00e0 m\u1ea1ng<\/li>\n<li>K\u1ef9 thu\u1eadt \u0111i\u1ec7n\/\u0111i\u1ec7n t\u1eed<\/li>\n<li>Qu\u1ea3n l\u00fd an ninh m\u1ea1ng<\/li>\n<li>V\u1eadt l\u00fd<\/li>\n<\/ul>\n<\/p><\/div><\/div><\/div>[\/vc_column_inner][\/vc_row_inner][\/vc_column][\/vc_row]\n<\/div>","protected":false},"excerpt":{"rendered":"<p>[vc_row top_margin=&#8221;0&#8243; bottom_margin=&#8221;0&#8243; css=&#8221;.vc_custom_1499912039446{margin-top: -30px !important;}&#8221;][vc_column][vc_row_inner][vc_column_inner][vc_empty_space height=&#8221;10px&#8221;][vc_empty_space height=&#8221;30px&#8221;][\/vc_column_inner][\/vc_row_inner][\/vc_column][\/vc_row]<\/p>\n","protected":false},"author":4,"featured_media":0,"parent":0,"menu_order":0,"comment_status":"closed","ping_status":"closed","template":"","meta":{"nf_dc_page":"","footnotes":""},"class_list":["post-10601","page","type-page","status-publish","hentry"],"_links":{"self":[{"href":"https:\/\/worknow.vn\/vi\/wp-json\/wp\/v2\/pages\/10601","targetHints":{"allow":["GET"]}}],"collection":[{"href":"https:\/\/worknow.vn\/vi\/wp-json\/wp\/v2\/pages"}],"about":[{"href":"https:\/\/worknow.vn\/vi\/wp-json\/wp\/v2\/types\/page"}],"author":[{"embeddable":true,"href":"https:\/\/worknow.vn\/vi\/wp-json\/wp\/v2\/users\/4"}],"replies":[{"embeddable":true,"href":"https:\/\/worknow.vn\/vi\/wp-json\/wp\/v2\/comments?post=10601"}],"version-history":[{"count":3,"href":"https:\/\/worknow.vn\/vi\/wp-json\/wp\/v2\/pages\/10601\/revisions"}],"predecessor-version":[{"id":12331,"href":"https:\/\/worknow.vn\/vi\/wp-json\/wp\/v2\/pages\/10601\/revisions\/12331"}],"wp:attachment":[{"href":"https:\/\/worknow.vn\/vi\/wp-json\/wp\/v2\/media?parent=10601"}],"curies":[{"name":"wp","href":"https:\/\/api.w.org\/{rel}","templated":true}]}}