{"id":10603,"date":"2022-08-17T09:52:52","date_gmt":"2022-08-17T09:52:52","guid":{"rendered":"https:\/\/worknow.vn\/user-experience-ux-designer\/"},"modified":"2023-07-03T06:47:47","modified_gmt":"2023-07-03T06:47:47","slug":"nha-thiet-ke-trai-nghiem-nguoi-dung-ux","status":"publish","type":"page","link":"https:\/\/worknow.vn\/vi\/nha-thiet-ke-trai-nghiem-nguoi-dung-ux\/","title":{"rendered":"Nh\u00e0 Thi\u1ebft K\u1ebf Tr\u1ea3i Nghi\u1ec7m Ng\u01b0\u1eddi D\u00f9ng ( UX )"},"content":{"rendered":"<div class=\"wpb-content-wrapper\">[vc_row top_margin=&#8221;0&#8243; bottom_margin=&#8221;0&#8243; css=&#8221;.vc_custom_1499912039446{margin-top: -30px !important;}&#8221;][vc_column]<div class=\"shortcode-wrapper shortcode-title clearfix hb-animate-element hb-fade-in\"><p style=\"color:#878787!important;border-color:#878787\" class=\"hb-text-large aligncenter\">Nh\u00e0 Thi\u1ebft K\u1ebf Tr\u1ea3i Nghi\u1ec7m Ng\u01b0\u1eddi D\u00f9ng ( UX )<\/p><\/div>[vc_row_inner][vc_column_inner][vc_empty_space height=&#8221;10px&#8221;]<div class=\"shortcode-wrapper shortcode-icon-box clearfix\"><div class=\"feature-box alternative left-icon-box aligncenter\"><div class=\"feature-box-content\"><h4 class=\"bold\">M\u00f4 t\u1ea3 c\u00f4ng vi\u1ec7c<\/h4><p>Vai tr\u00f2 c\u1ee7a nh\u00e0 thi\u1ebft k\u1ebf UX l\u00e0 l\u00e0m cho m\u1ed9t s\u1ea3n ph\u1ea9m ho\u1eb7c d\u1ecbch v\u1ee5 c\u00f3 th\u1ec3 s\u1eed d\u1ee5ng \u0111\u01b0\u1ee3c, th\u00fa v\u1ecb v\u00e0 d\u1ec5 ti\u1ebfp c\u1eadn. Trong khi nhi\u1ec1u c\u00f4ng ty thi\u1ebft k\u1ebf tr\u1ea3i nghi\u1ec7m ng\u01b0\u1eddi d\u00f9ng, thu\u1eadt ng\u1eef n\u00e0y th\u01b0\u1eddng \u0111\u01b0\u1ee3c li\u00ean k\u1ebft v\u1edbi thi\u1ebft k\u1ebf k\u1ef9 thu\u1eadt s\u1ed1 cho c\u00e1c trang web v\u00e0 \u1ee9ng d\u1ee5ng. M\u1eb7c d\u00f9 quy tr\u00ecnh ch\u00ednh x\u00e1c thay \u0111\u1ed5i t\u1eeb s\u1ea3n ph\u1ea9m n\u00e0y sang s\u1ea3n ph\u1ea9m kh\u00e1c v\u00e0 t\u1eeb c\u00f4ng ty n\u00e0y sang c\u00f4ng ty kh\u00e1c, nh\u01b0ng c\u00e1c giai \u0111o\u1ea1n chung c\u1ee7a thi\u1ebft k\u1ebf c\u00f3 xu h\u01b0\u1edbng gi\u1eef nguy\u00ean.<\/p>\n<p>L\u00e0 nh\u00e0 thi\u1ebft k\u1ebf tr\u1ea3i nghi\u1ec7m ng\u01b0\u1eddi d\u00f9ng, b\u1ea1n ch\u1ecbu tr\u00e1ch nhi\u1ec7m v\u1ec1 s\u1ef1 h\u00e0i l\u00f2ng chung c\u1ee7a ng\u01b0\u1eddi d\u00f9ng \u0111\u1ed1i v\u1edbi s\u1ea3n ph\u1ea9m. H\u00e3y coi m\u00ecnh l\u00e0 ng\u01b0\u1eddi \u1ee7ng h\u1ed9 kh\u00e1ch h\u00e0ng, lu\u00f4n t\u00ecm c\u00e1ch c\u1ea3i thi\u1ec7n tr\u1ea3i nghi\u1ec7m c\u1ee7a kh\u00e1ch h\u00e0ng.<\/p><\/div><\/div><\/div>[vc_empty_space height=&#8221;30px&#8221;]<div class=\"shortcode-wrapper shortcode-icon-box clearfix\"><div class=\"feature-box alternative left-icon-box aligncenter\"><div class=\"feature-box-content\"><h4 class=\"bold\">Vai tr\u00f2 v\u00e0 tr\u00e1ch nhi\u1ec7m:<\/h4><p>\n<ul>\n<li>Th\u1ea5u hi\u1ec3u ng\u01b0\u1eddi d\u00f9ng v\u00e0 th\u01b0\u01a1ng hi\u1ec7u.<\/li>\n<li>Ti\u1ebfn h\u00e0nh nghi\u00ean c\u1ee9u ng\u01b0\u1eddi d\u00f9ng.<\/li>\n<li>Ph\u00e2n t\u00edch nh\u1eefng g\u00ec b\u1ea1n \u0111\u00e3 h\u1ecdc \u0111\u01b0\u1ee3c<\/li>\n<li>Thi\u1ebft k\u1ebf<\/li>\n<li>Ti\u1ebfn h\u00e0nh ki\u1ec3m tra ng\u01b0\u1eddi d\u00f9ng.<\/li>\n<li>Tr\u00ecnh b\u00e0y c\u00f4ng vi\u1ec7c c\u1ee7a b\u1ea1n.<\/li>\n<\/ul>\n<p><strong>K\u0129 n\u0103ng thi\u1ebft y\u1ebfu:<\/strong><\/p>\n<ul>\n<li>Nghi\u00ean c\u1ee9u UX<\/li>\n<li>T\u1ea1o khung &amp; t\u1ea1o m\u1eabu<\/li>\n<li>Giao ti\u1ebfp b\u1eb1ng h\u00ecnh \u1ea3nh<\/li>\n<li>Thi\u1ebft k\u1ebf t\u01b0\u01a1ng t\u00e1c<\/li>\n<li>T\u01b0 duy thi\u1ebft k\u1ebf<\/li>\n<li>Lu\u1ed3ng ng\u01b0\u1eddi d\u00f9ng<\/li>\n<li>Thi\u1ebft k\u1ebf t\u01b0\u01a1ng t\u00e1c<\/li>\n<li>Th\u1eed nghi\u1ec7m thi\u1ebft k\u1ebf<\/li>\n<li>L\u1eadp b\u1ea3n \u0111\u1ed3 quy\u1ebft \u0111\u1ecbnh<\/li>\n<li>Ki\u1ebfn tr\u00fac th\u00f4ng tin<\/li>\n<li>T\u00e2m tr\u1ea1ng l\u00ean m\u00e1y bay<\/li>\n<li>Thi\u1ebft k\u1ebf h\u00ecnh \u1ea3nh &amp; giao di\u1ec7n ng\u01b0\u1eddi d\u00f9ng<\/li>\n<li>L\u1eadp tr\u00ecnh\u2014tranh lu\u1eadn<\/li>\n<\/ul>\n<\/p><\/div><\/div><\/div>[\/vc_column_inner][\/vc_row_inner][\/vc_column][\/vc_row]\n<\/div>","protected":false},"excerpt":{"rendered":"<p>[vc_row top_margin=&#8221;0&#8243; bottom_margin=&#8221;0&#8243; css=&#8221;.vc_custom_1499912039446{margin-top: -30px !important;}&#8221;][vc_column][vc_row_inner][vc_column_inner][vc_empty_space height=&#8221;10px&#8221;][vc_empty_space height=&#8221;30px&#8221;][\/vc_column_inner][\/vc_row_inner][\/vc_column][\/vc_row]<\/p>\n","protected":false},"author":4,"featured_media":0,"parent":0,"menu_order":0,"comment_status":"closed","ping_status":"closed","template":"","meta":{"nf_dc_page":"","footnotes":""},"class_list":["post-10603","page","type-page","status-publish","hentry"],"_links":{"self":[{"href":"https:\/\/worknow.vn\/vi\/wp-json\/wp\/v2\/pages\/10603","targetHints":{"allow":["GET"]}}],"collection":[{"href":"https:\/\/worknow.vn\/vi\/wp-json\/wp\/v2\/pages"}],"about":[{"href":"https:\/\/worknow.vn\/vi\/wp-json\/wp\/v2\/types\/page"}],"author":[{"embeddable":true,"href":"https:\/\/worknow.vn\/vi\/wp-json\/wp\/v2\/users\/4"}],"replies":[{"embeddable":true,"href":"https:\/\/worknow.vn\/vi\/wp-json\/wp\/v2\/comments?post=10603"}],"version-history":[{"count":4,"href":"https:\/\/worknow.vn\/vi\/wp-json\/wp\/v2\/pages\/10603\/revisions"}],"predecessor-version":[{"id":12339,"href":"https:\/\/worknow.vn\/vi\/wp-json\/wp\/v2\/pages\/10603\/revisions\/12339"}],"wp:attachment":[{"href":"https:\/\/worknow.vn\/vi\/wp-json\/wp\/v2\/media?parent=10603"}],"curies":[{"name":"wp","href":"https:\/\/api.w.org\/{rel}","templated":true}]}}