{"id":10605,"date":"2022-08-17T09:53:56","date_gmt":"2022-08-17T09:53:56","guid":{"rendered":"https:\/\/worknow.vn\/security-engineer\/"},"modified":"2023-07-03T06:47:52","modified_gmt":"2023-07-03T06:47:52","slug":"ky-su-bao-mat","status":"publish","type":"page","link":"https:\/\/worknow.vn\/vi\/ky-su-bao-mat\/","title":{"rendered":"K\u1ef9 S\u01b0 B\u1ea3o M\u1eadt"},"content":{"rendered":"<div class=\"wpb-content-wrapper\">[vc_row top_margin=&#8221;0&#8243; bottom_margin=&#8221;0&#8243; css=&#8221;.vc_custom_1499912039446{margin-top: -30px !important;}&#8221;][vc_column]<div class=\"shortcode-wrapper shortcode-title clearfix hb-animate-element hb-fade-in\"><p style=\"color:#878787!important;border-color:#878787\" class=\"hb-text-large aligncenter\">K\u1ef9 S\u01b0 B\u1ea3o M\u1eadt<\/p><\/div>[vc_row_inner][vc_column_inner][vc_empty_space height=&#8221;10px&#8221;]<div class=\"shortcode-wrapper shortcode-icon-box clearfix\"><div class=\"feature-box alternative left-icon-box aligncenter\"><div class=\"feature-box-content\"><h4 class=\"bold\">M\u00f4 t\u1ea3 c\u00f4ng vi\u1ec7c<\/h4><p>K\u1ef9 s\u01b0 b\u1ea3o m\u1eadt C\u00e1c k\u1ef9 s\u01b0 b\u1ea3o m\u1eadt gi\u1eef an to\u00e0n cho d\u1eef li\u1ec7u nh\u1ea1y c\u1ea3m kh\u1ecfi c\u00e1c h\u00e0nh vi vi ph\u1ea1m, khai th\u00e1c v\u00e0 r\u00f2 r\u1ec9. Nh\u1eefng chuy\u00ean gia n\u00e0y b\u1ea3o v\u1ec7 d\u1eef li\u1ec7u, danh ti\u1ebfng v\u00e0 t\u00e0i ch\u00ednh c\u1ee7a t\u1ed5 ch\u1ee9c. H\u1ecd b\u1ea3o m\u1eadt th\u00f4ng tin kh\u00e1ch h\u00e0ng, h\u1ed3 s\u01a1 t\u00e0i ch\u00ednh v\u00e0 th\u00f4ng tin b\u00ed m\u1eadt kh\u00e1c.<\/p>\n<p>\u0110\u1ec3 ho\u00e0n th\u00e0nh m\u1ee5c ti\u00eau n\u00e0y, c\u00e1c k\u1ef9 s\u01b0 b\u1ea3o m\u1eadt th\u01b0\u1eddng l\u00e0m vi\u1ec7c v\u1edbi m\u1ed9t nh\u00f3m bao g\u1ed3m c\u00e1c chuy\u00ean gia an ninh m\u1ea1ng kh\u00e1c. \u0110i\u1ec1u n\u00e0y bao g\u1ed3m ng\u01b0\u1eddi ki\u1ec3m tra th\u00e2m nh\u1eadp, nh\u00e0 ph\u00e2n t\u00edch b\u1ea3o m\u1eadt v\u00e0 nh\u00e0 qu\u1ea3n l\u00fd c\u00f4ng ngh\u1ec7.<\/p>\n<p>C\u00e1c k\u1ef9 s\u01b0 an ninh m\u1ea1ng ph\u00e1t hi\u1ec7n, \u0111i\u1ec1u tra v\u00e0 ng\u0103n ch\u1eb7n c\u00e1c cu\u1ed9c t\u1ea5n c\u00f4ng. H\u1ecd gi\u1ea3i quy\u1ebft c\u00e1c v\u1ea5n \u0111\u1ec1 v\u1ec1 c\u00f4ng ngh\u1ec7 nh\u01b0 ph\u1ea7n m\u1ec1m v\u00e0 thi\u1ebft b\u1ecb CNTT. C\u1ee5 th\u1ec3, c\u00e1c k\u1ef9 s\u01b0 b\u1ea3o m\u1eadt c\u00e0i \u0111\u1eb7t t\u01b0\u1eddng l\u1eeda, ph\u00e1t tri\u1ec3n c\u00e1c h\u1ec7 th\u1ed1ng ph\u00e1t hi\u1ec7n vi ph\u1ea1m v\u00e0 l\u00e0m vi\u1ec7c v\u1edbi c\u00e1c chuy\u00ean gia kh\u00e1c \u0111\u1ec3 gi\u1ea3i quy\u1ebft c\u00e1c v\u1ea5n \u0111\u1ec1 li\u00ean quan \u0111\u1ebfn b\u1ea3o m\u1eadt.<\/p><\/div><\/div><\/div>[vc_empty_space height=&#8221;30px&#8221;]<div class=\"shortcode-wrapper shortcode-icon-box clearfix\"><div class=\"feature-box alternative left-icon-box aligncenter\"><div class=\"feature-box-content\"><h4 class=\"bold\">Vai tr\u00f2 v\u00e0 tr\u00e1ch nhi\u1ec7m:<\/h4><p>\n<ul>\n<li>Hi\u1ec3u c\u00e1c v\u1ea5n \u0111\u1ec1 k\u1ef9 thu\u1eadt ph\u1ee9c t\u1ea1p v\u00e0 qu\u1ea3n l\u00fd ch\u00fang trong m\u00f4i tr\u01b0\u1eddng kinh doanh c\u00f3 nh\u1ecbp \u0111\u1ed9 nhanh<\/li>\n<li>B\u1ea3o tr\u00ec t\u1ea5t c\u1ea3 ph\u1ea7n m\u1ec1m v\u00e0 ph\u1ea7n c\u1ee9ng li\u00ean quan \u0111\u1ebfn b\u1ea3o m\u1eadt<\/li>\n<li>Ch\u1ee9ng nh\u1eadn t\u00e0i li\u1ec7u b\u1ea3o m\u1eadt<\/li>\n<li>X\u00e1c \u0111\u1ecbnh c\u00e1c v\u1ea5n \u0111\u1ec1 c\u00f4ng ngh\u1ec7 hi\u1ec7n t\u1ea1i v\u00e0 m\u1edbi bao g\u1ed3m xu h\u01b0\u1edbng b\u1ea3o m\u1eadt, l\u1ed7 t\u1ea5n c\u00f4ng v\u00e0 m\u1ed1i \u0111e d\u1ecda t\u1ea5n c\u00f4ng<\/li>\n<li>Th\u00f4ng b\u00e1o v\u1ec1 m\u1ed1i \u0111e d\u1ecda t\u1ea5n c\u00f4ng<\/li>\n<li>T\u00ecm ngu\u1ed3n cung \u1ee9ng v\u00e0 tri\u1ec3n khai c\u00e1c gi\u1ea3i ph\u00e1p b\u1ea3o m\u1eadt m\u1edbi \u0111\u1ec3 b\u1ea3o v\u1ec7 t\u1ed5 ch\u1ee9c t\u1ed1t h\u01a1n<\/li>\n<li>Ti\u1ebfn h\u00e0nh nghi\u00ean c\u1ee9u ch\u1ee7 \u0111\u1ed9ng \u0111\u1ec3 ph\u00e2n t\u00edch c\u00e1c \u0111i\u1ec3m y\u1ebfu b\u1ea3o m\u1eadt v\u00e0 \u0111\u1ec1 xu\u1ea5t c\u00e1c chi\u1ebfn l\u01b0\u1ee3c ph\u00f9 h\u1ee3p<\/li>\n<li>Li\u00ean l\u1ea1c v\u1edbi c\u00e1c nh\u00e0 cung c\u1ea5p \u0111\u1ec3 tri\u1ec3n khai c\u00e1c gi\u1ea3i ph\u00e1p b\u1ea3o m\u1eadt<\/li>\n<\/ul>\n<p>Elemental element:<\/p>\n<ul>\n<li>Ki\u1ebfn th\u1ee9c chuy\u00ean s\u00e2u v\u1ec1 b\u1ea3o m\u1eadt h\u1ec7 \u0111i\u1ec1u h\u00e0nh v\u00e0 c\u01a1 s\u1edf d\u1eef li\u1ec7u<\/li>\n<li>Th\u00e0nh c\u00f4ng c\u00e1c c\u00f4ng ngh\u1ec7 m\u1ea1ng, an ninh m\u1ea1ng v\u00e0 c\u00e1c gi\u1ea3i ph\u00e1p gi\u00e1m s\u00e1t m\u1ea1ng<\/li>\n<li>Ki\u1ebfn th\u1ee9c v\u1ec1 c\u00e1c h\u1ec7 th\u1ed1ng b\u1ea3o m\u1eadt bao g\u1ed3m c\u00e1c \u1ee9ng d\u1ee5ng ch\u1ed1ng vi r\u00fat, l\u1ecdc n\u1ed9i dung, t\u01b0\u1eddng l\u1eeda, h\u1ec7 th\u1ed1ng x\u00e1c th\u1ef1c v\u00e0 h\u1ec7 th\u1ed1ng th\u00f4ng b\u00e1o v\u00e0 ph\u00e1t hi\u1ec7n x\u00e2m nh\u1eadp<\/li>\n<li>Ki\u1ebfn th\u1ee9c chuy\u00ean s\u00e2u v\u1ec1 c\u00e1c nguy\u00ean t\u1eafc v\u00e0 b\u1ea3o m\u1eadt giao th\u1ee9c<\/li>\n<li>K\u1ef9 n\u0103ng t\u01b0 duy ph\u1ea3n bi\u1ec7n v\u00e0 kh\u1ea3 n\u0103ng gi\u1ea3i quy\u1ebft c\u00e1c v\u1ea5n \u0111\u1ec1 ph\u1ee9c t\u1ea1p<\/li>\n<\/ul>\n<p>Tr\u00ecnh \u0111\u1ed9:<\/p>\n<ul>\n<li>C\u1eed nh\u00e2n Khoa h\u1ecdc M\u00e1y t\u00ednh ho\u1eb7c l\u0129nh v\u1ef1c li\u00ean quan<\/li>\n<li>Kinh nghi\u1ec7m l\u00e0m vi\u1ec7c t\u1eeb 5 n\u0103m tr\u1edf l\u00ean t\u1ea1i v\u1ecb tr\u00ed K\u1ef9 s\u01b0 b\u1ea3o m\u1eadt h\u1ec7 th\u1ed1ng ho\u1eb7c v\u1ecb tr\u00ed li\u00ean quan<\/li>\n<li>Kinh nghi\u1ec7m \u0111\u00e3 \u0111\u01b0\u1ee3c ch\u1ee9ng minh trong qu\u00e1 tr\u00ecnh ph\u00e1t tri\u1ec3n, v\u1eadn h\u00e0nh v\u00e0 b\u1ea3o tr\u00ec c\u00e1c h\u1ec7 th\u1ed1ng b\u1ea3o m\u1eadt<\/li>\n<\/ul>\n<\/p><\/div><\/div><\/div>[\/vc_column_inner][\/vc_row_inner][\/vc_column][\/vc_row]\n<\/div>","protected":false},"excerpt":{"rendered":"<p>[vc_row top_margin=&#8221;0&#8243; bottom_margin=&#8221;0&#8243; css=&#8221;.vc_custom_1499912039446{margin-top: -30px !important;}&#8221;][vc_column][vc_row_inner][vc_column_inner][vc_empty_space height=&#8221;10px&#8221;][vc_empty_space height=&#8221;30px&#8221;][\/vc_column_inner][\/vc_row_inner][\/vc_column][\/vc_row]<\/p>\n","protected":false},"author":4,"featured_media":0,"parent":0,"menu_order":0,"comment_status":"closed","ping_status":"closed","template":"","meta":{"nf_dc_page":"","footnotes":""},"class_list":["post-10605","page","type-page","status-publish","hentry"],"_links":{"self":[{"href":"https:\/\/worknow.vn\/vi\/wp-json\/wp\/v2\/pages\/10605","targetHints":{"allow":["GET"]}}],"collection":[{"href":"https:\/\/worknow.vn\/vi\/wp-json\/wp\/v2\/pages"}],"about":[{"href":"https:\/\/worknow.vn\/vi\/wp-json\/wp\/v2\/types\/page"}],"author":[{"embeddable":true,"href":"https:\/\/worknow.vn\/vi\/wp-json\/wp\/v2\/users\/4"}],"replies":[{"embeddable":true,"href":"https:\/\/worknow.vn\/vi\/wp-json\/wp\/v2\/comments?post=10605"}],"version-history":[{"count":4,"href":"https:\/\/worknow.vn\/vi\/wp-json\/wp\/v2\/pages\/10605\/revisions"}],"predecessor-version":[{"id":12338,"href":"https:\/\/worknow.vn\/vi\/wp-json\/wp\/v2\/pages\/10605\/revisions\/12338"}],"wp:attachment":[{"href":"https:\/\/worknow.vn\/vi\/wp-json\/wp\/v2\/media?parent=10605"}],"curies":[{"name":"wp","href":"https:\/\/api.w.org\/{rel}","templated":true}]}}