{"id":10609,"date":"2022-08-17T09:57:41","date_gmt":"2022-08-17T09:57:41","guid":{"rendered":"https:\/\/worknow.vn\/robotics-engineer\/"},"modified":"2023-07-03T06:47:16","modified_gmt":"2023-07-03T06:47:16","slug":"ky-su-nguoi-may","status":"publish","type":"page","link":"https:\/\/worknow.vn\/vi\/ky-su-nguoi-may\/","title":{"rendered":"K\u1ef9 S\u01b0 Ng\u01b0\u1eddi M\u00e1y"},"content":{"rendered":"<div class=\"wpb-content-wrapper\">[vc_row top_margin=&#8221;0&#8243; bottom_margin=&#8221;0&#8243; css=&#8221;.vc_custom_1499912039446{margin-top: -30px !important;}&#8221;][vc_column]<div class=\"shortcode-wrapper shortcode-title clearfix hb-animate-element hb-fade-in\"><p style=\"color:#878787!important;border-color:#878787\" class=\"hb-text-large aligncenter\">K\u1ef9 S\u01b0 Ng\u01b0\u1eddi M\u00e1y<\/p><\/div>[vc_row_inner][vc_column_inner][vc_empty_space height=&#8221;10px&#8221;]<div class=\"shortcode-wrapper shortcode-icon-box clearfix\"><div class=\"feature-box alternative left-icon-box aligncenter\"><div class=\"feature-box-content\"><h4 class=\"bold\">M\u00f4 t\u1ea3 c\u00f4ng vi\u1ec7c<\/h4><p>C\u00e1c k\u1ef9 s\u01b0 ng\u01b0\u1eddi m\u00e1y t\u1ea1o ra c\u00e1c \u1ee9ng d\u1ee5ng ho\u1eb7c m\u00e1y m\u00f3c t\u00e1i t\u1ea1o h\u00e0nh \u0111\u1ed9ng c\u1ee7a con ng\u01b0\u1eddi cho nhi\u1ec1u ng\u00e0nh kh\u00e1c nhau bao g\u1ed3m khai th\u00e1c m\u1ecf, \u00f4 t\u00f4, s\u1ea3n xu\u1ea5t, v\u1eadn chuy\u1ec3n v\u00e0 h\u1eadu c\u1ea7n. C\u00f4ng vi\u1ec7c c\u1ee7a m\u1ed9t k\u1ef9 s\u01b0 ch\u1ebf t\u1ea1o r\u00f4-b\u1ed1t lu\u00f4n \u0111\u1ea7y h\u1ee9ng th\u00fa, t\u1eeb ph\u00e1t tri\u1ec3n r\u00f4-b\u1ed1t \u0111\u1ec3 h\u00fat b\u1ee5i s\u00e0n nh\u00e0 \u0111\u1ebfn t\u1ea1o ra c\u00e1c h\u1ec7 th\u1ed1ng t\u00edch h\u1ee3p \u0111\u1ec3 \u0111i\u1ec1u khi\u1ec3n t\u00ean l\u1eeda. B\u00ean c\u1ea1nh c\u00e1c c\u01a1 h\u1ed9i h\u1ecdc t\u1eadp to l\u1edbn, c\u00e1c k\u1ef9 s\u01b0 robot c\u0169ng \u0111ang c\u00f3 nhu c\u1ea7u l\u1edbn khi t\u1ea5t c\u1ea3 c\u00e1c ng\u00e0nh c\u00f4ng nghi\u1ec7p \u0111\u1ec1u h\u01b0\u1edbng t\u1edbi s\u1ef1 ph\u00e1t tri\u1ec3n d\u1ef1a tr\u00ean t\u1ef1 \u0111\u1ed9ng h\u00f3a v\u00e0 tr\u00ed tu\u1ec7 nh\u00e2n t\u1ea1o.<\/p><\/div><\/div><\/div>[vc_empty_space height=&#8221;30px&#8221;]<div class=\"shortcode-wrapper shortcode-icon-box clearfix\"><div class=\"feature-box alternative left-icon-box aligncenter\"><div class=\"feature-box-content\"><h4 class=\"bold\">Vai tr\u00f2 v\u00e0 tr\u00e1ch nhi\u1ec7m:<\/h4><p>\n<ul>\n<li>Th\u1ef1c hi\u1ec7n t\u00ednh to\u00e1n thi\u1ebft k\u1ebf \u0111\u1ec3 t\u1ed1i \u01b0u h\u00f3a h\u1ec7 th\u1ed1ng robot<\/li>\n<li>L\u00ean \u00fd t\u01b0\u1edfng thi\u1ebft k\u1ebf robot m\u1edbi<\/li>\n<li>Ph\u00e2n t\u00edch d\u1eef li\u1ec7u c\u1ea3m bi\u1ebfn v\u00e0 \u0111\u01b0a ra k\u1ebft lu\u1eadn ph\u00f9 h\u1ee3p \u0111\u1ec3 c\u1ea3i thi\u1ec7n hi\u1ec7u qu\u1ea3 c\u1ee7a r\u00f4-b\u1ed1t<\/li>\n<li>X\u00e2y d\u1ef1ng v\u00e0 t\u1ea1o r\u00f4 b\u1ed1t b\u1eb1ng c\u00e1ch s\u1eed d\u1ee5ng qu\u00e1 tr\u00ecnh s\u1ea3n xu\u1ea5t c\u00e1c b\u1ed9 ph\u1eadn v\u00e0 c\u1ee5m l\u1eafp r\u00e1p c\u00f3 s\u1ef1 h\u1ed7 tr\u1ee3 c\u1ee7a m\u00e1y t\u00ednh<\/li>\n<li>Th\u1ef1c hi\u1ec7n \u01b0\u1edbc t\u00ednh chi ph\u00ed v\u00e0 l\u1ef1a ch\u1ecdn ph\u01b0\u01a1ng ph\u00e1p chi ph\u00ed hi\u1ec7u qu\u1ea3 nh\u1ea5t<\/li>\n<li>\u00c1p d\u1ee5ng c\u00e1c nguy\u00ean t\u1eafc h\u1ecdc m\u00e1y \u0111\u1ec3 n\u00e2ng cao hi\u1ec7u qu\u1ea3 quy tr\u00ecnh<\/li>\n<\/ul>\n<p>K\u0129 n\u0103ng thi\u1ebft y\u1ebfu:<\/p>\n<ul>\n<li>K\u1ef9 n\u0103ng giao ti\u1ebfp b\u1eb1ng l\u1eddi n\u00f3i v\u00e0 b\u1eb1ng v\u0103n b\u1ea3n tuy\u1ec7t v\u1eddi<\/li>\n<li>Kh\u1ea3 n\u0103ng to\u00e1n h\u1ecdc xu\u1ea5t s\u1eafc.<\/li>\n<li>K\u1ef9 n\u0103ng ph\u00e2n t\u00edch v\u00e0 gi\u1ea3i quy\u1ebft v\u1ea5n \u0111\u1ec1 t\u1ed1t.<\/li>\n<li>K\u1ef9 n\u0103ng t\u1ed5 ch\u1ee9c xu\u1ea5t s\u1eafc v\u00e0 ch\u00fa \u00fd \u0111\u1ebfn t\u1eebng chi ti\u1ebft.<\/li>\n<li>Kh\u1ea3 n\u0103ng s\u1eed d\u1ee5ng c\u00f4ng c\u1ee5 v\u00e0 th\u1ef1c hi\u1ec7n c\u00f4ng vi\u1ec7c.<\/li>\n<\/ul>\n<p>&nbsp;<\/p>\n<p>tr\u00ecnh \u0111\u1ed9:<\/p>\n<ul>\n<li>B\u1eb1ng c\u1ea5p v\u1ec1 Khoa h\u1ecdc M\u00e1y t\u00ednh, K\u1ef9 thu\u1eadt ho\u1eb7c l\u0129nh v\u1ef1c li\u00ean quan<\/li>\n<li>B\u1ea1n \u0111\u00e3 c\u00f3 kinh nghi\u1ec7m tr\u01b0\u1edbc \u0111\u00e2y v\u1edbi t\u01b0 c\u00e1ch l\u00e0 K\u1ef9 s\u01b0 ng\u01b0\u1eddi m\u00e1y<\/li>\n<li>Ki\u1ebfn th\u1ee9c t\u1ed1t v\u1ec1 CAD v\u00e0\/ho\u1eb7c CAM<\/li>\n<li>Th\u00e0nh th\u1ea1o ph\u1ea7n m\u1ec1m trung gian Robotics nh\u01b0 H\u1ec7 \u0111i\u1ec1u h\u00e0nh Robot (ROS)<\/li>\n<li>Ki\u1ebfn th\u1ee9c v\u1ec1 h\u1ec7 th\u1ed1ng th\u1ecb gi\u00e1c 2D v\u00e0 3D, AI v\u00e0 m\u00e1y h\u1ecdc v\u00e0 Internet v\u1ea1n v\u1eadt (IoT)<\/li>\n<\/ul>\n<\/p><\/div><\/div><\/div>[\/vc_column_inner][\/vc_row_inner][\/vc_column][\/vc_row]\n<\/div>","protected":false},"excerpt":{"rendered":"<p>[vc_row top_margin=&#8221;0&#8243; bottom_margin=&#8221;0&#8243; css=&#8221;.vc_custom_1499912039446{margin-top: -30px !important;}&#8221;][vc_column][vc_row_inner][vc_column_inner][vc_empty_space height=&#8221;10px&#8221;][vc_empty_space height=&#8221;30px&#8221;][\/vc_column_inner][\/vc_row_inner][\/vc_column][\/vc_row]<\/p>\n","protected":false},"author":4,"featured_media":0,"parent":0,"menu_order":0,"comment_status":"closed","ping_status":"closed","template":"","meta":{"nf_dc_page":"","footnotes":""},"class_list":["post-10609","page","type-page","status-publish","hentry"],"_links":{"self":[{"href":"https:\/\/worknow.vn\/vi\/wp-json\/wp\/v2\/pages\/10609","targetHints":{"allow":["GET"]}}],"collection":[{"href":"https:\/\/worknow.vn\/vi\/wp-json\/wp\/v2\/pages"}],"about":[{"href":"https:\/\/worknow.vn\/vi\/wp-json\/wp\/v2\/types\/page"}],"author":[{"embeddable":true,"href":"https:\/\/worknow.vn\/vi\/wp-json\/wp\/v2\/users\/4"}],"replies":[{"embeddable":true,"href":"https:\/\/worknow.vn\/vi\/wp-json\/wp\/v2\/comments?post=10609"}],"version-history":[{"count":3,"href":"https:\/\/worknow.vn\/vi\/wp-json\/wp\/v2\/pages\/10609\/revisions"}],"predecessor-version":[{"id":12336,"href":"https:\/\/worknow.vn\/vi\/wp-json\/wp\/v2\/pages\/10609\/revisions\/12336"}],"wp:attachment":[{"href":"https:\/\/worknow.vn\/vi\/wp-json\/wp\/v2\/media?parent=10609"}],"curies":[{"name":"wp","href":"https:\/\/api.w.org\/{rel}","templated":true}]}}