{"id":10611,"date":"2022-08-17T09:58:51","date_gmt":"2022-08-17T09:58:51","guid":{"rendered":"https:\/\/worknow.vn\/automation-engineer\/"},"modified":"2023-07-03T06:47:02","modified_gmt":"2023-07-03T06:47:02","slug":"ky-su-tu-dong-hoa","status":"publish","type":"page","link":"https:\/\/worknow.vn\/vi\/ky-su-tu-dong-hoa\/","title":{"rendered":"K\u1ef9 S\u01b0 T\u1ef1 \u0110\u1ed9ng H\u00f3a"},"content":{"rendered":"<div class=\"wpb-content-wrapper\">[vc_row top_margin=&#8221;0&#8243; bottom_margin=&#8221;0&#8243; css=&#8221;.vc_custom_1499912039446{margin-top: -30px !important;}&#8221;][vc_column]<div class=\"shortcode-wrapper shortcode-title clearfix hb-animate-element hb-fade-in\"><p style=\"color:#878787!important;border-color:#878787\" class=\"hb-text-large aligncenter\">K\u1ef9 S\u01b0 T\u1ef1 \u0110\u1ed9ng H\u00f3a<\/p><\/div>[vc_row_inner][vc_column_inner][vc_empty_space height=&#8221;10px&#8221;]<div class=\"shortcode-wrapper shortcode-icon-box clearfix\"><div class=\"feature-box alternative left-icon-box aligncenter\"><div class=\"feature-box-content\"><h4 class=\"bold\">M\u00f4 t\u1ea3 c\u00f4ng vi\u1ec7c<\/h4><p>C\u00e1c k\u1ef9 s\u01b0 ng\u01b0\u1eddi m\u00e1y t\u1ea1o ra c\u00e1c \u1ee9ng d\u1ee5ng ho\u1eb7c m\u00e1y m\u00f3c t\u00e1i t\u1ea1o h\u00e0nh \u0111\u1ed9ng c\u1ee7a con ng\u01b0\u1eddi cho nhi\u1ec1u ng\u00e0nh kh\u00e1c nhau bao g\u1ed3m khai th\u00e1c m\u1ecf, \u00f4 t\u00f4, s\u1ea3n xu\u1ea5t, v\u1eadn chuy\u1ec3n v\u00e0 h\u1eadu c\u1ea7n. C\u00f4ng vi\u1ec7c c\u1ee7a m\u1ed9t k\u1ef9 s\u01b0 ch\u1ebf t\u1ea1o r\u00f4-b\u1ed1t lu\u00f4n \u0111\u1ea7y h\u1ee9ng th\u00fa, t\u1eeb ph\u00e1t tri\u1ec3n r\u00f4-b\u1ed1t \u0111\u1ec3 h\u00fat b\u1ee5i s\u00e0n nh\u00e0 \u0111\u1ebfn t\u1ea1o ra c\u00e1c h\u1ec7 th\u1ed1ng t\u00edch h\u1ee3p \u0111\u1ec3 \u0111i\u1ec1u khi\u1ec3n t\u00ean l\u1eeda. B\u00ean c\u1ea1nh c\u00e1c c\u01a1 h\u1ed9i h\u1ecdc t\u1eadp to l\u1edbn, c\u00e1c k\u1ef9 s\u01b0 robot c\u0169ng \u0111ang c\u00f3 nhu c\u1ea7u l\u1edbn khi t\u1ea5t c\u1ea3 c\u00e1c ng\u00e0nh c\u00f4ng nghi\u1ec7p \u0111\u1ec1u h\u01b0\u1edbng t\u1edbi s\u1ef1 ph\u00e1t tri\u1ec3n d\u1ef1a tr\u00ean t\u1ef1 \u0111\u1ed9ng h\u00f3a v\u00e0 tr\u00ed tu\u1ec7 nh\u00e2n t\u1ea1o.<\/p><\/div><\/div><\/div>[vc_empty_space height=&#8221;30px&#8221;]<div class=\"shortcode-wrapper shortcode-icon-box clearfix\"><div class=\"feature-box alternative left-icon-box aligncenter\"><div class=\"feature-box-content\"><h4 class=\"bold\">Vai tr\u00f2 v\u00e0 tr\u00e1ch nhi\u1ec7m:<\/h4><p>\n<ul>\n<li>Giao ti\u1ebfp v\u1edbi kh\u00e1ch h\u00e0ng v\u1ec1 c\u00e1c y\u00eau c\u1ea7u<\/li>\n<li>Nghi\u00ean c\u1ee9u thi\u1ebft k\u1ebf c\u00f4ng ngh\u1ec7 t\u1ef1 \u0111\u1ed9ng h\u00f3a<\/li>\n<li>T\u1ea1o v\u00e0 thi\u1ebft l\u1eadp k\u1ebft n\u1ed1i gi\u1eefa th\u00f4ng tin \u0111\u1ea7u v\u00e0o, b\u1ed9 \u0111i\u1ec1u khi\u1ec3n v\u00e0 \u0111\u1ea7u ra<\/li>\n<li>Thi\u1ebft l\u1eadp quy tr\u00ecnh gi\u00e1m s\u00e1t v\u00e0 \u0111\u1ea3m b\u1ea3o ch\u1ea5t l\u01b0\u1ee3ng<\/li>\n<li>X\u1eed l\u00fd c\u00e1c khi\u1ebfm khuy\u1ebft ho\u1eb7c sai s\u00f3t v\u1ec1 c\u00f4ng ngh\u1ec7<\/li>\n<li>N\u00e2ng cao hi\u1ec7u qu\u1ea3 cho ng\u01b0\u1eddi lao \u0111\u1ed9ng ho\u1eb7c h\u1ec7 th\u1ed1ng kh\u00e1c<\/li>\n<\/ul>\n<p>K\u0129 n\u0103ng thi\u1ebft y\u1ebfu:<\/p>\n<ul>\n<li>Kh\u1ea3 n\u0103ng l\u00e3nh \u0111\u1ea1o<\/li>\n<li>S\u1ef1 \u0111\u1ed5i m\u1edbi<\/li>\n<li>L\u1eadp tr\u00ecnh<\/li>\n<li>Ki\u1ebfn th\u1ee9c c\u01a1 kh\u00ed<\/li>\n<li>Giao ti\u1ebfp b\u1eb1ng v\u0103n b\u1ea3n<\/li>\n<li>Giao ti\u1ebfp b\u1eb1ng l\u1eddi n\u00f3i<\/li>\n<li>Uy\u1ec3n chuy\u1ec3n<\/li>\n<\/ul>\n<p>Tr\u00ecnh \u0111\u1ed9 chuy\u00ean m\u00f4n: B\u1eb1ng c\u1eed nh\u00e2n v\u1ec1 T\u1ef1 \u0111\u1ed9ng h\u00f3a, Khoa h\u1ecdc m\u00e1y t\u00ednh, \u0110i\u1ec1u khi\u1ec3n qu\u00e1 tr\u00ecnh, K\u1ef9 thu\u1eadt c\u01a1 kh\u00ed, K\u1ef9 thu\u1eadt \u0111i\u1ec7n ho\u1eb7c l\u0129nh v\u1ef1c li\u00ean quan.<\/p><\/div><\/div><\/div>[\/vc_column_inner][\/vc_row_inner][\/vc_column][\/vc_row]\n<\/div>","protected":false},"excerpt":{"rendered":"<p>[vc_row top_margin=&#8221;0&#8243; bottom_margin=&#8221;0&#8243; css=&#8221;.vc_custom_1499912039446{margin-top: -30px !important;}&#8221;][vc_column][vc_row_inner][vc_column_inner][vc_empty_space height=&#8221;10px&#8221;][vc_empty_space height=&#8221;30px&#8221;][\/vc_column_inner][\/vc_row_inner][\/vc_column][\/vc_row]<\/p>\n","protected":false},"author":4,"featured_media":0,"parent":0,"menu_order":0,"comment_status":"closed","ping_status":"closed","template":"","meta":{"nf_dc_page":"","footnotes":""},"class_list":["post-10611","page","type-page","status-publish","hentry"],"_links":{"self":[{"href":"https:\/\/worknow.vn\/vi\/wp-json\/wp\/v2\/pages\/10611","targetHints":{"allow":["GET"]}}],"collection":[{"href":"https:\/\/worknow.vn\/vi\/wp-json\/wp\/v2\/pages"}],"about":[{"href":"https:\/\/worknow.vn\/vi\/wp-json\/wp\/v2\/types\/page"}],"author":[{"embeddable":true,"href":"https:\/\/worknow.vn\/vi\/wp-json\/wp\/v2\/users\/4"}],"replies":[{"embeddable":true,"href":"https:\/\/worknow.vn\/vi\/wp-json\/wp\/v2\/comments?post=10611"}],"version-history":[{"count":3,"href":"https:\/\/worknow.vn\/vi\/wp-json\/wp\/v2\/pages\/10611\/revisions"}],"predecessor-version":[{"id":12335,"href":"https:\/\/worknow.vn\/vi\/wp-json\/wp\/v2\/pages\/10611\/revisions\/12335"}],"wp:attachment":[{"href":"https:\/\/worknow.vn\/vi\/wp-json\/wp\/v2\/media?parent=10611"}],"curies":[{"name":"wp","href":"https:\/\/api.w.org\/{rel}","templated":true}]}}