{"id":10613,"date":"2022-08-17T10:04:00","date_gmt":"2022-08-17T10:04:00","guid":{"rendered":"https:\/\/worknow.vn\/lawyer\/"},"modified":"2023-05-31T07:46:11","modified_gmt":"2023-05-31T07:46:11","slug":"luat-su","status":"publish","type":"page","link":"https:\/\/worknow.vn\/vi\/luat-su\/","title":{"rendered":"Lu\u1eadt S\u01b0"},"content":{"rendered":"<div class=\"wpb-content-wrapper\">[vc_row top_margin=&#8221;0&#8243; bottom_margin=&#8221;0&#8243; css=&#8221;.vc_custom_1499912039446{margin-top: -30px !important;}&#8221;][vc_column]<div class=\"shortcode-wrapper shortcode-title clearfix hb-animate-element hb-fade-in\"><p style=\"color:#878787!important;border-color:#878787\" class=\"hb-text-large aligncenter\">Lu\u1eadt S\u01b0<\/p><\/div>[vc_row_inner][vc_column_inner][vc_empty_space height=&#8221;10px&#8221;]<div class=\"shortcode-wrapper shortcode-icon-box clearfix\"><div class=\"feature-box alternative left-icon-box aligncenter\"><div class=\"feature-box-content\"><h4 class=\"bold\">M\u00f4 t\u1ea3 c\u00f4ng vi\u1ec7c<\/h4><p>Lu\u1eadt s\u01b0 l\u00e0 nh\u1eefng chuy\u00ean gia \u0111\u01b0\u1ee3c ch\u1ee9ng nh\u1eadn chuy\u00ean t\u01b0 v\u1ea5n v\u00e0 \u0111\u1ea1i di\u1ec7n cho th\u1ec3 nh\u00e2n v\u00e0 ph\u00e1p nh\u00e2n trong c\u00e1c v\u1ea5n \u0111\u1ec1 ph\u00e1p l\u00fd. H\u1ecd t\u01b0 v\u1ea5n cho kh\u00e1ch h\u00e0ng, th\u1ef1c hi\u1ec7n nghi\u00ean c\u1ee9u ph\u00e1p l\u00fd, chu\u1ea9n b\u1ecb c\u00e1c t\u00e0i li\u1ec7u ph\u00e1p l\u00fd v\u00e0 \u0111\u1ea1i di\u1ec7n cho kh\u00e1ch h\u00e0ng trong c\u00e1c th\u1ee7 t\u1ee5c t\u1ed1 t\u1ee5ng h\u00ecnh s\u1ef1 v\u00e0 d\u00e2n s\u1ef1.<br \/>\n\u0110\u1ea1i di\u1ec7n cho kh\u00e1ch h\u00e0ng v\u00e0 t\u01b0 v\u1ea5n cho h\u1ecd v\u1ec1 t\u00ecnh h\u00ecnh ph\u00e1p l\u00fd c\u1ee7a h\u1ecd l\u00e0 t\u1ea5t c\u1ea3 c\u00f4ng vi\u1ec7c trong ng\u00e0y c\u1ee7a Lu\u1eadt s\u01b0. T\u1eeb c\u00e1c v\u1ee5 vi\u1ec7c ri\u00eang l\u1ebb cho \u0111\u1ebfn to\u00e0n b\u1ed9 c\u00f4ng ty, t\u1eeb th\u1ee7 t\u1ee5c t\u1ed1 t\u1ee5ng t\u1ea1i t\u00f2a \u00e1n \u0111\u1ebfn c\u00e1c tranh ch\u1ea5p nh\u1ecf sau c\u00e1nh c\u1eeda \u0111\u00f3ng k\u00edn, nhi\u1ec7m v\u1ee5 c\u1ee7a b\u1ea1n l\u00e0 h\u00e0nh \u0111\u1ed9ng v\u00ec l\u1ee3i \u00edch cao nh\u1ea5t c\u1ee7a kh\u00e1ch h\u00e0ng.<\/p>\n<p>Kh\u00f4ng ch\u1ec9 b\u1ecb m\u1eafc k\u1eb9t trong ph\u00f2ng x\u1eed \u00e1n, Lu\u1eadt s\u01b0 c\u00f3 th\u1ec3 l\u00e0m vi\u1ec7c trong c\u00e1c v\u1ee5 ki\u1ec7n h\u00ecnh s\u1ef1 ho\u1eb7c d\u00e2n s\u1ef1, v\u00ec v\u1eady c\u00f3 th\u1ec3 c\u00f3 nhi\u1ec1u c\u00f4ng vi\u1ec7c kh\u00e1c nhau. M\u1ed9t ng\u00e0y n\u1ecd, b\u1ea1n \u0111ang \u0111\u1ea1i di\u1ec7n cho m\u1ed9t kh\u00e1ch h\u00e0ng t\u1ea1i t\u00f2a \u00e1n, ng\u00e0y h\u00f4m sau b\u1ea1n c\u00f3 th\u1ec3 ho\u00e0n t\u1ea5t th\u1ee7 t\u1ee5c ly h\u00f4n, l\u1eadp di ch\u00fac ho\u1eb7c ch\u1ec9 t\u01b0 v\u1ea5n v\u1ec1 c\u00e1c v\u1ea5n \u0111\u1ec1 ph\u00e1p l\u00fd nh\u1ecf.<\/p><\/div><\/div><\/div>[vc_empty_space height=&#8221;30px&#8221;]<div class=\"shortcode-wrapper shortcode-icon-box clearfix\"><div class=\"feature-box alternative left-icon-box aligncenter\"><div class=\"feature-box-content\"><h4 class=\"bold\">Vai tr\u00f2 v\u00e0 tr\u00e1ch nhi\u1ec7m:<\/h4><p>\u2022 Cung c\u1ea5p \u0111\u1ea1i di\u1ec7n ph\u00e1p l\u00fd t\u1ea1i c\u00e1c phi\u00ean \u0111i\u1ec1u tr\u1ea7n tr\u1ecdng t\u00e0i ho\u1eb7c h\u00f2a gi\u1ea3i.<br \/>\n\u2022 So\u1ea1n th\u1ea3o, xem x\u00e9t v\u00e0 qu\u1ea3n l\u00fd di ch\u00fac, \u1ee7y th\u00e1c, di s\u1ea3n, h\u1ee3p \u0111\u1ed3ng v\u00e0 h\u00e0nh \u0111\u1ed9ng.<br \/>\n\u2022 Qu\u1ea3n l\u00fd c\u00e1c d\u1ecbch v\u1ee5 li\u00ean quan \u0111\u1ebfn quy \u0111\u1ecbnh v\u00e0 tu\u00e2n th\u1ee7.<br \/>\n\u2022 T\u1ea1o \u0111i\u1ec1u ki\u1ec7n cho c\u00e1c gi\u1ea3i ph\u00e1p s\u00e1ng t\u1ea1o cho c\u00e1c v\u1ea5n \u0111\u1ec1 c\u1ee7a kh\u00e1ch h\u00e0ng.<br \/>\n\u2022 \u0110\u1ea1i di\u1ec7n ph\u00e1p l\u00fd cho kh\u00e1ch h\u00e0ng trong c\u00e1c th\u1ee7 t\u1ee5c t\u1ed1 t\u1ee5ng t\u1ea1i t\u00f2a \u00e1n v\u1ec1 c\u00e1c v\u1ea5n \u0111\u1ec1 d\u00e2n s\u1ef1 ho\u1eb7c h\u00ecnh s\u1ef1.<br \/>\n\u2022 Qu\u1ea3n l\u00fd v\u00e0 gi\u00e1m s\u00e1t c\u00e1c tr\u1ee3 l\u00fd lu\u1eadt s\u01b0 v\u00e0 tr\u1ee3 l\u00fd ph\u00e1p l\u00fd.<br \/>\n\u2022 Chu\u1ea9n b\u1ecb l\u1eddi bi\u1ec7n h\u1ed9, th\u00f4ng b\u00e1o v\u00e0 tr\u00ecnh di\u1ec7n tr\u01b0\u1edbc t\u00f2a.<\/p>\n<p>K\u0129 n\u0103ng thi\u1ebft y\u1ebfu:<br \/>\n\u2022 L\u00e0m vi\u1ec7c d\u01b0\u1edbi \u00e1p l\u1ef1c v\u00e0 \u0111\u00e1p \u1ee9ng th\u1eddi h\u1ea1n.<br \/>\n\u2022 L\u00e0m vi\u1ec7c \u0111\u1ed9c l\u1eadp v\u00e0 theo nh\u00f3m.<br \/>\n\u2022 K\u1ef9 n\u0103ng giao ti\u1ebfp, giao ti\u1ebfp v\u00e0 n\u00f3i tr\u01b0\u1edbc \u0111\u00e1m \u0111\u00f4ng xu\u1ea5t s\u1eafc.<br \/>\ntr\u00ecnh \u0111\u1ed9:<br \/>\n\u2022 B\u1eb1ng c\u1eed nh\u00e2n lu\u1eadt (b\u1eaft bu\u1ed9c).<br \/>\n\u2022 \u0110\u01b0\u1ee3c th\u1eeba nh\u1eadn l\u00e0 lu\u1eadt s\u01b0 c\u00f3 th\u00e2m ni\u00ean \u00edt nh\u1ea5t hai n\u0103m.<br \/>\n\u2022 C\u00f3 kinh nghi\u1ec7m so\u1ea1n th\u1ea3o, \u0111\u00e0m ph\u00e1n, r\u00e0 so\u00e1t v\u0103n b\u1ea3n ph\u00e1p lu\u1eadt.<\/p><\/div><\/div><\/div>[\/vc_column_inner][\/vc_row_inner][\/vc_column][\/vc_row]\n<\/div>","protected":false},"excerpt":{"rendered":"<p>[vc_row top_margin=&#8221;0&#8243; bottom_margin=&#8221;0&#8243; css=&#8221;.vc_custom_1499912039446{margin-top: -30px !important;}&#8221;][vc_column][vc_row_inner][vc_column_inner][vc_empty_space height=&#8221;10px&#8221;][vc_empty_space height=&#8221;30px&#8221;][\/vc_column_inner][\/vc_row_inner][\/vc_column][\/vc_row]<\/p>\n","protected":false},"author":4,"featured_media":0,"parent":0,"menu_order":0,"comment_status":"closed","ping_status":"closed","template":"","meta":{"footnotes":""},"class_list":["post-10613","page","type-page","status-publish","hentry"],"_links":{"self":[{"href":"https:\/\/worknow.vn\/vi\/wp-json\/wp\/v2\/pages\/10613","targetHints":{"allow":["GET"]}}],"collection":[{"href":"https:\/\/worknow.vn\/vi\/wp-json\/wp\/v2\/pages"}],"about":[{"href":"https:\/\/worknow.vn\/vi\/wp-json\/wp\/v2\/types\/page"}],"author":[{"embeddable":true,"href":"https:\/\/worknow.vn\/vi\/wp-json\/wp\/v2\/users\/4"}],"replies":[{"embeddable":true,"href":"https:\/\/worknow.vn\/vi\/wp-json\/wp\/v2\/comments?post=10613"}],"version-history":[{"count":3,"href":"https:\/\/worknow.vn\/vi\/wp-json\/wp\/v2\/pages\/10613\/revisions"}],"predecessor-version":[{"id":11792,"href":"https:\/\/worknow.vn\/vi\/wp-json\/wp\/v2\/pages\/10613\/revisions\/11792"}],"wp:attachment":[{"href":"https:\/\/worknow.vn\/vi\/wp-json\/wp\/v2\/media?parent=10613"}],"curies":[{"name":"wp","href":"https:\/\/api.w.org\/{rel}","templated":true}]}}