{"id":10615,"date":"2022-08-17T10:05:03","date_gmt":"2022-08-17T10:05:03","guid":{"rendered":"https:\/\/worknow.vn\/chief-legal-officer\/"},"modified":"2023-05-31T07:49:13","modified_gmt":"2023-05-31T07:49:13","slug":"turong-phap-ly","status":"publish","type":"page","link":"https:\/\/worknow.vn\/vi\/turong-phap-ly\/","title":{"rendered":"Tr\u01b0\u1edfng Ph\u00e1p L\u00fd"},"content":{"rendered":"<div class=\"wpb-content-wrapper\">[vc_row top_margin=&#8221;0&#8243; bottom_margin=&#8221;0&#8243; css=&#8221;.vc_custom_1499912039446{margin-top: -30px !important;}&#8221;][vc_column]<div class=\"shortcode-wrapper shortcode-title clearfix hb-animate-element hb-fade-in\"><p style=\"color:#878787!important;border-color:#878787\" class=\"hb-text-large aligncenter\">Tr\u01b0\u1edfng Ph\u00e1p L\u00fd<\/p><\/div>[vc_row_inner][vc_column_inner][vc_empty_space height=&#8221;10px&#8221;]<div class=\"shortcode-wrapper shortcode-icon-box clearfix\"><div class=\"feature-box alternative left-icon-box aligncenter\"><div class=\"feature-box-content\"><h4 class=\"bold\">M\u00f4 t\u1ea3 c\u00f4ng vi\u1ec7c<\/h4><p>Gi\u00e1m \u0111\u1ed1c ph\u00e1p l\u00fd (CLO) th\u01b0\u1eddng l\u00e0 gi\u00e1m \u0111\u1ed1c ph\u00e1p l\u00fd quy\u1ec1n l\u1ef1c nh\u1ea5t c\u1ee7a c\u00f4ng ty giao d\u1ecbch c\u00f4ng khai. Gi\u00e1m \u0111\u1ed1c ph\u00e1p l\u00fd (CLO) l\u00e0 m\u1ed9t chuy\u00ean gia v\u00e0 nh\u00e0 l\u00e3nh \u0111\u1ea1o gi\u00fap c\u00f4ng ty gi\u1ea3m thi\u1ec3u r\u1ee7i ro ph\u00e1p l\u00fd b\u1eb1ng c\u00e1ch t\u01b0 v\u1ea5n cho c\u00e1c c\u00e1n b\u1ed9 v\u00e0 th\u00e0nh vi\u00ean h\u1ed9i \u0111\u1ed3ng qu\u1ea3n tr\u1ecb kh\u00e1c c\u1ee7a c\u00f4ng ty v\u1ec1 b\u1ea5t k\u1ef3 v\u1ea5n \u0111\u1ec1 ph\u00e1p l\u00fd v\u00e0 quy \u0111\u1ecbnh ch\u00ednh n\u00e0o m\u00e0 c\u00f4ng ty g\u1eb7p ph\u1ea3i, ch\u1eb3ng h\u1ea1n nh\u01b0 r\u1ee7i ro ki\u1ec7n t\u1ee5ng. CLO c\u0169ng c\u00f3 th\u1ec3 l\u00e0 th\u00e0nh vi\u00ean c\u1ee7a \u1ee7y ban \u0111i\u1ec1u h\u00e0nh c\u00f4ng ty v\u00e0 \u0111\u01b0\u1ee3c Gi\u00e1m \u0111\u1ed1c \u0111i\u1ec1u h\u00e0nh gi\u00e1m s\u00e1t. CLO gi\u00e1m s\u00e1t c\u00e1c lu\u1eadt s\u01b0 n\u1ed9i b\u1ed9 c\u1ee7a c\u00f4ng ty.<\/p><\/div><\/div><\/div>[vc_empty_space height=&#8221;30px&#8221;]<div class=\"shortcode-wrapper shortcode-icon-box clearfix\"><div class=\"feature-box alternative left-icon-box aligncenter\"><div class=\"feature-box-content\"><h4 class=\"bold\">Vai tr\u00f2 v\u00e0 tr\u00e1ch nhi\u1ec7m:<\/h4><p>\u2022 Ph\u00e1t tri\u1ec3n v\u00e0 l\u00e3nh \u0111\u1ea1o chi\u1ebfn l\u01b0\u1ee3c ph\u00e1p l\u00fd c\u1ee7a c\u00f4ng ty \u0111\u1ec3 th\u00fac \u0111\u1ea9y v\u00e0 b\u1ea3o v\u1ec7 c\u00e1c v\u1ea5n \u0111\u1ec1 c\u1ee7a c\u00f4ng ty<br \/>\n\u2022 Ph\u00e1t tri\u1ec3n v\u00e0 l\u00e3nh \u0111\u1ea1o c\u00e1c ch\u01b0\u01a1ng tr\u00ecnh ki\u1ec3m to\u00e1n n\u1ed9i b\u1ed9 v\u00e0 tu\u00e2n th\u1ee7 doanh nghi\u1ec7p<br \/>\n\u2022 Gi\u00e1m s\u00e1t vi\u1ec7c cung c\u1ea5p c\u00e1c d\u1ecbch v\u1ee5 ph\u00e1p l\u00fd v\u00e0 ngu\u1ed3n l\u1ef1c \u0111\u1ec3 ho\u00e0n th\u00e0nh c\u00e1c m\u1ee5c ti\u00eau, chi\u1ebfn l\u01b0\u1ee3c v\u00e0 \u01b0u ti\u00ean c\u1ee7a c\u00f4ng ty<br \/>\n\u2022 Duy tr\u00ec c\u00e1c t\u01b0\u01a1ng t\u00e1c ph\u00f9 h\u1ee3p c\u1ee7a c\u00f4ng ty v\u1edbi c\u00e1c c\u01a1 quan ch\u00ednh ph\u1ee7, c\u01a1 quan l\u1eadp ph\u00e1p v\u00e0 c\u1ed9ng \u0111\u1ed3ng \u0111\u1ecba ph\u01b0\u01a1ng, ti\u1ec3u bang v\u00e0 li\u00ean bang c\u00f3 li\u00ean quan<br \/>\n\u2022 C\u1ed1 v\u1ea5n cho CEO v\u00e0 c\u00e1c c\u00e1n b\u1ed9 c\u1ea5p cao kh\u00e1c c\u1ee7a c\u00f4ng ty v\u1ec1 nhi\u1ec1u v\u1ea5n \u0111\u1ec1<br \/>\n\u2022 Tham gia x\u00e2y d\u1ef1ng ch\u00ednh s\u00e1ch qu\u1ea3n l\u00fd chung v\u1edbi t\u01b0 c\u00e1ch l\u00e0 th\u00e0nh vi\u00ean c\u1ee7a ban qu\u1ea3n l\u00fd \u0111i\u1ec1u h\u00e0nh<br \/>\n\u2022 Qu\u1ea3n l\u00fd nh\u00f3m c\u1ed1 v\u1ea5n doanh nghi\u1ec7p v\u00e0 c\u00e1c th\u00e0nh vi\u00ean kh\u00e1c c\u1ee7a b\u1ed9 ph\u1eadn ph\u00e1p l\u00fd<\/p>\n<p>K\u0129 n\u0103ng thi\u1ebft y\u1ebfu:<br \/>\n\u2022 L\u00e3nh \u0111\u1ea1o v\u00e0 \u0111\u1ed9c l\u1eadp<br \/>\n\u2022 K\u1ef9 n\u0103ng giao ti\u1ebfp xu\u1ea5t s\u1eafc<br \/>\n\u2022 Ki\u1ebfn th\u1ee9c ph\u00e1p lu\u1eadt r\u1ed9ng<br \/>\n\u2022 Ph\u00e2n t\u00edch v\u00e0 ph\u00e1n \u0111o\u00e1n<br \/>\n\u2022 K\u1ef9 n\u0103ng giao ti\u1ebfp v\u00e0 \u0111\u00e0m ph\u00e1n<br \/>\nTr\u00ecnh \u0111\u1ed9 chuy\u00ean m\u00f4n: N\u00ean c\u00f3 b\u1eb1ng c\u1eed nh\u00e2n v\u1ec1 lu\u1eadt kinh doanh ho\u1eb7c nghi\u00ean c\u1ee9u tr\u01b0\u1edbc lu\u1eadt \u0111\u1ec3 ghi danh v\u00e0o tr\u01b0\u1eddng lu\u1eadt.<\/p><\/div><\/div><\/div>[\/vc_column_inner][\/vc_row_inner][\/vc_column][\/vc_row]\n<\/div>","protected":false},"excerpt":{"rendered":"<p>[vc_row top_margin=&#8221;0&#8243; bottom_margin=&#8221;0&#8243; css=&#8221;.vc_custom_1499912039446{margin-top: -30px !important;}&#8221;][vc_column][vc_row_inner][vc_column_inner][vc_empty_space height=&#8221;10px&#8221;][vc_empty_space height=&#8221;30px&#8221;][\/vc_column_inner][\/vc_row_inner][\/vc_column][\/vc_row]<\/p>\n","protected":false},"author":4,"featured_media":0,"parent":0,"menu_order":0,"comment_status":"closed","ping_status":"closed","template":"","meta":{"nf_dc_page":"","footnotes":""},"class_list":["post-10615","page","type-page","status-publish","hentry"],"_links":{"self":[{"href":"https:\/\/worknow.vn\/vi\/wp-json\/wp\/v2\/pages\/10615","targetHints":{"allow":["GET"]}}],"collection":[{"href":"https:\/\/worknow.vn\/vi\/wp-json\/wp\/v2\/pages"}],"about":[{"href":"https:\/\/worknow.vn\/vi\/wp-json\/wp\/v2\/types\/page"}],"author":[{"embeddable":true,"href":"https:\/\/worknow.vn\/vi\/wp-json\/wp\/v2\/users\/4"}],"replies":[{"embeddable":true,"href":"https:\/\/worknow.vn\/vi\/wp-json\/wp\/v2\/comments?post=10615"}],"version-history":[{"count":3,"href":"https:\/\/worknow.vn\/vi\/wp-json\/wp\/v2\/pages\/10615\/revisions"}],"predecessor-version":[{"id":11793,"href":"https:\/\/worknow.vn\/vi\/wp-json\/wp\/v2\/pages\/10615\/revisions\/11793"}],"wp:attachment":[{"href":"https:\/\/worknow.vn\/vi\/wp-json\/wp\/v2\/media?parent=10615"}],"curies":[{"name":"wp","href":"https:\/\/api.w.org\/{rel}","templated":true}]}}