{"id":10617,"date":"2022-08-17T10:06:14","date_gmt":"2022-08-17T10:06:14","guid":{"rendered":"https:\/\/worknow.vn\/contracts-lawyer\/"},"modified":"2023-05-31T07:53:58","modified_gmt":"2023-05-31T07:53:58","slug":"luat-su-hop-dong","status":"publish","type":"page","link":"https:\/\/worknow.vn\/vi\/luat-su-hop-dong\/","title":{"rendered":"Lu\u1eadt S\u01b0 H\u1ee3p \u0110\u1ed3ng"},"content":{"rendered":"<div class=\"wpb-content-wrapper\">[vc_row top_margin=&#8221;0&#8243; bottom_margin=&#8221;0&#8243; css=&#8221;.vc_custom_1499912039446{margin-top: -30px !important;}&#8221;][vc_column]<div class=\"shortcode-wrapper shortcode-title clearfix hb-animate-element hb-fade-in\"><p style=\"color:#878787!important;border-color:#878787\" class=\"hb-text-large aligncenter\">Lu\u1eadt S\u01b0 H\u1ee3p \u0110\u1ed3ng<\/p><\/div>[vc_row_inner][vc_column_inner][vc_empty_space height=&#8221;10px&#8221;]<div class=\"shortcode-wrapper shortcode-icon-box clearfix\"><div class=\"feature-box alternative left-icon-box aligncenter\"><div class=\"feature-box-content\"><h4 class=\"bold\">M\u00f4 t\u1ea3 c\u00f4ng vi\u1ec7c<\/h4><p>Lu\u1eadt s\u01b0 h\u1ee3p \u0111\u1ed3ng s\u1ebd gi\u00e1m s\u00e1t vi\u1ec7c chu\u1ea9n b\u1ecb v\u00e0 th\u1ef1c hi\u1ec7n t\u1ea5t c\u1ea3 c\u00e1c h\u1ee3p \u0111\u1ed3ng. H\u1ecd s\u1ebd \u0111\u00e0m ph\u00e1n c\u00e1c \u0111i\u1ec1u kho\u1ea3n, \u0111\u1ea3m b\u1ea3o tu\u00e2n th\u1ee7 ph\u00e1p lu\u1eadt v\u00e0 \u0111\u1eb7t ra c\u00e1c chi\u1ebfn l\u01b0\u1ee3c h\u1ee3p \u0111\u1ed3ng ch\u00ednh th\u1ee9c. \u0110\u00e2y l\u00e0 ng\u01b0\u1eddi c\u00f3 hi\u1ec3u bi\u1ebft th\u1ea5u \u0111\u00e1o v\u1ec1 nhi\u1ec1u lo\u1ea1i h\u1ee3p \u0111\u1ed3ng, bao g\u1ed3m c\u00e1c th\u1ecfa thu\u1eadn kh\u00f4ng ti\u1ebft l\u1ed9 th\u00f4ng tin, c\u00e1c l\u00f4 h\u00e0ng v\u00e0 t\u01b0 v\u1ea5n.<\/p><\/div><\/div><\/div>[vc_empty_space height=&#8221;30px&#8221;]<div class=\"shortcode-wrapper shortcode-icon-box clearfix\"><div class=\"feature-box alternative left-icon-box aligncenter\"><div class=\"feature-box-content\"><h4 class=\"bold\">Vai tr\u00f2 v\u00e0 tr\u00e1ch nhi\u1ec7m:<\/h4><p>\u2022 X\u00e2y d\u1ef1ng v\u00e0 l\u1eadp t\u00e0i li\u1ec7u chi\u1ebfn l\u01b0\u1ee3c h\u1ee3p \u0111\u1ed3ng ph\u00f9 h\u1ee3p v\u1edbi c\u00e1c gi\u00e1 tr\u1ecb c\u1ee7a c\u00f4ng ty<br \/>\n\u2022 X\u00e2y d\u1ef1ng nhi\u1ec1u lo\u1ea1i h\u1ee3p \u0111\u1ed3ng ph\u00f9 h\u1ee3p v\u1edbi nhu c\u1ea7u kinh doanh<br \/>\n\u2022 \u0110\u1ea3m b\u1ea3o h\u1ee3p \u0111\u1ed3ng tu\u00e2n th\u1ee7 c\u00e1c quy \u0111\u1ecbnh c\u1ee7a ch\u00ednh ph\u1ee7<br \/>\n\u2022 \u0110\u00e0m ph\u00e1n c\u00e1c \u0111i\u1ec1u kho\u1ea3n h\u1ee3p \u0111\u1ed3ng v\u00e0 xem x\u00e9t kh\u1ea3 n\u0103ng t\u00e0i ch\u00ednh<br \/>\n\u2022 T\u01b0 v\u1ea5n cho kh\u00e1ch h\u00e0ng v\u1ec1 c\u00e1c \u0111i\u1ec1u kho\u1ea3n h\u1ee3p \u0111\u1ed3ng v\u00e0 x\u00fac ti\u1ebfn b\u1ea5t c\u1ee9 khi n\u00e0o c\u00f3 th\u1ec3<br \/>\n\u2022 \u0110\u00e0o t\u1ea1o c\u00e1c nh\u00e0 qu\u1ea3n l\u00fd v\u00e0 \u0111i\u1ec1u h\u00e0nh v\u1ec1 ch\u00ednh s\u00e1ch h\u1ee3p \u0111\u1ed3ng<br \/>\n\u2022 So\u1ea1n th\u1ea3o c\u00e1c t\u00e0i li\u1ec7u ph\u00e1p l\u00fd b\u1ed5 sung khi c\u1ea7n thi\u1ebft<br \/>\n\u2022 Xem x\u00e9t c\u00e1c \u0111i\u1ec1u kho\u1ea3n h\u1ee3p \u0111\u1ed3ng v\u00e0 c\u1eadp nh\u1eadt ch\u00fang \u0111\u1ec3 ph\u00f9 h\u1ee3p v\u1edbi nhu c\u1ea7u ph\u00e1p l\u00fd ho\u1eb7c ch\u00ednh s\u00e1ch m\u1edbi c\u1ee7a c\u00f4ng ty<br \/>\n\u2022 Nghi\u00ean c\u1ee9u lu\u1eadt h\u1ee3p \u0111\u1ed3ng m\u1edbi v\u00e0 \u0111\u1ea3m b\u1ea3o tu\u00e2n th\u1ee7 to\u00e0n di\u1ec7n<\/p>\n<p>K\u0129 n\u0103ng thi\u1ebft y\u1ebfu:<br \/>\n\u2022 Kh\u1ea3 n\u0103ng \u0111\u00e0m ph\u00e1n v\u00e0 gi\u1ea3i quy\u1ebft v\u1ea5n \u0111\u1ec1 t\u1ed1t<br \/>\n\u2022 K\u1ef9 n\u0103ng vi\u1ebft xu\u1ea5t s\u1eafc<br \/>\n\u2022 K\u1ef9 n\u0103ng qu\u1ea3n l\u00fd th\u1eddi gian v\u01b0\u1ee3t tr\u1ed9i<br \/>\n\u2022 Tho\u1ea3i m\u00e1i l\u00e0m vi\u1ec7c v\u1edbi kh\u00e1ch h\u00e0ng c\u0169ng nh\u01b0 gi\u00e1m \u0111\u1ed1c \u0111i\u1ec1u h\u00e0nh<br \/>\n\u2022 Kh\u1ea3 n\u0103ng gi\u1ea3i th\u00edch c\u00e1c lu\u1eadt h\u1ee3p \u0111\u1ed3ng ph\u1ee9c t\u1ea1p b\u1eb1ng ng\u00f4n ng\u1eef h\u00e0ng ng\u00e0y<br \/>\nTr\u00ecnh \u0111\u1ed9 chuy\u00ean m\u00f4n: C\u1eed nh\u00e2n Lu\u1eadt ho\u1eb7c m\u1ed9t l\u0129nh v\u1ef1c li\u00ean quan.<\/p><\/div><\/div><\/div>[\/vc_column_inner][\/vc_row_inner][\/vc_column][\/vc_row]\n<\/div>","protected":false},"excerpt":{"rendered":"<p>[vc_row top_margin=&#8221;0&#8243; bottom_margin=&#8221;0&#8243; css=&#8221;.vc_custom_1499912039446{margin-top: -30px !important;}&#8221;][vc_column][vc_row_inner][vc_column_inner][vc_empty_space height=&#8221;10px&#8221;][vc_empty_space height=&#8221;30px&#8221;][\/vc_column_inner][\/vc_row_inner][\/vc_column][\/vc_row]<\/p>\n","protected":false},"author":4,"featured_media":0,"parent":0,"menu_order":0,"comment_status":"closed","ping_status":"closed","template":"","meta":{"nf_dc_page":"","footnotes":""},"class_list":["post-10617","page","type-page","status-publish","hentry"],"_links":{"self":[{"href":"https:\/\/worknow.vn\/vi\/wp-json\/wp\/v2\/pages\/10617","targetHints":{"allow":["GET"]}}],"collection":[{"href":"https:\/\/worknow.vn\/vi\/wp-json\/wp\/v2\/pages"}],"about":[{"href":"https:\/\/worknow.vn\/vi\/wp-json\/wp\/v2\/types\/page"}],"author":[{"embeddable":true,"href":"https:\/\/worknow.vn\/vi\/wp-json\/wp\/v2\/users\/4"}],"replies":[{"embeddable":true,"href":"https:\/\/worknow.vn\/vi\/wp-json\/wp\/v2\/comments?post=10617"}],"version-history":[{"count":2,"href":"https:\/\/worknow.vn\/vi\/wp-json\/wp\/v2\/pages\/10617\/revisions"}],"predecessor-version":[{"id":11797,"href":"https:\/\/worknow.vn\/vi\/wp-json\/wp\/v2\/pages\/10617\/revisions\/11797"}],"wp:attachment":[{"href":"https:\/\/worknow.vn\/vi\/wp-json\/wp\/v2\/media?parent=10617"}],"curies":[{"name":"wp","href":"https:\/\/api.w.org\/{rel}","templated":true}]}}