{"id":10619,"date":"2022-08-17T10:07:47","date_gmt":"2022-08-17T10:07:47","guid":{"rendered":"https:\/\/worknow.vn\/litigation-attorney\/"},"modified":"2023-05-31T07:56:11","modified_gmt":"2023-05-31T07:56:11","slug":"luat-su-tranh-tung","status":"publish","type":"page","link":"https:\/\/worknow.vn\/vi\/luat-su-tranh-tung\/","title":{"rendered":"Lu\u1eadt S\u01b0 Tranh T\u1ee5ng"},"content":{"rendered":"<div class=\"wpb-content-wrapper\">[vc_row top_margin=&#8221;0&#8243; bottom_margin=&#8221;0&#8243; css=&#8221;.vc_custom_1499912039446{margin-top: -30px !important;}&#8221;][vc_column]<div class=\"shortcode-wrapper shortcode-title clearfix hb-animate-element hb-fade-in\"><p style=\"color:#878787!important;border-color:#878787\" class=\"hb-text-large aligncenter\">Lu\u1eadt S\u01b0 Tranh T\u1ee5ng<\/p><\/div>[vc_row_inner][vc_column_inner][vc_empty_space height=&#8221;10px&#8221;]<div class=\"shortcode-wrapper shortcode-icon-box clearfix\"><div class=\"feature-box alternative left-icon-box aligncenter\"><div class=\"feature-box-content\"><h4 class=\"bold\">M\u00f4 t\u1ea3 c\u00f4ng vi\u1ec7c<\/h4><p>Lu\u1eadt s\u01b0 tranh t\u1ee5ng, c\u00f2n \u0111\u01b0\u1ee3c g\u1ecdi l\u00e0 lu\u1eadt s\u01b0 x\u00e9t x\u1eed, \u0111\u1ea1i di\u1ec7n cho nguy\u00ean \u0111\u01a1n v\u00e0 b\u1ecb \u0111\u01a1n trong c\u00e1c v\u1ee5 ki\u1ec7n d\u00e2n s\u1ef1, l\u00e0 ng\u01b0\u1eddi b\u00e0o ch\u1eefa cho m\u1ecdi ng\u01b0\u1eddi trong c\u00e1c v\u1ee5 ki\u1ec7n d\u00e2n s\u1ef1. C\u00f4ng vi\u1ec7c n\u00e0y kh\u00e1c v\u1edbi c\u00f4ng vi\u1ec7c c\u1ee7a lu\u1eadt s\u01b0 b\u00e0o ch\u1eefa h\u00ecnh s\u1ef1 v\u00ec lu\u1eadt s\u01b0 tranh t\u1ee5ng l\u00e0m vi\u1ec7c v\u1edbi c\u00e1c v\u1ee5 \u00e1n d\u00e2n s\u1ef1 h\u01a1n l\u00e0 v\u1ee5 \u00e1n h\u00ecnh s\u1ef1 v\u00e0 kh\u00f4ng b\u00ean n\u00e0o li\u00ean quan ph\u1ea3i \u0111\u1ed1i m\u1eb7t v\u1edbi \u00e1n ph\u1ea1t t\u00f9. Lu\u1eadt s\u01b0 tranh t\u1ee5ng th\u01b0\u1eddng t\u00ecm c\u00e1ch b\u1ed3i th\u01b0\u1eddng t\u00e0i ch\u00ednh cho kh\u00e1ch h\u00e0ng v\u00e0 khi l\u00e0m vi\u1ec7c v\u1edbi b\u1ecb \u0111\u01a1n, h\u1ecd t\u00ecm c\u00e1ch gi\u1ea3i quy\u1ebft v\u1ee5 vi\u1ec7c m\u00e0 kh\u00e1ch h\u00e0ng c\u1ee7a h\u1ecd kh\u00f4ng ph\u1ea3i tr\u1ea3 ho\u1eb7c v\u1edbi s\u1ed1 ti\u1ec1n th\u1ea5p nh\u1ea5t c\u00f3 th\u1ec3.<br \/>\nH\u1ecd qu\u1ea3n l\u00fd t\u1ea5t c\u1ea3 c\u00e1c giai \u0111o\u1ea1n c\u1ee7a v\u1ee5 ki\u1ec7n t\u1eeb \u0111i\u1ec1u tra, bi\u1ec7n h\u1ed9 v\u00e0 kh\u00e1m ph\u00e1 th\u00f4ng qua c\u00e1c quy tr\u00ecnh tr\u01b0\u1edbc khi x\u00e9t x\u1eed, x\u00e9t x\u1eed, d\u00e0n x\u1ebfp v\u00e0 kh\u00e1ng c\u00e1o. C\u00e1c nhi\u1ec7m v\u1ee5 c\u00f3 th\u1ec3 thay \u0111\u1ed5i t\u00f9y theo b\u1ea3n ch\u1ea5t c\u1ee7a tranh ch\u1ea5p, kinh nghi\u1ec7m c\u1ee7a lu\u1eadt s\u01b0 v\u00e0 li\u1ec7u anh ta c\u00f3 \u0111\u1ea1i di\u1ec7n cho nguy\u00ean \u0111\u01a1n hay b\u1ecb \u0111\u01a1n hay kh\u00f4ng.<\/p><\/div><\/div><\/div>[vc_empty_space height=&#8221;30px&#8221;]<div class=\"shortcode-wrapper shortcode-icon-box clearfix\"><div class=\"feature-box alternative left-icon-box aligncenter\"><div class=\"feature-box-content\"><h4 class=\"bold\">Vai tr\u00f2 v\u00e0 tr\u00e1ch nhi\u1ec7m:<\/h4><p>\u2022 \u0110i\u1ec1u tra v\u1ee5 \u00e1n<br \/>\n\u2022 T\u01b0 v\u1ea5n v\u00e0 t\u01b0 v\u1ea5n cho kh\u00e1ch h\u00e0ng<br \/>\n\u2022 N\u1ed9p t\u00e0i li\u1ec7u cho t\u00f2a \u00e1n<br \/>\n\u2022 So\u1ea1n th\u1ea3o l\u1eddi c\u1ea7u xin<br \/>\n\u2022 \u0110\u1ea1i di\u1ec7n cho kh\u00e1ch h\u00e0ng trong phi\u00ean t\u00f2a d\u00e2n s\u1ef1<br \/>\n\u2022 Thu th\u1eadp ch\u1ee9ng c\u1ee9 v\u00e0 \u0111i\u1ec1u tra l\u1eddi khai c\u1ee7a nh\u00e2n ch\u1ee9ng<br \/>\n\u2022 S\u1eafp x\u1ebfp v\u00e0 ti\u1ebfn h\u00e0nh l\u1eafng \u0111\u1ecdng<br \/>\n\u2022 \u0110\u00e0m ph\u00e1n d\u00e0n x\u1ebfp<br \/>\n\u2022 Kh\u00e1ng c\u00e1o quy\u1ebft \u0111\u1ecbnh c\u1ee7a t\u00f2a \u00e1n<\/p>\n<p>K\u0129 n\u0103ng thi\u1ebft y\u1ebfu:<br \/>\n\u2022 K\u1ef9 n\u0103ng t\u01b0 v\u1ea5n v\u00e0 nghi\u00ean c\u1ee9u xu\u1ea5t s\u1eafc<br \/>\n\u2022 K\u1ef9 n\u0103ng so\u1ea1n th\u1ea3o v\u00e0 \u0111\u00e0m ph\u00e1n xu\u1ea5t s\u1eafc<br \/>\n\u2022 Kh\u1ea3 n\u0103ng t\u01b0 duy b\u00ean ngo\u00e0i<br \/>\n\u2022 Qu\u1ea3n l\u00fd kh\u00e1ch h\u00e0ng xu\u1ea5t s\u1eafc v\u00e0 k\u1ef9 n\u0103ng giao ti\u1ebfp<br \/>\n\u2022 Kh\u1ea3 n\u0103ng l\u00e0m vi\u1ec7c trong m\u1ed9t nh\u00f3m cam k\u1ebft<br \/>\n\u2022 Kh\u1ea3 n\u0103ng l\u00e0m vi\u1ec7c d\u01b0\u1edbi \u00e1p l\u1ef1c, qu\u1ea3n l\u00fd c\u00e1c \u01b0u ti\u00ean c\u1ea1nh tranh v\u00e0 \u0111\u00e1p \u1ee9ng th\u1eddi h\u1ea1n<br \/>\nTr\u00ecnh \u0111\u1ed9 chuy\u00ean m\u00f4n: N\u00ean c\u00f3 b\u1eb1ng c\u1eed nh\u00e2n v\u1ec1 lu\u1eadt kinh doanh ho\u1eb7c nghi\u00ean c\u1ee9u tr\u01b0\u1edbc lu\u1eadt \u0111\u1ec3 ghi danh v\u00e0o tr\u01b0\u1eddng lu\u1eadt.<\/p><\/div><\/div><\/div>[\/vc_column_inner][\/vc_row_inner][\/vc_column][\/vc_row]\n<\/div>","protected":false},"excerpt":{"rendered":"<p>[vc_row top_margin=&#8221;0&#8243; bottom_margin=&#8221;0&#8243; css=&#8221;.vc_custom_1499912039446{margin-top: -30px !important;}&#8221;][vc_column][vc_row_inner][vc_column_inner][vc_empty_space height=&#8221;10px&#8221;][vc_empty_space height=&#8221;30px&#8221;][\/vc_column_inner][\/vc_row_inner][\/vc_column][\/vc_row]<\/p>\n","protected":false},"author":4,"featured_media":0,"parent":0,"menu_order":0,"comment_status":"closed","ping_status":"closed","template":"","meta":{"nf_dc_page":"","footnotes":""},"class_list":["post-10619","page","type-page","status-publish","hentry"],"_links":{"self":[{"href":"https:\/\/worknow.vn\/vi\/wp-json\/wp\/v2\/pages\/10619","targetHints":{"allow":["GET"]}}],"collection":[{"href":"https:\/\/worknow.vn\/vi\/wp-json\/wp\/v2\/pages"}],"about":[{"href":"https:\/\/worknow.vn\/vi\/wp-json\/wp\/v2\/types\/page"}],"author":[{"embeddable":true,"href":"https:\/\/worknow.vn\/vi\/wp-json\/wp\/v2\/users\/4"}],"replies":[{"embeddable":true,"href":"https:\/\/worknow.vn\/vi\/wp-json\/wp\/v2\/comments?post=10619"}],"version-history":[{"count":2,"href":"https:\/\/worknow.vn\/vi\/wp-json\/wp\/v2\/pages\/10619\/revisions"}],"predecessor-version":[{"id":11799,"href":"https:\/\/worknow.vn\/vi\/wp-json\/wp\/v2\/pages\/10619\/revisions\/11799"}],"wp:attachment":[{"href":"https:\/\/worknow.vn\/vi\/wp-json\/wp\/v2\/media?parent=10619"}],"curies":[{"name":"wp","href":"https:\/\/api.w.org\/{rel}","templated":true}]}}