{"id":10621,"date":"2022-08-17T10:08:45","date_gmt":"2022-08-17T10:08:45","guid":{"rendered":"https:\/\/worknow.vn\/corporate-paralegal\/"},"modified":"2023-05-31T08:00:04","modified_gmt":"2023-05-31T08:00:04","slug":"luat-su-cong-ty","status":"publish","type":"page","link":"https:\/\/worknow.vn\/vi\/luat-su-cong-ty\/","title":{"rendered":"Lu\u1eadt S\u01b0 C\u00f4ng Ty"},"content":{"rendered":"<div class=\"wpb-content-wrapper\">[vc_row top_margin=&#8221;0&#8243; bottom_margin=&#8221;0&#8243; css=&#8221;.vc_custom_1499912039446{margin-top: -30px !important;}&#8221;][vc_column]<div class=\"shortcode-wrapper shortcode-title clearfix hb-animate-element hb-fade-in\"><p style=\"color:#878787!important;border-color:#878787\" class=\"hb-text-large aligncenter\">Lu\u1eadt S\u01b0 C\u00f4ng Ty<\/p><\/div>[vc_row_inner][vc_column_inner][vc_empty_space height=&#8221;10px&#8221;]<div class=\"shortcode-wrapper shortcode-icon-box clearfix\"><div class=\"feature-box alternative left-icon-box aligncenter\"><div class=\"feature-box-content\"><h4 class=\"bold\">M\u00f4 t\u1ea3 c\u00f4ng vi\u1ec7c<\/h4><p>Lu\u1eadt s\u01b0 C\u00f4ng ty hay c\u00f2n g\u1ecdi l\u00e0 tr\u1ee3 l\u00fd ph\u00e1p l\u00fd c\u1ee7a c\u00f4ng ty \u0111\u00e3 tr\u1edf th\u00e0nh m\u1ed9t ph\u1ea7n thi\u1ebft y\u1ebfu c\u1ee7a quy tr\u00ecnh ph\u00e1p l\u00fd. Vi\u1ec7c b\u1ed5 sung c\u00e1c chuy\u00ean gia ph\u00e1p l\u00fd n\u00e0y \u0111\u00e3 l\u00e0m t\u0103ng hi\u1ec7u qu\u1ea3 v\u00e0 hi\u1ec7u qu\u1ea3 chi ph\u00ed c\u1ee7a vi\u1ec7c cung c\u1ea5p c\u00e1c d\u1ecbch v\u1ee5 ph\u00e1p l\u00fd. C\u00e1c tr\u1ee3 l\u00fd ph\u00e1p l\u00fd c\u00f3 th\u1ec3 l\u00e0m vi\u1ec7c trong m\u1ed9t c\u00f4ng ty lu\u1eadt ho\u1eb7c m\u00f4i tr\u01b0\u1eddng kinh doanh. Tr\u1ee3 l\u00fd ph\u00e1p l\u00fd doanh nghi\u1ec7p l\u00e0 ng\u01b0\u1eddi l\u00e0m vi\u1ec7c v\u1ec1 c\u00e1c v\u1ea5n \u0111\u1ec1 lu\u1eadt doanh nghi\u1ec7p d\u01b0\u1edbi s\u1ef1 gi\u00e1m s\u00e1t c\u1ee7a c\u00e1c lu\u1eadt s\u01b0 \u0111\u01b0\u1ee3c c\u1ea5p ph\u00e9p. H\u1ecd kh\u00f4ng h\u00e0nh ngh\u1ec1 lu\u1eadt, nh\u01b0ng h\u1ecd tr\u1ee3 gi\u00fap trong nhi\u1ec1u kh\u00eda c\u1ea1nh c\u1ee7a c\u00e1c giao d\u1ecbch c\u1ee7a c\u00f4ng ty.<\/p>\n<p>M\u1ed9t tr\u1ee3 l\u00fd ph\u00e1p l\u00fd c\u1ee7a c\u00f4ng ty l\u00e0 m\u1ed9t tr\u1ee3 l\u00fd ph\u00e1p l\u00fd l\u00e0m vi\u1ec7c c\u1ee5 th\u1ec3 v\u1ec1 c\u00e1c v\u1ea5n \u0111\u1ec1 c\u1ee7a lu\u1eadt doanh nghi\u1ec7p. C\u00e1c tr\u1ee3 l\u00fd ph\u00e1p l\u00fd c\u1ee7a c\u00f4ng ty \u0111\u00e3 quen thu\u1ed9c v\u1edbi nhi\u1ec1u kh\u00eda c\u1ea1nh c\u1ee7a ho\u1ea1t \u0111\u1ed9ng kinh doanh, ch\u1eb3ng h\u1ea1n nh\u01b0 h\u1ee3p \u0111\u1ed3ng, t\u00e0i ch\u00ednh, ph\u00e1 s\u1ea3n, ch\u1ee9ng kho\u00e1n, th\u01b0\u01a1ng hi\u1ec7u v\u00e0 b\u1eb1ng s\u00e1ng ch\u1ebf.<\/p>\n<p>Tr\u1ee3 l\u00fd ph\u00e1p l\u00fd c\u1ee7a c\u00f4ng ty s\u1ebd h\u1ed7 tr\u1ee3 b\u1ed9 ph\u1eadn ph\u00e1p l\u00fd c\u1ee7a c\u00f4ng ty trong nhi\u1ec1u kh\u00eda c\u1ea1nh c\u1ee7a lu\u1eadt doanh nghi\u1ec7p \u2013 t\u1eeb th\u1ee7 t\u1ee5c gi\u1ea5y t\u1edd \u0111\u1ebfn th\u1ee7 t\u1ee5c t\u1ed1 t\u1ee5ng t\u1ea1i t\u00f2a \u00e1n. Tr\u1ee3 l\u00fd Lu\u1eadt s\u01b0 Doanh nghi\u1ec7p s\u1ebd cung c\u1ea5p d\u1ecbch v\u1ee5 trong c\u00e1c th\u1ee7 t\u1ee5c ki\u1ec7n t\u1ee5ng doanh nghi\u1ec7p v\u00e0 c\u00e1c nhu c\u1ea7u ph\u00e1p l\u00fd kinh doanh c\u1ee5 th\u1ec3 kh\u00e1c. H\u1ecd c\u00f3 th\u1ec3 tham d\u1ef1 c\u00e1c cu\u1ed9c h\u1ecdp c\u1ee7a c\u00f4ng ty, chu\u1ea9n b\u1ecb c\u00e1c ngh\u1ecb quy\u1ebft c\u1ee7a c\u00f4ng ty v\u00e0 c\u00e1c nhi\u1ec7m v\u1ee5 t\u01b0\u01a1ng \u0111\u01b0\u01a1ng kh\u00e1c. T\u00f9y thu\u1ed9c v\u00e0o lo\u1ea1i h\u00ecnh kinh doanh, h\u1ecd c\u0169ng c\u00f3 th\u1ec3 c\u1ea7n ph\u1ea3i c\u00f3 kinh nghi\u1ec7m l\u00e0m vi\u1ec7c v\u1edbi c\u00e1c lo\u1ea1i th\u1ee7 t\u1ee5c v\u00e0 t\u00e0i li\u1ec7u c\u1ee5 th\u1ec3 c\u1ee7a ng\u00e0nh.<\/p><\/div><\/div><\/div>[vc_empty_space height=&#8221;30px&#8221;]<div class=\"shortcode-wrapper shortcode-icon-box clearfix\"><div class=\"feature-box alternative left-icon-box aligncenter\"><div class=\"feature-box-content\"><h4 class=\"bold\">Vai tr\u00f2 v\u00e0 tr\u00e1ch nhi\u1ec7m:<\/h4><p>\u2022 Ch\u1ecbu tr\u00e1ch nhi\u1ec7m xem x\u00e9t, theo d\u00f5i v\u00e0 gi\u00e1m s\u00e1t lu\u1eadt ph\u00e1p c\u00f3 t\u00e1c \u0111\u1ed9ng \u0111\u1ebfn c\u00e1c s\u1ea3n ph\u1ea9m v\u00e0\/ho\u1eb7c quy tr\u00ecnh c\u1ee7a c\u00f4ng ty.<br \/>\n\u2022 C\u1eadp nh\u1eadt cho l\u00e3nh \u0111\u1ea1o c\u00e1c ph\u00e2n t\u00edch v\u00e0 t\u1ed5ng h\u1ee3p k\u1ecbp th\u1eddi v\u1ec1 lu\u1eadt\/quy \u0111\u1ecbnh m\u1edbi \u1ea3nh h\u01b0\u1edfng \u0111\u1ebfn ho\u1ea1t \u0111\u1ed9ng kinh doanh.<br \/>\n\u2022 H\u1ed7 tr\u1ee3 th\u1ef1c hi\u1ec7n c\u00e1c thay \u0111\u1ed5i \u0111\u1ed1i v\u1edbi h\u1ee3p \u0111\u1ed3ng \u0111\u1ec3 tu\u00e2n th\u1ee7 lu\u1eadt ph\u00e1p\/quy \u0111\u1ecbnh.<br \/>\n\u2022 Ch\u1ecbu tr\u00e1ch nhi\u1ec7m h\u1ed7 tr\u1ee3 li\u00ean quan \u0111\u1ebfn ki\u1ec7n t\u1ee5ng, h\u00f2a gi\u1ea3i, ph\u00e2n x\u1eed v\u00e0 tr\u1ea3 l\u1eddi khi\u1ebfu n\u1ea1i.<br \/>\n\u2022 Gia h\u1ea1n v\u00e0 duy tr\u00ec gi\u1ea5y ph\u00e9p c\u00f4ng ty.<br \/>\n\u2022 So\u1ea1n th\u1ea3o, n\u1ed9p v\u00e0 qu\u1ea3n l\u00fd c\u00e1c t\u00e0i li\u1ec7u ph\u00e1p nh\u00e2n kinh doanh kh\u00e1c nhau cho c\u00e1c t\u1eadp \u0111o\u00e0n, c\u00f4ng ty tr\u00e1ch nhi\u1ec7m h\u1eefu h\u1ea1n v\u00e0 quan h\u1ec7 \u0111\u1ed1i t\u00e1c v\u1edbi c\u00e1c c\u01a1 quan Nh\u00e0 n\u01b0\u1edbc.<br \/>\n\u2022 So\u1ea1n th\u1ea3o h\u1ee3p \u0111\u1ed3ng ph\u00e1p l\u00fd, th\u01b0 t\u1eeb v\u00e0 c\u00e1c t\u00e0i li\u1ec7u kh\u00e1c.<br \/>\nK\u0129 n\u0103ng thi\u1ebft y\u1ebfu:<br \/>\n\u2022 S\u1eed d\u1ee5ng th\u00e0nh th\u1ea1o ph\u00f2ng d\u1eef li\u1ec7u \u1ea3o \u0111\u1ec3 t\u1ea3i l\u00ean v\u00e0 s\u1eafp x\u1ebfp t\u00e0i li\u1ec7u<br \/>\n\u2022 Th\u00e0nh th\u1ea1o Microsoft Office Suite<br \/>\n\u2022 Tr\u1ea3i nghi\u1ec7m thanh to\u00e1n th\u1eddi gian c\u1ee7a b\u1ea1n<br \/>\n\u2022 K\u1ef9 n\u0103ng giao ti\u1ebfp b\u1eb1ng v\u0103n b\u1ea3n v\u00e0 b\u1eb1ng l\u1eddi n\u00f3i tuy\u1ec7t v\u1eddi<br \/>\n\u2022 Ch\u00fa \u00fd \u0111\u1ebfn t\u1eebng chi ti\u1ebft, c\u0169ng nh\u01b0 k\u1ef9 n\u0103ng t\u1ed5 ch\u1ee9c v\u00e0 \u0111a nhi\u1ec7m<br \/>\ntr\u00ecnh \u0111\u1ed9:<br \/>\n\u2022 B\u1eb1ng c\u1eed nh\u00e2n, \u01b0u ti\u00ean<br \/>\n\u2022 Ch\u1ee9ng nh\u1eadn tr\u1ee3 l\u00fd ph\u00e1p l\u00fd l\u00e0 m\u1ed9t l\u1ee3i th\u1ebf<\/p><\/div><\/div><\/div>[\/vc_column_inner][\/vc_row_inner][\/vc_column][\/vc_row]\n<\/div>","protected":false},"excerpt":{"rendered":"<p>[vc_row top_margin=&#8221;0&#8243; bottom_margin=&#8221;0&#8243; css=&#8221;.vc_custom_1499912039446{margin-top: -30px !important;}&#8221;][vc_column][vc_row_inner][vc_column_inner][vc_empty_space height=&#8221;10px&#8221;][vc_empty_space height=&#8221;30px&#8221;][\/vc_column_inner][\/vc_row_inner][\/vc_column][\/vc_row]<\/p>\n","protected":false},"author":4,"featured_media":0,"parent":0,"menu_order":0,"comment_status":"closed","ping_status":"closed","template":"","meta":{"nf_dc_page":"","footnotes":""},"class_list":["post-10621","page","type-page","status-publish","hentry"],"_links":{"self":[{"href":"https:\/\/worknow.vn\/vi\/wp-json\/wp\/v2\/pages\/10621","targetHints":{"allow":["GET"]}}],"collection":[{"href":"https:\/\/worknow.vn\/vi\/wp-json\/wp\/v2\/pages"}],"about":[{"href":"https:\/\/worknow.vn\/vi\/wp-json\/wp\/v2\/types\/page"}],"author":[{"embeddable":true,"href":"https:\/\/worknow.vn\/vi\/wp-json\/wp\/v2\/users\/4"}],"replies":[{"embeddable":true,"href":"https:\/\/worknow.vn\/vi\/wp-json\/wp\/v2\/comments?post=10621"}],"version-history":[{"count":2,"href":"https:\/\/worknow.vn\/vi\/wp-json\/wp\/v2\/pages\/10621\/revisions"}],"predecessor-version":[{"id":11801,"href":"https:\/\/worknow.vn\/vi\/wp-json\/wp\/v2\/pages\/10621\/revisions\/11801"}],"wp:attachment":[{"href":"https:\/\/worknow.vn\/vi\/wp-json\/wp\/v2\/media?parent=10621"}],"curies":[{"name":"wp","href":"https:\/\/api.w.org\/{rel}","templated":true}]}}