{"id":10623,"date":"2022-08-17T10:10:00","date_gmt":"2022-08-17T10:10:00","guid":{"rendered":"https:\/\/worknow.vn\/legal-counsel\/"},"modified":"2023-05-31T08:02:54","modified_gmt":"2023-05-31T08:02:54","slug":"tu-van-phap-ly","status":"publish","type":"page","link":"https:\/\/worknow.vn\/vi\/tu-van-phap-ly\/","title":{"rendered":"T\u01b0 V\u1ea5n Ph\u00e1p L\u00fd"},"content":{"rendered":"<div class=\"wpb-content-wrapper\">[vc_row top_margin=&#8221;0&#8243; bottom_margin=&#8221;0&#8243; css=&#8221;.vc_custom_1499912039446{margin-top: -30px !important;}&#8221;][vc_column]<div class=\"shortcode-wrapper shortcode-title clearfix hb-animate-element hb-fade-in\"><p style=\"color:#878787!important;border-color:#878787\" class=\"hb-text-large aligncenter\">T\u01b0 V\u1ea5n Ph\u00e1p L\u00fd<\/p><\/div>[vc_row_inner][vc_column_inner][vc_empty_space height=&#8221;10px&#8221;]<div class=\"shortcode-wrapper shortcode-icon-box clearfix\"><div class=\"feature-box alternative left-icon-box aligncenter\"><div class=\"feature-box-content\"><h4 class=\"bold\">M\u00f4 t\u1ea3 c\u00f4ng vi\u1ec7c<\/h4><p>C\u1ed1 v\u1ea5n ph\u00e1p l\u00fd l\u00e0 m\u1ed9t chuy\u00ean gia \u0111\u1ea3m b\u1ea3o r\u1eb1ng c\u00f4ng ty c\u1ee7a h\u1ecd tu\u00e2n th\u1ee7 lu\u1eadt ph\u00e1p. H\u1ecd \u0111\u01b0a ra l\u1eddi khuy\u00ean v\u00e0 gi\u00e1m s\u00e1t t\u1ea5t c\u1ea3 c\u00e1c kh\u00eda c\u1ea1nh \u00e1p d\u1ee5ng c\u1ee7a n\u00f3, \u0111\u1ea3m b\u1ea3o r\u1eb1ng doanh nghi\u1ec7p c\u1ee7a h\u1ecd tu\u00e2n theo quy tr\u00ecnh th\u00edch h\u1ee3p theo m\u1ecdi c\u00e1ch c\u00f3 th\u1ec3.<br \/>\nC\u1ed1 v\u1ea5n ph\u00e1p l\u00fd ch\u1ecbu tr\u00e1ch nhi\u1ec7m gi\u00fap \u0111\u1ea3m b\u1ea3o t\u00ednh to\u00e0n v\u1eb9n v\u1ec1 m\u1eb7t ph\u00e1p l\u00fd c\u1ee7a Trung t\u00e2m, trong c\u00e1c ho\u1ea1t \u0111\u1ed9ng c\u1ee7a Trung t\u00e2m \u1edf c\u1ea3 Canada v\u00e0 n\u01b0\u1edbc ngo\u00e0i. \u0110i\u1ec1u n\u00e0y li\u00ean quan \u0111\u1ebfn vi\u1ec7c cung c\u1ea5p t\u01b0 v\u1ea5n cho Trung t\u00e2m:<br \/>\n\u2022 V\u1ec1 m\u1ed1i quan h\u1ec7 ph\u00e1p l\u00fd v\u1edbi nhi\u1ec1u b\u00ean.<br \/>\n\u2022 V\u1ec1 m\u1ed9t lo\u1ea1t c\u00e1c v\u1ea5n \u0111\u1ec1 ph\u00e1p l\u00fd c\u1ee7a c\u00f4ng ty khi ch\u00fang ph\u00e1t sinh; V\u00e0<br \/>\n\u2022 \u0110\u1ea3m b\u1ea3o tu\u00e2n th\u1ee7 c\u00e1c nguy\u00ean t\u1eafc, th\u00f4ng l\u1ec7 v\u00e0 ph\u00e1p lu\u1eadt hi\u1ec7n h\u00e0nh.<br \/>\nC\u1ed1 v\u1ea5n ph\u00e1p l\u00fd l\u00e0m vi\u1ec7c c\u00f9ng v\u00e0 cung c\u1ea5p l\u1eddi khuy\u00ean ph\u00e1p l\u00fd v\u00e0 chi\u1ebfn l\u01b0\u1ee3c cho nh\u00e2n vi\u00ean trong to\u00e0n Trung t\u00e2m, \u1edf t\u1ea5t c\u1ea3 c\u00e1c c\u1ea5p. C\u1ed1 v\u1ea5n Ph\u00e1p l\u00fd h\u1ed7 tr\u1ee3 Th\u01b0 k\u00fd C\u00f4ng ty v\u00e0 T\u1ed5ng C\u1ed1 v\u1ea5n trong vi\u1ec7c t\u01b0 v\u1ea5n v\u00e0 cung c\u1ea5p h\u1ed7 tr\u1ee3 cho ban qu\u1ea3n l\u00fd Trung t\u00e2m v\u00e0 H\u1ed9i \u0111\u1ed3ng Qu\u1ea3n tr\u1ecb v\u1ec1 c\u00e1c v\u1ea5n \u0111\u1ec1 qu\u1ea3n tr\u1ecb c\u00f4ng ty.<\/p><\/div><\/div><\/div>[vc_empty_space height=&#8221;30px&#8221;]<div class=\"shortcode-wrapper shortcode-icon-box clearfix\"><div class=\"feature-box alternative left-icon-box aligncenter\"><div class=\"feature-box-content\"><h4 class=\"bold\">Vai tr\u00f2 v\u00e0 tr\u00e1ch nhi\u1ec7m:<\/h4><p>\u2022 \u0110\u01b0a ra l\u1eddi khuy\u00ean ch\u00ednh x\u00e1c v\u00e0 k\u1ecbp th\u1eddi cho c\u00e1c gi\u00e1m \u0111\u1ed1c \u0111i\u1ec1u h\u00e0nh trong nhi\u1ec1u ch\u1ee7 \u0111\u1ec1 ph\u00e1p l\u00fd (lu\u1eadt lao \u0111\u1ed9ng, quan h\u1ec7 \u0111\u1ed1i t\u00e1c, li\u00ean doanh qu\u1ed1c t\u1ebf, t\u00e0i ch\u00ednh doanh nghi\u1ec7p, v.v.)<br \/>\n\u2022 Ph\u1ed1i h\u1ee3p v\u1edbi ban qu\u1ea3n l\u00fd \u0111\u1ec3 \u0111\u01b0a ra c\u00e1c chi\u1ebfn l\u01b0\u1ee3c ph\u00f2ng th\u1ee7 hi\u1ec7u qu\u1ea3<br \/>\n\u2022 C\u1ee5 th\u1ec3 h\u00f3a c\u00e1c ch\u00ednh s\u00e1ch qu\u1ea3n tr\u1ecb n\u1ed9i b\u1ed9 v\u00e0 th\u01b0\u1eddng xuy\u00ean gi\u00e1m s\u00e1t vi\u1ec7c tu\u00e2n th\u1ee7<br \/>\n\u2022 Nghi\u00ean c\u1ee9u v\u00e0 \u0111\u00e1nh gi\u00e1 c\u00e1c y\u1ebfu t\u1ed1 r\u1ee7i ro kh\u00e1c nhau li\u00ean quan \u0111\u1ebfn c\u00e1c quy\u1ebft \u0111\u1ecbnh v\u00e0 ho\u1ea1t \u0111\u1ed9ng kinh doanh<br \/>\n\u2022 \u00c1p d\u1ee5ng c\u00e1c k\u1ef9 thu\u1eadt qu\u1ea3n l\u00fd r\u1ee7i ro hi\u1ec7u qu\u1ea3 v\u00e0 ch\u1ee7 \u0111\u1ed9ng \u0111\u01b0a ra l\u1eddi khuy\u00ean v\u1ec1 c\u00e1c v\u1ea5n \u0111\u1ec1 ph\u00e1p l\u00fd c\u00f3 th\u1ec3 x\u1ea3y ra<br \/>\n\u2022 Giao ti\u1ebfp v\u00e0 \u0111\u00e0m ph\u00e1n v\u1edbi c\u00e1c b\u00ean b\u00ean ngo\u00e0i (c\u01a1 quan qu\u1ea3n l\u00fd, c\u1ed1 v\u1ea5n b\u00ean ngo\u00e0i, c\u01a1 quan c\u00f4ng quy\u1ec1n, v.v.), t\u1ea1o m\u1ed1i quan h\u1ec7 tin c\u1eady<br \/>\n\u2022 So\u1ea1n th\u1ea3o v\u00e0 ho\u00e0n thi\u1ec7n c\u00e1c th\u1ecfa thu\u1eadn, h\u1ee3p \u0111\u1ed3ng v\u00e0 c\u00e1c v\u0103n b\u1ea3n ph\u00e1p l\u00fd kh\u00e1c \u0111\u1ec3 \u0111\u1ea3m b\u1ea3o \u0111\u1ea7y \u0111\u1ee7 quy\u1ec1n l\u1ee3i h\u1ee3p ph\u00e1p c\u1ee7a c\u00f4ng ty<br \/>\n\u2022 X\u1eed l\u00fd c\u00e1c v\u1ea5n \u0111\u1ec1 ph\u1ee9c t\u1ea1p v\u1edbi nhi\u1ec1u b\u00ean li\u00ean quan v\u00e0 l\u1ef1c l\u01b0\u1ee3ng<br \/>\n\u2022 Cung c\u1ea5p th\u00f4ng tin r\u00f5 r\u00e0ng v\u1ec1 ng\u00f4n ng\u1eef ph\u00e1p l\u00fd ho\u1eb7c th\u00f4ng s\u1ed1 k\u1ef9 thu\u1eadt cho m\u1ecdi ng\u01b0\u1eddi trong t\u1ed5 ch\u1ee9c<br \/>\n\u2022 Th\u1ef1c hi\u1ec7n c\u00f4ng vi\u1ec7c c\u1ee7a b\u1ea1n m\u1ed9t c\u00e1ch ch\u00ednh tr\u1ef1c v\u00e0 c\u00f3 tr\u00e1ch nhi\u1ec7m<br \/>\n\u2022 Duy tr\u00ec ki\u1ebfn th\u1ee9c hi\u1ec7n t\u1ea1i v\u1ec1 nh\u1eefng thay \u0111\u1ed5i trong ph\u00e1p lu\u1eadt<br \/>\nK\u0129 n\u0103ng thi\u1ebft y\u1ebfu:<br \/>\n\u2022 K\u1ef9 n\u0103ng giao ti\u1ebfp v\u00e0 thuy\u1ebft tr\u00ecnh<br \/>\n\u2022 K\u1ef9 n\u0103ng giao ti\u1ebfp<br \/>\n\u2022 K\u1ef9 n\u0103ng k\u1ebft n\u1ed1i v\u00e0 x\u00e2y d\u1ef1ng m\u1ed1i quan h\u1ec7, k\u1ef9 n\u0103ng thuy\u1ebft ph\u1ee5c v\u00e0 bi\u1ec7n h\u1ed9<br \/>\n\u2022 K\u1ef9 n\u0103ng t\u1ed5 ch\u1ee9c (l\u1eadp k\u1ebf ho\u1ea1ch, ng\u00e2n s\u00e1ch, qu\u1ea3n l\u00fd th\u1eddi gian, \u01b0u ti\u00ean c\u00f4ng vi\u1ec7c)<br \/>\n\u2022 K\u1ef9 n\u0103ng nghi\u00ean c\u1ee9u, ph\u00e2n t\u00edch v\u00e0 gi\u1ea3i quy\u1ebft v\u1ea5n \u0111\u1ec1<br \/>\n\u2022 S\u1eed d\u1ee5ng th\u00e0nh th\u1ea1o m\u00e1y t\u00ednh, c\u00e1c c\u00f4ng c\u1ee5 v\u00e0 ph\u1ea7n m\u1ec1m ph\u00e1p y<br \/>\ntr\u00ecnh \u0111\u1ed9:<br \/>\n\u2022 B\u1eb1ng C\u1eed nh\u00e2n Lu\u1eadt ho\u1eb7c b\u1eb1ng J.D.<br \/>\n\u2022 MA ho\u1eb7c BSc Qu\u1ea3n tr\u1ecb kinh doanh s\u1ebd \u0111\u01b0\u1ee3c coi l\u00e0 m\u1ed9t l\u1ee3i th\u1ebf<\/p><\/div><\/div><\/div>[\/vc_column_inner][\/vc_row_inner][\/vc_column][\/vc_row]\n<\/div>","protected":false},"excerpt":{"rendered":"<p>[vc_row top_margin=&#8221;0&#8243; bottom_margin=&#8221;0&#8243; css=&#8221;.vc_custom_1499912039446{margin-top: -30px !important;}&#8221;][vc_column][vc_row_inner][vc_column_inner][vc_empty_space height=&#8221;10px&#8221;][vc_empty_space height=&#8221;30px&#8221;][\/vc_column_inner][\/vc_row_inner][\/vc_column][\/vc_row]<\/p>\n","protected":false},"author":4,"featured_media":0,"parent":0,"menu_order":0,"comment_status":"closed","ping_status":"closed","template":"","meta":{"nf_dc_page":"","footnotes":""},"class_list":["post-10623","page","type-page","status-publish","hentry"],"_links":{"self":[{"href":"https:\/\/worknow.vn\/vi\/wp-json\/wp\/v2\/pages\/10623","targetHints":{"allow":["GET"]}}],"collection":[{"href":"https:\/\/worknow.vn\/vi\/wp-json\/wp\/v2\/pages"}],"about":[{"href":"https:\/\/worknow.vn\/vi\/wp-json\/wp\/v2\/types\/page"}],"author":[{"embeddable":true,"href":"https:\/\/worknow.vn\/vi\/wp-json\/wp\/v2\/users\/4"}],"replies":[{"embeddable":true,"href":"https:\/\/worknow.vn\/vi\/wp-json\/wp\/v2\/comments?post=10623"}],"version-history":[{"count":2,"href":"https:\/\/worknow.vn\/vi\/wp-json\/wp\/v2\/pages\/10623\/revisions"}],"predecessor-version":[{"id":11803,"href":"https:\/\/worknow.vn\/vi\/wp-json\/wp\/v2\/pages\/10623\/revisions\/11803"}],"wp:attachment":[{"href":"https:\/\/worknow.vn\/vi\/wp-json\/wp\/v2\/media?parent=10623"}],"curies":[{"name":"wp","href":"https:\/\/api.w.org\/{rel}","templated":true}]}}