{"id":10625,"date":"2022-08-17T10:10:56","date_gmt":"2022-08-17T10:10:56","guid":{"rendered":"https:\/\/worknow.vn\/legal-advisor\/"},"modified":"2023-05-31T08:06:34","modified_gmt":"2023-05-31T08:06:34","slug":"co-van-phap-ly","status":"publish","type":"page","link":"https:\/\/worknow.vn\/vi\/co-van-phap-ly\/","title":{"rendered":"C\u1ed1 V\u1ea5n Ph\u00e1p L\u00fd"},"content":{"rendered":"<div class=\"wpb-content-wrapper\">[vc_row top_margin=&#8221;0&#8243; bottom_margin=&#8221;0&#8243; css=&#8221;.vc_custom_1499912039446{margin-top: -30px !important;}&#8221;][vc_column]<div class=\"shortcode-wrapper shortcode-title clearfix hb-animate-element hb-fade-in\"><p style=\"color:#878787!important;border-color:#878787\" class=\"hb-text-large aligncenter\">C\u1ed1 V\u1ea5n Ph\u00e1p L\u00fd<\/p><\/div>[vc_row_inner][vc_column_inner][vc_empty_space height=&#8221;10px&#8221;]<div class=\"shortcode-wrapper shortcode-icon-box clearfix\"><div class=\"feature-box alternative left-icon-box aligncenter\"><div class=\"feature-box-content\"><h4 class=\"bold\">M\u00f4 t\u1ea3 c\u00f4ng vi\u1ec7c<\/h4><p>C\u1ed1 v\u1ea5n ph\u00e1p l\u00fd s\u1ebd ch\u1ecbu tr\u00e1ch nhi\u1ec7m cung c\u1ea5p cho kh\u00e1ch h\u00e0ng s\u1ef1 h\u1ed7 tr\u1ee3 v\u00e0 t\u01b0 v\u1ea5n ph\u00e1p l\u00fd. Tr\u00e1ch nhi\u1ec7m c\u1ee7a m\u1ed9t c\u1ed1 v\u1ea5n ph\u00e1p l\u00fd bao g\u1ed3m so\u1ea1n th\u1ea3o c\u00e1c v\u0103n b\u1ea3n ph\u00e1p l\u00fd, x\u00e2y d\u1ef1ng c\u00e1c gi\u1ea3i ph\u00e1p cho c\u00e1c v\u1ea5n \u0111\u1ec1 v\u00e0 cung c\u1ea5p h\u1ed7 tr\u1ee3 trong c\u00e1c v\u1ea5n \u0111\u1ec1 ph\u00e1p l\u00fd.<br \/>\n\u0110\u1ec3 th\u00e0nh c\u00f4ng v\u1edbi t\u01b0 c\u00e1ch l\u00e0 c\u1ed1 v\u1ea5n ph\u00e1p l\u00fd, b\u1ea1n c\u1ea7n c\u00f3 k\u1ef9 n\u0103ng ph\u00e2n t\u00edch, nghi\u00ean c\u1ee9u v\u00e0 vi\u1ebft xu\u1ea5t s\u1eafc, kh\u1ea3 n\u0103ng \u0111\u01b0a ra ph\u00e1n \u0111o\u00e1n t\u1ed1t v\u00e0 kh\u1ea3 n\u0103ng l\u00e0m vi\u1ec7c t\u1ed1t trong nh\u00f3m. Cu\u1ed1i c\u00f9ng, m\u1ed9t c\u1ed1 v\u1ea5n ph\u00e1p l\u00fd h\u00e0ng \u0111\u1ea7u ph\u1ea3i c\u00f3 k\u1ef9 n\u0103ng giao ti\u1ebfp t\u1ed1t, c\u00f3 th\u1ec3 qu\u1ea3n l\u00fd kh\u1ed1i l\u01b0\u1ee3ng c\u00f4ng vi\u1ec7c l\u1edbn v\u1edbi th\u1eddi h\u1ea1n ch\u1eb7t ch\u1ebd v\u00e0 lu\u00f4n c\u1eadp nh\u1eadt c\u00e1c quy \u0111\u1ecbnh ph\u00e1p lu\u1eadt.<\/p>\n<\/p><\/div><\/div><\/div>[vc_empty_space height=&#8221;30px&#8221;]<div class=\"shortcode-wrapper shortcode-icon-box clearfix\"><div class=\"feature-box alternative left-icon-box aligncenter\"><div class=\"feature-box-content\"><h4 class=\"bold\">Vai tr\u00f2 v\u00e0 tr\u00e1ch nhi\u1ec7m:<\/h4><p>\u2022 Ti\u1ebfn h\u00e0nh ph\u00e2n t\u00edch ph\u00e1p l\u00fd v\u00e0 nghi\u00ean c\u1ee9u c\u00e1c v\u1ea5n \u0111\u1ec1 ph\u00e1p l\u00fd.<br \/>\n\u2022 T\u01b0 v\u1ea5n c\u00e1c v\u1ea5n \u0111\u1ec1 ph\u00e1p l\u00fd.<br \/>\n\u2022 So\u1ea1n th\u1ea3o \u00fd ki\u1ebfn ph\u00e1p l\u00fd, bi\u00ean b\u1ea3n ghi nh\u1edb v\u00e0 t\u00e0i li\u1ec7u t\u00f3m t\u1eaft.<br \/>\n\u2022 R\u00e0 so\u00e1t t\u00e0i li\u1ec7u ph\u00e1p l\u00fd.<br \/>\n\u2022 X\u00e2y d\u1ef1ng th\u1ee7 t\u1ee5c gi\u1ea3i quy\u1ebft tranh ch\u1ea5p.<br \/>\n\u2022 Gi\u00e1m s\u00e1t vi\u1ec7c th\u1ef1c hi\u1ec7n c\u00e1c \u0111i\u1ec1u kho\u1ea3n c\u1ee7a ph\u00e1p lu\u1eadt.<br \/>\nK\u0129 n\u0103ng thi\u1ebft y\u1ebfu:<br \/>\n\u2022 K\u1ef9 n\u0103ng ph\u00e2n t\u00edch v\u00e0 nghi\u00ean c\u1ee9u m\u1ea1nh m\u1ebd.<br \/>\n\u2022 K\u1ef9 n\u0103ng giao ti\u1ebfp v\u00e0 giao ti\u1ebfp hi\u1ec7u qu\u1ea3.<br \/>\n\u2022 Kh\u1ea3 n\u0103ng l\u00e0m vi\u1ec7c nh\u00f3m v\u00e0 c\u00e1 nh\u00e2n t\u1ed1t.<br \/>\n\u2022 C\u00f3 kh\u1ea3 n\u0103ng l\u00e0m vi\u1ec7c nhi\u1ec1u gi\u1edd khi c\u1ea7n thi\u1ebft.<br \/>\n\u2022 Kh\u1ea3 n\u0103ng \u0111\u01b0a ra quy\u1ebft \u0111\u1ecbnh hi\u1ec7u qu\u1ea3 trong c\u00e1c \u0111i\u1ec1u ki\u1ec7n quan tr\u1ecdng<br \/>\n\u2022 T\u01b0 duy ph\u1ea3n bi\u1ec7n, k\u1ef9 n\u0103ng ph\u00e2n t\u00edch v\u00e0 gi\u1ea3i quy\u1ebft v\u1ea5n \u0111\u1ec1<br \/>\n\u2022 Kh\u1ea3 n\u0103ng t\u1ef1 kh\u1edfi t\u1ea1o v\u00e0 th\u1ef1c hi\u1ec7n nhi\u1ec7m v\u1ee5 v\u1edbi s\u1ef1 gi\u00e1m s\u00e1t t\u1ed1i thi\u1ec3u<br \/>\n\u2022 Tr\u00ecnh \u0111\u1ed9 m\u00e1y t\u00ednh v\u00e0 kh\u1ea3 n\u0103ng v\u1eadn h\u00e0nh c\u00e1c g\u00f3i ph\u1ea7n m\u1ec1m ph\u1ed5 bi\u1ebfn.<br \/>\n\u2022 Kh\u1ea3 n\u0103ng l\u00e0m vi\u1ec7c t\u1ed1t v\u1edbi nh\u1eefng ng\u01b0\u1eddi kh\u00e1c v\u00e0 x\u00e2y d\u1ef1ng m\u1ed1i quan h\u1ec7 t\u1ed1t v\u1edbi kh\u00e1ch h\u00e0ng v\u00e0 c\u00e1c b\u00ean li\u00ean quan<br \/>\ntr\u00ecnh \u0111\u1ed9:<br \/>\n\u2022 B\u1eb1ng c\u1eed nh\u00e2n lu\u1eadt ho\u1eb7c l\u0129nh v\u1ef1c li\u00ean quan.<\/p><\/div><\/div><\/div>[\/vc_column_inner][\/vc_row_inner][\/vc_column][\/vc_row]\n<\/div>","protected":false},"excerpt":{"rendered":"<p>[vc_row top_margin=&#8221;0&#8243; bottom_margin=&#8221;0&#8243; css=&#8221;.vc_custom_1499912039446{margin-top: -30px !important;}&#8221;][vc_column][vc_row_inner][vc_column_inner][vc_empty_space height=&#8221;10px&#8221;][vc_empty_space height=&#8221;30px&#8221;][\/vc_column_inner][\/vc_row_inner][\/vc_column][\/vc_row]<\/p>\n","protected":false},"author":4,"featured_media":0,"parent":0,"menu_order":0,"comment_status":"closed","ping_status":"closed","template":"","meta":{"nf_dc_page":"","footnotes":""},"class_list":["post-10625","page","type-page","status-publish","hentry"],"_links":{"self":[{"href":"https:\/\/worknow.vn\/vi\/wp-json\/wp\/v2\/pages\/10625","targetHints":{"allow":["GET"]}}],"collection":[{"href":"https:\/\/worknow.vn\/vi\/wp-json\/wp\/v2\/pages"}],"about":[{"href":"https:\/\/worknow.vn\/vi\/wp-json\/wp\/v2\/types\/page"}],"author":[{"embeddable":true,"href":"https:\/\/worknow.vn\/vi\/wp-json\/wp\/v2\/users\/4"}],"replies":[{"embeddable":true,"href":"https:\/\/worknow.vn\/vi\/wp-json\/wp\/v2\/comments?post=10625"}],"version-history":[{"count":2,"href":"https:\/\/worknow.vn\/vi\/wp-json\/wp\/v2\/pages\/10625\/revisions"}],"predecessor-version":[{"id":11805,"href":"https:\/\/worknow.vn\/vi\/wp-json\/wp\/v2\/pages\/10625\/revisions\/11805"}],"wp:attachment":[{"href":"https:\/\/worknow.vn\/vi\/wp-json\/wp\/v2\/media?parent=10625"}],"curies":[{"name":"wp","href":"https:\/\/api.w.org\/{rel}","templated":true}]}}