{"id":10627,"date":"2022-08-17T10:11:55","date_gmt":"2022-08-17T10:11:55","guid":{"rendered":"https:\/\/worknow.vn\/legal-secretary\/"},"modified":"2023-05-31T08:08:18","modified_gmt":"2023-05-31T08:08:18","slug":"thu-ky-phap-ly","status":"publish","type":"page","link":"https:\/\/worknow.vn\/vi\/thu-ky-phap-ly\/","title":{"rendered":"Th\u01b0 K\u00fd Ph\u00e1p L\u00fd"},"content":{"rendered":"<div class=\"wpb-content-wrapper\">[vc_row top_margin=&#8221;0&#8243; bottom_margin=&#8221;0&#8243; css=&#8221;.vc_custom_1499912039446{margin-top: -30px !important;}&#8221;][vc_column]<div class=\"shortcode-wrapper shortcode-title clearfix hb-animate-element hb-fade-in\"><p style=\"color:#878787!important;border-color:#878787\" class=\"hb-text-large aligncenter\">Th\u01b0 K\u00fd Ph\u00e1p L\u00fd<\/p><\/div>[vc_row_inner][vc_column_inner][vc_empty_space height=&#8221;10px&#8221;]<div class=\"shortcode-wrapper shortcode-icon-box clearfix\"><div class=\"feature-box alternative left-icon-box aligncenter\"><div class=\"feature-box-content\"><h4 class=\"bold\">M\u00f4 t\u1ea3 c\u00f4ng vi\u1ec7c<\/h4><p>M\u1ed9t th\u01b0 k\u00fd ph\u00e1p l\u00fd ch\u1ecbu tr\u00e1ch nhi\u1ec7m cung c\u1ea5p h\u1ed7 tr\u1ee3 h\u00e0nh ch\u00ednh v\u00e0 v\u0103n th\u01b0 cho m\u1ed9t ho\u1eb7c nhi\u1ec1u lu\u1eadt s\u01b0. \u0110i\u1ec1u n\u00e0y thay \u0111\u1ed5i t\u1eeb vi\u1ec7c sao ch\u00e9p v\u00e0 hi\u1ec7u \u0111\u00ednh c\u00e1c t\u00e0i li\u1ec7u ph\u00e1p l\u00fd, l\u00ean l\u1ecbch tr\u00ecnh tr\u01b0\u1edbc t\u00f2a, phi\u00ean \u0111i\u1ec1u tr\u1ea7n v\u00e0 c\u00e1c cu\u1ed9c h\u1ecdp cho \u0111\u1ebfn vi\u1ec7c n\u1ed9p v\u00e0 s\u1eafp x\u1ebfp c\u00e1c t\u00e0i li\u1ec7u quan tr\u1ecdng. V\u1ec1 c\u01a1 b\u1ea3n, th\u01b0 k\u00fd ph\u00e1p l\u00fd duy tr\u00ec hi\u1ec7u qu\u1ea3 c\u1ee7a t\u1ea5t c\u1ea3 c\u00e1c th\u1ee7 t\u1ee5c v\u0103n ph\u00f2ng v\u00e0 qu\u1ea3n l\u00fd tr\u01b0\u1eddng h\u1ee3p \u0111\u1ec3 \u0111\u1ea3m b\u1ea3o \u0111\u1ed9 tin c\u1eady v\u00e0 t\u00ednh nh\u1ea5t qu\u00e1n. Th\u01b0 k\u00fd ph\u00e1p l\u00fd c\u00f3 th\u1ec3 l\u00e0m vi\u1ec7c trong c\u00e1c c\u00f4ng ty lu\u1eadt v\u00e0 b\u1ed9 ph\u1eadn ph\u00e1p l\u00fd c\u1ee7a c\u00e1c t\u1eadp \u0111o\u00e0n t\u01b0 nh\u00e2n. H\u1ea7u h\u1ebft c\u00e1c th\u01b0 k\u00fd ph\u00e1p l\u00fd \u0111\u1ec1u c\u00f3 b\u1eb1ng cao \u0111\u1eb3ng tr\u1edf l\u00ean v\u1ec1 Nghi\u00ean c\u1ee9u Ph\u00e1p l\u00fd ho\u1eb7c l\u0129nh v\u1ef1c li\u00ean quan.<\/p><\/div><\/div><\/div>[vc_empty_space height=&#8221;30px&#8221;]<div class=\"shortcode-wrapper shortcode-icon-box clearfix\"><div class=\"feature-box alternative left-icon-box aligncenter\"><div class=\"feature-box-content\"><h4 class=\"bold\">Vai tr\u00f2 v\u00e0 tr\u00e1ch nhi\u1ec7m:<\/h4><p>\u2022 Phi\u00ean \u00e2m v\u00e0 hi\u1ec7u \u0111\u00ednh c\u00e1c v\u0103n b\u1ea3n ph\u00e1p l\u00fd<br \/>\n\u2022 N\u1ed9p h\u1ed3 s\u01a1 ch\u00ednh x\u00e1c cho t\u00f2a \u00e1n tr\u01b0\u1edbc th\u1eddi h\u1ea1n<br \/>\n\u2022 X\u1eed l\u00fd h\u00f3a \u0111\u01a1n c\u1ee7a b\u00ean th\u1ee9 ba v\u00e0 nh\u00e0 cung c\u1ea5p<br \/>\n\u2022 S\u1eafp x\u1ebfp vi\u1ec7c \u0111i l\u1ea1i cho lu\u1eadt s\u01b0<br \/>\n\u2022 L\u01b0u tr\u1eef, s\u1eafp x\u1ebfp, qu\u00e9t, sao ch\u00e9p v\u00e0 fax t\u00e0i li\u1ec7u ph\u00e1p l\u00fd k\u1ecbp th\u1eddi<br \/>\n\u2022 `Tr\u1ea3 l\u1eddi c\u00e1c cu\u1ed9c g\u1ecdi \u0111i\u1ec7n tho\u1ea1i, ghi ch\u00fa\/tin nh\u1eafn v\u00e0 chuy\u1ec3n h\u01b0\u1edbng cu\u1ed9c g\u1ecdi khi th\u00edch h\u1ee3p<br \/>\n\u2022 L\u00ean l\u1ecbch c\u00e1c phi\u00ean t\u00f2a, phi\u00ean \u0111i\u1ec1u tr\u1ea7n v\u00e0 c\u00e1c cu\u1ed9c h\u1ecdp kh\u00e1c<br \/>\n\u2022 T\u1ea1o \u0111i\u1ec1u ki\u1ec7n \u0111\u00e1p \u1ee9ng th\u1eddi h\u1ea1n b\u1eb1ng c\u00e1ch gi\u1eef nhi\u1ec1u ch\u01b0\u01a1ng tr\u00ecnh ngh\u1ecb s\u1ef1 v\u00e0 \u0111\u01b0a ra l\u1eddi nh\u1eafc k\u1ecbp th\u1eddi<br \/>\nK\u0129 n\u0103ng thi\u1ebft y\u1ebfu:<br \/>\n\u2022 T\u1ed5 ch\u1ee9c qu\u1ea3n l\u00fd th\u00f4ng tin li\u00ean l\u1ea1c, t\u00e0i li\u1ec7u v\u00e0 l\u1eadp l\u1ecbch s\u1ef1 ki\u1ec7n<br \/>\n\u2022 K\u1ef9 n\u0103ng giao ti\u1ebfp gi\u1eefa c\u00e1c c\u00e1 nh\u00e2n v\u1edbi kh\u00e1ch h\u00e0ng, Lu\u1eadt s\u01b0, nh\u00e2n vi\u00ean h\u1ed7 tr\u1ee3 ph\u00e1p l\u00fd kh\u00e1c v\u00e0 c\u00e1c v\u0103n ph\u00f2ng ho\u1eb7c nh\u00e0 cung c\u1ea5p kh\u00e1c<br \/>\n\u2022 K\u1ef9 n\u0103ng vi\u1ebft r\u00f5 r\u00e0ng v\u00e0 s\u00fac t\u00edch \u0111\u1ec3 \u0111\u1ea3m b\u1ea3o giao ti\u1ebfp hi\u1ec7u qu\u1ea3 v\u00e0 ch\u00ednh x\u00e1c<br \/>\nTr\u00ecnh \u0111\u1ed9 chuy\u00ean m\u00f4n: Th\u01b0 k\u00fd ph\u00e1p l\u00fd \u0111\u01b0\u1ee3c \u0111\u00e0o t\u1ea1o v\u1ec1 th\u1ee7 t\u1ee5c v\u0103n ph\u00f2ng lu\u1eadt, c\u00f4ng ngh\u1ec7 v\u0103n ph\u00f2ng lu\u1eadt v\u00e0 thu\u1eadt ng\u1eef ph\u00e1p l\u00fd.<\/p><\/div><\/div><\/div>[\/vc_column_inner][\/vc_row_inner][\/vc_column][\/vc_row]\n<\/div>","protected":false},"excerpt":{"rendered":"<p>[vc_row top_margin=&#8221;0&#8243; bottom_margin=&#8221;0&#8243; css=&#8221;.vc_custom_1499912039446{margin-top: -30px !important;}&#8221;][vc_column][vc_row_inner][vc_column_inner][vc_empty_space height=&#8221;10px&#8221;][vc_empty_space height=&#8221;30px&#8221;][\/vc_column_inner][\/vc_row_inner][\/vc_column][\/vc_row]<\/p>\n","protected":false},"author":4,"featured_media":0,"parent":0,"menu_order":0,"comment_status":"closed","ping_status":"closed","template":"","meta":{"nf_dc_page":"","footnotes":""},"class_list":["post-10627","page","type-page","status-publish","hentry"],"_links":{"self":[{"href":"https:\/\/worknow.vn\/vi\/wp-json\/wp\/v2\/pages\/10627","targetHints":{"allow":["GET"]}}],"collection":[{"href":"https:\/\/worknow.vn\/vi\/wp-json\/wp\/v2\/pages"}],"about":[{"href":"https:\/\/worknow.vn\/vi\/wp-json\/wp\/v2\/types\/page"}],"author":[{"embeddable":true,"href":"https:\/\/worknow.vn\/vi\/wp-json\/wp\/v2\/users\/4"}],"replies":[{"embeddable":true,"href":"https:\/\/worknow.vn\/vi\/wp-json\/wp\/v2\/comments?post=10627"}],"version-history":[{"count":2,"href":"https:\/\/worknow.vn\/vi\/wp-json\/wp\/v2\/pages\/10627\/revisions"}],"predecessor-version":[{"id":11807,"href":"https:\/\/worknow.vn\/vi\/wp-json\/wp\/v2\/pages\/10627\/revisions\/11807"}],"wp:attachment":[{"href":"https:\/\/worknow.vn\/vi\/wp-json\/wp\/v2\/media?parent=10627"}],"curies":[{"name":"wp","href":"https:\/\/api.w.org\/{rel}","templated":true}]}}