{"id":10629,"date":"2022-08-18T01:09:41","date_gmt":"2022-08-18T01:09:41","guid":{"rendered":"https:\/\/worknow.vn\/legal-executive\/"},"modified":"2023-05-31T08:13:44","modified_gmt":"2023-05-31T08:13:44","slug":"chuyen-vien-phap-ly","status":"publish","type":"page","link":"https:\/\/worknow.vn\/vi\/chuyen-vien-phap-ly\/","title":{"rendered":"Chuy\u00ean Vi\u00ean Ph\u00e1p L\u00fd"},"content":{"rendered":"<div class=\"wpb-content-wrapper\">[vc_row top_margin=&#8221;0&#8243; bottom_margin=&#8221;0&#8243; css=&#8221;.vc_custom_1499912039446{margin-top: -30px !important;}&#8221;][vc_column]<div class=\"shortcode-wrapper shortcode-title clearfix hb-animate-element hb-fade-in\"><p style=\"color:#878787!important;border-color:#878787\" class=\"hb-text-large aligncenter\">Chuy\u00ean Vi\u00ean Ph\u00e1p L\u00fd<\/p><\/div>[vc_row_inner][vc_column_inner][vc_empty_space height=&#8221;10px&#8221;]<div class=\"shortcode-wrapper shortcode-icon-box clearfix\"><div class=\"feature-box alternative left-icon-box aligncenter\"><div class=\"feature-box-content\"><h4 class=\"bold\">M\u00f4 t\u1ea3 c\u00f4ng vi\u1ec7c<\/h4><p>Chuy\u00ean vi\u00ean ph\u00e1p l\u00fd l\u00e0 m\u1ed9t lu\u1eadt s\u01b0 c\u00f3 thu ph\u00ed, \u0111\u1ee7 ti\u00eau chu\u1ea9n l\u00e0 Th\u00e0nh vi\u00ean c\u1ee7a Vi\u1ec7n \u0110i\u1ec1u h\u00e0nh Ph\u00e1p l\u00fd C\u00f4ng ch\u1ee9ng (CILEx). Chuy\u00ean vi\u00ean ph\u00e1p l\u00fd th\u01b0\u1eddng \u0111\u01b0\u1ee3c tuy\u1ec3n d\u1ee5ng b\u1edfi c\u00e1c c\u00f4ng ty lu\u1eadt, t\u1ed5 ch\u1ee9c khu v\u1ef1c c\u00f4ng v\u00e0 nh\u00f3m ph\u00e1p l\u00fd n\u1ed9i b\u1ed9 c\u1ee7a c\u00e1c doanh nghi\u1ec7p th\u01b0\u01a1ng m\u1ea1i trong khu v\u1ef1c t\u01b0 nh\u00e2n.<br \/>\nChuy\u00ean vi\u00ean ph\u00e1p l\u00fd \u0111\u01b0\u1ee3c y\u00eau c\u1ea7u c\u1eadp nh\u1eadt c\u00e1c ph\u00e1t tri\u1ec3n ph\u00e1p l\u00fd v\u00e0 ti\u1ebfp t\u1ee5c \u0111\u00e0o t\u1ea1o trong su\u1ed1t s\u1ef1 nghi\u1ec7p c\u1ee7a h\u1ecd.<\/p><\/div><\/div><\/div>[vc_empty_space height=&#8221;30px&#8221;]<div class=\"shortcode-wrapper shortcode-icon-box clearfix\"><div class=\"feature-box alternative left-icon-box aligncenter\"><div class=\"feature-box-content\"><h4 class=\"bold\"> Vai tr\u00f2 v\u00e0 tr\u00e1ch nhi\u1ec7m:<\/h4><p>\u2022 T\u01b0 v\u1ea5n ph\u00e1p l\u00fd cho kh\u00e1ch h\u00e0ng; t\u01b0\u01a1ng \u1ee9ng v\u1edbi h\u1ecd v\u00e0 gi\u1ea3i th\u00edch c\u00e1c v\u1ea5n \u0111\u1ec1 ph\u00e1p l\u00fd ph\u1ee9c t\u1ea1p.<br \/>\n\u2022 Thay m\u1eb7t kh\u00e1ch h\u00e0ng li\u00ean l\u1ea1c v\u1edbi c\u00e1c chuy\u00ean gia \u0111\u1ed3ng nghi\u1ec7p.<br \/>\n\u2022 Nghi\u00ean c\u1ee9u th\u00f4ng tin v\u00e0 chu\u1ea9n b\u1ecb h\u1ed3 s\u01a1 ph\u00e1p l\u00fd.<br \/>\n\u2022 Tham d\u1ef1 phi\u00ean t\u00f2a \u0111\u1ec3 h\u1ed7 tr\u1ee3 tr\u00ecnh b\u00e0y c\u00e1c tr\u01b0\u1eddng h\u1ee3p.<br \/>\n\u2022 Ti\u1ebfn h\u00e0nh bi\u1ec7n h\u1ed9 t\u1ea1i T\u00f2a \u00e1n T\u1ed1i cao v\u00e0 T\u00f2a \u00e1n Qu\u1eadn.<br \/>\n\u2022 L\u00e0m \u1ee7y vi\u00ean tuy\u00ean th\u1ec7 tuy\u00ean th\u1ec7 v\u0103n b\u1ea3n quy ph\u1ea1m ph\u00e1p lu\u1eadt.<br \/>\n\u2022 Lu\u00f4n c\u1eadp nh\u1eadt nh\u1eefng thay \u0111\u1ed5i c\u1ee7a ph\u00e1p lu\u1eadt.<br \/>\n\u2022 Chu\u1ea9n b\u1ecb c\u00e1c t\u00e0i kho\u1ea3n c\u1ee7a m\u1ed9t th\u1ef1c h\u00e0nh ph\u00e1p l\u00fd.<br \/>\n\u2022 H\u1ed7 tr\u1ee3 Lu\u1eadt s\u01b0 v\u00e0 l\u00e0m vi\u1ec7c c\u00f9ng v\u1edbi Tr\u1ee3 l\u00fd lu\u1eadt s\u01b0, Th\u01b0 k\u00fd ph\u00e1p l\u00fd v\u00e0 c\u00e1c chuy\u00ean gia ph\u00e1p l\u00fd kh\u00e1c.<br \/>\nK\u0129 n\u0103ng thi\u1ebft y\u1ebfu:<br \/>\n\u2022 Giao ti\u1ebfp v\u00e0 k\u1ef9 n\u0103ng gi\u1eefa c\u00e1c c\u00e1 nh\u00e2n.<br \/>\n\u2022 K\u1ef9 n\u0103ng ph\u00e2n t\u00edch v\u00e0 gi\u1ea3i quy\u1ebft v\u1ea5n \u0111\u1ec1.<br \/>\n\u2022 K\u0129 n\u0103ng th\u01b0\u01a1ng l\u01b0\u1ee3ng.<br \/>\n\u2022 K\u1ef9 n\u0103ng nghi\u00ean c\u1ee9u v\u00e0 so\u1ea1n th\u1ea3o.<br \/>\n\u2022 S\u1ef1 ch\u00fa \u00fd \u0111\u1ebfn chi ti\u1ebft.<br \/>\n\u2022 K\u1ef9 n\u0103ng t\u1ed5 ch\u1ee9c v\u1edbi kh\u1ea3 n\u0103ng \u01b0u ti\u00ean c\u00e1c nhi\u1ec7m v\u1ee5 m\u1ed9t c\u00e1ch hi\u1ec7u qu\u1ea3.<br \/>\n\u2022 Kh\u1ea3 n\u0103ng l\u00e0m vi\u1ec7c nh\u00f3m t\u1ed1t.<br \/>\n\u2022 T\u00ednh chuy\u00ean nghi\u1ec7p v\u00e0 th\u1eadn tr\u1ecdng.<br \/>\n\u2022 K\u1ef9 n\u0103ng h\u00e0nh ch\u00ednh v\u00e0 CNTT.<br \/>\nTr\u00ecnh \u0111\u1ed9 chuy\u00ean m\u00f4n: Ngh\u1ec1 \u0111i\u1ec1u h\u00e0nh ph\u00e1p l\u00fd \u0111\u01b0\u1ee3c quy \u0111\u1ecbnh b\u1edfi CILEx, trong \u0111\u00f3 t\u1ea5t c\u1ea3 c\u00e1c nh\u00e0 \u0111i\u1ec1u h\u00e0nh ph\u00e1p l\u00fd mong mu\u1ed1n ph\u1ea3i l\u00e0 th\u00e0nh vi\u00ean. L\u1ed9 tr\u00ecnh \u0111\u1ec3 \u0111\u1ea1t \u0111\u01b0\u1ee3c tr\u00ecnh \u0111\u1ed9 chuy\u00ean m\u00f4n th\u01b0\u1eddng m\u1ea5t kho\u1ea3ng b\u1ed1n n\u0103m v\u00e0 kh\u00e1c v\u1edbi l\u1ed9 tr\u00ecnh c\u1ee7a lu\u1eadt s\u01b0 v\u00e0 t\u00f9y thu\u1ed9c v\u00e0o vi\u1ec7c b\u1ea1n t\u1ed1t nghi\u1ec7p lu\u1eadt hay kh\u00f4ng lu\u1eadt.<\/p><\/div><\/div><\/div>[\/vc_column_inner][\/vc_row_inner][\/vc_column][\/vc_row]\n<\/div>","protected":false},"excerpt":{"rendered":"<p>[vc_row top_margin=&#8221;0&#8243; bottom_margin=&#8221;0&#8243; css=&#8221;.vc_custom_1499912039446{margin-top: -30px !important;}&#8221;][vc_column][vc_row_inner][vc_column_inner][vc_empty_space height=&#8221;10px&#8221;][vc_empty_space height=&#8221;30px&#8221;][\/vc_column_inner][\/vc_row_inner][\/vc_column][\/vc_row]<\/p>\n","protected":false},"author":4,"featured_media":0,"parent":0,"menu_order":0,"comment_status":"closed","ping_status":"closed","template":"","meta":{"nf_dc_page":"","footnotes":""},"class_list":["post-10629","page","type-page","status-publish","hentry"],"_links":{"self":[{"href":"https:\/\/worknow.vn\/vi\/wp-json\/wp\/v2\/pages\/10629","targetHints":{"allow":["GET"]}}],"collection":[{"href":"https:\/\/worknow.vn\/vi\/wp-json\/wp\/v2\/pages"}],"about":[{"href":"https:\/\/worknow.vn\/vi\/wp-json\/wp\/v2\/types\/page"}],"author":[{"embeddable":true,"href":"https:\/\/worknow.vn\/vi\/wp-json\/wp\/v2\/users\/4"}],"replies":[{"embeddable":true,"href":"https:\/\/worknow.vn\/vi\/wp-json\/wp\/v2\/comments?post=10629"}],"version-history":[{"count":2,"href":"https:\/\/worknow.vn\/vi\/wp-json\/wp\/v2\/pages\/10629\/revisions"}],"predecessor-version":[{"id":11809,"href":"https:\/\/worknow.vn\/vi\/wp-json\/wp\/v2\/pages\/10629\/revisions\/11809"}],"wp:attachment":[{"href":"https:\/\/worknow.vn\/vi\/wp-json\/wp\/v2\/media?parent=10629"}],"curies":[{"name":"wp","href":"https:\/\/api.w.org\/{rel}","templated":true}]}}