{"id":10631,"date":"2022-08-18T01:13:55","date_gmt":"2022-08-18T01:13:55","guid":{"rendered":"https:\/\/worknow.vn\/legal-supervisor\/"},"modified":"2023-05-31T08:16:13","modified_gmt":"2023-05-31T08:16:13","slug":"giam-sat-phap-ly","status":"publish","type":"page","link":"https:\/\/worknow.vn\/vi\/giam-sat-phap-ly\/","title":{"rendered":"Gi\u00e1m S\u00e1t Ph\u00e1p L\u00fd"},"content":{"rendered":"<div class=\"wpb-content-wrapper\">[vc_row top_margin=&#8221;0&#8243; bottom_margin=&#8221;0&#8243; css=&#8221;.vc_custom_1499912039446{margin-top: -30px !important;}&#8221;][vc_column]<div class=\"shortcode-wrapper shortcode-title clearfix hb-animate-element hb-fade-in\"><p style=\"color:#878787!important;border-color:#878787\" class=\"hb-text-large aligncenter\">Gi\u00e1m S\u00e1t Ph\u00e1p L\u00fd<\/p><\/div>[vc_row_inner][vc_column_inner][vc_empty_space height=&#8221;10px&#8221;]<div class=\"shortcode-wrapper shortcode-icon-box clearfix\"><div class=\"feature-box alternative left-icon-box aligncenter\"><div class=\"feature-box-content\"><h4 class=\"bold\">M\u00f4 t\u1ea3 c\u00f4ng vi\u1ec7c<\/h4><p>Gi\u00e1m s\u00e1t ph\u00e1p l\u00fd l\u00e0 m\u1ed9t chuy\u00ean gia \u0111\u1ea3m b\u1ea3o r\u1eb1ng c\u00f4ng ty c\u1ee7a h\u1ecd tu\u00e2n th\u1ee7 lu\u1eadt ph\u00e1p. H\u1ecd \u0111\u01b0a ra l\u1eddi khuy\u00ean v\u00e0 gi\u00e1m s\u00e1t t\u1ea5t c\u1ea3 c\u00e1c kh\u00eda c\u1ea1nh \u00e1p d\u1ee5ng c\u1ee7a n\u00f3, \u0111\u1ea3m b\u1ea3o r\u1eb1ng doanh nghi\u1ec7p c\u1ee7a h\u1ecd tu\u00e2n theo quy tr\u00ecnh th\u00edch h\u1ee3p theo m\u1ecdi c\u00e1ch c\u00f3 th\u1ec3. \u0110\u00e2y l\u00e0 c\u1ea5p \u0111\u1ed9 gi\u00e1m s\u00e1t \u0111\u1ea7y \u0111\u1ee7 \u0111\u1ea7u ti\u00ean trong chu\u1ed7i c\u1ea5p \u0111\u1ed9 x\u1eed l\u00fd ph\u00e1p l\u00fd.<br \/>\nNh\u1eefng ng\u01b0\u1eddi \u0111\u01b0\u01a1ng nhi\u1ec7m gi\u00e1m s\u00e1t m\u1ed9t \u0111\u01a1n v\u1ecb nh\u00e2n vi\u00ean h\u1ed7 tr\u1ee3 v\u0103n ph\u00f2ng ph\u00e1p l\u00fd v\u00e0 cung c\u1ea5p gi\u1ea3i th\u00edch c\u0169ng nh\u01b0 c\u1ea3i ti\u1ebfn ch\u00ednh s\u00e1ch v\u00e0 th\u1ee7 t\u1ee5c \u0111\u1ec3 \u0111\u1ea3m b\u1ea3o d\u1ecbch v\u1ee5 nh\u1ea5t qu\u00e1n v\u00e0 hi\u1ec7u qu\u1ea3 cho c\u00f4ng ch\u00fang, c\u00e1c ph\u00f2ng ban kh\u00e1c v\u00e0 c\u00e1c c\u01a1 quan kh\u00e1c.<\/p><\/div><\/div><\/div>[vc_empty_space height=&#8221;30px&#8221;]<div class=\"shortcode-wrapper shortcode-icon-box clearfix\"><div class=\"feature-box alternative left-icon-box aligncenter\"><div class=\"feature-box-content\"><h4 class=\"bold\">Vai tr\u00f2 v\u00e0 Tr\u00e1ch nhi\u1ec7m:<\/h4><p>\u2022 \u0110\u01b0a ra l\u1eddi khuy\u00ean ch\u00ednh x\u00e1c v\u00e0 k\u1ecbp th\u1eddi cho c\u00e1c gi\u00e1m \u0111\u1ed1c \u0111i\u1ec1u h\u00e0nh trong nhi\u1ec1u ch\u1ee7 \u0111\u1ec1 ph\u00e1p l\u00fd (lu\u1eadt lao \u0111\u1ed9ng, quan h\u1ec7 \u0111\u1ed1i t\u00e1c, li\u00ean doanh qu\u1ed1c t\u1ebf, t\u00e0i ch\u00ednh doanh nghi\u1ec7p, v.v.)<br \/>\n\u2022 Ph\u1ed1i h\u1ee3p v\u1edbi ban qu\u1ea3n l\u00fd \u0111\u1ec3 \u0111\u01b0a ra c\u00e1c chi\u1ebfn l\u01b0\u1ee3c ph\u00f2ng th\u1ee7 hi\u1ec7u qu\u1ea3<br \/>\n\u2022 C\u1ee5 th\u1ec3 h\u00f3a c\u00e1c ch\u00ednh s\u00e1ch qu\u1ea3n tr\u1ecb n\u1ed9i b\u1ed9 v\u00e0 th\u01b0\u1eddng xuy\u00ean gi\u00e1m s\u00e1t vi\u1ec7c tu\u00e2n th\u1ee7<br \/>\n\u2022 Nghi\u00ean c\u1ee9u v\u00e0 \u0111\u00e1nh gi\u00e1 c\u00e1c y\u1ebfu t\u1ed1 r\u1ee7i ro kh\u00e1c nhau li\u00ean quan \u0111\u1ebfn c\u00e1c quy\u1ebft \u0111\u1ecbnh v\u00e0 ho\u1ea1t \u0111\u1ed9ng kinh doanh<br \/>\n\u2022 \u00c1p d\u1ee5ng c\u00e1c k\u1ef9 thu\u1eadt qu\u1ea3n l\u00fd r\u1ee7i ro hi\u1ec7u qu\u1ea3 v\u00e0 \u0111\u01b0a ra l\u1eddi khuy\u00ean ch\u1ee7 \u0111\u1ed9ng v\u1ec1 c\u00e1c v\u1ea5n \u0111\u1ec1 ph\u00e1p l\u00fd c\u00f3 th\u1ec3 x\u1ea3y ra<br \/>\n\u2022 Giao ti\u1ebfp v\u00e0 \u0111\u00e0m ph\u00e1n v\u1edbi c\u00e1c b\u00ean b\u00ean ngo\u00e0i (c\u01a1 quan qu\u1ea3n l\u00fd, c\u1ed1 v\u1ea5n b\u00ean ngo\u00e0i, c\u01a1 quan c\u00f4ng quy\u1ec1n, v.v.), t\u1ea1o m\u1ed1i quan h\u1ec7 tin c\u1eady<br \/>\n\u2022 So\u1ea1n th\u1ea3o v\u00e0 ho\u00e0n thi\u1ec7n c\u00e1c th\u1ecfa thu\u1eadn, h\u1ee3p \u0111\u1ed3ng v\u00e0 c\u00e1c v\u0103n b\u1ea3n ph\u00e1p l\u00fd kh\u00e1c \u0111\u1ec3 \u0111\u1ea3m b\u1ea3o \u0111\u1ea7y \u0111\u1ee7 quy\u1ec1n l\u1ee3i h\u1ee3p ph\u00e1p c\u1ee7a c\u00f4ng ty<br \/>\n\u2022 X\u1eed l\u00fd c\u00e1c v\u1ea5n \u0111\u1ec1 ph\u1ee9c t\u1ea1p v\u1edbi nhi\u1ec1u b\u00ean li\u00ean quan v\u00e0 l\u1ef1c l\u01b0\u1ee3ng<br \/>\n\u2022 Cung c\u1ea5p th\u00f4ng tin r\u00f5 r\u00e0ng v\u1ec1 ng\u00f4n ng\u1eef ph\u00e1p l\u00fd ho\u1eb7c th\u00f4ng s\u1ed1 k\u1ef9 thu\u1eadt cho m\u1ecdi ng\u01b0\u1eddi trong t\u1ed5 ch\u1ee9c<br \/>\n\u2022 Th\u1ef1c hi\u1ec7n c\u00f4ng vi\u1ec7c c\u1ee7a b\u1ea1n m\u1ed9t c\u00e1ch ch\u00ednh tr\u1ef1c v\u00e0 c\u00f3 tr\u00e1ch nhi\u1ec7m<br \/>\n\u2022 Duy tr\u00ec ki\u1ebfn th\u1ee9c hi\u1ec7n t\u1ea1i v\u1ec1 nh\u1eefng thay \u0111\u1ed5i trong ph\u00e1p lu\u1eadt<br \/>\nK\u0129 n\u0103ng thi\u1ebft y\u1ebfu:<br \/>\n\u2022 C\u00f3 ki\u1ebfn th\u1ee9c v\u00e0 hi\u1ec3u bi\u1ebft s\u00e2u s\u1eafc v\u1ec1 lu\u1eadt doanh nghi\u1ec7p v\u00e0 c\u00e1c th\u1ee7 t\u1ee5c<br \/>\n\u2022 Nh\u1eadn th\u1ee9c \u0111\u1ea7y \u0111\u1ee7 v\u1ec1 nh\u1eefng \u1ea3nh h\u01b0\u1edfng c\u1ee7a m\u00f4i tr\u01b0\u1eddng b\u00ean ngo\u00e0i c\u1ee7a m\u1ed9t c\u00f4ng ty<br \/>\n\u2022 Th\u1ec3 hi\u1ec7n kh\u1ea3 n\u0103ng t\u1ea1o ra c\u00e1c chi\u1ebfn l\u01b0\u1ee3c ph\u00f2ng th\u1ee7 ho\u1eb7c ch\u1ee7 \u0111\u1ed9ng h\u1ee3p ph\u00e1p<br \/>\n\u2022 \u0110\u1ea1o \u0111\u1ee9c ngh\u1ec1 nghi\u1ec7p v\u00e0 t\u00ednh ch\u00ednh tr\u1ef1c cao<br \/>\n\u2022 Ph\u00e1n \u0111o\u00e1n \u0111\u00fang \u0111\u1eafn v\u00e0 kh\u1ea3 n\u0103ng ph\u00e2n t\u00edch t\u00ecnh hu\u1ed1ng v\u00e0 th\u00f4ng tin<br \/>\n\u2022 K\u1ef9 n\u0103ng giao ti\u1ebfp v\u01b0\u1ee3t tr\u1ed9i<br \/>\ntr\u00ecnh \u0111\u1ed9:<br \/>\n\u2022 B\u1eb1ng C\u1eed nh\u00e2n Lu\u1eadt ho\u1eb7c b\u1eb1ng J.D.<br \/>\n\u2022 Th\u1ea1c s\u0129 ho\u1eb7c C\u1eed nh\u00e2n Qu\u1ea3n tr\u1ecb Kinh doanh s\u1ebd \u0111\u01b0\u1ee3c coi l\u00e0 m\u1ed9t l\u1ee3i th\u1ebf;<\/p><\/div><\/div><\/div>[\/vc_column_inner][\/vc_row_inner][\/vc_column][\/vc_row]\n<\/div>","protected":false},"excerpt":{"rendered":"<p>[vc_row top_margin=&#8221;0&#8243; bottom_margin=&#8221;0&#8243; css=&#8221;.vc_custom_1499912039446{margin-top: -30px !important;}&#8221;][vc_column][vc_row_inner][vc_column_inner][vc_empty_space height=&#8221;10px&#8221;][vc_empty_space height=&#8221;30px&#8221;][\/vc_column_inner][\/vc_row_inner][\/vc_column][\/vc_row]<\/p>\n","protected":false},"author":4,"featured_media":0,"parent":0,"menu_order":0,"comment_status":"closed","ping_status":"closed","template":"","meta":{"nf_dc_page":"","footnotes":""},"class_list":["post-10631","page","type-page","status-publish","hentry"],"_links":{"self":[{"href":"https:\/\/worknow.vn\/vi\/wp-json\/wp\/v2\/pages\/10631","targetHints":{"allow":["GET"]}}],"collection":[{"href":"https:\/\/worknow.vn\/vi\/wp-json\/wp\/v2\/pages"}],"about":[{"href":"https:\/\/worknow.vn\/vi\/wp-json\/wp\/v2\/types\/page"}],"author":[{"embeddable":true,"href":"https:\/\/worknow.vn\/vi\/wp-json\/wp\/v2\/users\/4"}],"replies":[{"embeddable":true,"href":"https:\/\/worknow.vn\/vi\/wp-json\/wp\/v2\/comments?post=10631"}],"version-history":[{"count":2,"href":"https:\/\/worknow.vn\/vi\/wp-json\/wp\/v2\/pages\/10631\/revisions"}],"predecessor-version":[{"id":11811,"href":"https:\/\/worknow.vn\/vi\/wp-json\/wp\/v2\/pages\/10631\/revisions\/11811"}],"wp:attachment":[{"href":"https:\/\/worknow.vn\/vi\/wp-json\/wp\/v2\/media?parent=10631"}],"curies":[{"name":"wp","href":"https:\/\/api.w.org\/{rel}","templated":true}]}}