{"id":10633,"date":"2022-08-18T01:17:25","date_gmt":"2022-08-18T01:17:25","guid":{"rendered":"https:\/\/worknow.vn\/associate-staff\/"},"modified":"2023-05-31T08:17:51","modified_gmt":"2023-05-31T08:17:51","slug":"nhan-vien-lien-ket","status":"publish","type":"page","link":"https:\/\/worknow.vn\/vi\/nhan-vien-lien-ket\/","title":{"rendered":"Nh\u00e2n Vi\u00ean Li\u00ean K\u1ebft"},"content":{"rendered":"<div class=\"wpb-content-wrapper\">[vc_row top_margin=&#8221;0&#8243; bottom_margin=&#8221;0&#8243; css=&#8221;.vc_custom_1499912039446{margin-top: -30px !important;}&#8221;][vc_column]<div class=\"shortcode-wrapper shortcode-title clearfix hb-animate-element hb-fade-in\"><p style=\"color:#878787!important;border-color:#878787\" class=\"hb-text-large aligncenter\">Nh\u00e2n Vi\u00ean Li\u00ean K\u1ebft<\/p><\/div>[vc_row_inner][vc_column_inner][vc_empty_space height=&#8221;10px&#8221;]<div class=\"shortcode-wrapper shortcode-icon-box clearfix\"><div class=\"feature-box alternative left-icon-box aligncenter\"><div class=\"feature-box-content\"><h4 class=\"bold\">M\u00f4 t\u1ea3 c\u00f4ng vi\u1ec7c<\/h4><p>C\u00e1c c\u1ed9ng s\u1ef1 th\u01b0\u1eddng l\u00e0 th\u00e0nh vi\u00ean c\u1ee7a m\u1ed9t nh\u00f3m c\u00f4ng nh\u00e2n c\u1ed9ng t\u00e1c v\u1edbi nhau \u0111\u1ec3 \u0111\u1ea3m b\u1ea3o r\u1eb1ng c\u00e1c nhu c\u1ea7u c\u1ee7a kh\u00e1ch h\u00e0ng \u0111\u01b0\u1ee3c \u0111\u00e1p \u1ee9ng trong chuy\u1ebfn th\u0103m ho\u1eb7c giao d\u1ecbch. H\u1ecd th\u01b0\u1eddng xuy\u00ean t\u01b0\u01a1ng t\u00e1c v\u1edbi kh\u00e1ch h\u00e0ng, s\u1eed d\u1ee5ng c\u00e1c k\u1ef9 n\u0103ng con ng\u01b0\u1eddi c\u1ee7a m\u00ecnh \u0111\u1ec3 h\u1ed7 tr\u1ee3 b\u00e1n h\u00e0ng, t\u1ea1o ra m\u1ed9t m\u00f4i tr\u01b0\u1eddng d\u1ec5 ch\u1ecbu v\u00e0 s\u1ea1ch s\u1ebd, \u0111\u1ed3ng th\u1eddi \u0111\u1ea3m b\u1ea3o r\u1eb1ng kh\u00e1ch h\u00e0ng v\u00e0 kh\u00e1ch h\u00e0ng s\u1ebd th\u00edch tr\u1ea3i nghi\u1ec7m c\u1ee7a h\u1ecd. C\u00e1c c\u1ed9ng s\u1ef1 th\u01b0\u1eddng l\u00e0 \u0111i\u1ec3m ti\u1ebfp x\u00fac \u0111\u1ea7u ti\u00ean c\u1ee7a kh\u00e1ch h\u00e0ng. H\u1ecd ph\u1ea3i d\u1ec5 ch\u1ecbu, th\u00e2n thi\u1ec7n v\u00e0 giao ti\u1ebfp v\u1edbi kh\u00e1ch h\u00e0ng v\u00ec h\u1ecd c\u1ea7n l\u1eafng nghe v\u00e0 h\u1ed7 tr\u1ee3 kh\u00e1ch h\u00e0ng v\u1ec1 nhu c\u1ea7u c\u1ee7a h\u1ecd, gi\u1ea3i th\u00edch s\u1ea3n ph\u1ea9m v\u00e0 t\u00ecnh tr\u1ea1ng s\u1eb5n c\u00f3 c\u0169ng nh\u01b0 b\u00e1n h\u00e0ng.<\/p>\n<p>M\u1ed9t tr\u1ee3 l\u00fd ch\u1ecbu tr\u00e1ch nhi\u1ec7m \u0111i\u1ec1u h\u00e0nh v\u0103n ph\u00f2ng tr\u01a1n tru v\u00e0 hi\u1ec7u qu\u1ea3 th\u00f4ng qua vi\u1ec7c th\u1ef1c hi\u1ec7n c\u00e1c nhi\u1ec7m v\u1ee5 h\u00e0nh ch\u00ednh v\u00e0 v\u0103n th\u01b0, c\u0169ng nh\u01b0 cung c\u1ea5p s\u1ef1 h\u1ed7 tr\u1ee3 \u0111\u00e1ng tin c\u1eady cho c\u00e1c nh\u00e0 qu\u1ea3n l\u00fd, nh\u00e2n vi\u00ean v\u00e0 kh\u00e1ch \u0111\u1ebfn th\u0103m v\u0103n ph\u00f2ng. Tr\u1ee3 l\u00fd c\u00f2n \u0111\u01b0\u1ee3c g\u1ecdi l\u00e0 tr\u1ee3 l\u00fd h\u00e0nh ch\u00ednh, tr\u1ee3 l\u00fd v\u0103n ph\u00f2ng, tr\u1ee3 l\u00fd c\u00e1 nh\u00e2n ho\u1eb7c th\u01b0 k\u00fd v\u0103n ph\u00f2ng.<\/p><\/div><\/div><\/div>[vc_empty_space height=&#8221;30px&#8221;]<div class=\"shortcode-wrapper shortcode-icon-box clearfix\"><div class=\"feature-box alternative left-icon-box aligncenter\"><div class=\"feature-box-content\"><h4 class=\"bold\">Vai tr\u00f2 v\u00e0 tr\u00e1ch nhi\u1ec7m:<\/h4><p>\u2022 X\u00e1c \u0111\u1ecbnh, qu\u1ea3n l\u00fd v\u00e0 b\u00e1o c\u00e1o v\u1ec1 c\u00e1c l\u0129nh v\u1ef1c r\u1ee7i ro c\u1ee7a c\u00f4ng ty.<br \/>\n\u2022 D\u1eabn d\u1eaft v\u00e0 ch\u1ec9 \u0111\u1ea1o c\u00f4ng vi\u1ec7c khi c\u1ea7n thi\u1ebft cho t\u1eebng d\u1ef1 \u00e1n.<br \/>\n\u2022 Duy tr\u00ec kho h\u00e0ng m\u1ed9t c\u00e1ch c\u00f3 tr\u1eadt t\u1ef1, bao g\u1ed3m qu\u00e9t v\u00e0 lau nh\u00e0.<br \/>\n\u2022 T\u01b0\u01a1ng t\u00e1c v\u1edbi kh\u00e1ch h\u00e0ng v\u00e0 c\u00e1c b\u1ed9 ph\u1eadn n\u1ed9i b\u1ed9 \u0111\u1ec3 gi\u1ea3i quy\u1ebft c\u00e1c v\u1ea5n \u0111\u1ec1.<br \/>\n\u2022 Tham gia v\u00e0 h\u1ed7 tr\u1ee3 c\u00e1c ho\u1ea1t \u0111\u1ed9ng t\u00e1c nghi\u1ec7p c\u1ee7a \u0111\u01a1n v\u1ecb kinh doanh.<br \/>\n\u2022 H\u1ed7 tr\u1ee3 \u0111\u00e0o t\u1ea1o ch\u00e9o cho nh\u00e2n vi\u00ean b\u1ed9 ph\u1eadn v\u1ec1 c\u00e1c nhi\u1ec7m v\u1ee5 \u0111\u01b0\u1ee3c giao.<br \/>\n\u2022 L\u00e0m vi\u1ec7c v\u1edbi c\u00e1c t\u1eadp d\u1eef li\u1ec7u l\u1edbn, ph\u1ee9c t\u1ea1p \u0111\u1ec3 x\u00e2y d\u1ef1ng m\u00f4 h\u00ecnh v\u00e0 t\u1eadn d\u1ee5ng c\u00e1c c\u00f4ng c\u1ee5 tr\u1ef1c quan h\u00f3a d\u1eef li\u1ec7u.<br \/>\n\u2022 Nh\u00f3m v\u1edbi c\u00e1c \u0111\u1ed1i t\u00e1c v\u00e0 qu\u1ea3n l\u00fd c\u1ea5p cao trong c\u00e1c \u0111\u1ec1 xu\u1ea5t v\u00e0 cu\u1ed9c g\u1ecdi ph\u00e1t tri\u1ec3n kinh doanh.<br \/>\n\u2022 Vi\u1ebft v\u00e0 ch\u1ec9nh s\u1eeda b\u1ea3n ghi nh\u1edb \u0111\u1ec3 truy\u1ec1n \u0111\u1ea1t nh\u1eefng ph\u00e1t hi\u1ec7n v\u00e0 \u0111\u1ec1 xu\u1ea5t.<br \/>\n\u2022 Cung c\u1ea5p ph\u00e2n t\u00edch \u0111\u1ecbnh l\u01b0\u1ee3ng, l\u1eadp m\u00f4 h\u00ecnh v\u00e0 h\u1ed7 tr\u1ee3 cho c\u00e1c d\u1ef1 \u00e1n.<br \/>\nK\u0129 n\u0103ng thi\u1ebft y\u1ebfu:<br \/>\n\u2022 K\u1ef9 n\u0103ng ra quy\u1ebft \u0111\u1ecbnh v\u00e0 gi\u1ea3i quy\u1ebft v\u1ea5n \u0111\u1ec1 h\u1ee3p l\u00fd.<br \/>\n\u2022 T\u1ef1 tin v\u1edbi kh\u1ea3 n\u0103ng ra quy\u1ebft \u0111\u1ecbnh v\u00e0 t\u01b0 duy ph\u1ea3n bi\u1ec7n.<br \/>\n\u2022 K\u1ef9 n\u0103ng qu\u1ea3n l\u00fd th\u1eddi gian hi\u1ec7u qu\u1ea3<br \/>\n\u2022 K\u1ef9 n\u0103ng so\u1ea1n th\u1ea3o v\u00e0 t\u00ednh to\u00e1n.<br \/>\nTr\u00ecnh \u0111\u1ed9 chuy\u00ean m\u00f4n: B\u1eb1ng C\u1eed nh\u00e2n ho\u1eb7c Sau \u0111\u1ea1i h\u1ecdc v\u1ec1 k\u1ef9 thu\u1eadt m\u00e1y t\u00ednh, khoa h\u1ecdc m\u00e1y t\u00ednh, k\u1ef9 thu\u1eadt \u0111i\u1ec7n t\u1eed ho\u1eb7c k\u1ef9 thu\u1eadt ho\u1eb7c b\u1eb1ng c\u1ea5p c\u00f3 kinh nghi\u1ec7m t\u01b0\u01a1ng \u0111\u01b0\u01a1ng.<\/p><\/div><\/div><\/div>[\/vc_column_inner][\/vc_row_inner][\/vc_column][\/vc_row]\n<\/div>","protected":false},"excerpt":{"rendered":"<p>[vc_row top_margin=&#8221;0&#8243; bottom_margin=&#8221;0&#8243; css=&#8221;.vc_custom_1499912039446{margin-top: -30px !important;}&#8221;][vc_column][vc_row_inner][vc_column_inner][vc_empty_space height=&#8221;10px&#8221;][vc_empty_space height=&#8221;30px&#8221;][\/vc_column_inner][\/vc_row_inner][\/vc_column][\/vc_row]<\/p>\n","protected":false},"author":4,"featured_media":0,"parent":0,"menu_order":0,"comment_status":"closed","ping_status":"closed","template":"","meta":{"nf_dc_page":"","footnotes":""},"class_list":["post-10633","page","type-page","status-publish","hentry"],"_links":{"self":[{"href":"https:\/\/worknow.vn\/vi\/wp-json\/wp\/v2\/pages\/10633","targetHints":{"allow":["GET"]}}],"collection":[{"href":"https:\/\/worknow.vn\/vi\/wp-json\/wp\/v2\/pages"}],"about":[{"href":"https:\/\/worknow.vn\/vi\/wp-json\/wp\/v2\/types\/page"}],"author":[{"embeddable":true,"href":"https:\/\/worknow.vn\/vi\/wp-json\/wp\/v2\/users\/4"}],"replies":[{"embeddable":true,"href":"https:\/\/worknow.vn\/vi\/wp-json\/wp\/v2\/comments?post=10633"}],"version-history":[{"count":2,"href":"https:\/\/worknow.vn\/vi\/wp-json\/wp\/v2\/pages\/10633\/revisions"}],"predecessor-version":[{"id":11813,"href":"https:\/\/worknow.vn\/vi\/wp-json\/wp\/v2\/pages\/10633\/revisions\/11813"}],"wp:attachment":[{"href":"https:\/\/worknow.vn\/vi\/wp-json\/wp\/v2\/media?parent=10633"}],"curies":[{"name":"wp","href":"https:\/\/api.w.org\/{rel}","templated":true}]}}