{"id":10635,"date":"2022-08-18T01:17:52","date_gmt":"2022-08-18T01:17:52","guid":{"rendered":"https:\/\/worknow.vn\/legal-manager\/"},"modified":"2023-05-31T08:20:55","modified_gmt":"2023-05-31T08:20:55","slug":"quan-ly-phap-ly","status":"publish","type":"page","link":"https:\/\/worknow.vn\/vi\/quan-ly-phap-ly\/","title":{"rendered":"Qu\u1ea3n L\u00fd Ph\u00e1p L\u00fd"},"content":{"rendered":"<div class=\"wpb-content-wrapper\">[vc_row top_margin=&#8221;0&#8243; bottom_margin=&#8221;0&#8243; css=&#8221;.vc_custom_1499912039446{margin-top: -30px !important;}&#8221;][vc_column]<div class=\"shortcode-wrapper shortcode-title clearfix hb-animate-element hb-fade-in\"><p style=\"color:#878787!important;border-color:#878787\" class=\"hb-text-large aligncenter\">Qu\u1ea3n L\u00fd Ph\u00e1p L\u00fd<\/p><\/div>[vc_row_inner][vc_column_inner][vc_empty_space height=&#8221;10px&#8221;]<div class=\"shortcode-wrapper shortcode-icon-box clearfix\"><div class=\"feature-box alternative left-icon-box aligncenter\"><div class=\"feature-box-content\"><h4 class=\"bold\">M\u00f4 t\u1ea3 c\u00f4ng vi\u1ec7c<\/h4><p>M\u1ed9t ng\u01b0\u1eddi qu\u1ea3n l\u00fd ph\u00e1p l\u00fd cung c\u1ea5p gi\u00e1m s\u00e1t v\u00e0 l\u1eddi khuy\u00ean cho m\u1ed9t c\u00f4ng ty ho\u1eb7c doanh nghi\u1ec7p. Tr\u00ecnh \u0111\u1ed9 chuy\u00ean m\u00f4n cho ngh\u1ec1 nghi\u1ec7p n\u00e0y bao g\u1ed3m b\u1eb1ng lu\u1eadt c\u0169ng nh\u01b0 kinh nghi\u1ec7m v\u1ec1 lu\u1eadt kinh doanh v\u00e0 c\u00e1c quy \u0111\u1ecbnh v\u1ec1 t\u00e0i ch\u00ednh, kinh t\u1ebf, vi\u1ec7c l\u00e0m v\u00e0 ngu\u1ed3n nh\u00e2n l\u1ef1c, s\u00e1p nh\u1eadp v\u00e0 mua l\u1ea1i c\u0169ng nh\u01b0 \u0111\u00e0m ph\u00e1n h\u1ee3p \u0111\u1ed3ng. L\u00e0 ng\u01b0\u1eddi qu\u1ea3n l\u00fd ph\u00e1p l\u00fd, nhi\u1ec7m v\u1ee5 c\u00f4ng vi\u1ec7c c\u1ee7a b\u1ea1n bao g\u1ed3m so\u1ea1n th\u1ea3o v\u00e0 xem x\u00e9t h\u1ee3p \u0111\u1ed3ng, t\u00ecm ki\u1ebfm c\u00e1c t\u00e0i li\u1ec7u quy \u0111\u1ecbnh c\u00f3 li\u00ean quan v\u00e0 cung c\u1ea5p l\u1eddi khuy\u00ean ph\u00e1p l\u00fd cho ban qu\u1ea3n l\u00fd c\u00f4ng ty. C\u00f4ng vi\u1ec7c n\u00e0y \u0111\u00f2i h\u1ecfi k\u1ef9 n\u0103ng l\u00e3nh \u0111\u1ea1o, k\u1ef9 n\u0103ng \u0111\u00e0m ph\u00e1n m\u1ea1nh m\u1ebd v\u00e0 k\u1ef9 n\u0103ng giao ti\u1ebfp tuy\u1ec7t v\u1eddi.<\/p><\/div><\/div><\/div>[vc_empty_space height=&#8221;30px&#8221;]<div class=\"shortcode-wrapper shortcode-icon-box clearfix\"><div class=\"feature-box alternative left-icon-box aligncenter\"><div class=\"feature-box-content\"><h4 class=\"bold\">Vai tr\u00f2 v\u00e0 tr\u00e1ch nhi\u1ec7m:<\/h4><p>\u2022 Cung c\u1ea5p h\u1ed7 tr\u1ee3 ph\u00e1p l\u00fd cho b\u1ed9 ph\u1eadn Nh\u00e2n s\u1ef1 v\u1ec1 c\u00e1c v\u1ea5n \u0111\u1ec1 vi\u1ec7c l\u00e0m v\u00e0 so\u1ea1n th\u1ea3o h\u1ee3p \u0111\u1ed3ng vi\u1ec7c l\u00e0m v\u00e0 c\u00e1c v\u1ea5n \u0111\u1ec1 li\u00ean quan kh\u00e1c.<br \/>\n\u2022 \u0110\u00f3ng vai tr\u00f2 l\u00e0 ch\u1ee7 s\u1edf h\u1eefu t\u00e0i s\u1ea3n IP c\u1ee7a c\u00f4ng ty nh\u01b0 nh\u00e3n hi\u1ec7u, b\u1ea3n quy\u1ec1n, b\u1eb1ng s\u00e1ng ch\u1ebf, t\u00ean th\u01b0\u01a1ng hi\u1ec7u (\u0111\u0103ng k\u00fd v\u00e0 gia h\u1ea1n)<br \/>\n\u2022 Chu\u1ea9n b\u1ecb v\u00e0 g\u1eedi th\u00f4ng b\u00e1o ph\u00e1p l\u00fd cho kh\u00e1ch h\u00e0ng \/ ng\u01b0\u1eddi vi ph\u1ea1m quy\u1ec1n s\u1edf h\u1eefu tr\u00ed tu\u1ec7, n\u1ed9p \u0111\u01a1n ki\u1ec7n ph\u00e1p l\u00fd ho\u1eb7c d\u00e2n s\u1ef1 ch\u1ed1ng l\u1ea1i c\u00e1c kho\u1ea3n thanh to\u00e1n m\u1eb7c \u0111\u1ecbnh c\u1ee7a con n\u1ee3,<br \/>\n\u2022 Ph\u1ed1i h\u1ee3p v\u1edbi c\u00e1c c\u01a1 quan t\u01b0 v\u1ea5n \/ li\u00ean l\u1ea1c ph\u00e1p l\u00fd \u1edf c\u00e1c qu\u1ed1c gia kh\u00e1c trong c\u00e1c v\u1ee5 ki\u1ec7n ph\u00e1p l\u00fd, gi\u1ea3i quy\u1ebft tranh ch\u1ea5p v\u00e0 chu\u1ea9n b\u1ecb h\u1ee3p \u0111\u1ed3ng v\u1edbi c\u00e1c \u0111\u1ea1i l\u00fd du l\u1ecbch theo lu\u1eadt ph\u00e1p n\u01b0\u1edbc s\u1edf t\u1ea1i.<br \/>\n\u2022 Cung c\u1ea5p T\u01b0 v\u1ea5n v\u00e0 H\u1ed7 tr\u1ee3 cho Ph\u00f2ng CNTT v\u1ec1 vi\u1ec7c tu\u00e2n th\u1ee7 gi\u1ea5y ph\u00e9p ph\u1ea7n m\u1ec1m, ch\u1ed1ng vi ph\u1ea1m b\u1ea3n quy\u1ec1n v\u00e0 ch\u1ed1ng vi ph\u1ea1m b\u1ea3n quy\u1ec1n<br \/>\n\u2022 Ph\u1ed1i h\u1ee3p v\u1edbi Ban qu\u1ea3n l\u00fd \u0111\u1ec3 t\u01b0 v\u1ea5n v\u00e0 \u0111\u1ecbnh h\u01b0\u1edbng chi\u1ebfn l\u01b0\u1ee3c v\u1edbi b\u1ed9 ph\u1eadn Tu\u00e2n th\u1ee7 v\u00e0 CNTT cho m\u1ed1i quan h\u1ec7 Qu\u1ea3n tr\u1ecb, R\u1ee7i ro, Ki\u1ec3m to\u00e1n v\u00e0 Tu\u00e2n th\u1ee7<br \/>\n\u2022 Kho l\u01b0u tr\u1eef t\u00e0i li\u1ec7u ph\u00e1p l\u00fd \u2013 Qu\u1ea3n l\u00fd v\u00e0 gi\u00e1m s\u00e1t c\u00e1c m\u1ee5c \u0111\u00edch h\u1ee3p \u0111\u1ed3ng th\u01b0\u01a1ng m\u1ea1i c\u1ee7a C\u00f4ng ty, bao g\u1ed3m c\u00e1c bi\u1ec3u m\u1eabu h\u1ee3p \u0111\u1ed3ng v\u00e0 kho l\u01b0u tr\u1eef h\u1ee3p \u0111\u1ed3ng ph\u00e1p l\u00fd.<br \/>\n\u2022 Ph\u1ed1i h\u1ee3p v\u1edbi c\u00e1c b\u00ean li\u00ean quan v\u00e0 ch\u1ee7 s\u1edf h\u1eefu t\u00e0i kho\u1ea3n \/ b\u1ed9 ph\u1eadn \u0111\u1ec3 gi\u00e1o d\u1ee5c c\u00e1c b\u00ean li\u00ean quan n\u1ed9i b\u1ed9 v\u1ec1 c\u00e1c y\u00eau c\u1ea7u tu\u00e2n th\u1ee7, ph\u00e1p l\u00fd v\u00e0 b\u1ea3o v\u1ec7 d\u1eef li\u1ec7u, \u0111\u1ed3ng th\u1eddi li\u00ean t\u1ee5c th\u00fac \u0111\u1ea9y v\u0103n h\u00f3a tu\u00e2n th\u1ee7, t\u00ednh to\u00e0n v\u1eb9n v\u00e0 b\u1ea3o v\u1ec7 d\u1eef li\u1ec7u trong n\u1ed9i b\u1ed9.<br \/>\nTr\u00ecnh \u0111\u1ed9 chuy\u00ean m\u00f4n: B\u1eb1ng c\u1eed nh\u00e2n, L.L.B. ho\u1eb7c Juris Doctor, k\u1ebft h\u1ee3p v\u1edbi t\u1ed1i thi\u1ec3u hai \u0111\u1ebfn ba n\u0103m &#8216;<br \/>\nkinh nghi\u1ec7m h\u00e0nh ngh\u1ec1 lu\u1eadt s\u01b0.<\/p><\/div><\/div><\/div>[\/vc_column_inner][\/vc_row_inner][\/vc_column][\/vc_row]\n<\/div>","protected":false},"excerpt":{"rendered":"<p>[vc_row top_margin=&#8221;0&#8243; bottom_margin=&#8221;0&#8243; css=&#8221;.vc_custom_1499912039446{margin-top: -30px !important;}&#8221;][vc_column][vc_row_inner][vc_column_inner][vc_empty_space height=&#8221;10px&#8221;][vc_empty_space height=&#8221;30px&#8221;][\/vc_column_inner][\/vc_row_inner][\/vc_column][\/vc_row]<\/p>\n","protected":false},"author":4,"featured_media":0,"parent":0,"menu_order":0,"comment_status":"closed","ping_status":"closed","template":"","meta":{"nf_dc_page":"","footnotes":""},"class_list":["post-10635","page","type-page","status-publish","hentry"],"_links":{"self":[{"href":"https:\/\/worknow.vn\/vi\/wp-json\/wp\/v2\/pages\/10635","targetHints":{"allow":["GET"]}}],"collection":[{"href":"https:\/\/worknow.vn\/vi\/wp-json\/wp\/v2\/pages"}],"about":[{"href":"https:\/\/worknow.vn\/vi\/wp-json\/wp\/v2\/types\/page"}],"author":[{"embeddable":true,"href":"https:\/\/worknow.vn\/vi\/wp-json\/wp\/v2\/users\/4"}],"replies":[{"embeddable":true,"href":"https:\/\/worknow.vn\/vi\/wp-json\/wp\/v2\/comments?post=10635"}],"version-history":[{"count":2,"href":"https:\/\/worknow.vn\/vi\/wp-json\/wp\/v2\/pages\/10635\/revisions"}],"predecessor-version":[{"id":11817,"href":"https:\/\/worknow.vn\/vi\/wp-json\/wp\/v2\/pages\/10635\/revisions\/11817"}],"wp:attachment":[{"href":"https:\/\/worknow.vn\/vi\/wp-json\/wp\/v2\/media?parent=10635"}],"curies":[{"name":"wp","href":"https:\/\/api.w.org\/{rel}","templated":true}]}}