{"id":10637,"date":"2022-08-18T01:18:28","date_gmt":"2022-08-18T01:18:28","guid":{"rendered":"https:\/\/worknow.vn\/court-clerk\/"},"modified":"2023-05-31T08:22:43","modified_gmt":"2023-05-31T08:22:43","slug":"thu-ky-toa-an","status":"publish","type":"page","link":"https:\/\/worknow.vn\/vi\/thu-ky-toa-an\/","title":{"rendered":"Th\u01b0 K\u00fd T\u00f2a \u00c1n"},"content":{"rendered":"<div class=\"wpb-content-wrapper\">[vc_row top_margin=&#8221;0&#8243; bottom_margin=&#8221;0&#8243; css=&#8221;.vc_custom_1499912039446{margin-top: -30px !important;}&#8221;][vc_column]<div class=\"shortcode-wrapper shortcode-title clearfix hb-animate-element hb-fade-in\"><p style=\"color:#878787!important;border-color:#878787\" class=\"hb-text-large aligncenter\">Th\u01b0 K\u00fd T\u00f2a \u00c1n<\/p><\/div>[vc_row_inner][vc_column_inner][vc_empty_space height=&#8221;10px&#8221;]<div class=\"shortcode-wrapper shortcode-icon-box clearfix\"><div class=\"feature-box alternative left-icon-box aligncenter\"><div class=\"feature-box-content\"><h4 class=\"bold\">M\u00f4 t\u1ea3 c\u00f4ng vi\u1ec7c<\/h4><p>Th\u01b0 k\u00fd T\u00f2a \u00e1n l\u00e0 m\u1ed9t chuy\u00ean gia cung c\u1ea5p h\u1ed7 tr\u1ee3 cho c\u00e1c th\u1ea9m ph\u00e1n v\u00e0 lu\u1eadt s\u01b0 trong c\u1ea3 c\u00e1c v\u1ee5 \u00e1n h\u00ecnh s\u1ef1 v\u00e0 c\u00e1c v\u1ea5n \u0111\u1ec1 li\u00ean quan \u0111\u1ebfn d\u00e2n s\u1ef1.<br \/>\nTh\u01b0 k\u00fd t\u00f2a \u00e1n l\u00e0 m\u1ed9t nh\u00e2n vi\u00ean h\u00e0nh ch\u00ednh trong h\u1ec7 th\u1ed1ng t\u01b0 ph\u00e1p h\u00ecnh s\u1ef1 v\u00e0 d\u00e2n s\u1ef1, h\u1ed7 tr\u1ee3 c\u00e1c th\u1ea9m ph\u00e1n, lu\u1eadt s\u01b0 v\u00e0 c\u00e1c vi\u00ean ch\u1ee9c kh\u00e1c c\u1ee7a t\u00f2a \u00e1n. H\u1ecd qu\u1ea3n l\u00fd t\u1ea5t c\u1ea3 c\u00e1c nhi\u1ec7m v\u1ee5 th\u01b0 k\u00fd bao g\u1ed3m duy tr\u00ec h\u1ed3 s\u01a1 t\u00f2a \u00e1n, ph\u00e2n ph\u00e1t l\u1ec7nh c\u1ee7a t\u00f2a \u00e1n v\u00e0 chu\u1ea9n b\u1ecb ch\u01b0\u01a1ng tr\u00ecnh h\u1ecdp<\/p><\/div><\/div><\/div>[vc_empty_space height=&#8221;30px&#8221;]<div class=\"shortcode-wrapper shortcode-icon-box clearfix\"><div class=\"feature-box alternative left-icon-box aligncenter\"><div class=\"feature-box-content\"><h4 class=\"bold\">Vai tr\u00f2 v\u00e0 tr\u00e1ch nhi\u1ec7m:<\/h4><p>\u2022 Gi\u1eef nguy\u00ean t\u1ea5t c\u1ea3 c\u00e1c h\u1ed3 s\u01a1 v\u00e0 h\u1ed3 s\u01a1 c\u1ee7a t\u00f2a \u00e1n \u0111\u1ec3 \u0111\u1ea3m b\u1ea3o ch\u00fang lu\u00f4n \u0111\u01b0\u1ee3c c\u1eadp nh\u1eadt v\u00e0 c\u00f3 th\u1ec3 truy c\u1eadp \u0111\u01b0\u1ee3c.<br \/>\n\u2022 Tr\u1ef1c \u0111i\u1ec7n tho\u1ea1i nh\u1eadn tin nh\u1eafn, chuy\u1ec3n cu\u1ed9c g\u1ecdi \u0111\u1ebfn \u0111\u1ed3ng nghi\u1ec7p.<br \/>\n\u2022 Ghi bi\u00ean b\u1ea3n phi\u00ean h\u1ecdp, phi\u00ean t\u00f2a.<br \/>\n\u2022 H\u1ed7 tr\u1ee3 trong t\u1ea5t c\u1ea3 c\u00e1c quy tr\u00ecnh qu\u1ea3n l\u00fd v\u00e0 h\u00e0nh ch\u00ednh v\u0103n ph\u00f2ng.<br \/>\n\u2022 T\u1ea1o l\u1ecbch c\u00e1c ca c\u1ea7n g\u1ecdi.<br \/>\n\u2022 Chu\u1ea9n b\u1ecb v\u00e0 ph\u00e2n ph\u00e1t l\u1ec7nh c\u1ee7a t\u00f2a \u00e1n, bao g\u1ed3m l\u1ec7nh qu\u1ea3n ch\u1ebf, th\u00f4ng tin k\u1ebft \u00e1n v\u00e0 l\u1ec7nh tri\u1ec7u t\u1eadp c\u1ee7a t\u00f2a \u00e1n.<br \/>\n\u2022 Thu ti\u1ec1n ph\u1ea1t t\u00f2a \u00e1n v\u00e0 l\u01b0u gi\u1eef h\u1ed3 s\u01a1 v\u1ec1 s\u1ed1 ti\u1ec1n thu \u0111\u01b0\u1ee3c.<br \/>\n\u2022 \u0110\u1ea3m b\u1ea3o r\u1eb1ng t\u1ea5t c\u1ea3 c\u00e1c t\u00e0i li\u1ec7u ph\u00e1p l\u00fd \u0111\u01b0\u1ee3c \u0111\u1ec7 tr\u00ecnh \u0111\u1ec1u tu\u00e2n th\u1ee7 lu\u1eadt ph\u00e1p v\u00e0 c\u00e1c th\u1ee7 t\u1ee5c c\u1ee7a t\u00f2a \u00e1n.<br \/>\n\u2022 Th\u1ef1c hi\u1ec7n c\u00e1c c\u00f4ng vi\u1ec7c k\u1ebf to\u00e1n c\u01a1 b\u1ea3n.<br \/>\n\u2022 Qu\u1ea3n l\u00fd l\u1eddi tuy\u00ean th\u1ec7 v\u00e0 x\u00e1c nh\u1eadn.<br \/>\nK\u0129 n\u0103ng thi\u1ebft y\u1ebfu:<br \/>\n\u2022 S\u1ef1 ch\u00fa \u00fd \u0111\u1ebfn chi ti\u1ebft<br \/>\n\u2022 Giao ti\u1ebfp<br \/>\n\u2022 T\u1ed5 ch\u1ee9c<br \/>\n\u2022 K\u1ef9 n\u0103ng d\u00f9ng m\u00e1y t\u00ednh<br \/>\n\u2022 T\u00ednh chuy\u00ean nghi\u1ec7p:<br \/>\nTr\u00ecnh \u0111\u1ed9 chuy\u00ean m\u00f4n: Th\u01b0 k\u00fd T\u00f2a \u00e1n l\u00e0 ng\u01b0\u1eddi c\u00f3 tr\u00ecnh \u0111\u1ed9 h\u1ecdc v\u1ea5n, \u0111\u01b0\u1ee3c quy \u0111\u1ecbnh c\u1ee5 th\u1ec3 l\u00e0 c\u00f3 b\u1eb1ng c\u1eed nh\u00e2n Lu\u1eadt tr\u1edf l\u00ean v\u00e0 \u0111\u01b0\u1ee3c tuy\u1ec3n d\u1ee5ng theo quy \u0111\u1ecbnh c\u1ee7a ph\u00e1p lu\u1eadt.<\/p><\/div><\/div><\/div>[\/vc_column_inner][\/vc_row_inner][\/vc_column][\/vc_row]\n<\/div>","protected":false},"excerpt":{"rendered":"<p>[vc_row top_margin=&#8221;0&#8243; bottom_margin=&#8221;0&#8243; css=&#8221;.vc_custom_1499912039446{margin-top: -30px !important;}&#8221;][vc_column][vc_row_inner][vc_column_inner][vc_empty_space height=&#8221;10px&#8221;][vc_empty_space height=&#8221;30px&#8221;][\/vc_column_inner][\/vc_row_inner][\/vc_column][\/vc_row]<\/p>\n","protected":false},"author":4,"featured_media":0,"parent":0,"menu_order":0,"comment_status":"closed","ping_status":"closed","template":"","meta":{"nf_dc_page":"","footnotes":""},"class_list":["post-10637","page","type-page","status-publish","hentry"],"_links":{"self":[{"href":"https:\/\/worknow.vn\/vi\/wp-json\/wp\/v2\/pages\/10637","targetHints":{"allow":["GET"]}}],"collection":[{"href":"https:\/\/worknow.vn\/vi\/wp-json\/wp\/v2\/pages"}],"about":[{"href":"https:\/\/worknow.vn\/vi\/wp-json\/wp\/v2\/types\/page"}],"author":[{"embeddable":true,"href":"https:\/\/worknow.vn\/vi\/wp-json\/wp\/v2\/users\/4"}],"replies":[{"embeddable":true,"href":"https:\/\/worknow.vn\/vi\/wp-json\/wp\/v2\/comments?post=10637"}],"version-history":[{"count":2,"href":"https:\/\/worknow.vn\/vi\/wp-json\/wp\/v2\/pages\/10637\/revisions"}],"predecessor-version":[{"id":11819,"href":"https:\/\/worknow.vn\/vi\/wp-json\/wp\/v2\/pages\/10637\/revisions\/11819"}],"wp:attachment":[{"href":"https:\/\/worknow.vn\/vi\/wp-json\/wp\/v2\/media?parent=10637"}],"curies":[{"name":"wp","href":"https:\/\/api.w.org\/{rel}","templated":true}]}}