{"id":10639,"date":"2022-08-18T01:19:16","date_gmt":"2022-08-18T01:19:16","guid":{"rendered":"https:\/\/worknow.vn\/general-counsel\/"},"modified":"2023-05-31T08:24:30","modified_gmt":"2023-05-31T08:24:30","slug":"tong-co-van","status":"publish","type":"page","link":"https:\/\/worknow.vn\/vi\/tong-co-van\/","title":{"rendered":"T\u1ed5ng C\u1ed1 V\u1ea5n"},"content":{"rendered":"<div class=\"wpb-content-wrapper\">[vc_row top_margin=&#8221;0&#8243; bottom_margin=&#8221;0&#8243; css=&#8221;.vc_custom_1499912039446{margin-top: -30px !important;}&#8221;][vc_column]<div class=\"shortcode-wrapper shortcode-title clearfix hb-animate-element hb-fade-in\"><p style=\"color:#878787!important;border-color:#878787\" class=\"hb-text-large aligncenter\">T\u1ed5ng C\u1ed1 V\u1ea5n<\/p><\/div>[vc_row_inner][vc_column_inner][vc_empty_space height=&#8221;10px&#8221;]<div class=\"shortcode-wrapper shortcode-icon-box clearfix\"><div class=\"feature-box alternative left-icon-box aligncenter\"><div class=\"feature-box-content\"><h4 class=\"bold\">M\u00f4 t\u1ea3 c\u00f4ng vi\u1ec7c<\/h4><p>C\u1ed1 v\u1ea5n chung, ng\u01b0\u1eddi t\u1ed1i \u01b0u h\u00f3a hi\u1ec7u qu\u1ea3 c\u1ee7a t\u1ed5 ch\u1ee9c li\u00ean quan \u0111\u1ebfn c\u00e1c v\u1ea5n \u0111\u1ec1 ph\u00e1p l\u00fd. C\u1ed1 v\u1ea5n chung s\u1ebd ki\u1ec3m tra v\u00e0 so\u1ea1n th\u1ea3o c\u00e1c h\u1ee3p \u0111\u1ed3ng CNTT, vi\u1ec7c l\u00e0m, b\u1ea5t \u0111\u1ed9ng s\u1ea3n v\u00e0 nh\u00e0 cung c\u1ea5p, qu\u1ea3n l\u00fd b\u1ea3n quy\u1ec1n v\u00e0 th\u01b0\u01a1ng hi\u1ec7u c\u0169ng nh\u01b0 l\u01b0u gi\u1eef c\u00e1c h\u1ed3 s\u01a1 kinh doanh nh\u01b0 bi\u00ean b\u1ea3n cu\u1ed9c h\u1ecdp v\u00e0 ngh\u1ecb quy\u1ebft. C\u1ed1 v\u1ea5n chung s\u1ebd ch\u1ecbu tr\u00e1ch nhi\u1ec7m \u0111\u00e0m ph\u00e1n v\u00e0 qu\u1ea3n l\u00fd h\u1ee3p \u0111\u1ed3ng kh\u00e1ch h\u00e0ng, c\u00e1c v\u1ea5n \u0111\u1ec1 b\u1ea3o hi\u1ec3m v\u00e0 quan h\u1ec7 nh\u00e2n vi\u00ean. B\u1ea1n s\u1ebd \u0111\u1ea3m b\u1ea3o tu\u00e2n th\u1ee7 ph\u00e1p lu\u1eadt li\u00ean quan \u0111\u1ebfn ho\u1ea1t \u0111\u1ed9ng mua b\u00e1n v\u00e0 s\u00e1p nh\u1eadp (M&amp;A), ghi nh\u00e3n, an to\u00e0n cho nh\u00e2n vi\u00ean v\u00e0 b\u1ea3o v\u1ec7 ng\u01b0\u1eddi ti\u00eau d\u00f9ng. B\u1ea1n s\u1ebd gi\u00e1m s\u00e1t vi\u1ec7c tu\u00e2n th\u1ee7 qu\u1ea3n tr\u1ecb c\u00f4ng ty v\u00e0 thi\u1ebft l\u1eadp s\u1ef1 th\u1eadn tr\u1ecdng trong vi\u1ec7c b\u1ea3o v\u1ec7 c\u00e1c v\u1ee5 ki\u1ec7n v\u00e0 truy t\u1ed1.<\/p><\/div><\/div><\/div>[vc_empty_space height=&#8221;30px&#8221;]<div class=\"shortcode-wrapper shortcode-icon-box clearfix\"><div class=\"feature-box alternative left-icon-box aligncenter\"><div class=\"feature-box-content\"><h4 class=\"bold\">Vai tr\u00f2 v\u00e0 tr\u00e1ch nhi\u1ec7m:<\/h4><p>\u2022 T\u01b0 v\u1ea5n cho gi\u00e1m \u0111\u1ed1c \u0111i\u1ec1u h\u00e0nh, qu\u1ea3n l\u00fd c\u1ea5p cao v\u00e0 h\u1ed9i \u0111\u1ed3ng qu\u1ea3n tr\u1ecb v\u1ec1 c\u00e1c v\u1ea5n \u0111\u1ec1 kh\u00e1c nhau nh\u01b0 quy\u1ec1n h\u1ee3p ph\u00e1p, lu\u1eadt m\u1edbi v\u00e0 lu\u1eadt hi\u1ec7n h\u00e0nh.<br \/>\n\u2022 Qu\u1ea3n l\u00fd c\u00e1c v\u1ea5n \u0111\u1ec1 ph\u00e1p l\u00fd c\u1ee7a t\u1ed5 ch\u1ee9c.<br \/>\n\u2022 Ki\u1ec3m tra v\u00e0 t\u1ea1o ra c\u00e1c th\u1ecfa thu\u1eadn d\u1ef1 th\u1ea3o, ch\u1eb3ng h\u1ea1n nh\u01b0 h\u1ee3p \u0111\u1ed3ng lao \u0111\u1ed9ng v\u00e0 nh\u00e0 cung c\u1ea5p.<br \/>\n\u2022 Duy tr\u00ec ki\u1ebfn th\u1ee9c v\u1ec1 c\u00e1c ho\u1ea1t \u0111\u1ed9ng v\u00e0 v\u0103n b\u1ea3n ph\u00e1p lu\u1eadt c\u1ee7a t\u1ed5 ch\u1ee9c.<br \/>\n\u2022 Ti\u1ebfn h\u00e0nh nghi\u00ean c\u1ee9u ph\u00e1p l\u00fd v\u00e0 xem x\u00e9t chi\u1ebfn l\u01b0\u1ee3c ki\u1ec7n t\u1ee5ng c\u1ee7a c\u00f4ng ty li\u00ean quan \u0111\u1ebfn c\u00e1c h\u00e0nh \u0111\u1ed9ng ph\u00e1p l\u00fd.<br \/>\n\u2022 Ban h\u00e0nh v\u00e0 x\u00e2y d\u1ef1ng c\u00e1c ch\u1ec9 th\u1ecb h\u00e0nh vi v\u00e0 quy\u1ebft \u0111\u1ecbnh c\u1ee7a c\u00f4ng ty.<br \/>\n\u2022 L\u01b0u gi\u1eef t\u1ea5t c\u1ea3 c\u00e1c h\u1ed3 s\u01a1 c\u1ee7a c\u00f4ng ty.<br \/>\n\u2022 X\u1eed l\u00fd h\u1ed3 s\u01a1 theo lu\u1eadt \u0111\u1ecbnh, ch\u1eb3ng h\u1ea1n nh\u01b0 c\u00e1c m\u1eabu gi\u1ea5y ph\u00e9p.<br \/>\n\u2022 Li\u00ean l\u1ea1c v\u1edbi c\u1ed1 v\u1ea5n b\u00ean ngo\u00e0i v\u1ec1 nhi\u1ec7m v\u1ee5 c\u1ee7a h\u1ecd.<br \/>\n\u2022 T\u1ea1o th\u1ef1c th\u1ec3 m\u1edbi v\u00e0 qu\u1ea3n l\u00fd t\u00e0i s\u1ea3n tr\u00ed tu\u1ec7 c\u1ee7a t\u1ed5 ch\u1ee9c.<br \/>\nK\u0129 n\u0103ng thi\u1ebft y\u1ebfu:<br \/>\n\u2022 Kinh nghi\u1ec7m v\u1ec1 c\u00e1c v\u1ea5n \u0111\u1ec1 qu\u1ea3n tr\u1ecb c\u00f4ng ty v\u00e0 nhi\u1ec7m v\u1ee5 th\u01b0 k\u00fd c\u00f4ng ty.<br \/>\n\u2022 K\u1ef9 n\u0103ng giao ti\u1ebfp b\u1eb1ng l\u1eddi n\u00f3i v\u00e0 b\u1eb1ng v\u0103n b\u1ea3n tuy\u1ec7t v\u1eddi.<br \/>\n\u2022 Ki\u1ebfn th\u1ee9c v\u1ec1 lu\u1eadt, quy t\u1eafc v\u00e0 quy \u0111\u1ecbnh li\u00ean quan \u0111\u1ebfn doanh nghi\u1ec7p.<br \/>\n\u2022 Hi\u1ec3u bi\u1ebft th\u00e0nh th\u1ea1o v\u1ec1 c\u00e1c v\u1ea5n \u0111\u1ec1 nh\u1ea1y c\u1ea3m v\u00e0 b\u1ea3o m\u1eadt trong kinh doanh.<br \/>\nTr\u00ecnh \u0111\u1ed9 chuy\u00ean m\u00f4n: Y\u00eau c\u1ea7u c\u00f3 b\u1eb1ng Th\u1ea1c s\u0129 Lu\u1eadt.<\/p><\/div><\/div><\/div>[\/vc_column_inner][\/vc_row_inner][\/vc_column][\/vc_row]\n<\/div>","protected":false},"excerpt":{"rendered":"<p>[vc_row top_margin=&#8221;0&#8243; bottom_margin=&#8221;0&#8243; css=&#8221;.vc_custom_1499912039446{margin-top: -30px !important;}&#8221;][vc_column][vc_row_inner][vc_column_inner][vc_empty_space height=&#8221;10px&#8221;][vc_empty_space height=&#8221;30px&#8221;][\/vc_column_inner][\/vc_row_inner][\/vc_column][\/vc_row]<\/p>\n","protected":false},"author":4,"featured_media":0,"parent":0,"menu_order":0,"comment_status":"closed","ping_status":"closed","template":"","meta":{"nf_dc_page":"","footnotes":""},"class_list":["post-10639","page","type-page","status-publish","hentry"],"_links":{"self":[{"href":"https:\/\/worknow.vn\/vi\/wp-json\/wp\/v2\/pages\/10639","targetHints":{"allow":["GET"]}}],"collection":[{"href":"https:\/\/worknow.vn\/vi\/wp-json\/wp\/v2\/pages"}],"about":[{"href":"https:\/\/worknow.vn\/vi\/wp-json\/wp\/v2\/types\/page"}],"author":[{"embeddable":true,"href":"https:\/\/worknow.vn\/vi\/wp-json\/wp\/v2\/users\/4"}],"replies":[{"embeddable":true,"href":"https:\/\/worknow.vn\/vi\/wp-json\/wp\/v2\/comments?post=10639"}],"version-history":[{"count":2,"href":"https:\/\/worknow.vn\/vi\/wp-json\/wp\/v2\/pages\/10639\/revisions"}],"predecessor-version":[{"id":11821,"href":"https:\/\/worknow.vn\/vi\/wp-json\/wp\/v2\/pages\/10639\/revisions\/11821"}],"wp:attachment":[{"href":"https:\/\/worknow.vn\/vi\/wp-json\/wp\/v2\/media?parent=10639"}],"curies":[{"name":"wp","href":"https:\/\/api.w.org\/{rel}","templated":true}]}}