{"id":10641,"date":"2022-08-18T01:19:53","date_gmt":"2022-08-18T01:19:53","guid":{"rendered":"https:\/\/worknow.vn\/mediator\/"},"modified":"2023-05-31T08:31:57","modified_gmt":"2023-05-31T08:31:57","slug":"nguoi-hoa-giai","status":"publish","type":"page","link":"https:\/\/worknow.vn\/vi\/nguoi-hoa-giai\/","title":{"rendered":"Ng\u01b0\u1eddi H\u00f2a Gi\u1ea3i"},"content":{"rendered":"<div class=\"wpb-content-wrapper\">[vc_row top_margin=&#8221;0&#8243; bottom_margin=&#8221;0&#8243; css=&#8221;.vc_custom_1499912039446{margin-top: -30px !important;}&#8221;][vc_column]<div class=\"shortcode-wrapper shortcode-title clearfix hb-animate-element hb-fade-in\"><p style=\"color:#878787!important;border-color:#878787\" class=\"hb-text-large aligncenter\">Ng\u01b0\u1eddi H\u00f2a Gi\u1ea3i<\/p><\/div>[vc_row_inner][vc_column_inner][vc_empty_space height=&#8221;10px&#8221;]<div class=\"shortcode-wrapper shortcode-icon-box clearfix\"><div class=\"feature-box alternative left-icon-box aligncenter\"><div class=\"feature-box-content\"><h4 class=\"bold\">M\u00f4 t\u1ea3 c\u00f4ng vi\u1ec7c<\/h4><p>C\u00f4ng vi\u1ec7c c\u1ee7a h\u00f2a gi\u1ea3i vi\u00ean l\u00e0 t\u1ea1o \u0111i\u1ec1u ki\u1ec7n thu\u1eadn l\u1ee3i cho vi\u1ec7c \u0111\u00e0m ph\u00e1n v\u00e0 gi\u1ea3i quy\u1ebft gi\u1eefa c\u00e1c b\u00ean tranh ch\u1ea5p b\u1eb1ng c\u00e1ch \u0111\u01b0a ra \u0111\u1ecbnh h\u01b0\u1edbng v\u00e0 khuy\u1ebfn kh\u00edch, c\u1ed9ng t\u00e1c v\u1edbi h\u1ecd \u0111\u1ec3 t\u00ecm ra nh\u1eefng c\u00e1ch s\u00e1ng t\u1ea1o nh\u1eb1m \u0111\u1ea1t \u0111\u01b0\u1ee3c gi\u1ea3i ph\u00e1p th\u1ecfa m\u00e3n c\u1ea3 hai b\u00ean, \u0111i\u1ec3n h\u00ecnh l\u00e0 th\u1ecfa hi\u1ec7p. H\u00f2a gi\u1ea3i vi\u00ean kh\u00f4ng \u0111\u1ea1i di\u1ec7n ho\u1eb7c bi\u1ec7n h\u1ed9 cho b\u00ean n\u00e0o trong m\u1ed9t v\u1ee5 ki\u1ec7n. Vai tr\u00f2 c\u1ee7a h\u1ecd l\u00e0 c\u1ed1 g\u1eafng \u0111\u01b0a c\u1ea3 hai b\u00ean \u0111\u1ebfn m\u1ed9t \u0111i\u1ec3m trung gian chung.<br \/>\nM\u1ed9t h\u00f2a gi\u1ea3i vi\u00ean ph\u1ee5c v\u1ee5 nh\u01b0 m\u1ed9t b\u00ean trung l\u1eadp, ng\u01b0\u1eddi s\u1ebd gi\u00fap gi\u1ea3i quy\u1ebft xung \u0111\u1ed9t gi\u1eefa hai b\u00ean th\u00f9 \u0111\u1ecbch. L\u00e0 m\u1ed9t h\u00f2a gi\u1ea3i vi\u00ean, anh \u1ea5y ho\u1eb7c c\u00f4 \u1ea5y s\u1ebd c\u00f3 th\u1ec3 h\u01b0\u1edbng d\u1eabn c\u1ea3 hai b\u00ean gi\u1ea3i quy\u1ebft v\u1ea5n \u0111\u1ec1 v\u00e0 tr\u00e1nh m\u1ed9t quy tr\u00ecnh ki\u1ec7n t\u1ee5ng \u0111\u1ea7y \u0111\u1ee7. Ki\u1ec3m tra b\u1ea3ng \u0111\u1ec3 bi\u1ebft th\u00f4ng tin v\u1ec1 c\u00e1c y\u00eau c\u1ea7u \u0111\u1ec3 tr\u1edf th\u00e0nh ng\u01b0\u1eddi h\u00f2a gi\u1ea3i.<br \/>\nways to reach a mutually satisfying solution, typically a compromise. Mediators do not represent or advocate for either side in a lawsuit. Their role is to try to bring both parties to a common middle ground.<br \/>\nA mediator serves as a neutral party who would help resolve conflicts between two feuding parties. As a mediator, he or she will be able to guide both parties in settling the issue and avoiding a full litigation process. Check out the table for information on the requirements to become a mediator.<\/p><\/div><\/div><\/div>[vc_empty_space height=&#8221;30px&#8221;]<div class=\"shortcode-wrapper shortcode-icon-box clearfix\"><div class=\"feature-box alternative left-icon-box aligncenter\"><div class=\"feature-box-content\"><h4 class=\"bold\">Vai tr\u00f2 v\u00e0 tr\u00e1ch nhi\u1ec7m:<\/h4><p>\u2022 Ph\u00e2n bi\u1ec7t nh\u1eefng \u0111\u1eb7c \u0111i\u1ec3m theo ng\u1eef c\u1ea3nh n\u00e0o g\u00e2y ra xung \u0111\u1ed9t tr\u00ecnh b\u00e0y.<br \/>\n\u2022 G\u1eb7p g\u1ee1 kh\u00e1ch h\u00e0ng \u0111\u1ec3 \u0111\u1eb7t ra c\u00e1c quy t\u1eafc c\u01a1 b\u1ea3n v\u00e0 n\u00eau r\u00f5 vai tr\u00f2 c\u1ee7a b\u1ea1n trong qu\u00e1 tr\u00ecnh h\u00f2a gi\u1ea3i.<br \/>\n\u2022 Cho ph\u00e9p c\u00e1c b\u00ean b\u1ecb b\u1ee9c x\u00fac c\u00f3 kh\u00f4ng gian \u0111\u1ec3 l\u00e0m r\u00f5 s\u1ef1 hi\u1ec3u bi\u1ebft c\u1ee7a h\u1ecd v\u1ec1 s\u1ef1 b\u1ea5t \u0111\u1ed3ng.<br \/>\n\u2022 Tr\u00ecnh b\u00e0y hi\u1ec3u bi\u1ebft c\u1ee7a b\u1ea1n v\u1ec1 t\u00ecnh hu\u1ed1ng v\u00e0 y\u00eau c\u1ea7u ch\u1ec9nh s\u1eeda n\u1ebfu c\u1ea7n.<br \/>\n\u2022 H\u01b0\u1edbng d\u1eabn suy ngh\u0129 c\u1ee7a th\u00e2n ch\u1ee7 v\u1ec1 s\u1ef1 b\u1ea5t \u0111\u1ed3ng hi\u1ec7n t\u1ea1i, bao g\u1ed3m c\u1ea3 quan \u0111i\u1ec3m c\u1ee7a ng\u01b0\u1eddi kh\u00e1c v\u00e0 \u00fd ngh\u0129a c\u1ee7a ch\u00fang.<br \/>\n\u2022 T\u1ea1o \u0111i\u1ec1u ki\u1ec7n thu\u1eadn l\u1ee3i cho c\u00e1c cu\u1ed9c th\u1ea3o lu\u1eadn trung th\u1ef1c nh\u1eb1m t\u00ecm ki\u1ebfm c\u00e1c gi\u1ea3i ph\u00e1p h\u1ee3p l\u00fd v\u00e0 b\u1ec1n v\u1eefng.<br \/>\n\u2022 Gi\u00e1m s\u00e1t c\u00e1c cu\u1ed9c \u0111\u1ed1i tho\u1ea1i c\u1ee7a kh\u00e1ch h\u00e0ng \u0111\u1ec3 \u0111i \u0111\u1ebfn m\u1ed9t h\u01b0\u1edbng \u0111i r\u00f5 r\u00e0ng.<br \/>\n\u2022 Tham gia l\u1ea1i v\u00e0o c\u00e1c cu\u1ed9c th\u1ea3o lu\u1eadn v\u1ec1 xung \u0111\u1ed9t n\u1ebfu kh\u00e1ch h\u00e0ng y\u00eau c\u1ea7u.<br \/>\nK\u0129 n\u0103ng thi\u1ebft y\u1ebfu:<br \/>\n\u2022 Nh\u1eadn th\u1ee9c \u0111\u01b0\u1ee3c nh\u1eefng c\u1ea3m x\u00fac kh\u00f4ng n\u00f3i th\u00e0nh l\u1eddi.<br \/>\n\u2022 Kh\u1ea3 n\u0103ng gi\u1ea3i quy\u1ebft nh\u1eefng bi\u1ebfn d\u1ea1ng trong c\u1ea3m x\u00fac v\u00e0 nh\u1eadn th\u1ee9c.<br \/>\n\u2022 K\u1ef9 n\u0103ng ng\u0103n ch\u1eb7n v\u00e0 giao ti\u1ebfp b\u1eb1ng l\u1eddi n\u00f3i t\u1ed1t.<br \/>\n\u2022 \u1ee8ng x\u1eed kh\u00e1ch quan, linh ho\u1ea1t v\u00e0 quy\u1ebft \u0111o\u00e1n.<br \/>\n\u2022 Kh\u1ea3 n\u0103ng ki\u1ec1m ch\u1ebf kh\u00f4ng \u0111\u01b0a ra nh\u1eefng l\u1eddi xen v\u00e0o kh\u00f4ng ch\u00ednh \u0111\u00e1ng.<br \/>\ntr\u00ecnh \u0111\u1ed9:<br \/>\n\u2022 B\u1eb1ng t\u1ed1t nghi\u1ec7p trung h\u1ecdc ph\u1ed5 th\u00f4ng.<br \/>\n\u2022 Ho\u00e0n th\u00e0nh ch\u01b0\u01a1ng tr\u00ecnh \u0111\u00e0o t\u1ea1o h\u00f2a gi\u1ea3i \u0111\u01b0\u1ee3c c\u00f4ng nh\u1eadn.<\/p><\/div><\/div><\/div>[\/vc_column_inner][\/vc_row_inner][\/vc_column][\/vc_row]\n<\/div>","protected":false},"excerpt":{"rendered":"<p>[vc_row top_margin=&#8221;0&#8243; bottom_margin=&#8221;0&#8243; css=&#8221;.vc_custom_1499912039446{margin-top: -30px !important;}&#8221;][vc_column][vc_row_inner][vc_column_inner][vc_empty_space height=&#8221;10px&#8221;][vc_empty_space height=&#8221;30px&#8221;][\/vc_column_inner][\/vc_row_inner][\/vc_column][\/vc_row]<\/p>\n","protected":false},"author":4,"featured_media":0,"parent":0,"menu_order":0,"comment_status":"closed","ping_status":"closed","template":"","meta":{"nf_dc_page":"","footnotes":""},"class_list":["post-10641","page","type-page","status-publish","hentry"],"_links":{"self":[{"href":"https:\/\/worknow.vn\/vi\/wp-json\/wp\/v2\/pages\/10641","targetHints":{"allow":["GET"]}}],"collection":[{"href":"https:\/\/worknow.vn\/vi\/wp-json\/wp\/v2\/pages"}],"about":[{"href":"https:\/\/worknow.vn\/vi\/wp-json\/wp\/v2\/types\/page"}],"author":[{"embeddable":true,"href":"https:\/\/worknow.vn\/vi\/wp-json\/wp\/v2\/users\/4"}],"replies":[{"embeddable":true,"href":"https:\/\/worknow.vn\/vi\/wp-json\/wp\/v2\/comments?post=10641"}],"version-history":[{"count":2,"href":"https:\/\/worknow.vn\/vi\/wp-json\/wp\/v2\/pages\/10641\/revisions"}],"predecessor-version":[{"id":11823,"href":"https:\/\/worknow.vn\/vi\/wp-json\/wp\/v2\/pages\/10641\/revisions\/11823"}],"wp:attachment":[{"href":"https:\/\/worknow.vn\/vi\/wp-json\/wp\/v2\/media?parent=10641"}],"curies":[{"name":"wp","href":"https:\/\/api.w.org\/{rel}","templated":true}]}}