{"id":10643,"date":"2022-08-18T01:20:43","date_gmt":"2022-08-18T01:20:43","guid":{"rendered":"https:\/\/worknow.vn\/solicitor\/"},"modified":"2023-05-31T08:34:07","modified_gmt":"2023-05-31T08:34:07","slug":"co-van-phap-luat","status":"publish","type":"page","link":"https:\/\/worknow.vn\/vi\/co-van-phap-luat\/","title":{"rendered":"C\u1ed1 V\u1ea5n Ph\u00e1p Lu\u1eadt"},"content":{"rendered":"<div class=\"wpb-content-wrapper\">[vc_row top_margin=&#8221;0&#8243; bottom_margin=&#8221;0&#8243; css=&#8221;.vc_custom_1499912039446{margin-top: -30px !important;}&#8221;][vc_column]<div class=\"shortcode-wrapper shortcode-title clearfix hb-animate-element hb-fade-in\"><p style=\"color:#878787!important;border-color:#878787\" class=\"hb-text-large aligncenter\">C\u1ed1 V\u1ea5n Ph\u00e1p Lu\u1eadt<\/p><\/div>[vc_row_inner][vc_column_inner][vc_empty_space height=&#8221;10px&#8221;]<div class=\"shortcode-wrapper shortcode-icon-box clearfix\"><div class=\"feature-box alternative left-icon-box aligncenter\"><div class=\"feature-box-content\"><h4 class=\"bold\">M\u00f4 t\u1ea3 c\u00f4ng vi\u1ec7c<\/h4><p>Lu\u1eadt s\u01b0, ho\u1eb7c Ng\u01b0\u1eddi bi\u1ec7n h\u1ed9 l\u00e0 m\u1ed9t ng\u01b0\u1eddi h\u00e0nh ngh\u1ec1 lu\u1eadt \u0111\u1ee7 ti\u00eau chu\u1ea9n, ng\u01b0\u1eddi cung c\u1ea5p t\u01b0 v\u1ea5n ph\u00e1p l\u00fd v\u00e0 ti\u1ebfn h\u00e0nh c\u00e1c th\u1ee7 t\u1ee5c ph\u00e1p l\u00fd. Nhi\u1ec7m v\u1ee5 c\u1ee7a h\u1ecd bao g\u1ed3m chu\u1ea9n b\u1ecb t\u00e0i li\u1ec7u ph\u00e1p l\u00fd, \u0111\u1ea1i di\u1ec7n v\u00e0 b\u1ea3o v\u1ec7 l\u1ee3i \u00edch h\u1ee3p ph\u00e1p c\u1ee7a kh\u00e1ch h\u00e0ng c\u0169ng nh\u01b0 tham d\u1ef1 c\u00e1c cu\u1ed9c h\u1ecdp v\u00e0 \u0111\u00e0m ph\u00e1n.<br \/>\nLu\u1eadt s\u01b0 nh\u1eadn h\u01b0\u1edbng d\u1eabn t\u1eeb kh\u00e1ch h\u00e0ng v\u00e0 t\u01b0 v\u1ea5n v\u1ec1 c\u00e1c kh\u00f3a h\u1ecdc c\u1ea7n thi\u1ebft c\u1ee7a h\u00e0nh \u0111\u1ed9ng ph\u00e1p l\u00fd. Kh\u00e1ch h\u00e0ng c\u00f3 th\u1ec3 l\u00e0 c\u00e1 nh\u00e2n, nh\u00f3m, t\u1ed5 ch\u1ee9c khu v\u1ef1c c\u00f4ng ho\u1eb7c c\u00f4ng ty t\u01b0 nh\u00e2n.<\/p><\/div><\/div><\/div>[vc_empty_space height=&#8221;30px&#8221;]<div class=\"shortcode-wrapper shortcode-icon-box clearfix\"><div class=\"feature-box alternative left-icon-box aligncenter\"><div class=\"feature-box-content\"><h4 class=\"bold\">Vai tr\u00f2 v\u00e0 tr\u00e1ch nhi\u1ec7m:<\/h4><p>\u2022 Lu\u00f4n c\u1eadp nh\u1eadt nh\u1eefng ph\u00e1t tri\u1ec3n m\u1edbi trong lu\u1eadt<br \/>\n\u2022 X\u00e2y d\u1ef1ng m\u1ed1i quan h\u1ec7 b\u1ec1n v\u1eefng v\u1edbi c\u01a1 s\u1edf kh\u00e1ch h\u00e0ng c\u1ee7a c\u00f4ng ty<br \/>\n\u2022 So\u1ea1n th\u1ea3o, xem x\u00e9t v\u00e0 qu\u1ea3n l\u00fd t\u00e0i li\u1ec7u ph\u00e1p l\u00fd<br \/>\n\u2022 Ti\u1ebfn h\u00e0nh nghi\u00ean c\u1ee9u ph\u00e1p l\u00fd v\u00e0 \u0111i\u1ec1u tra s\u1ef1 th\u1eadt c\u1ee7a t\u1eebng tr\u01b0\u1eddng h\u1ee3p<br \/>\n\u2022 Li\u00ean l\u1ea1c v\u1edbi kh\u00e1ch h\u00e0ng\/c\u00e1c b\u00ean li\u00ean quan v\u00e0 c\u00e1c b\u00ean li\u00ean quan<br \/>\n\u2022 Ti\u1ebfn h\u00e0nh \u0111\u00e0m ph\u00e1n \u0111\u1ec3 \u0111\u1ea1t \u0111\u01b0\u1ee3c k\u1ebft qu\u1ea3 mong mu\u1ed1n<br \/>\n\u2022 \u1ee6y quy\u1ec1n v\u00e0 thu\u00ea ngo\u00e0i c\u00f4ng vi\u1ec7c khi th\u00edch h\u1ee3p<br \/>\nK\u0129 n\u0103ng thi\u1ebft y\u1ebfu:<br \/>\n\u2022 K\u1ef9 n\u0103ng giao ti\u1ebfp b\u1eb1ng v\u0103n b\u1ea3n v\u00e0 b\u1eb1ng l\u1eddi n\u00f3i tuy\u1ec7t v\u1eddi<br \/>\n\u2022 K\u1ef9 n\u0103ng ph\u00e2n t\u00edch v\u00e0 l\u00fd lu\u1eadn \u0111\u1eb7c bi\u1ec7t<br \/>\n\u2022 Kh\u1ea3 n\u0103ng \u01b0u ti\u00ean c\u00f4ng vi\u1ec7c v\u00e0 \u0111\u00e1p \u1ee9ng th\u1eddi h\u1ea1n<br \/>\nTr\u00ecnh \u0111\u1ed9 chuy\u00ean m\u00f4n: B\u1eb1ng c\u1ea5p ph\u00e1p l\u00fd c\u00f3 li\u00ean quan.<\/p><\/div><\/div><\/div>[\/vc_column_inner][\/vc_row_inner][\/vc_column][\/vc_row]\n<\/div>","protected":false},"excerpt":{"rendered":"<p>[vc_row top_margin=&#8221;0&#8243; bottom_margin=&#8221;0&#8243; css=&#8221;.vc_custom_1499912039446{margin-top: -30px !important;}&#8221;][vc_column][vc_row_inner][vc_column_inner][vc_empty_space height=&#8221;10px&#8221;][vc_empty_space height=&#8221;30px&#8221;][\/vc_column_inner][\/vc_row_inner][\/vc_column][\/vc_row]<\/p>\n","protected":false},"author":4,"featured_media":0,"parent":0,"menu_order":0,"comment_status":"closed","ping_status":"closed","template":"","meta":{"nf_dc_page":"","footnotes":""},"class_list":["post-10643","page","type-page","status-publish","hentry"],"_links":{"self":[{"href":"https:\/\/worknow.vn\/vi\/wp-json\/wp\/v2\/pages\/10643","targetHints":{"allow":["GET"]}}],"collection":[{"href":"https:\/\/worknow.vn\/vi\/wp-json\/wp\/v2\/pages"}],"about":[{"href":"https:\/\/worknow.vn\/vi\/wp-json\/wp\/v2\/types\/page"}],"author":[{"embeddable":true,"href":"https:\/\/worknow.vn\/vi\/wp-json\/wp\/v2\/users\/4"}],"replies":[{"embeddable":true,"href":"https:\/\/worknow.vn\/vi\/wp-json\/wp\/v2\/comments?post=10643"}],"version-history":[{"count":2,"href":"https:\/\/worknow.vn\/vi\/wp-json\/wp\/v2\/pages\/10643\/revisions"}],"predecessor-version":[{"id":11825,"href":"https:\/\/worknow.vn\/vi\/wp-json\/wp\/v2\/pages\/10643\/revisions\/11825"}],"wp:attachment":[{"href":"https:\/\/worknow.vn\/vi\/wp-json\/wp\/v2\/media?parent=10643"}],"curies":[{"name":"wp","href":"https:\/\/api.w.org\/{rel}","templated":true}]}}