{"id":10645,"date":"2022-08-18T01:21:19","date_gmt":"2022-08-18T01:21:19","guid":{"rendered":"https:\/\/worknow.vn\/homeland-security\/"},"modified":"2023-05-31T08:35:33","modified_gmt":"2023-05-31T08:35:33","slug":"an-ninh-noi-doi","status":"publish","type":"page","link":"https:\/\/worknow.vn\/vi\/an-ninh-noi-doi\/","title":{"rendered":"An Ninh N\u1ed9i \u0110\u1ecba"},"content":{"rendered":"<div class=\"wpb-content-wrapper\">[vc_row top_margin=&#8221;0&#8243; bottom_margin=&#8221;0&#8243; css=&#8221;.vc_custom_1499912039446{margin-top: -30px !important;}&#8221;][vc_column]<div class=\"shortcode-wrapper shortcode-title clearfix hb-animate-element hb-fade-in\"><p style=\"color:#878787!important;border-color:#878787\" class=\"hb-text-large aligncenter\">An Ninh N\u1ed9i \u0110\u1ecba<\/p><\/div>[vc_row_inner][vc_column_inner][vc_empty_space height=&#8221;10px&#8221;]<div class=\"shortcode-wrapper shortcode-icon-box clearfix\"><div class=\"feature-box alternative left-icon-box aligncenter\"><div class=\"feature-box-content\"><h4 class=\"bold\">M\u00f4 t\u1ea3 c\u00f4ng vi\u1ec7c<\/h4><p>An ninh n\u1ed9i \u0111\u1ecba l\u00e0 c\u00f4ng vi\u1ec7c c\u1ee7a m\u1ed9t nh\u00f3m l\u1edbn nh\u1eefng ng\u01b0\u1eddi l\u00e0m vi\u1ec7c c\u00f9ng nhau \u0111\u1ec3 gi\u1eef an to\u00e0n cho qu\u1ed1c gia kh\u1ecfi c\u00e1c m\u1ed1i \u0111e d\u1ecda bao g\u1ed3m kh\u1ee7ng b\u1ed1 v\u00e0 thi\u00ean tai. C\u00f3 r\u1ea5t nhi\u1ec1u c\u01a1 h\u1ed9i vi\u1ec7c l\u00e0m trong l\u0129nh v\u1ef1c n\u00e0y, bao g\u1ed3m tr\u1edf th\u00e0nh nh\u00e0 ph\u00e2n t\u00edch ch\u01b0\u01a1ng tr\u00ecnh an ninh n\u1ed9i \u0111\u1ecba, c\u1ea3nh s\u00e1t tr\u01b0\u1edfng l\u1ef1c l\u01b0\u1ee3ng kh\u00f4ng qu\u00e2n ho\u1eb7c c\u1ea3nh s\u00e1t bi\u1ec3n. C\u00e1c nh\u00e2n vi\u00ean an ninh n\u1ed9i \u0111\u1ecba nh\u1eb1m m\u1ee5c \u0111\u00edch gi\u1ea3m thi\u1ec3u c\u00e1c m\u1ed1i \u0111e d\u1ecda an ninh v\u00e0 \u1ee9ng ph\u00f3 v\u1edbi b\u1ea5t k\u1ef3 cu\u1ed9c t\u1ea5n c\u00f4ng an ninh n\u00e0o x\u1ea3y ra. H\u1ecd c\u0169ng ph\u1ed1i h\u1ee3p v\u00e0 \u1ee9ng ph\u00f3 v\u1edbi thi\u00ean tai, d\u1eabn \u0111\u1ea7u c\u1ed9ng \u0111\u1ed3ng.<br \/>\nC\u00e1c tr\u00e1ch nhi\u1ec7m c\u1ee7a Vi\u00ean ch\u1ee9c An ninh N\u1ed9i \u0111\u1ecba bao g\u1ed3m gi\u1ea3i th\u00edch c\u00e1c b\u00e1o c\u00e1o t\u00ecnh b\u00e1o \u0111\u1ec3 x\u00e1c \u0111\u1ecbnh c\u00e1c m\u1ed1i \u0111e d\u1ecda ti\u1ec1m t\u00e0ng \u0111\u1ed1i v\u1edbi qu\u1ed1c gia v\u00e0 tham gia v\u00e0o c\u00e1c n\u1ed7 l\u1ef1c ng\u0103n ch\u1eb7n c\u00e1c ho\u1ea1t \u0111\u1ed9ng kh\u1ee7ng b\u1ed1.<\/p><\/div><\/div><\/div>[vc_empty_space height=&#8221;30px&#8221;]<div class=\"shortcode-wrapper shortcode-icon-box clearfix\"><div class=\"feature-box alternative left-icon-box aligncenter\"><div class=\"feature-box-content\"><h4 class=\"bold\">Vai tr\u00f2 v\u00e0 tr\u00e1ch nhi\u1ec7m:<\/h4><p>\u2022 Ph\u00e2n t\u00edch c\u00e1c b\u00e1o c\u00e1o t\u00ecnh b\u00e1o \u0111\u1ec3 ng\u0103n ch\u1eb7n c\u00e1c ho\u1ea1t \u0111\u1ed9ng kh\u1ee7ng b\u1ed1<br \/>\n\u2022 T\u00edch c\u1ef1c tham gia c\u00e1c ho\u1ea1t \u0111\u1ed9ng b\u1ea3o v\u1ec7 bi\u00ean c\u01b0\u01a1ng, \u0111\u01b0\u1eddng th\u1ee7y c\u1ee7a T\u1ed5 qu\u1ed1c<br \/>\n\u2022 Nh\u1eadp th\u00f4ng tin v\u00e0o c\u01a1 s\u1edf d\u1eef li\u1ec7u trung t\u00e2m \u0111\u1ec3 gi\u00fap c\u00e1c b\u1ed9 ph\u1eadn kh\u00e1c \u0111\u1ea3m b\u1ea3o l\u1ee3i \u00edch qu\u1ed1c gia<br \/>\n\u2022 \u1ee8ng ph\u00f3 v\u1edbi thi\u00ean tai v\u00e0 h\u1ed7 tr\u1ee3 \u0111\u1ea3m b\u1ea3o an to\u00e0n cho c\u1ed9ng \u0111\u1ed3ng<br \/>\nK\u0129 n\u0103ng thi\u1ebft y\u1ebfu:<br \/>\n\u2022 K\u1ef9 n\u0103ng giao ti\u1ebfp v\u00e0 h\u1ee3p t\u00e1c xu\u1ea5t s\u1eafc.<br \/>\n\u2022 C\u00f3 kh\u1ea3 n\u0103ng t\u01b0 duy nhanh v\u00e0 ph\u00e2n t\u00edch.<br \/>\nTr\u00ecnh \u0111\u1ed9 chuy\u00ean m\u00f4n: B\u1eb1ng c\u1ea5p ph\u00e1p l\u00fd c\u00f3 li\u00ean quan.<\/p><\/div><\/div><\/div>[\/vc_column_inner][\/vc_row_inner][\/vc_column][\/vc_row]\n<\/div>","protected":false},"excerpt":{"rendered":"<p>[vc_row top_margin=&#8221;0&#8243; bottom_margin=&#8221;0&#8243; css=&#8221;.vc_custom_1499912039446{margin-top: -30px !important;}&#8221;][vc_column][vc_row_inner][vc_column_inner][vc_empty_space height=&#8221;10px&#8221;][vc_empty_space height=&#8221;30px&#8221;][\/vc_column_inner][\/vc_row_inner][\/vc_column][\/vc_row]<\/p>\n","protected":false},"author":4,"featured_media":0,"parent":0,"menu_order":0,"comment_status":"closed","ping_status":"closed","template":"","meta":{"nf_dc_page":"","footnotes":""},"class_list":["post-10645","page","type-page","status-publish","hentry"],"_links":{"self":[{"href":"https:\/\/worknow.vn\/vi\/wp-json\/wp\/v2\/pages\/10645","targetHints":{"allow":["GET"]}}],"collection":[{"href":"https:\/\/worknow.vn\/vi\/wp-json\/wp\/v2\/pages"}],"about":[{"href":"https:\/\/worknow.vn\/vi\/wp-json\/wp\/v2\/types\/page"}],"author":[{"embeddable":true,"href":"https:\/\/worknow.vn\/vi\/wp-json\/wp\/v2\/users\/4"}],"replies":[{"embeddable":true,"href":"https:\/\/worknow.vn\/vi\/wp-json\/wp\/v2\/comments?post=10645"}],"version-history":[{"count":2,"href":"https:\/\/worknow.vn\/vi\/wp-json\/wp\/v2\/pages\/10645\/revisions"}],"predecessor-version":[{"id":11827,"href":"https:\/\/worknow.vn\/vi\/wp-json\/wp\/v2\/pages\/10645\/revisions\/11827"}],"wp:attachment":[{"href":"https:\/\/worknow.vn\/vi\/wp-json\/wp\/v2\/media?parent=10645"}],"curies":[{"name":"wp","href":"https:\/\/api.w.org\/{rel}","templated":true}]}}