{"id":10647,"date":"2022-08-18T01:21:56","date_gmt":"2022-08-18T01:21:56","guid":{"rendered":"https:\/\/worknow.vn\/immigration-officer\/"},"modified":"2023-05-31T08:37:20","modified_gmt":"2023-05-31T08:37:20","slug":"vien-chuc-nhap-cu","status":"publish","type":"page","link":"https:\/\/worknow.vn\/vi\/vien-chuc-nhap-cu\/","title":{"rendered":"Vi\u00ean Ch\u1ee9c Nh\u1eadp C\u01b0"},"content":{"rendered":"<div class=\"wpb-content-wrapper\">[vc_row top_margin=&#8221;0&#8243; bottom_margin=&#8221;0&#8243; css=&#8221;.vc_custom_1499912039446{margin-top: -30px !important;}&#8221;][vc_column]<div class=\"shortcode-wrapper shortcode-title clearfix hb-animate-element hb-fade-in\"><p style=\"color:#878787!important;border-color:#878787\" class=\"hb-text-large aligncenter\">Vi\u00ean Ch\u1ee9c Nh\u1eadp C\u01b0<\/p><\/div>[vc_row_inner][vc_column_inner][vc_empty_space height=&#8221;10px&#8221;]<div class=\"shortcode-wrapper shortcode-icon-box clearfix\"><div class=\"feature-box alternative left-icon-box aligncenter\"><div class=\"feature-box-content\"><h4 class=\"bold\">M\u00f4 t\u1ea3 c\u00f4ng vi\u1ec7c<\/h4><p>Vi\u00ean ch\u1ee9c nh\u1eadp c\u01b0 (ho\u1eb7c nh\u00e2n vi\u00ean th\u1ef1c thi nh\u1eadp c\u01b0) s\u1eed d\u1ee5ng ki\u1ebfn th\u1ee9c c\u1ee7a h\u1ecd v\u1ec1 lu\u1eadt ph\u00e1p \u0111\u1ec3 ki\u1ec3m tra xem nh\u1eefng ng\u01b0\u1eddi \u0111\u1ebfn \u0111\u1ea5t n\u01b0\u1edbc c\u00f3 \u0111\u01b0\u1ee3c ph\u00e9p nh\u1eadp c\u1ea3nh hay kh\u00f4ng. H\u1ecd c\u0169ng quy\u1ebft \u0111\u1ecbnh li\u1ec7u du kh\u00e1ch c\u00f3 \u0111\u01b0\u1ee3c quy\u1ec1n \u1edf l\u1ea1i hay kh\u00f4ng.<br \/>\nVi\u00ean ch\u1ee9c nh\u1eadp c\u01b0 c\u0169ng \u0111i\u1ec1u tra c\u00e1c tr\u01b0\u1eddng h\u1ee3p nh\u1eadp c\u01b0 b\u1ea5t h\u1ee3p ph\u00e1p ho\u1eb7c bu\u00f4n l\u1eadu. \u0110i\u1ec1u n\u00e0y c\u00f3 th\u1ec3 li\u00ean quan \u0111\u1ebfn vi\u1ec7c ph\u1ecfng v\u1ea5n c\u00e1c nh\u00e2n ch\u1ee9ng v\u00e0 nghi ph\u1ea1m, ki\u1ec3m tra b\u1eb1ng ch\u1ee9ng nh\u01b0 h\u1ed3 s\u01a1 t\u00e0i ch\u00ednh ho\u1eb7c h\u1ed3 s\u01a1 \u0111i\u1ec7n tho\u1ea1i v\u00e0 ti\u1ebfn h\u00e0nh c\u00e1c ho\u1ea1t \u0111\u1ed9ng gi\u00e1m s\u00e1t.<\/p><\/div><\/div><\/div>[vc_empty_space height=&#8221;30px&#8221;]<div class=\"shortcode-wrapper shortcode-icon-box clearfix\"><div class=\"feature-box alternative left-icon-box aligncenter\"><div class=\"feature-box-content\"><h4 class=\"bold\">Vai tr\u00f2 v\u00e0 tr\u00e1ch nhi\u1ec7m:<\/h4><p>\u2022 Duy tr\u00ec an ninh t\u1ea1i c\u00e1c tr\u1ea1m ki\u1ec3m so\u00e1t ho\u1eb7c c\u1ea3ng nh\u1eadp c\u1ea3nh \u0111\u1ec3 ng\u0103n ch\u1eb7n nh\u1eadp c\u1ea3nh b\u1ea5t h\u1ee3p ph\u00e1p v\u00e0o qu\u1ed1c gia<br \/>\n\u2022 Ph\u1ecfng v\u1ea5n c\u00e1c c\u00e1 nh\u00e2n \u0111ang xin th\u1ecb th\u1ef1c ho\u1eb7c c\u00e1c gi\u1ea5y t\u1edd nh\u1eadp c\u01b0 kh\u00e1c<br \/>\n\u2022 Thu th\u1eadp d\u1ea5u v\u00e2n tay, \u1ea3nh v\u00e0 d\u1eef li\u1ec7u sinh tr\u1eafc h\u1ecdc kh\u00e1c t\u1eeb ng\u01b0\u1eddi n\u1ed9p \u0111\u01a1n trong qu\u00e1 tr\u00ecnh n\u1ed9p \u0111\u01a1n<br \/>\n\u2022 Ph\u1ecfng v\u1ea5n nh\u1eefng ng\u01b0\u1eddi n\u1ed9p \u0111\u01a1n xin qu\u1ed1c t\u1ecbch \u0111\u1ec3 x\u00e1c \u0111\u1ecbnh xem h\u1ecd c\u00f3 \u0111\u00e1p \u1ee9ng c\u00e1c y\u00eau c\u1ea7u ph\u00e1p l\u00fd v\u1ec1 quy\u1ec1n c\u00f4ng d\u00e2n hay kh\u00f4ng<br \/>\n\u2022 \u0110i\u1ec1u tra l\u00fd l\u1ecbch c\u1ee7a ng\u01b0\u1eddi n\u1ed9p \u0111\u01a1n, bao g\u1ed3m ti\u1ebfn h\u00e0nh ph\u1ecfng v\u1ea5n c\u00e1c th\u00e0nh vi\u00ean gia \u0111\u00ecnh v\u00e0 ng\u01b0\u1eddi gi\u1edbi thi\u1ec7u, \u0111\u1ec3 x\u00e1c \u0111\u1ecbnh \u0111i\u1ec1u ki\u1ec7n xin th\u1ecb th\u1ef1c ho\u1eb7c \u0111\u01a1n xin qu\u1ed1c t\u1ecbch<br \/>\n\u2022 X\u00e1c minh danh t\u00ednh c\u1ee7a ng\u01b0\u1eddi n\u1ed9p \u0111\u01a1n b\u1eb1ng c\u00e1ch so s\u00e1nh v\u1edbi h\u1ed3 s\u01a1 c\u1ee7a ch\u00ednh ph\u1ee7, ch\u1eb3ng h\u1ea1n nh\u01b0 gi\u1ea5y khai sinh, h\u1ecdc b\u1ea1 ho\u1eb7c h\u1ed3 s\u01a1 t\u1ed9i ph\u1ea1m<br \/>\n\u2022 X\u1eed l\u00fd c\u00e1c \u0111\u01a1n xin th\u1ecb th\u1ef1c v\u00e0 \u0111\u01a1n y\u00eau c\u1ea7u, ch\u1eb3ng h\u1ea1n nh\u01b0 gi\u1ea5y ph\u00e9p lao \u0111\u1ed9ng ho\u1eb7c th\u1ebb xanh, \u0111\u1ec3 x\u00e1c \u0111\u1ecbnh xem ch\u00fang c\u00f3 n\u00ean \u0111\u01b0\u1ee3c c\u1ea5p hay kh\u00f4ng<br \/>\n\u2022 Ti\u1ebfn h\u00e0nh ki\u1ec3m tra t\u1ea1i c\u00e1c c\u1ea3ng nh\u1eadp c\u1ea3nh \u0111\u1ec3 \u0111\u1ea3m b\u1ea3o t\u1ea5t c\u1ea3 ng\u01b0\u1eddi nh\u1eadp c\u1ea3nh \u0111\u1ec1u c\u00f3 gi\u1ea5y t\u1edd h\u1ee3p l\u1ec7<br \/>\n\u2022 Ra th\u00f4ng b\u00e1o v\u1ec1 \u00fd \u0111\u1ecbnh ph\u1ea1t ti\u1ec1n ho\u1eb7c tr\u1ee5c xu\u1ea5t nh\u1eefng ng\u01b0\u1eddi kh\u00f4ng ph\u1ea3i l\u00e0 c\u00f4ng d\u00e2n vi ph\u1ea1m ph\u00e1p lu\u1eadt.<br \/>\nK\u0129 n\u0103ng thi\u1ebft y\u1ebfu:<br \/>\n\u2022 K\u1ef9 n\u0103ng giao ti\u1ebfp v\u00e0 giao ti\u1ebfp t\u1ed1t khi n\u00f3i chuy\u1ec7n v\u1edbi nh\u1eefng ng\u01b0\u1eddi c\u00f3 kh\u1ea3 n\u0103ng ti\u1ebfng Anh h\u1ea1n ch\u1ebf<br \/>\n\u2022 Kh\u1ea3 n\u0103ng l\u00e0m vi\u1ec7c d\u01b0\u1edbi \u00e1p l\u1ef1c<br \/>\n\u2022 C\u00f3 con m\u1eaft nh\u00ecn chi ti\u1ebft t\u1ed1t<br \/>\n\u2022 Kh\u1ea3 n\u0103ng l\u00e0m vi\u1ec7c theo nh\u00f3m.<br \/>\nTr\u00ecnh \u0111\u1ed9 chuy\u00ean m\u00f4n: C\u1eed nh\u00e2n qu\u1ed1c t\u1ebf h\u1ecdc.<\/p><\/div><\/div><\/div>[\/vc_column_inner][\/vc_row_inner][\/vc_column][\/vc_row]\n<\/div>","protected":false},"excerpt":{"rendered":"<p>[vc_row top_margin=&#8221;0&#8243; bottom_margin=&#8221;0&#8243; css=&#8221;.vc_custom_1499912039446{margin-top: -30px !important;}&#8221;][vc_column][vc_row_inner][vc_column_inner][vc_empty_space height=&#8221;10px&#8221;][vc_empty_space height=&#8221;30px&#8221;][\/vc_column_inner][\/vc_row_inner][\/vc_column][\/vc_row]<\/p>\n","protected":false},"author":4,"featured_media":0,"parent":0,"menu_order":0,"comment_status":"closed","ping_status":"closed","template":"","meta":{"nf_dc_page":"","footnotes":""},"class_list":["post-10647","page","type-page","status-publish","hentry"],"_links":{"self":[{"href":"https:\/\/worknow.vn\/vi\/wp-json\/wp\/v2\/pages\/10647","targetHints":{"allow":["GET"]}}],"collection":[{"href":"https:\/\/worknow.vn\/vi\/wp-json\/wp\/v2\/pages"}],"about":[{"href":"https:\/\/worknow.vn\/vi\/wp-json\/wp\/v2\/types\/page"}],"author":[{"embeddable":true,"href":"https:\/\/worknow.vn\/vi\/wp-json\/wp\/v2\/users\/4"}],"replies":[{"embeddable":true,"href":"https:\/\/worknow.vn\/vi\/wp-json\/wp\/v2\/comments?post=10647"}],"version-history":[{"count":2,"href":"https:\/\/worknow.vn\/vi\/wp-json\/wp\/v2\/pages\/10647\/revisions"}],"predecessor-version":[{"id":11829,"href":"https:\/\/worknow.vn\/vi\/wp-json\/wp\/v2\/pages\/10647\/revisions\/11829"}],"wp:attachment":[{"href":"https:\/\/worknow.vn\/vi\/wp-json\/wp\/v2\/media?parent=10647"}],"curies":[{"name":"wp","href":"https:\/\/api.w.org\/{rel}","templated":true}]}}