{"id":10649,"date":"2022-08-18T01:22:48","date_gmt":"2022-08-18T01:22:48","guid":{"rendered":"https:\/\/worknow.vn\/coroner\/"},"modified":"2023-05-31T08:40:34","modified_gmt":"2023-05-31T08:40:34","slug":"dieu-tra-vien","status":"publish","type":"page","link":"https:\/\/worknow.vn\/vi\/dieu-tra-vien\/","title":{"rendered":"\u0110i\u1ec1u tra vi\u00ean"},"content":{"rendered":"<div class=\"wpb-content-wrapper\">[vc_row top_margin=&#8221;0&#8243; bottom_margin=&#8221;0&#8243; css=&#8221;.vc_custom_1499912039446{margin-top: -30px !important;}&#8221;][vc_column]<div class=\"shortcode-wrapper shortcode-title clearfix hb-animate-element hb-fade-in\"><p style=\"color:#878787!important;border-color:#878787\" class=\"hb-text-large aligncenter\">\u0110i\u1ec1u Tra Vi\u00ean<\/p><\/div>[vc_row_inner][vc_column_inner][vc_empty_space height=&#8221;10px&#8221;]<div class=\"shortcode-wrapper shortcode-icon-box clearfix\"><div class=\"feature-box alternative left-icon-box aligncenter\"><div class=\"feature-box-content\"><h4 class=\"bold\">M\u00f4 t\u1ea3 c\u00f4ng vi\u1ec7c<\/h4><p>\u0110i\u1ec1u tra vi\u00ean l\u00e0 m\u1ed9t chuy\u00ean gia y t\u1ebf x\u00e1c nh\u1eadn, ch\u1ee9ng nh\u1eadn v\u00e0 x\u00e1c \u0111\u1ecbnh nguy\u00ean nh\u00e2n c\u00e1i ch\u1ebft c\u1ee7a nh\u1eefng ng\u01b0\u1eddi trong khu v\u1ef1c t\u00e0i ph\u00e1n c\u1ee7a h\u1ecd. Nh\u00e2n vi\u00ean \u0111i\u1ec1u tra \u0111i\u1ec1u tra nh\u1eefng c\u00e1i ch\u1ebft kh\u00f4ng r\u00f5 nguy\u00ean nh\u00e2n ho\u1eb7c kh\u00f4ng x\u00e1c \u0111\u1ecbnh \u0111\u01b0\u1ee3c danh t\u00ednh c\u1ee7a ng\u01b0\u1eddi \u0111\u00f3.<br \/>\nH\u1ecd c\u0169ng c\u00f3 th\u1ec3 ra l\u1ec7nh \u0111i\u1ec1u tra nguy\u00ean nh\u00e2n c\u00e1i ch\u1ebft n\u1ebfu nghi ng\u1edd c\u00f3 h\u00e0nh vi ch\u01a1i x\u1ea5u.<\/p><\/div><\/div><\/div>[vc_empty_space height=&#8221;30px&#8221;]<div class=\"shortcode-wrapper shortcode-icon-box clearfix\"><div class=\"feature-box alternative left-icon-box aligncenter\"><div class=\"feature-box-content\"><h4 class=\"bold\">Vai tr\u00f2 v\u00e0 tr\u00e1ch nhi\u1ec7m:<\/h4><p>\u2022 Ti\u1ebfn h\u00e0nh kh\u00e1m nghi\u1ec7m t\u1eed thi v\u00e0 ki\u1ec3m tra ph\u00e1p l\u00fd y t\u1ebf ho\u1eb7c gi\u00e1m s\u00e1t c\u00e1c gi\u00e1m \u0111\u1ecbnh vi\u00ean y t\u1ebf ch\u1ecbu tr\u00e1ch nhi\u1ec7m th\u1ef1c hi\u1ec7n c\u00e1c nhi\u1ec7m v\u1ee5 n\u00e0y.<br \/>\n\u2022 X\u00e1c \u0111\u1ecbnh nguy\u00ean nh\u00e2n, c\u00e1ch th\u1ee9c v\u00e0 th\u1eddi gian t\u1eed vong c\u1ee7a m\u1ed9t c\u00e1 nh\u00e2n \u0111\u00e3 ch\u1ebft.<br \/>\n\u2022 X\u00e1c \u0111\u1ecbnh danh t\u00ednh c\u1ee7a ng\u01b0\u1eddi ch\u1ebft.<br \/>\n\u2022 X\u00e1c nh\u1eadn tr\u01b0\u1eddng h\u1ee3p t\u1eed vong v\u00e0 ho\u00e0n th\u00e0nh gi\u1ea5y ch\u1ee9ng t\u1eed, bao g\u1ed3m nguy\u00ean nh\u00e2n v\u00e0 c\u00e1ch th\u1ee9c t\u1eed vong.<br \/>\n\u2022 Ghi l\u1ea1i v\u00e0 b\u1ea3o qu\u1ea3n b\u1ea5t k\u1ef3 \u0111\u1ed3 v\u1eadt ho\u1eb7c v\u1eadt d\u1ee5ng c\u00e1 nh\u00e2n n\u00e0o c\u00f3 th\u1ec3 li\u00ean quan \u0111\u1ebfn nguy\u00ean nh\u00e2n t\u1eed vong.<br \/>\n\u2022 Th\u00f4ng b\u00e1o cho ng\u01b0\u1eddi th\u00e2n.<br \/>\n\u2022 Di chuy\u1ec3n ho\u1eb7c gi\u00e1m s\u00e1t vi\u1ec7c di chuy\u1ec3n thi th\u1ec3 b\u1eb1ng thi\u1ebft b\u1ecb th\u00edch h\u1ee3p v\u00e0 s\u1eafp x\u1ebfp ph\u01b0\u01a1ng ti\u1ec7n v\u1eadn chuy\u1ec3n \u0111\u1ebfn nh\u00e0 x\u00e1c.<br \/>\n\u2022 L\u00e0m ch\u1ee9ng t\u1ea1i c\u00e1c cu\u1ed9c \u0111i\u1ec1u tra, \u0111i\u1ec1u tr\u1ea7n ho\u1eb7c x\u00e9t x\u1eed t\u1ea1i t\u00f2a \u00e1n theo y\u00eau c\u1ea7u.<br \/>\n\u2022 Ho\u00e0n th\u00e0nh v\u00e0 duy tr\u00ec c\u00e1c b\u00e1o c\u00e1o v\u00e0 gi\u1ea5y ch\u1ee9ng t\u1eed.<br \/>\n\u2022 Trao \u0111\u1ed5i v\u1edbi c\u00e1c quan ch\u1ee9c y t\u1ebf c\u00f4ng c\u1ed9ng, b\u00e1c s\u0129 v\u00e0 nh\u00e2n vi\u00ean th\u1ef1c thi ph\u00e1p lu\u1eadt.<br \/>\nK\u0129 n\u0103ng thi\u1ebft y\u1ebfu:<br \/>\n\u2022 Ki\u1ebfn th\u1ee9c v\u1ec1 lu\u1eadt ph\u00e1p \u0111\u1ecba ph\u01b0\u01a1ng v\u00e0 c\u00e1c quy \u0111\u1ecbnh ph\u00e1p l\u00fd<br \/>\n\u2022 Giao ti\u1ebfp t\u1ed1t v\u00e0 k\u1ef9 n\u0103ng giao ti\u1ebfp<br \/>\n\u2022 Chuy\u00ean m\u00f4n qu\u1ea3n tr\u1ecb v\u1eefng v\u00e0ng<br \/>\n\u2022 Chuy\u00ean m\u00f4n v\u1edbi m\u00e1y t\u00ednh<br \/>\n\u2022 Ph\u00e2n t\u00edch v\u00e0 \u0111\u1ecbnh h\u01b0\u1edbng chi ti\u1ebft<br \/>\ntr\u00ecnh \u0111\u1ed9:<br \/>\n\u2022 B\u1eb1ng c\u1eed nh\u00e2n lu\u1eadt, y khoa ho\u1eb7c l\u0129nh v\u1ef1c li\u00ean quan.<br \/>\n\u2022 L\u00e0 m\u1ed9t lu\u1eadt s\u01b0, c\u1ed1 v\u1ea5n ph\u00e1p l\u00fd ho\u1eb7c vi\u00ean ch\u1ee9c nh\u00e0 n\u01b0\u1edbc c\u00f3 tr\u00ecnh \u0111\u1ed9 (t\u00f9y thu\u1ed9c v\u00e0o ti\u1ec3u bang), ho\u1eb7c m\u1ed9t b\u00e1c s\u0129 y khoa \u0111\u01b0\u1ee3c c\u1ea5p ph\u00e9p.<br \/>\n\u2022 \u01afu ti\u00ean c\u00f3 kinh nghi\u1ec7m.<\/p><\/div><\/div><\/div>[\/vc_column_inner][\/vc_row_inner][\/vc_column][\/vc_row]\n<\/div>","protected":false},"excerpt":{"rendered":"<p>[vc_row top_margin=&#8221;0&#8243; bottom_margin=&#8221;0&#8243; css=&#8221;.vc_custom_1499912039446{margin-top: -30px !important;}&#8221;][vc_column][vc_row_inner][vc_column_inner][vc_empty_space height=&#8221;10px&#8221;][vc_empty_space height=&#8221;30px&#8221;][\/vc_column_inner][\/vc_row_inner][\/vc_column][\/vc_row]<\/p>\n","protected":false},"author":4,"featured_media":0,"parent":0,"menu_order":0,"comment_status":"closed","ping_status":"closed","template":"","meta":{"nf_dc_page":"","footnotes":""},"class_list":["post-10649","page","type-page","status-publish","hentry"],"_links":{"self":[{"href":"https:\/\/worknow.vn\/vi\/wp-json\/wp\/v2\/pages\/10649","targetHints":{"allow":["GET"]}}],"collection":[{"href":"https:\/\/worknow.vn\/vi\/wp-json\/wp\/v2\/pages"}],"about":[{"href":"https:\/\/worknow.vn\/vi\/wp-json\/wp\/v2\/types\/page"}],"author":[{"embeddable":true,"href":"https:\/\/worknow.vn\/vi\/wp-json\/wp\/v2\/users\/4"}],"replies":[{"embeddable":true,"href":"https:\/\/worknow.vn\/vi\/wp-json\/wp\/v2\/comments?post=10649"}],"version-history":[{"count":2,"href":"https:\/\/worknow.vn\/vi\/wp-json\/wp\/v2\/pages\/10649\/revisions"}],"predecessor-version":[{"id":11831,"href":"https:\/\/worknow.vn\/vi\/wp-json\/wp\/v2\/pages\/10649\/revisions\/11831"}],"wp:attachment":[{"href":"https:\/\/worknow.vn\/vi\/wp-json\/wp\/v2\/media?parent=10649"}],"curies":[{"name":"wp","href":"https:\/\/api.w.org\/{rel}","templated":true}]}}