{"id":10651,"date":"2022-08-18T01:23:40","date_gmt":"2022-08-18T01:23:40","guid":{"rendered":"https:\/\/worknow.vn\/licensed-conveyancer\/"},"modified":"2023-05-31T08:43:31","modified_gmt":"2023-05-31T08:43:31","slug":"nguoi-van-chuyen-duoc-cap-phep","status":"publish","type":"page","link":"https:\/\/worknow.vn\/vi\/nguoi-van-chuyen-duoc-cap-phep\/","title":{"rendered":"Ng\u01b0\u1eddi V\u1eadn Chuy\u1ec3n \u0110\u01b0\u1ee3c C\u1ea5p Ph\u00e9p"},"content":{"rendered":"<div class=\"wpb-content-wrapper\">[vc_row top_margin=&#8221;0&#8243; bottom_margin=&#8221;0&#8243; css=&#8221;.vc_custom_1499912039446{margin-top: -30px !important;}&#8221;][vc_column]<div class=\"shortcode-wrapper shortcode-title clearfix hb-animate-element hb-fade-in\"><p style=\"color:#878787!important;border-color:#878787\" class=\"hb-text-large aligncenter\">Ng\u01b0\u1eddi V\u1eadn Chuy\u1ec3n \u0110\u01b0\u1ee3c C\u1ea5p Ph\u00e9p<\/p><\/div>[vc_row_inner][vc_column_inner][vc_empty_space height=&#8221;10px&#8221;]<div class=\"shortcode-wrapper shortcode-icon-box clearfix\"><div class=\"feature-box alternative left-icon-box aligncenter\"><div class=\"feature-box-content\"><h4 class=\"bold\">M\u00f4 t\u1ea3 c\u00f4ng vi\u1ec7c <\/h4><p>Ng\u01b0\u1eddi v\u1eadn chuy\u1ec3n \u0111\u01b0\u1ee3c c\u1ea5p ph\u00e9p chuy\u00ean v\u1ec1 lu\u1eadt t\u00e0i s\u1ea3n v\u00e0 gi\u1ea3i quy\u1ebft c\u00e1c v\u1ea5n \u0111\u1ec1 ph\u00e1p l\u00fd xung quanh vi\u1ec7c mua v\u00e0 b\u00e1n t\u00e0i s\u1ea3n.<br \/>\nV\u1edbi t\u01b0 c\u00e1ch l\u00e0 ng\u01b0\u1eddi v\u1eadn chuy\u1ec3n \u0111\u01b0\u1ee3c c\u1ea5p ph\u00e9p, b\u1ea1n s\u1ebd t\u01b0 v\u1ea5n cho kh\u00e1ch h\u00e0ng v\u1ec1 t\u1ea5t c\u1ea3 c\u00e1c kh\u00eda c\u1ea1nh c\u1ee7a quy tr\u00ecnh mua ho\u1eb7c b\u00e1n, bao g\u1ed3m c\u00e1c v\u1ea5n \u0111\u1ec1 ph\u00e1p l\u00fd, t\u00e0i ch\u00ednh v\u00e0 h\u1ee3p \u0111\u1ed3ng. C\u00e1c ho\u1ea1t \u0111\u1ed9ng h\u00e0ng ng\u00e0y c\u1ee7a b\u1ea1n s\u1ebd li\u00ean quan \u0111\u1ebfn r\u1ea5t nhi\u1ec1u nghi\u00ean c\u1ee9u v\u00e0 so\u1ea1n th\u1ea3o t\u00e0i li\u1ec7u, c\u0169ng nh\u01b0 n\u00f3i chuy\u1ec7n v\u1edbi kh\u00e1ch h\u00e0ng v\u00e0 \u0111\u01b0a ra l\u1eddi khuy\u00ean ph\u00e1p l\u00fd. B\u1ea1n s\u1ebd c\u00f3 quy\u1ec1n t\u01b0\u01a1ng t\u1ef1 nh\u01b0 m\u1ed9t lu\u1eadt s\u01b0 \u0111\u1ec3 h\u00e0nh \u0111\u1ed9ng trong vi\u1ec7c chuy\u1ec3n giao c\u00e1c giao d\u1ecbch.<\/p><\/div><\/div><\/div>[vc_empty_space height=&#8221;30px&#8221;]<div class=\"shortcode-wrapper shortcode-icon-box clearfix\"><div class=\"feature-box alternative left-icon-box aligncenter\"><div class=\"feature-box-content\"><h4 class=\"bold\">Vai tr\u00f2 v\u00e0 tr\u00e1ch nhi\u1ec7m:<\/h4><p>\u2022 Giao ti\u1ebfp v\u1edbi kh\u00e1ch h\u00e0ng \u0111\u1ec3 nh\u1eadn h\u01b0\u1edbng d\u1eabn v\u00e0 t\u01b0 v\u1ea5n.<br \/>\n\u2022 Nghi\u00ean c\u1ee9u chi ti\u1ebft v\u1ec1 t\u00e0i s\u1ea3n \u0111\u01b0\u1ee3c mua ho\u1eb7c b\u00e1n, ch\u1eb3ng h\u1ea1n nh\u01b0 t\u00ecm ra ai l\u00e0 ch\u1ee7 s\u1edf h\u1eefu h\u1ee3p ph\u00e1p.<br \/>\n\u2022 So\u1ea1n th\u1ea3o c\u00e1c t\u00e0i li\u1ec7u ch\u00ednh th\u1ee9c, ch\u1eb3ng h\u1ea1n nh\u01b0 h\u1ee3p \u0111\u1ed3ng bao g\u1ed3m c\u00e1c chi ti\u1ebft v\u1ec1 vi\u1ec7c mua b\u00e1n.<br \/>\n\u2022 Thay m\u1eb7t kh\u00e1ch h\u00e0ng ki\u1ec3m tra h\u1ee3p \u0111\u1ed3ng.<br \/>\n\u2022 L\u00e0m vi\u1ec7c v\u1edbi c\u00e1c \u0111\u1ea1i l\u00fd b\u1ea5t \u0111\u1ed9ng s\u1ea3n v\u00e0 lu\u1eadt s\u01b0.<br \/>\n\u2022 L\u01b0u gi\u1eef h\u1ed3 s\u01a1 ch\u00ednh th\u1ee9c v\u1ec1 c\u00e1c kho\u1ea3n thanh to\u00e1n v\u00e0 h\u1ee3p \u0111\u1ed3ng.<br \/>\n\u2022 L\u00e0m vi\u1ec7c v\u1edbi c\u00e1c t\u00e0i li\u1ec7u \u0110\u0103ng k\u00fd \u0111\u1ea5t \u0111ai v\u00e0 ch\u1ee9ng th\u01b0 quy\u1ec1n s\u1edf h\u1eefu.<br \/>\n\u2022 Ti\u1ebfn h\u00e0nh ki\u1ec3m tra tr\u01b0\u1edbc khi so\u1ea1n th\u1ea3o h\u1ee3p \u0111\u1ed3ng \u0111\u1ec3 xem li\u1ec7u c\u00f3 b\u1ea5t k\u1ef3 v\u1ea5n \u0111\u1ec1 v\u1ec1 k\u1ebft c\u1ea5u n\u00e0o \u0111\u1ed1i v\u1edbi t\u00e0i s\u1ea3n hay kh\u00f4ng.<br \/>\n\u2022 X\u1eed l\u00fd vi\u1ec7c chuy\u1ec3n nh\u01b0\u1ee3ng v\u0103n b\u1ea3n th\u1ebf ch\u1ea5p.<br \/>\nK\u0129 n\u0103ng thi\u1ebft y\u1ebfu:<br \/>\n\u2022 K\u1ef9 n\u0103ng giao ti\u1ebfp b\u1eb1ng l\u1eddi n\u00f3i v\u00e0 \u0111i\u1ec7n tho\u1ea1i<br \/>\n\u2022 K\u1ef9 n\u0103ng l\u00e0m vi\u1ec7c nh\u00f3m<br \/>\n\u2022 Kh\u1ea3 n\u0103ng l\u00e0m vi\u1ec7c d\u01b0\u1edbi \u00e1p l\u1ef1c<br \/>\n\u2022 Kh\u1ea3 n\u0103ng \u0111\u00e1p \u1ee9ng th\u1eddi h\u1ea1n<br \/>\n\u2022 Cam k\u1ebft v\u00e0 quy\u1ebft t\u00e2m<br \/>\n\u2022 K\u1ef9 n\u0103ng nghi\u00ean c\u1ee9u<br \/>\n\u2022 S\u1ef1 ch\u00fa \u00fd \u0111\u1ebfn chi ti\u1ebft<br \/>\n\u2022 S\u1ef1 \u0111\u1ed9c l\u1eadp<br \/>\nTr\u00ecnh \u0111\u1ed9 chuy\u00ean m\u00f4n: B\u1eb1ng c\u1eed nh\u00e2n lu\u1eadt, y h\u1ecdc ho\u1eb7c l\u0129nh v\u1ef1c li\u00ean quan.<\/p><\/div><\/div><\/div>[\/vc_column_inner][\/vc_row_inner][\/vc_column][\/vc_row]\n<\/div>","protected":false},"excerpt":{"rendered":"<p>[vc_row top_margin=&#8221;0&#8243; bottom_margin=&#8221;0&#8243; css=&#8221;.vc_custom_1499912039446{margin-top: -30px !important;}&#8221;][vc_column][vc_row_inner][vc_column_inner][vc_empty_space height=&#8221;10px&#8221;][vc_empty_space height=&#8221;30px&#8221;][\/vc_column_inner][\/vc_row_inner][\/vc_column][\/vc_row]<\/p>\n","protected":false},"author":4,"featured_media":0,"parent":0,"menu_order":0,"comment_status":"closed","ping_status":"closed","template":"","meta":{"nf_dc_page":"","footnotes":""},"class_list":["post-10651","page","type-page","status-publish","hentry"],"_links":{"self":[{"href":"https:\/\/worknow.vn\/vi\/wp-json\/wp\/v2\/pages\/10651","targetHints":{"allow":["GET"]}}],"collection":[{"href":"https:\/\/worknow.vn\/vi\/wp-json\/wp\/v2\/pages"}],"about":[{"href":"https:\/\/worknow.vn\/vi\/wp-json\/wp\/v2\/types\/page"}],"author":[{"embeddable":true,"href":"https:\/\/worknow.vn\/vi\/wp-json\/wp\/v2\/users\/4"}],"replies":[{"embeddable":true,"href":"https:\/\/worknow.vn\/vi\/wp-json\/wp\/v2\/comments?post=10651"}],"version-history":[{"count":2,"href":"https:\/\/worknow.vn\/vi\/wp-json\/wp\/v2\/pages\/10651\/revisions"}],"predecessor-version":[{"id":11833,"href":"https:\/\/worknow.vn\/vi\/wp-json\/wp\/v2\/pages\/10651\/revisions\/11833"}],"wp:attachment":[{"href":"https:\/\/worknow.vn\/vi\/wp-json\/wp\/v2\/media?parent=10651"}],"curies":[{"name":"wp","href":"https:\/\/api.w.org\/{rel}","templated":true}]}}