{"id":10653,"date":"2022-08-18T01:24:21","date_gmt":"2022-08-18T01:24:21","guid":{"rendered":"https:\/\/worknow.vn\/court-reporter\/"},"modified":"2023-05-31T08:49:45","modified_gmt":"2023-05-31T08:49:45","slug":"phong-vien-toa-an","status":"publish","type":"page","link":"https:\/\/worknow.vn\/vi\/phong-vien-toa-an\/","title":{"rendered":"Ph\u00f3ng Vi\u00ean T\u00f2a \u00c1n"},"content":{"rendered":"<div class=\"wpb-content-wrapper\">[vc_row top_margin=&#8221;0&#8243; bottom_margin=&#8221;0&#8243; css=&#8221;.vc_custom_1499912039446{margin-top: -30px !important;}&#8221;][vc_column]<div class=\"shortcode-wrapper shortcode-title clearfix hb-animate-element hb-fade-in\"><p style=\"color:#878787!important;border-color:#878787\" class=\"hb-text-large aligncenter\">Ph\u00f3ng Vi\u00ean T\u00f2a \u00c1n<\/p><\/div>[vc_row_inner][vc_column_inner][vc_empty_space height=&#8221;10px&#8221;]<div class=\"shortcode-wrapper shortcode-icon-box clearfix\"><div class=\"feature-box alternative left-icon-box aligncenter\"><div class=\"feature-box-content\"><h4 class=\"bold\">M\u00f4 t\u1ea3 c\u00f4ng vi\u1ec7c<\/h4><p>C\u00e1c ph\u00f3ng vi\u00ean t\u00f2a \u00e1n \u2013 c\u00f2n \u0111\u01b0\u1ee3c g\u1ecdi l\u00e0 c\u00e1c ph\u00f3ng vi\u00ean t\u1ed1c k\u00fd \u2013 ch\u1ecbu tr\u00e1ch nhi\u1ec7m l\u01b0u gi\u1eef h\u1ed3 s\u01a1 b\u1eb1ng v\u0103n b\u1ea3n v\u1ec1 c\u00e1c th\u1ee7 t\u1ee5c ph\u00e1p l\u00fd, cho d\u00f9 \u1edf c\u01a1 quan ch\u00ednh ph\u1ee7, t\u00f2a \u00e1n hay t\u01b0 nh\u00e2n. T\u00e0i li\u1ec7u nguy\u00ean v\u0103n trong c\u00e1c th\u1ee7 t\u1ee5c t\u1ed1 t\u1ee5ng h\u00ecnh s\u1ef1, d\u00e2n s\u1ef1 v\u00e0 t\u00f2a \u00e1n kh\u00e1c y\u00eau c\u1ea7u c\u00e1c chuy\u00ean gia c\u00f3 k\u1ef9 n\u0103ng cao v\u00e0 \u0111\u01b0\u1ee3c \u0111\u00e0o t\u1ea1o v\u1ec1 b\u00e1o c\u00e1o t\u00f2a \u00e1n, th\u01b0\u1eddng li\u00ean quan \u0111\u1ebfn t\u1ed1c k\u00fd.<br \/>\nM\u1ed9t ph\u00f3ng vi\u00ean t\u00f2a \u00e1n t\u1ea1o ra c\u00e1c b\u1ea3n ghi ch\u00ednh th\u1ee9c b\u1eb1ng v\u0103n b\u1ea3n v\u1ec1 c\u00e1c th\u1ee7 t\u1ee5c ph\u00e1p l\u00fd, v\u00ed d\u1ee5, c\u00e1c phi\u00ean t\u00f2a, phi\u00ean \u0111i\u1ec1u tr\u1ea7n v\u00e0 c\u00e1c cu\u1ed9c h\u1ecdp l\u1eadp ph\u00e1p. C\u00f2n \u0111\u01b0\u1ee3c g\u1ecdi l\u00e0 ng\u01b0\u1eddi vi\u1ebft t\u1ed1c k\u00fd t\u00f2a \u00e1n, ng\u01b0\u1eddi \u0111\u00f3 cung c\u1ea5p b\u1ea3n ghi ch\u00ednh x\u00e1c, t\u1eebng ch\u1eef, \u0111\u1ea7y \u0111\u1ee7 v\u1ec1 nh\u1eefng s\u1ef1 ki\u1ec7n n\u00e0y \u0111\u1ec3 c\u00e1c b\u00ean quan t\u00e2m nh\u01b0 lu\u1eadt s\u01b0, th\u1ea9m ph\u00e1n, nguy\u00ean \u0111\u01a1n, b\u1ecb c\u00e1o v\u00e0 b\u1ed3i th\u1ea9m \u0111o\u00e0n c\u00f3 th\u1ec3 tham kh\u1ea3o khi c\u1ea7n.<br \/>\nM\u1ed9t s\u1ed1 ng\u01b0\u1eddi \u0111\u01b0\u1ee3c \u0111\u00e0o t\u1ea1o th\u00e0nh ph\u00f3ng vi\u00ean t\u00f2a \u00e1n kh\u00f4ng l\u00e0m vi\u1ec7c trong m\u00f4i tr\u01b0\u1eddng ph\u00e1p l\u00fd. H\u1ecd c\u00f3 th\u1ec3 ch\u00fa th\u00edch c\u00e1c ch\u01b0\u01a1ng tr\u00ecnh ph\u00e1t s\u00f3ng truy\u1ec1n h\u00ecnh tr\u1ef1c ti\u1ebfp ho\u1eb7c \u0111\u01b0\u1ee3c ghi l\u1ea1i v\u00e0 c\u00e1c s\u1ef1 ki\u1ec7n c\u00f4ng c\u1ed9ng d\u00e0nh cho nh\u1eefng ng\u01b0\u1eddi b\u1ecb \u0111i\u1ebfc ho\u1eb7c nghe k\u00e9m. Ng\u01b0\u1eddi th\u1ef1c hi\u1ec7n vi\u1ec7c n\u00e0y \u0111\u01b0\u1ee3c g\u1ecdi l\u00e0 ng\u01b0\u1eddi ph\u1ee5 \u0111\u1ec1 ph\u00e1t s\u00f3ng, ng\u01b0\u1eddi vi\u1ebft ph\u1ee5 \u0111\u1ec1, ng\u01b0\u1eddi bi\u00ean t\u1eadp ph\u1ee5 \u0111\u1ec1 chi ti\u1ebft ho\u1eb7c \u0111\u01a1n gi\u1ea3n l\u00e0 ng\u01b0\u1eddi ph\u1ee5 \u0111\u1ec1.<\/p><\/div><\/div><\/div>[vc_empty_space height=&#8221;30px&#8221;]<div class=\"shortcode-wrapper shortcode-icon-box clearfix\"><div class=\"feature-box alternative left-icon-box aligncenter\"><div class=\"feature-box-content\"><h4 class=\"bold\">Vai tr\u00f2 v\u00e0 tr\u00e1ch nhi\u1ec7m:<\/h4><p>\u2022 Tham d\u1ef1 c\u00e1c phi\u00ean \u0111i\u1ec1u tr\u1ea7n, l\u1eddi khai, th\u1ee7 t\u1ee5c t\u1ed1 t\u1ee5ng v\u00e0 c\u00e1c lo\u1ea1i s\u1ef1 ki\u1ec7n kh\u00e1c c\u1ea7n c\u00f3 b\u1ea3n ghi ch\u00e9p<br \/>\n\u2022 Ngo\u00e0i l\u1eddi n\u00f3i, h\u1ecd ph\u1ea3i b\u00e1o c\u00e1o nh\u1eadn d\u1ea1ng, h\u00e0nh \u0111\u1ed9ng v\u00e0 c\u1eed ch\u1ec9 c\u1ee7a ng\u01b0\u1eddi n\u00f3i<br \/>\n\u2022 S\u1eed d\u1ee5ng m\u00e1y vi\u1ebft t\u1ed1c k\u00fd chuy\u00ean d\u1ee5ng, micr\u00f4, thi\u1ebft b\u1ecb ghi \u00e2m, thi\u1ebft b\u1ecb \u00e2m thanh v\u00e0 video<br \/>\n\u2022 Ph\u00e1t l\u1ea1i ho\u1eb7c \u0111\u1ecdc l\u1ea1i b\u1ea5t k\u1ef3 ph\u1ea7n n\u00e0o c\u1ee7a th\u1ee7 t\u1ee5c t\u1ed1 t\u1ee5ng theo y\u00eau c\u1ea7u c\u1ee7a th\u1ea9m ph\u00e1n<br \/>\n\u2022 Y\u00eau c\u1ea7u ng\u01b0\u1eddi ph\u00e1t bi\u1ec3u l\u00e0m r\u00f5 b\u1ea5t k\u1ef3 l\u1eddi khai ho\u1eb7c tuy\u00ean b\u1ed1 n\u00e0o kh\u00f4ng r\u00f5 r\u00e0ng ho\u1eb7c kh\u00f4ng nghe \u0111\u01b0\u1ee3c<br \/>\n\u2022 Cung c\u1ea5p cho t\u00f2a \u00e1n, c\u1ed1 v\u1ea5n ph\u00e1p l\u00fd v\u00e0 c\u00e1c b\u00ean li\u00ean quan b\u1ea3n sao c\u00e1c b\u1ea3n ghi \u00e2m c\u1ee7a h\u1ecd<br \/>\n\u2022 Phi\u00ean \u00e2m l\u1eddi tho\u1ea1i c\u1ee7a phim ho\u1eb7c ch\u01b0\u01a1ng tr\u00ecnh truy\u1ec1n h\u00ecnh cho ng\u01b0\u1eddi khi\u1ebfm th\u00ednh ho\u1eb7c nghe k\u00e9m<br \/>\nK\u0129 n\u0103ng thi\u1ebft y\u1ebfu:<br \/>\n\u2022 K\u1ef9 n\u0103ng Nghe: \u0110\u1ec3 ghi l\u1ea1i nh\u1eefng g\u00ec di\u1ec5n ra trong qu\u00e1 tr\u00ecnh t\u1ed1 t\u1ee5ng, b\u1ea1n ph\u1ea3i c\u00f3 kh\u1ea3 n\u0103ng hi\u1ec3u m\u1ecdi th\u1ee9 b\u1ea1n nghe \u0111\u01b0\u1ee3c.<br \/>\n\u2022 K\u1ef9 n\u0103ng vi\u1ebft: Ph\u00f3ng vi\u00ean t\u00f2a \u00e1n ph\u1ea3i l\u00e0 ng\u01b0\u1eddi vi\u1ebft t\u1ed1t; b\u1ea1n s\u1ebd c\u1ea7n ph\u1ea3i c\u00f3 ki\u1ebfn th\u1ee9c s\u00e2u r\u1ed9ng v\u1ec1 ng\u1eef ph\u00e1p v\u00e0 v\u1ed1n t\u1eeb v\u1ef1ng xu\u1ea5t s\u1eafc.<br \/>\n\u2022 \u0110\u1ecdc hi\u1ec3u: B\u1ea1n ph\u1ea3i c\u00f3 kh\u1ea3 n\u0103ng hi\u1ec3u c\u00e1c t\u00e0i li\u1ec7u b\u1eb1ng v\u0103n b\u1ea3n<br \/>\n\u2022 T\u1eadp trung: Duy tr\u00ec s\u1ef1 t\u1eadp trung trong th\u1eddi gian d\u00e0i l\u00e0 \u0111i\u1ec1u c\u1ea7n thi\u1ebft.<br \/>\n\u2022 Ch\u00fa \u00fd \u0111\u1ebfn chi ti\u1ebft: \u0110\u1ed9 ch\u00ednh x\u00e1c l\u00e0 r\u1ea5t quan tr\u1ecdng; thi\u1ebfu c\u00e1i g\u00ec c\u0169ng c\u00f3 th\u1ec3 b\u1ea5t l\u1ee3i.<br \/>\nTr\u00ecnh \u0111\u1ed9 chuy\u00ean m\u00f4n: B\u1eb1ng c\u1ea5p ho\u1eb7c ch\u1ee9ng ch\u1ec9 sau trung h\u1ecdc sau khi ho\u00e0n th\u00e0nh kh\u00f3a h\u1ecdc.<\/p><\/div><\/div><\/div>[\/vc_column_inner][\/vc_row_inner][\/vc_column][\/vc_row]\n<\/div>","protected":false},"excerpt":{"rendered":"<p>[vc_row top_margin=&#8221;0&#8243; bottom_margin=&#8221;0&#8243; css=&#8221;.vc_custom_1499912039446{margin-top: -30px !important;}&#8221;][vc_column][vc_row_inner][vc_column_inner][vc_empty_space height=&#8221;10px&#8221;][vc_empty_space height=&#8221;30px&#8221;][\/vc_column_inner][\/vc_row_inner][\/vc_column][\/vc_row]<\/p>\n","protected":false},"author":4,"featured_media":0,"parent":0,"menu_order":0,"comment_status":"closed","ping_status":"closed","template":"","meta":{"nf_dc_page":"","footnotes":""},"class_list":["post-10653","page","type-page","status-publish","hentry"],"_links":{"self":[{"href":"https:\/\/worknow.vn\/vi\/wp-json\/wp\/v2\/pages\/10653","targetHints":{"allow":["GET"]}}],"collection":[{"href":"https:\/\/worknow.vn\/vi\/wp-json\/wp\/v2\/pages"}],"about":[{"href":"https:\/\/worknow.vn\/vi\/wp-json\/wp\/v2\/types\/page"}],"author":[{"embeddable":true,"href":"https:\/\/worknow.vn\/vi\/wp-json\/wp\/v2\/users\/4"}],"replies":[{"embeddable":true,"href":"https:\/\/worknow.vn\/vi\/wp-json\/wp\/v2\/comments?post=10653"}],"version-history":[{"count":2,"href":"https:\/\/worknow.vn\/vi\/wp-json\/wp\/v2\/pages\/10653\/revisions"}],"predecessor-version":[{"id":11836,"href":"https:\/\/worknow.vn\/vi\/wp-json\/wp\/v2\/pages\/10653\/revisions\/11836"}],"wp:attachment":[{"href":"https:\/\/worknow.vn\/vi\/wp-json\/wp\/v2\/media?parent=10653"}],"curies":[{"name":"wp","href":"https:\/\/api.w.org\/{rel}","templated":true}]}}