{"id":10655,"date":"2022-08-18T01:30:31","date_gmt":"2022-08-18T01:30:31","guid":{"rendered":"https:\/\/worknow.vn\/call-center-representative\/"},"modified":"2023-05-31T07:38:19","modified_gmt":"2023-05-31T07:38:19","slug":"dai-dien-trung-tam-cuoc-goi","status":"publish","type":"page","link":"https:\/\/worknow.vn\/vi\/dai-dien-trung-tam-cuoc-goi\/","title":{"rendered":"T\u1ed5ng \u0111\u00e0i vi\u00ean"},"content":{"rendered":"<div class=\"wpb-content-wrapper\">[vc_row top_margin=&#8221;0&#8243; bottom_margin=&#8221;0&#8243; css=&#8221;.vc_custom_1499912039446{margin-top: -30px !important;}&#8221;][vc_column]<div class=\"shortcode-wrapper shortcode-title clearfix hb-animate-element hb-fade-in\"><p style=\"color:#878787!important;border-color:#878787\" class=\"hb-text-large aligncenter\">T\u1ed5ng \u0111\u00e0i vi\u00ean<\/p><\/div>[vc_row_inner][vc_column_inner][vc_empty_space height=&#8221;10px&#8221;]<div class=\"shortcode-wrapper shortcode-icon-box clearfix\"><div class=\"feature-box alternative left-icon-box aligncenter\"><div class=\"feature-box-content\"><h4 class=\"bold\">M\u00f4 t\u1ea3 c\u00f4ng vi\u1ec7c<\/h4><p>Nh\u00e2n vi\u00ean CSKH nh\u1eadn cu\u1ed9c g\u1ecdi \u0111\u1ebfn v\u00e0 th\u1ef1c hi\u1ec7n cu\u1ed9c g\u1ecdi \u0111i v\u1edbi kh\u00e1ch h\u00e0ng. Nhi\u1ec7m v\u1ee5 bao g\u1ed3m tr\u1ea3 l\u1eddi c\u00e1c c\u00e2u h\u1ecfi v\u00e0 th\u1eafc m\u1eafc v\u1ec1 c\u00e1c s\u1ea3n ph\u1ea9m ho\u1eb7c d\u1ecbch v\u1ee5 m\u00e0 c\u00f4ng ty cung c\u1ea5p.<\/p>\n<p>Nh\u00e2n vi\u00ean d\u1ecbch v\u1ee5 c\u1ee7a CSKH ph\u1ea3i s\u1eed d\u1ee5ng ki\u1ebfn \u200b\u200bth\u1ee9c v\u1ec1 s\u1ea3n ph\u1ea9m, c\u00f4ng ty v\u00e0 lu\u1eadt ph\u00e1p \u0111\u1ec3 h\u1ed7 tr\u1ee3 kh\u00e1ch h\u00e0ng gi\u1ea3i \u0111\u00e1p c\u00e1c th\u1eafc m\u1eafc qua \u0111i\u1ec7n tho\u1ea1i ho\u1eb7c tr\u1ef1c tuy\u1ebfn. Nh\u00e2n vi\u00ean s\u1ebd giao ti\u1ebfp v\u1edbi kh\u00e1ch h\u00e0ng, n\u1eafm b\u1eaft th\u1eafc m\u1eafc c\u1ee7a h\u1ecd v\u00e0 \u0111\u01b0a ra gi\u1ea3i ph\u00e1p t\u1ed1t nh\u1ea5t c\u00f3 th\u1ec3.<\/p>\n<p>Nh\u00e2n vi\u00ean CSKH s\u1ebd x\u1eed l\u00fd c\u00e1c cu\u1ed9c g\u1ecdi t\u1eeb kh\u00e1ch h\u00e0ng v\u00e0 h\u1ed7 tr\u1ee3 b\u1eb1ng m\u1ecdi c\u00e1ch c\u00f3 th\u1ec3. L\u00e0m vi\u1ec7c trong m\u1ed9t m\u00f4i tr\u01b0\u1eddng c\u00f3 deadline v\u00e0 \u0111\u1ea3m b\u1ea3o r\u1eb1ng d\u1ecbch v\u1ee5 kh\u00e1ch h\u00e0ng \u0111\u01b0\u1ee3c cung c\u1ea5p v\u1edbi ch\u1ea5t l\u01b0\u1ee3ng t\u1ed1t nh\u1ea5t. C\u00f3 tr\u00e1ch nhi\u1ec7m \u0111\u00e1p \u1ee9ng c\u00e1c m\u1ee5c ti\u00eau c\u00e1 nh\u00e2n n\u00f3i ri\u00eang v\u00e0 m\u1ee5c ti\u00eau nh\u00f3m n\u00f3i chung c\u0169ng nh\u01b0 s\u1ef1 h\u00e0i l\u00f2ng c\u1ee7a kh\u00e1ch h\u00e0ng.<\/p>\n<p><strong>Vai tr\u00f2 v\u00e0 tr\u00e1ch nhi\u1ec7m:<\/strong><\/p>\n<ul>\n<li>Qu\u1ea3n l\u00fd s\u1ed1 l\u01b0\u1ee3ng l\u1edbn c\u00e1c cu\u1ed9c g\u1ecdi \u0111\u1ebfn v\u00e0 \u0111i m\u1ed9t c\u00e1ch k\u1ecbp th\u1eddi.<\/li>\n<li>Tu\u00e2n theo c\u00e1c \u201ck\u1ecbch b\u1ea3n\u201d giao ti\u1ebfp khi x\u1eed l\u00fd c\u00e1c ch\u1ee7 \u0111\u1ec1 kh\u00e1c nhau.<\/li>\n<li>X\u00e1c \u0111\u1ecbnh nhu c\u1ea7u c\u1ee7a kh\u00e1ch h\u00e0ng, l\u00e0m r\u00f5 th\u00f4ng tin, nghi\u00ean c\u1ee9u m\u1ecdi v\u1ea5n \u0111\u1ec1, cung c\u1ea5p gi\u1ea3i ph\u00e1p v\u00e0 \/ ho\u1eb7c l\u1ef1a ch\u1ecdn thay th\u1ebf.<\/li>\n<li>N\u1eafm b\u1eaft c\u01a1 h\u1ed9i \u0111\u1ec3 b\u00e1n th\u00eam s\u1ea3n ph\u1ea9m khi c\u00f3 s\u1ef1 ph\u00e1t sinh.<\/li>\n<li>X\u00e2y d\u1ef1ng m\u1ed1i quan h\u1ec7 b\u1ec1n v\u1eefng v\u00e0 thu h\u00fat kh\u00e1ch h\u00e0ng b\u1eb1ng c\u00e1ch t\u1ea1o s\u1ef1 th\u00e2n thi\u1ebft.<\/li>\n<li>L\u01b0u gi\u1eef c\u00e1c b\u1ea3n ghi c\u1ee7a t\u1ea5t c\u1ea3 c\u00e1c cu\u1ed9c h\u1ed9i tho\u1ea1i v\u00e0o trong c\u01a1 s\u1edf d\u1eef li\u1ec7u trung t\u00e2m cu\u1ed9c g\u1ecdi c\u1ee7a ch\u00fang t\u00f4i m\u1ed9t c\u00e1ch d\u1ec5 hi\u1ec3u.<\/li>\n<li>Th\u01b0\u1eddng xuy\u00ean tham gia c\u00e1c h\u1ed9i th\u1ea3o gi\u00e1o d\u1ee5c \u0111\u1ec3 n\u00e2ng cao ki\u1ebfn \u200b\u200bth\u1ee9c v\u00e0 tr\u00ecnh \u0111\u1ed9 ho\u1ea1t \u0111\u1ed9ng.<\/li>\n<li>\u0110\u1ea1t \u0111\u01b0\u1ee3c c\u00e1c m\u1ee5c ti\u00eau v\u1ec1 ch\u1ea5t l\u01b0\u1ee3ng v\u00e0 s\u1ed1 l\u01b0\u1ee3ng c\u1ee7a c\u00e1 nh\u00e2n \/ nh\u00f3m.<\/li>\n<\/ul>\n<\/p><\/div><\/div><\/div>[vc_empty_space height=&#8221;30px&#8221;]<div class=\"shortcode-wrapper shortcode-icon-box clearfix\"><div class=\"feature-box alternative left-icon-box aligncenter\"><div class=\"feature-box-content\"><h4 class=\"bold\">K\u0129 n\u0103ng thi\u1ebft y\u1ebfu<\/h4><p>\n<ul>\n<li>C\u00f3 c\u00e1c k\u1ef9 n\u0103ng v\u1ec1 c\u00e1c \u1ee9ng d\u1ee5ng m\u00e1y t\u00ednh.<\/li>\n<li>C\u00f3 kh\u1ea3 n\u0103ng ph\u1ea3n \u1ee9ng hi\u1ec7u qu\u1ea3 v\u00e0 gi\u1eef b\u00ecnh t\u0129nh trong c\u00e1c tr\u01b0\u1eddng h\u1ee3p kh\u1ea9n c\u1ea5p.<\/li>\n<li>Duy tr\u00ec t\u00ednh b\u1ea3o m\u1eadt c\u1ee7a kh\u00e1ch h\u00e0ng.<\/li>\n<li>C\u00f3 kinh nghi\u1ec7m giao d\u1ecbch \u0111\u1ed1i v\u1edbi c\u00f4ng ch\u00fang.<\/li>\n<li>K\u1ef9 n\u0103ng giao ti\u1ebfp t\u1ed1t, gi\u1ecdng n\u00f3i r\u00f5, d\u1ec5 nghe, phong c\u00e1ch chuy\u00ean nghi\u1ec7p.<\/li>\n<li>C\u00f3 kh\u1ea3 n\u0103ng l\u00e0m vi\u1ec7c v\u1edbi nhi\u1ec1u ng\u01b0\u1eddi m\u1ed9t c\u00e1ch hi\u1ec7u qu\u1ea3.<\/li>\n<li>K\u1ef9 n\u0103ng s\u1eed d\u1ee5ng m\u00e1y t\u00ednh t\u1ed1t.<\/li>\n<li>K\u1ef9 n\u0103ng \u0111a t\u00e1c v\u1ee5 t\u1ed1t.<\/li>\n<\/ul>\n<p><strong>Tr\u00ecnh \u0111\u1ed9:<\/strong> T\u1ed1t nghi\u1ec7p THPT ho\u1eb7c t\u01b0\u01a1ng \u0111\u01b0\u01a1ng.<\/p><\/div><\/div><\/div>[\/vc_column_inner][\/vc_row_inner][\/vc_column][\/vc_row]\n<\/div>","protected":false},"excerpt":{"rendered":"<p>[vc_row top_margin=&#8221;0&#8243; bottom_margin=&#8221;0&#8243; css=&#8221;.vc_custom_1499912039446{margin-top: -30px !important;}&#8221;][vc_column][vc_row_inner][vc_column_inner][vc_empty_space height=&#8221;10px&#8221;][vc_empty_space height=&#8221;30px&#8221;][\/vc_column_inner][\/vc_row_inner][\/vc_column][\/vc_row]<\/p>\n","protected":false},"author":4,"featured_media":0,"parent":0,"menu_order":0,"comment_status":"closed","ping_status":"closed","template":"","meta":{"nf_dc_page":"","footnotes":""},"class_list":["post-10655","page","type-page","status-publish","hentry"],"_links":{"self":[{"href":"https:\/\/worknow.vn\/vi\/wp-json\/wp\/v2\/pages\/10655","targetHints":{"allow":["GET"]}}],"collection":[{"href":"https:\/\/worknow.vn\/vi\/wp-json\/wp\/v2\/pages"}],"about":[{"href":"https:\/\/worknow.vn\/vi\/wp-json\/wp\/v2\/types\/page"}],"author":[{"embeddable":true,"href":"https:\/\/worknow.vn\/vi\/wp-json\/wp\/v2\/users\/4"}],"replies":[{"embeddable":true,"href":"https:\/\/worknow.vn\/vi\/wp-json\/wp\/v2\/comments?post=10655"}],"version-history":[{"count":5,"href":"https:\/\/worknow.vn\/vi\/wp-json\/wp\/v2\/pages\/10655\/revisions"}],"predecessor-version":[{"id":11790,"href":"https:\/\/worknow.vn\/vi\/wp-json\/wp\/v2\/pages\/10655\/revisions\/11790"}],"wp:attachment":[{"href":"https:\/\/worknow.vn\/vi\/wp-json\/wp\/v2\/media?parent=10655"}],"curies":[{"name":"wp","href":"https:\/\/api.w.org\/{rel}","templated":true}]}}