{"id":10667,"date":"2022-08-18T01:40:40","date_gmt":"2022-08-18T01:40:40","guid":{"rendered":"https:\/\/worknow.vn\/telephone-sales-representative\/"},"modified":"2023-05-31T07:19:46","modified_gmt":"2023-05-31T07:19:46","slug":"dai-dien-ban-hang-qua-dien-thoai","status":"publish","type":"page","link":"https:\/\/worknow.vn\/vi\/dai-dien-ban-hang-qua-dien-thoai\/","title":{"rendered":"\u0110\u1ea1i Di\u1ec7n B\u00e1n H\u00e0ng Qua \u0110i\u1ec7n Tho\u1ea1i"},"content":{"rendered":"<div class=\"wpb-content-wrapper\">[vc_row top_margin=&#8221;0&#8243; bottom_margin=&#8221;0&#8243; css=&#8221;.vc_custom_1499912039446{margin-top: -30px !important;}&#8221;][vc_column]<div class=\"shortcode-wrapper shortcode-title clearfix hb-animate-element hb-fade-in\"><p style=\"color:#878787!important;border-color:#878787\" class=\"hb-text-large aligncenter\">Nh\u00e2n Vi\u00ean Telesale<\/p><\/div>[vc_row_inner][vc_column_inner][vc_empty_space height=&#8221;10px&#8221;]<div class=\"shortcode-wrapper shortcode-icon-box clearfix\"><div class=\"feature-box alternative left-icon-box aligncenter\"><div class=\"feature-box-content\"><h4 class=\"bold\">M\u00f4 t\u1ea3 c\u00f4ng vi\u1ec7c<\/h4><p>Nh\u00e2n vi\u00ean telesale tr\u1ea3 l\u1eddi c\u00e1c cu\u1ed9c g\u1ecdi \u0111\u1ebfn \u0111\u1ec3 b\u00e1n c\u00e1c s\u1ea3n ph\u1ea9m v\u00e0 d\u1ecbch v\u1ee5 cho kh\u00e1ch h\u00e0ng ti\u1ec1m n\u0103ng. Tr\u1ea3 l\u1eddi c\u00e1c c\u00e2u h\u1ecfi theo k\u1ecbch b\u1ea3n v\u00e0 gi\u1ea3i quy\u1ebft c\u00e1c m\u1ed1i quan t\u00e2m c\u1ee7a kh\u00e1ch h\u00e0ng tuy nhi\u00ean c\u1ea7n \u1ee9ng bi\u1ebfn j m\u1ed1i quan h\u1ec7 v\u1edbi kh\u00e1ch h\u00e0ng.<\/p>\n<p><strong>Vai tr\u00f2 v\u00e0 tr\u00e1ch nhi\u1ec7m:<\/strong><\/p>\n<ul>\n<li>H\u1ed7 tr\u1ee3 kh\u00e1ch h\u00e0ng mua d\u1ecbch v\u1ee5 v\u00e0 s\u1ea3n ph\u1ea9m b\u1eb1ng k\u1ecbch b\u1ea3n \u0111\u00e3 chu\u1ea9n b\u1ecb s\u1eb5n.<\/li>\n<li>T\u01b0 v\u1ea5n cho kh\u00e1ch h\u00e0ng ti\u1ec1m n\u0103ng v\u00e0 kh\u00e1ch h\u00e0ng hi\u1ec7n t\u1ea1i b\u1eb1ng c\u00e1ch tr\u1ea3 l\u1eddi c\u00e1c c\u00e2u h\u1ecfi v\u00e0 gi\u1ea3i quy\u1ebft c\u00e1c m\u1ed1i quan t\u00e2m v\u1ec1 s\u1ea3n ph\u1ea9m \u0111\u00e3 mua.<\/li>\n<li>C\u1eadp nh\u1eadt c\u01a1 s\u1edf d\u1eef li\u1ec7u v\u1edbi th\u00f4ng tin m\u1edbi m\u1ed7i khi kh\u00e1ch h\u00e0ng g\u1ecdi \u0111\u1ebfn, v\u00e0 sao l\u01b0u d\u1eef li\u1ec7u th\u01b0\u1eddng xuy\u00ean \u0111\u1ec3 b\u1ea3o v\u1ec7 th\u00f4ng tin c\u1ee7a kh\u00e1ch h\u00e0ng.<\/li>\n<li>Ho\u00e0n th\u00e0nh c\u00e1c form v\u00e0 note \u0111\u1ec3 t\u1ea1o ra c\u00e1c t\u1ec7p ch\u00ednh x\u00e1c, chi ti\u1ebft cho t\u1eebng kh\u00e1ch h\u00e0ng, cung c\u1ea5p th\u00f4ng tin c\u1ee5 th\u1ec3 v\u1ec1 nh\u1eefng y\u00eau c\u1ea7u c\u1ee7a kh\u00e1ch h\u00e0ng.<\/li>\n<li>\u0110\u1ea3m b\u1ea3o c\u00e1c ti\u00eau chu\u1ea9n c\u1ee7a t\u1ed5 ch\u1ee9c \u0111\u1ec3 duy tr\u00ec ch\u1ea5t l\u01b0\u1ee3ng d\u1ecbch v\u1ee5 v\u00e0 kh\u00e1ch h\u00e0ng lu\u00f4n nh\u1eadn \u0111\u01b0\u1ee3c d\u1ecbch v\u1ee5 \u0111\u1eb7c bi\u1ec7t.<\/li>\n<li>C\u00f3 tinh th\u1ea7n l\u00e0m vi\u1ec7c nh\u00f3m.<\/li>\n<\/ul>\n<\/p><\/div><\/div><\/div>[vc_empty_space height=&#8221;30px&#8221;]<div class=\"shortcode-wrapper shortcode-icon-box clearfix\"><div class=\"feature-box alternative left-icon-box aligncenter\"><div class=\"feature-box-content\"><h4 class=\"bold\">K\u0129 n\u0103ng thi\u1ebft y\u1ebfu<\/h4><p>\n<ul>\n<li>Ti\u1ebfng anh giao ti\u1ebfp t\u1ed1t.<\/li>\n<li>K\u1ef9 n\u0103ng giao ti\u1ebfp t\u1ed1t, gi\u1ecdng n\u00f3i d\u1ec5 nghe, phong c\u00e1ch chuy\u00ean nghi\u1ec7p.<\/li>\n<li>Tinh th\u1ea7n v\u1eefng v\u00e0 c\u00f3 kh\u1ea3 n\u0103ng x\u1eed l\u00fd s\u1ef1 t\u1eeb ch\u1ed1i.<\/li>\n<li>K\u1ef9 n\u0103ng \u0111\u00e0m ph\u00e1n, kh\u1ea3 n\u0103ng gi\u1ea3i quy\u1ebft v\u1ea5n \u0111\u1ec1 v\u00e0 khi\u1ebfu n\u1ea1i.<\/li>\n<\/ul>\n<p><strong>Tr\u00ecnh \u0111\u1ed9:<\/strong> T\u1ed1t nghi\u1ec7p THPT ho\u1eb7c t\u01b0\u01a1ng \u0111\u01b0\u01a1ng; BSc \/ BA s\u1ebd l\u00e0 m\u1ed9t \u0111i\u1ec3m c\u1ed9ng.<\/p><\/div><\/div><\/div>[\/vc_column_inner][\/vc_row_inner][\/vc_column][\/vc_row]\n<\/div>","protected":false},"excerpt":{"rendered":"<p>[vc_row top_margin=&#8221;0&#8243; bottom_margin=&#8221;0&#8243; css=&#8221;.vc_custom_1499912039446{margin-top: -30px !important;}&#8221;][vc_column][vc_row_inner][vc_column_inner][vc_empty_space height=&#8221;10px&#8221;][vc_empty_space height=&#8221;30px&#8221;][\/vc_column_inner][\/vc_row_inner][\/vc_column][\/vc_row]<\/p>\n","protected":false},"author":4,"featured_media":0,"parent":0,"menu_order":0,"comment_status":"closed","ping_status":"closed","template":"","meta":{"nf_dc_page":"","footnotes":""},"class_list":["post-10667","page","type-page","status-publish","hentry"],"_links":{"self":[{"href":"https:\/\/worknow.vn\/vi\/wp-json\/wp\/v2\/pages\/10667","targetHints":{"allow":["GET"]}}],"collection":[{"href":"https:\/\/worknow.vn\/vi\/wp-json\/wp\/v2\/pages"}],"about":[{"href":"https:\/\/worknow.vn\/vi\/wp-json\/wp\/v2\/types\/page"}],"author":[{"embeddable":true,"href":"https:\/\/worknow.vn\/vi\/wp-json\/wp\/v2\/users\/4"}],"replies":[{"embeddable":true,"href":"https:\/\/worknow.vn\/vi\/wp-json\/wp\/v2\/comments?post=10667"}],"version-history":[{"count":4,"href":"https:\/\/worknow.vn\/vi\/wp-json\/wp\/v2\/pages\/10667\/revisions"}],"predecessor-version":[{"id":11776,"href":"https:\/\/worknow.vn\/vi\/wp-json\/wp\/v2\/pages\/10667\/revisions\/11776"}],"wp:attachment":[{"href":"https:\/\/worknow.vn\/vi\/wp-json\/wp\/v2\/media?parent=10667"}],"curies":[{"name":"wp","href":"https:\/\/api.w.org\/{rel}","templated":true}]}}