{"id":10669,"date":"2022-08-18T01:44:17","date_gmt":"2022-08-18T01:44:17","guid":{"rendered":"https:\/\/worknow.vn\/call-center-recruiter\/"},"modified":"2023-05-31T07:39:49","modified_gmt":"2023-05-31T07:39:49","slug":"tong-dai-tuyen-dung","status":"publish","type":"page","link":"https:\/\/worknow.vn\/vi\/tong-dai-tuyen-dung\/","title":{"rendered":"T\u1ed5ng \u0110\u00e0i Tuy\u1ec3n D\u1ee5ng"},"content":{"rendered":"<div class=\"wpb-content-wrapper\">[vc_row top_margin=&#8221;0&#8243; bottom_margin=&#8221;0&#8243; css=&#8221;.vc_custom_1499912039446{margin-top: -30px !important;}&#8221;][vc_column]<div class=\"shortcode-wrapper shortcode-title clearfix hb-animate-element hb-fade-in\"><p style=\"color:#878787!important;border-color:#878787\" class=\"hb-text-large aligncenter\">Chuy\u00ean Vi\u00ean Tuy\u1ec3n D\u1ee5ng CSKH<\/p><\/div>[vc_row_inner][vc_column_inner][vc_empty_space height=&#8221;10px&#8221;]<div class=\"shortcode-wrapper shortcode-icon-box clearfix\"><div class=\"feature-box alternative left-icon-box aligncenter\"><div class=\"feature-box-content\"><h4 class=\"bold\">M\u00f4 t\u1ea3 c\u00f4ng vi\u1ec7c<\/h4><p>Nh\u00e0 tuy\u1ec3n d\u1ee5ng t\u1ea1i CSKH c\u00f3 nhi\u1ec7m v\u1ee5 \u0111\u1ea3m b\u1ea3o nh\u00e2n vi\u00ean cho c\u00e1c v\u1ecb tr\u00ed t\u1ea1i trung t\u00e2m CSKH\u00a0 v\u00e0 \u0111\u1eb7c bi\u1ec7t l\u00e0 c\u00e1c v\u0103n ph\u00f2ng x\u1eed l\u00fd m\u1ed9t l\u01b0\u1ee3ng l\u1edbn c\u00e1c cu\u1ed9c g\u1ecdi \u0111\u1ebfn ho\u1eb7c \u0111i.<\/p>\n<p>D\u00e0nh nhi\u1ec1u th\u1eddi gian t\u00ecm ki\u1ebfm nh\u1eefng \u1ee9ng vi\u00ean ph\u00f9 h\u1ee3p cho c\u00f4ng vi\u1ec7c bao g\u1ed3m c\u1ea3 vi\u1ec7c \u0111\u0103ng b\u00e0i tr\u00ean c\u00e1c trang web, m\u1ea1ng x\u00e3 h\u1ed9i \u0111\u1ec3 t\u00ecm ki\u1ebfm \u1ee9ng vi\u00ean.<\/p>\n<p><strong>Vai tr\u00f2 v\u00e0 tr\u00e1ch nhi\u1ec7m:<\/strong><\/p>\n<ul>\n<li>C\u00f3 s\u1ef1 hi\u1ec3u bi\u1ebft v\u1ec1 l\u0129nh v\u1ef1c th\u1ecb tr\u01b0\u1eddng v\u00e0 ph\u00e1t tri\u1ec3n c\u00e1c chi\u1ebfn l\u01b0\u1ee3c tuy\u1ec3n d\u1ee5ng \u0111\u1ed5i m\u1edbi v\u00e0 s\u00e1ng t\u1ea1o \u0111\u1ec3 thu h\u00fat nh\u00e2n t\u00e0i tuy\u1ebfn \u0111\u1ea7u trong khu v\u1ef1c.<\/li>\n<li>S\u1eed d\u1ee5ng nhi\u1ec1u ph\u01b0\u01a1ng ph\u00e1p t\u00ecm ngu\u1ed3n cung \u1ee9ng \u0111\u1ec3 t\u1ea1o ra m\u1ed9t nh\u00f3m \u1ee9ng vi\u00ean cho nhu c\u1ea7u tuy\u1ec3n d\u1ee5ng cao.<\/li>\n<li>\u0110\u1ea3m b\u1ea3o ngu\u1ed3n \u1ee9ng vi\u00ean li\u00ean t\u1ee5c v\u00e0 duy tr\u00ec c\u01a1 s\u1edf d\u1eef li\u1ec7u ho\u1ea1t \u0111\u1ed9ng cho c\u00e1c v\u1ecb tr\u00ed hi\u1ec7n t\u1ea1i v\u00e0 t\u01b0\u01a1ng lai.<\/li>\n<li>Ch\u1ec9 \u0111\u1ea1o t\u1ea5t c\u1ea3 c\u00e1c giai \u0111o\u1ea1n c\u1ee7a quy tr\u00ecnh tuy\u1ec3n d\u1ee5ng, bao g\u1ed3m \u0111\u0103ng v\u00e0 qu\u1ea3n l\u00fd c\u00e1c c\u01a1 h\u1ed9i vi\u1ec7c l\u00e0m, s\u00e0ng l\u1ecdc \u0111\u01a1n \u0111\u0103ng k\u00fd v\u00e0 th\u1ef1c hi\u1ec7n c\u00e1c cu\u1ed9c ph\u1ecfng v\u1ea5n.<\/li>\n<li>\u0110\u00e1nh gi\u00e1 ki\u1ebfn th\u1ee9c, k\u1ef9 n\u0103ng, k\u1ef9 n\u0103ng m\u1ec1m, kinh nghi\u1ec7m c\u1ee7a \u1ee9ng vi\u00ean.<\/li>\n<li>\u0110\u1ea3m b\u1ea3o \u0111\u00e1p \u1ee9ng c\u00e1c ch\u1ec9 ti\u00eau tuy\u1ec3n d\u1ee5ng theo y\u00eau c\u1ea7u c\u1ee7a ch\u01b0\u01a1ng tr\u00ecnh.<\/li>\n<li>Cung c\u1ea5p vi\u1ec7c tuy\u1ec3n d\u1ee5ng c\u00f3 ph\u00e2n t\u00edch v\u00e0 \u0111\u01b0\u1ee3c ghi ch\u00e9p \u0111\u1ea7y \u0111\u1ee7.<\/li>\n<li>Li\u00ean t\u1ee5c theo d\u00f5i v\u00e0 \u00e1p d\u1ee5ng c\u00e1c ph\u01b0\u01a1ng ph\u00e1p tuy\u1ec3n d\u1ee5ng ph\u00f9 h\u1ee3p v\u00e0 \u0111\u01b0a ra c\u00e1c khuy\u1ebfn ngh\u1ecb \u0111\u1ec3 c\u1ea3i thi\u1ec7n c\u00e1c quy tr\u00ecnh v\u00e0 chi\u1ebfn l\u01b0\u1ee3c tuy\u1ec3n d\u1ee5ng.<\/li>\n<li>\u0110\u00f3ng g\u00f3p v\u00e0o c\u00e1c d\u1ef1 \u00e1n c\u1ee7a nh\u00f3m v\u00e0 c\u00f4ng ty nh\u1eb1m c\u1ea3i thi\u1ec7n c\u00e1c quy tr\u00ecnh v\u00e0 th\u1ee7 t\u1ee5c.<\/li>\n<li>C\u00e1c nhi\u1ec7m v\u1ee5 kh\u00e1c theo y\u00eau c\u1ea7u ho\u1eb7c ph\u00e2n c\u00f4ng.<\/li>\n<\/ul>\n<\/p><\/div><\/div><\/div>[vc_empty_space height=&#8221;30px&#8221;]<div class=\"shortcode-wrapper shortcode-icon-box clearfix\"><div class=\"feature-box alternative left-icon-box aligncenter\"><div class=\"feature-box-content\"><h4 class=\"bold\">K\u0129 n\u0103ng thi\u1ebft y\u1ebfu<\/h4><p>\n<ul>\n<li>K\u1ef9 n\u0103ng giao ti\u1ebfp b\u1eb1ng v\u0103n b\u1ea3n v\u00e0 b\u1eb1ng l\u1eddi n\u00f3i t\u1ed1t.<\/li>\n<li>Kh\u1ea3 n\u0103ng l\u00e0m vi\u1ec7c \u0111\u1ed9c l\u1eadp v\u00e0 l\u00e0m vi\u1ec7c theo nh\u00f3m.<\/li>\n<li>Kh\u1ea3 n\u0103ng s\u1eafp x\u1ebfp th\u1ee9 t\u1ef1 \u01b0u ti\u00ean nhi\u1ec7m v\u1ee5 v\u00e0 k\u1ef9 n\u0103ng qu\u1ea3n l\u00fd th\u1eddi gian t\u1ed1t theo deadline c\u00f4ng vi\u1ec7c.<\/li>\n<li>Kh\u1ea3 n\u0103ng th\u1ec3 hi\u1ec7n kh\u1ea3 n\u0103ng ph\u00e1n \u0111o\u00e1n v\u00e0 ra quy\u1ebft \u0111\u1ecbnh \u0111\u00fang \u0111\u1eafn trong m\u00f4i tr\u01b0\u1eddng tuy\u1ec3n d\u1ee5ng s\u1ed1 l\u01b0\u1ee3ng l\u1edbn v\u1edbi nh\u1ecbp \u0111\u1ed9 nhanh.<\/li>\n<li>K\u1ef9 n\u0103ng gi\u1ea3i quy\u1ebft v\u1ea5n \u0111\u1ec1, gi\u1ea3i quy\u1ebft xung \u0111\u1ed9t v\u00e0 l\u1eafng nghe.<\/li>\n<li>Hi\u1ec3u bi\u1ebft t\u1ed1t v\u1ec1 c\u00e1c chi\u1ebfn l\u01b0\u1ee3c X\u00e2y d\u1ef1ng th\u01b0\u01a1ng hi\u1ec7u c\u1ee7a nh\u00e0 tuy\u1ec3n d\u1ee5ng.<\/li>\n<li>K\u1ef9 n\u0103ng giao ti\u1ebfp v\u00e0 thuy\u1ebft tr\u00ecnh t\u1ed1t.<\/li>\n<li>C\u00f3 kh\u1ea3 n\u0103ng l\u00e0m vi\u1ec7c trong m\u00f4i tr\u01b0\u1eddng c\u1ed9ng t\u00e1c.<\/li>\n<li>C\u00f3 kh\u1ea3 n\u0103ng l\u00e0m vi\u1ec7c t\u1ea1i nh\u00e0 v\u00e0 \u0111i \u0111\u1ebfn c\u00e1c h\u1ed9i ch\u1ee3 vi\u1ec7c l\u00e0m.<\/li>\n<li>Linh ho\u1ea1t l\u00e0m vi\u1ec7c th\u00eam gi\u1edd t\u00f9y theo nhu c\u1ea7u kinh doanh.<\/li>\n<\/ul>\n<p><strong>Tr\u00ecnh \u0111\u1ed9:<\/strong><\/p>\n<ul>\n<li>B\u1eb1ng c\u1eed nh\u00e2n v\u1ec1 Nh\u00e2n s\u1ef1 \/ l\u0129nh v\u1ef1c li\u00ean quan ho\u1eb7c k\u1ebft h\u1ee3p gi\u1eefa tr\u00ecnh \u0111\u1ed9 h\u1ecdc v\u1ea5n v\u00e0 kinh nghi\u1ec7m t\u01b0\u01a1ng \u0111\u01b0\u01a1ng.<\/li>\n<li>Kinh nghi\u1ec7m tuy\u1ec3n d\u1ee5ng t\u1ed5ng \u0111\u00e0i vi\u00ean.<\/li>\n<li>Ch\u1ee9ng nh\u1eadn Nh\u00e0 tuy\u1ec3n d\u1ee5ng Internet (CIR) \u0111\u01b0\u1ee3c ch\u1ee9ng nh\u1eadn.<\/li>\n<li>Song ng\u1eef ti\u1ebfng Anh v\u00e0 ti\u1ebfng T\u00e2y Ban Nha.<\/li>\n<li>Hi\u1ec3u bi\u1ebft v\u1ec1 ph\u1ea7n m\u1ec1m Ti\u1ebfp th\u1ecb Tuy\u1ec3n d\u1ee5ng.<\/li>\n<\/ul>\n<\/p><\/div><\/div><\/div>[\/vc_column_inner][\/vc_row_inner][\/vc_column][\/vc_row]\n<\/div>","protected":false},"excerpt":{"rendered":"<p>[vc_row top_margin=&#8221;0&#8243; bottom_margin=&#8221;0&#8243; css=&#8221;.vc_custom_1499912039446{margin-top: -30px !important;}&#8221;][vc_column][vc_row_inner][vc_column_inner][vc_empty_space height=&#8221;10px&#8221;][vc_empty_space height=&#8221;30px&#8221;][\/vc_column_inner][\/vc_row_inner][\/vc_column][\/vc_row]<\/p>\n","protected":false},"author":4,"featured_media":0,"parent":0,"menu_order":0,"comment_status":"closed","ping_status":"closed","template":"","meta":{"nf_dc_page":"","footnotes":""},"class_list":["post-10669","page","type-page","status-publish","hentry"],"_links":{"self":[{"href":"https:\/\/worknow.vn\/vi\/wp-json\/wp\/v2\/pages\/10669","targetHints":{"allow":["GET"]}}],"collection":[{"href":"https:\/\/worknow.vn\/vi\/wp-json\/wp\/v2\/pages"}],"about":[{"href":"https:\/\/worknow.vn\/vi\/wp-json\/wp\/v2\/types\/page"}],"author":[{"embeddable":true,"href":"https:\/\/worknow.vn\/vi\/wp-json\/wp\/v2\/users\/4"}],"replies":[{"embeddable":true,"href":"https:\/\/worknow.vn\/vi\/wp-json\/wp\/v2\/comments?post=10669"}],"version-history":[{"count":5,"href":"https:\/\/worknow.vn\/vi\/wp-json\/wp\/v2\/pages\/10669\/revisions"}],"predecessor-version":[{"id":11791,"href":"https:\/\/worknow.vn\/vi\/wp-json\/wp\/v2\/pages\/10669\/revisions\/11791"}],"wp:attachment":[{"href":"https:\/\/worknow.vn\/vi\/wp-json\/wp\/v2\/media?parent=10669"}],"curies":[{"name":"wp","href":"https:\/\/api.w.org\/{rel}","templated":true}]}}