{"id":10673,"date":"2022-08-18T01:51:02","date_gmt":"2022-08-18T01:51:02","guid":{"rendered":"https:\/\/worknow.vn\/technical-support-representative\/"},"modified":"2023-05-31T07:03:12","modified_gmt":"2023-05-31T07:03:12","slug":"dai-dien-ho-tro-ky-thuat","status":"publish","type":"page","link":"https:\/\/worknow.vn\/vi\/dai-dien-ho-tro-ky-thuat\/","title":{"rendered":"\u0110\u1ea1i Di\u1ec7n H\u1ed7 Tr\u1ee3 K\u1ef9 Thu\u1eadt"},"content":{"rendered":"<div class=\"wpb-content-wrapper\">[vc_row top_margin=&#8221;0&#8243; bottom_margin=&#8221;0&#8243; css=&#8221;.vc_custom_1499912039446{margin-top: -30px !important;}&#8221;][vc_column]<div class=\"shortcode-wrapper shortcode-title clearfix hb-animate-element hb-fade-in\"><p style=\"color:#878787!important;border-color:#878787\" class=\"hb-text-large aligncenter\">Nh\u00e2n Vi\u00ean H\u1ed7 Tr\u1ee3 K\u1ef9 Thu\u1eadt<\/p><\/div>[vc_row_inner][vc_column_inner][vc_empty_space height=&#8221;10px&#8221;]<div class=\"shortcode-wrapper shortcode-icon-box clearfix\"><div class=\"feature-box alternative left-icon-box aligncenter\"><div class=\"feature-box-content\"><h4 class=\"bold\">M\u00f4 t\u1ea3 c\u00f4ng vi\u1ec7c<\/h4><p>H\u1ed7 tr\u1ee3 k\u1ef9 thu\u1eadt v\u00e0 tr\u1ea3 l\u1eddi c\u00e1c y\u00eau c\u1ea7u c\u1ee7a ng\u01b0\u1eddi d\u00f9ng, h\u1ed7 tr\u1ee3 ng\u01b0\u1eddi d\u00f9ng kh\u1eafc ph\u1ee5c s\u1ef1 c\u1ed1 v\u1edbi ph\u1ea7n c\u1ee9ng ho\u1eb7c ph\u1ea7n m\u1ec1m c\u1ee7a m\u00e1y t\u00ednh c\u1ee7a h\u1ecd. B\u00ean c\u1ea1nh \u0111\u00f3, h\u1ed7 tr\u1ee3 kh\u00e1ch h\u00e0ng gi\u1ea3i quy\u1ebft c\u00e1c v\u1ea5n \u0111\u1ec1 k\u1ef9 thu\u1eadt li\u00ean quan \u0111\u1ebfn s\u1ea3n ph\u1ea9m ho\u1eb7c d\u1ecbch v\u1ee5.<\/p>\n<p><strong>Vai tr\u00f2 v\u00e0 tr\u00e1ch nhi\u1ec7m:<\/strong><\/p>\n<ul>\n<li>X\u00e1c \u0111\u1ecbnh, ph\u00e2n t\u00edch v\u00e0 gi\u1ea3i quy\u1ebft c\u00e1c v\u1ea5n \u0111\u1ec1 c\u1ee7a ng\u01b0\u1eddi d\u00f9ng v\u1edbi ph\u1ea7n m\u1ec1m v\u00e0 ph\u1ea7n c\u1ee9ng m\u00e1y t\u00ednh.<\/li>\n<li>C\u00e1c l\u0129nh v\u1ef1c h\u1ed7 tr\u1ee3 cu\u1ed9c g\u1ecdi, tr\u00f2 chuy\u1ec7n, email v\u00e0 \/ ho\u1eb7c giao ti\u1ebfp kh\u00e1c t\u1eeb ng\u01b0\u1eddi d\u00f9ng c\u00f3 th\u1eafc m\u1eafc li\u00ean quan \u0111\u1ebfn l\u1eadp tr\u00ecnh ph\u1ea7n m\u1ec1m, k\u1ebft n\u1ed1i, in \u1ea5n v\u00e0 c\u00e1c m\u1ed1i quan t\u00e2m t\u01b0\u01a1ng t\u1ef1.<\/li>\n<li>Tham kh\u1ea3o \u00fd ki\u1ebfn \u200b\u200bc\u1ee7a ng\u01b0\u1eddi d\u00f9ng \u0111\u1ec3 x\u00e1c \u0111\u1ecbnh c\u00e1c b\u01b0\u1edbc v\u00e0 th\u1ee7 t\u1ee5c \u0111\u01b0\u1ee3c th\u1ef1c hi\u1ec7n \u0111\u1ec3 x\u00e1c \u0111\u1ecbnh v\u00e0 gi\u1ea3i quy\u1ebft v\u1ea5n \u0111\u1ec1.<\/li>\n<li>\u00c1p d\u1ee5ng ki\u1ebfn \u200b\u200bth\u1ee9c v\u1ec1 ph\u1ea7n m\u1ec1m m\u00e1y t\u00ednh, ph\u1ea7n c\u1ee9ng v\u00e0 c\u00e1c quy tr\u00ecnh \u0111\u1ec3 gi\u1ea3i quy\u1ebft v\u1ea5n \u0111\u1ec1.<\/li>\n<li>H\u01b0\u1edbng d\u1eabn ng\u01b0\u1eddi d\u00f9ng th\u00f4ng qua c\u00e1c quy tr\u00ecnh ch\u1ea9n \u0111o\u00e1n v\u00e0 kh\u1eafc ph\u1ee5c s\u1ef1 c\u1ed1, c\u00f3 th\u1ec3 bao g\u1ed3m vi\u1ec7c s\u1eed d\u1ee5ng c\u00e1c c\u00f4ng c\u1ee5 v\u00e0 ph\u1ea7n m\u1ec1m ch\u1ea9n \u0111o\u00e1n v\u00e0 \/ ho\u1eb7c th\u1ef1c hi\u1ec7n theo c\u00e1c h\u01b0\u1edbng d\u1eabn b\u1eb1ng l\u1eddi n\u00f3i.<\/li>\n<li>Ph\u1ed1i h\u1ee3p v\u1edbi c\u00e1c nh\u00e2n vi\u00ean kh\u00e1c \u0111\u1ec3 nghi\u00ean c\u1ee9u v\u00e0 gi\u1ea3i quy\u1ebft c\u00e1c v\u1ea5n \u0111\u1ec1.<\/li>\n<li>C\u1ed9ng t\u00e1c v\u1edbi c\u00e1c l\u1eadp tr\u00ecnh vi\u00ean \u0111\u1ec3 gi\u1ea3i th\u00edch c\u00e1c l\u1ed7i v\u00e0 \/ ho\u1eb7c \u0111\u1ec1 xu\u1ea5t c\u00e1c s\u1eeda \u0111\u1ed5i trong ch\u01b0\u01a1ng tr\u00ecnh.<\/li>\n<li>S\u1eafp x\u1ebfp d\u1ecbch v\u1ee5 c\u1ee7a nh\u00e0 cung c\u1ea5p ph\u1ea7n m\u1ec1m ho\u1eb7c ph\u1ea7n c\u1ee9ng \u0111\u1ec3 s\u1eeda ch\u1eefa ho\u1eb7c thay th\u1ebf c\u00e1c s\u1ea3n ph\u1ea9m b\u1ecb l\u1ed7i.<\/li>\n<li>Th\u1ef1c hi\u1ec7n c\u00e1c nhi\u1ec7m v\u1ee5 li\u00ean quan kh\u00e1c theo s\u1ef1 ph\u00e2n c\u00f4ng.<\/li>\n<\/ul>\n<\/p><\/div><\/div><\/div>[vc_empty_space height=&#8221;30px&#8221;]<div class=\"shortcode-wrapper shortcode-icon-box clearfix\"><div class=\"feature-box alternative left-icon-box aligncenter\"><div class=\"feature-box-content\"><h4 class=\"bold\">K\u0129 n\u0103ng thi\u1ebft y\u1ebfu<\/h4><p>\n<ul>\n<li>K\u1ef9 n\u0103ng giao ti\u1ebfp b\u1eb1ng l\u1eddi n\u00f3i v\u00e0 v\u0103n b\u1ea3n t\u1ed1t.<\/li>\n<li>K\u1ef9 n\u0103ng giao ti\u1ebfp c\u00e1 nh\u00e2n v\u00e0 d\u1ecbch v\u1ee5 kh\u00e1ch h\u00e0ng t\u1ed1t.<\/li>\n<li>C\u00f3 kh\u1ea3 n\u0103ng gi\u1ea3i th\u00edch c\u00e1c v\u1ea5n \u0111\u1ec1 k\u1ef9 thu\u1eadt cho nh\u00e2n vi\u00ean k\u1ef9 thu\u1eadt v\u00e0 phi k\u1ef9 thu\u1eadt v\u00e0 kh\u00e1ch h\u00e0ng.<\/li>\n<li>K\u1ef9 n\u0103ng ph\u00e2n t\u00edch v\u00e0 gi\u1ea3i quy\u1ebft v\u1ea5n \u0111\u1ec1 t\u1ed1t.<\/li>\n<li>S\u1eed d\u1ee5ng th\u00e0nh th\u1ea1o Microsoft Office Suite ho\u1eb7c c\u00e1c ph\u1ea7n m\u1ec1m li\u00ean quan.<\/li>\n<\/ul>\n<p><strong>Tr\u00ecnh \u0111\u1ed9:<\/strong><\/p>\n<ul>\n<li>\u01afu ti\u00ean b\u1eb1ng c\u1eed nh\u00e2n v\u1ec1 khoa h\u1ecdc m\u00e1y t\u00ednh ho\u1eb7c l\u0129nh v\u1ef1c li\u00ean quan.<\/li>\n<li>C\u00f3 \u00edt nh\u1ea5t m\u1ed9t n\u0103m kinh nghi\u1ec7m trong l\u0129nh v\u1ef1c h\u1ed7 tr\u1ee3 k\u1ef9 thu\u1eadt.<\/li>\n<\/ul>\n<\/p><\/div><\/div><\/div>[\/vc_column_inner][\/vc_row_inner][\/vc_column][\/vc_row]\n<\/div>","protected":false},"excerpt":{"rendered":"<p>[vc_row top_margin=&#8221;0&#8243; bottom_margin=&#8221;0&#8243; css=&#8221;.vc_custom_1499912039446{margin-top: -30px !important;}&#8221;][vc_column][vc_row_inner][vc_column_inner][vc_empty_space height=&#8221;10px&#8221;][vc_empty_space height=&#8221;30px&#8221;][\/vc_column_inner][\/vc_row_inner][\/vc_column][\/vc_row]<\/p>\n","protected":false},"author":4,"featured_media":0,"parent":0,"menu_order":0,"comment_status":"closed","ping_status":"closed","template":"","meta":{"nf_dc_page":"","footnotes":""},"class_list":["post-10673","page","type-page","status-publish","hentry"],"_links":{"self":[{"href":"https:\/\/worknow.vn\/vi\/wp-json\/wp\/v2\/pages\/10673","targetHints":{"allow":["GET"]}}],"collection":[{"href":"https:\/\/worknow.vn\/vi\/wp-json\/wp\/v2\/pages"}],"about":[{"href":"https:\/\/worknow.vn\/vi\/wp-json\/wp\/v2\/types\/page"}],"author":[{"embeddable":true,"href":"https:\/\/worknow.vn\/vi\/wp-json\/wp\/v2\/users\/4"}],"replies":[{"embeddable":true,"href":"https:\/\/worknow.vn\/vi\/wp-json\/wp\/v2\/comments?post=10673"}],"version-history":[{"count":4,"href":"https:\/\/worknow.vn\/vi\/wp-json\/wp\/v2\/pages\/10673\/revisions"}],"predecessor-version":[{"id":11769,"href":"https:\/\/worknow.vn\/vi\/wp-json\/wp\/v2\/pages\/10673\/revisions\/11769"}],"wp:attachment":[{"href":"https:\/\/worknow.vn\/vi\/wp-json\/wp\/v2\/media?parent=10673"}],"curies":[{"name":"wp","href":"https:\/\/api.w.org\/{rel}","templated":true}]}}