{"id":10681,"date":"2022-08-11T03:39:42","date_gmt":"2022-08-11T03:39:42","guid":{"rendered":"https:\/\/worknow.vn\/account-coordinator\/"},"modified":"2023-05-31T09:23:58","modified_gmt":"2023-05-31T09:23:58","slug":"dieu-phoi-vien-tai-khoan","status":"publish","type":"page","link":"https:\/\/worknow.vn\/vi\/dieu-phoi-vien-tai-khoan\/","title":{"rendered":"\u0110i\u1ec1u Ph\u1ed1i Vi\u00ean T\u00e0i Kho\u1ea3n"},"content":{"rendered":"<div class=\"wpb-content-wrapper\">[vc_row top_margin=&#8221;0&#8243; bottom_margin=&#8221;0&#8243; css=&#8221;.vc_custom_1499912039446{margin-top: -30px !important;}&#8221;][vc_column]<div class=\"shortcode-wrapper shortcode-title clearfix hb-animate-element hb-fade-in\"><p style=\"color:#878787!important;border-color:#878787\" class=\"hb-text-large aligncenter\">\u0110i\u1ec1u Ph\u1ed1i Vi\u00ean T\u00e0i Kho\u1ea3n<\/p><\/div>[vc_row_inner][vc_column_inner][vc_empty_space height=&#8221;10px&#8221;]<div class=\"shortcode-wrapper shortcode-icon-box clearfix\"><div class=\"feature-box alternative left-icon-box aligncenter\"><div class=\"feature-box-content\"><h4 class=\"bold\">M\u00f4 t\u1ea3 c\u00f4ng vi\u1ec7c<\/h4><p>\u0110i\u1ec1u ph\u1ed1i vi\u00ean t\u00e0i kho\u1ea3n l\u00e0 ng\u01b0\u1eddi li\u00ean l\u1ea1c gi\u1eefa c\u00e1c c\u00f4ng ty v\u00e0 kh\u00e1ch h\u00e0ng c\u1ee7a h\u1ecd. H\u1ecd \u0111\u00f3ng vai tr\u00f2 l\u00e0 \u0111\u1ea7u m\u1ed1i li\u00ean h\u1ec7 ch\u00ednh cho kh\u00e1ch h\u00e0ng, gi\u00fap kh\u00e1ch h\u00e0ng \u0111i\u1ec1u h\u01b0\u1edbng c\u00e1c d\u1ecbch v\u1ee5 ho\u1eb7c \u01b0u \u0111\u00e3i c\u1ee7a c\u00f4ng ty. Trong m\u1ed9t s\u1ed1 tr\u01b0\u1eddng h\u1ee3p, \u0110i\u1ec1u ph\u1ed1i vi\u00ean t\u00e0i kho\u1ea3n th\u1eadm ch\u00ed c\u00f3 th\u1ec3 ch\u1ecbu tr\u00e1ch nhi\u1ec7m t\u1ea1o v\u00e0 th\u1ef1c hi\u1ec7n c\u00e1c k\u1ebf ho\u1ea1ch ti\u1ebfp th\u1ecb \u0111\u01b0\u1ee3c thi\u1ebft k\u1ebf \u0111\u1ec3 thu h\u00fat kh\u00e1ch h\u00e0ng m\u1edbi. \u0110i\u1ec1u ph\u1ed1i vi\u00ean t\u00e0i kho\u1ea3n c\u00f3 th\u1ec3 l\u00e0m vi\u1ec7c tr\u1ef1c ti\u1ebfp v\u1edbi kh\u00e1ch h\u00e0ng h\u00e0ng ng\u00e0y ho\u1eb7c h\u1ecd c\u00f3 th\u1ec3 l\u00e0m vi\u1ec7c nhi\u1ec1u h\u01a1n \u1edf h\u1eadu tr\u01b0\u1eddng \u0111\u1ec3 \u0111\u1ea3m b\u1ea3o r\u1eb1ng kh\u00e1ch h\u00e0ng c\u00f3 tr\u1ea3i nghi\u1ec7m t\u00edch c\u1ef1c v\u1edbi c\u00e1c s\u1ea3n ph\u1ea9m ho\u1eb7c d\u1ecbch v\u1ee5 c\u1ee7a c\u00f4ng ty. B\u1ea5t k\u1ec3 vai tr\u00f2 c\u1ee5 th\u1ec3 c\u1ee7a h\u1ecd l\u00e0 g\u00ec, c\u00f4ng vi\u1ec7c c\u1ee7a h\u1ecd l\u00e0 \u0111\u1ea3m b\u1ea3o r\u1eb1ng kh\u00e1ch h\u00e0ng vui v\u1ebb v\u00e0 h\u00e0i l\u00f2ng v\u1edbi tr\u1ea3i nghi\u1ec7m \u2014\u0111i\u1ec1u n\u00e0y th\u01b0\u1eddng c\u00f3 ngh\u0129a l\u00e0 m\u1ecdi v\u1ea5n \u0111\u1ec1 ho\u1eb7c c\u00e2u h\u1ecfi \u0111\u00e3 \u0111\u01b0\u1ee3c gi\u1ea3i quy\u1ebft k\u1ecbp th\u1eddi.<\/p>\n<p>V\u1edbi t\u01b0 c\u00e1ch l\u00e0 \u0110i\u1ec1u ph\u1ed1i vi\u00ean t\u00e0i kho\u1ea3n, b\u1ea1n c\u00f3 th\u1ec3 \u0111\u01b0\u1ee3c y\u00eau c\u1ea7u t\u01b0\u01a1ng t\u00e1c v\u1edbi kh\u00e1ch h\u00e0ng v\u00e0 c\u00e1c th\u00e0nh vi\u00ean kh\u00e1c trong nh\u00f3m. C\u00f3 k\u1ef9 n\u0103ng giao ti\u1ebfp t\u1ed1t c\u00f3 th\u1ec3 gi\u00fap b\u1ea1n x\u00e2y d\u1ef1ng m\u1ed1i quan h\u1ec7 t\u00edch c\u1ef1c v\u1edbi ng\u01b0\u1eddi kh\u00e1c v\u00e0 gi\u1ea3i quy\u1ebft xung \u0111\u1ed9t. K\u1ef9 n\u0103ng giao ti\u1ebfp b\u1eb1ng v\u0103n b\u1ea3n c\u0169ng r\u1ea5t quan tr\u1ecdng \u0111\u1ed1i v\u1edbi \u0110i\u1ec1u ph\u1ed1i vi\u00ean t\u00e0i kho\u1ea3n. B\u1ea1n c\u00f3 th\u1ec3 \u0111\u01b0\u1ee3c y\u00eau c\u1ea7u g\u1eedi email cho kh\u00e1ch h\u00e0ng, ng\u01b0\u1eddi gi\u00e1m s\u00e1t ho\u1eb7c nh\u00e2n vi\u00ean kh\u00e1c. B\u1ea1n c\u0169ng c\u00f3 th\u1ec3 \u0111\u01b0\u1ee3c y\u00eau c\u1ea7u vi\u1ebft b\u00e1o c\u00e1o ho\u1eb7c c\u00e1c t\u00e0i li\u1ec7u kh\u00e1c. Ng\u01b0\u1eddi qu\u1ea3n l\u00fd t\u00e0i kho\u1ea3n v\u00e0 \u0111i\u1ec1u ph\u1ed1i vi\u00ean t\u00e0i kho\u1ea3n c\u1ea7n x\u00e1c \u0111\u1ecbnh \u0111\u01b0\u1ee3c h\u01b0\u1edbng \u0111i \u0111\u1ec3 \u0111\u1ea3m b\u1ea3o c\u00f3 t\u1ea5t c\u1ea3 th\u00f4ng tin c\u1ea7n thi\u1ebft \u0111\u1ec3 ho\u00e0n th\u00e0nh nhi\u1ec7m v\u1ee5 c\u1ee7a m\u00ecnh. H\u1ecd c\u00f3 th\u1ec3 ch\u1ecbu tr\u00e1ch nhi\u1ec7m theo d\u00f5i kh\u00e1ch h\u00e0ng \u0111\u1ec3 \u0111\u1ea3m b\u1ea3o kh\u00e1ch h\u00e0ng nh\u1eadn \u0111\u01b0\u1ee3c th\u00f4ng tin h\u1ecd y\u00eau c\u1ea7u ho\u1eb7c ki\u1ec3m tra tr\u1ea1ng th\u00e1i c\u1ee7a d\u1ef1 \u00e1n. V\u1edbi t\u01b0 c\u00e1ch l\u00e0 \u0110i\u1ec1u ph\u1ed1i vi\u00ean t\u00e0i kho\u1ea3n, b\u1ea1n c\u00f3 th\u1ec3 ch\u1ecbu tr\u00e1ch nhi\u1ec7m l\u00ean l\u1ecbch c\u00e1c cu\u1ed9c h\u1ecdp, duy tr\u00ec v\u00e0 s\u1eafp x\u1ebfp h\u1ed3 s\u01a1. C\u00f3 k\u1ef9 n\u0103ng t\u1ed5 ch\u1ee9c c\u00f3 th\u1ec3 gi\u00fap b\u1ea1n l\u00e0m vi\u1ec7c hi\u1ec7u qu\u1ea3 h\u01a1n trong vai tr\u00f2 c\u1ee7a m\u00ecnh. Ngo\u00e0i ra, k\u1ef9 n\u0103ng qu\u1ea3n l\u00fd th\u1eddi gian l\u00e0 c\u1ea7n thi\u1ebft \u0111\u1ed1i v\u1edbi \u0110i\u1ec1u ph\u1ed1i vi\u00ean t\u00e0i kho\u1ea3n \u0111\u1ec3 \u0111\u1ea3m b\u1ea3o ho\u00e0n th\u00e0nh t\u1ea5t c\u1ea3 c\u00e1c nhi\u1ec7m v\u1ee5 \u0111\u00fang h\u1ea1n. H\u1ecd c\u0169ng c\u00f3 th\u1ec3 c\u1ea7n ph\u1ea3i qu\u1ea3n l\u00fd nhi\u1ec1u nhi\u1ec7m v\u1ee5 c\u00f9ng m\u1ed9t l\u00fac, v\u00ec v\u1eady \u0111i\u1ec1u quan tr\u1ecdng l\u00e0 h\u1ecd ph\u1ea3i \u01b0u ti\u00ean c\u00f4ng vi\u1ec7c c\u1ee7a m\u00ecnh.<\/p>\n<p>C\u00e1c \u1ee9ng vi\u00ean \u0110i\u1ec1u ph\u1ed1i vi\u00ean t\u00e0i kho\u1ea3n c\u00f3 b\u1eb1ng cao \u0111\u1eb3ng ho\u1eb7c c\u1eed nh\u00e2n v\u1ec1 qu\u1ea3ng c\u00e1o, ti\u1ebfp th\u1ecb ho\u1eb7c kinh doanh s\u1ebd \u0111\u01b0\u1ee3c \u01b0u ti\u00ean. \u00a0Trong nh\u1eefng tr\u01b0\u1eddng h\u1ee3p kh\u00e1c, n\u1ebfu c\u00f4ng ty c\u1ee7a c\u00f3 ch\u01b0\u01a1ng tr\u00ecnh \u0111\u00e0o t\u1ea1o ri\u00eang cho nh\u00e2n vi\u00ean m\u1edbi, \u1ee9ng vi\u00ean c\u00f3 b\u1eb1ng t\u1ed1t nghi\u1ec7p trung h\u1ecdc v\u1eabn c\u00f3 th\u1ec3 \u0111\u1ee7 \u0111i\u1ec1u ki\u1ec7n. V\u00e0 \u01b0u ti\u00ean nh\u1eefng \u1ee9ng vi\u00ean c\u00f3 tr\u00ecnh \u0111\u1ed9 chuy\u00ean m\u00f4n \u0111\u1ea1t \u0111\u01b0\u1ee3c trong vai tr\u00f2 tr\u01b0\u1edbc \u0111\u00e2y, ch\u1eb3ng h\u1ea1n nh\u01b0 \u0111\u00e0o t\u1ea1o v\u1ec1 d\u1ecbch v\u1ee5 t\u00e0i ch\u00ednh ho\u1eb7c h\u1ed7 tr\u1ee3 kh\u00e1ch h\u00e0ng.<\/p><\/div><\/div><\/div>[vc_empty_space height=&#8221;30px&#8221;]<div class=\"shortcode-wrapper shortcode-icon-box clearfix\"><div class=\"feature-box alternative left-icon-box aligncenter\"><div class=\"feature-box-content\"><h4 class=\"bold\">Vai tr\u00f2 v\u00e0 tr\u00e1ch nhi\u1ec7m<\/h4><p>\n<ul>\n<li>Giao ti\u1ebfp v\u1edbi kh\u00e1ch h\u00e0ng \u0111\u1ec3 \u0111\u1ea3m b\u1ea3o r\u1eb1ng c\u00e1c d\u1ef1 \u00e1n \u0111\u01b0\u1ee3c ho\u00e0n th\u00e0nh \u0111\u00fang th\u1eddi h\u1ea1n v\u00e0 trong ph\u1ea1m vi ng\u00e2n s\u00e1ch<\/li>\n<li>L\u00e0m vi\u1ec7c v\u1edbi c\u00e1c nh\u00e0 thi\u1ebft k\u1ebf v\u00e0 gi\u00e1m \u0111\u1ed1c ngh\u1ec7 thu\u1eadt \u0111\u1ec3 t\u1ea1o ra c\u00e1c \u00fd t\u01b0\u1edfng cho qu\u1ea3ng c\u00e1o ho\u1eb7c c\u00e1c t\u00e0i li\u1ec7u qu\u1ea3ng c\u00e1o kh\u00e1c<\/li>\n<li>Theo d\u00f5i ti\u1ebfn \u0111\u1ed9 tr\u00ean c\u00e1c t\u00e0i kho\u1ea3n \u0111\u1ec3 \u0111\u1ea3m b\u1ea3o \u0111\u00e1p \u1ee9ng th\u1eddi h\u1ea1n v\u00e0 \u0111\u1ea1t \u0111\u01b0\u1ee3c m\u1ee5c ti\u00eau<\/li>\n<li>L\u00e0m vi\u1ec7c v\u1edbi kh\u00e1ch h\u00e0ng \u0111\u1ec3 x\u00e1c \u0111\u1ecbnh nhu c\u1ea7u c\u1ee7a h\u1ecd v\u00e0 sau \u0111\u00f3 \u0111\u1ec1 xu\u1ea5t c\u00e1c gi\u1ea3i ph\u00e1p ph\u00f9 h\u1ee3p<\/li>\n<li>T\u1ea1o v\u00e0 duy tr\u00ec c\u00e1c t\u1ec7p th\u00f4ng tin t\u00e0i kho\u1ea3n \u0111\u1ec3 t\u1ea1o \u0111i\u1ec1u ki\u1ec7n li\u00ean l\u1ea1c gi\u1eefa c\u00e1c b\u1ed9 ph\u1eadn trong m\u1ed9t t\u1ed5 ch\u1ee9c<\/li>\n<li>\u01af\u1edbc t\u00ednh chi ph\u00ed v\u00e0 l\u1eadp k\u1ebf ho\u1ea1ch c\u00e1c ngu\u1ed3n l\u1ef1c c\u1ea7n thi\u1ebft \u0111\u1ec3 ho\u00e0n th\u00e0nh d\u1ef1 \u00e1n, bao g\u1ed3m c\u00e1c y\u00eau c\u1ea7u v\u1ec1 nh\u00e2n vi\u00ean v\u00e0 thu\u00ea thi\u1ebft b\u1ecb<\/li>\n<li>Thay m\u1eb7t kh\u00e1ch h\u00e0ng so\u1ea1n th\u1ea3o th\u01b0 t\u1eeb \u0111\u1ec3 giao ti\u1ebfp v\u1edbi kh\u00e1ch h\u00e0ng hi\u1ec7n t\u1ea1i ho\u1eb7c kh\u00e1ch h\u00e0ng ti\u1ec1m n\u0103ng<\/li>\n<li>Xem x\u00e9t c\u00e1c \u0111\u1ec1 xu\u1ea5t c\u1ee7a kh\u00e1ch h\u00e0ng v\u00e0 \u0111\u01b0a ra khuy\u1ebfn ngh\u1ecb v\u1ec1 c\u00e1c gi\u1ea3i ph\u00e1p kh\u1ea3 thi<\/li>\n<li>\u0110\u00e0m ph\u00e1n h\u1ee3p \u0111\u1ed3ng v\u1edbi kh\u00e1ch h\u00e0ng m\u1edbi v\u00e0 duy tr\u00ec m\u1ed1i quan h\u1ec7 v\u1edbi kh\u00e1ch h\u00e0ng hi\u1ec7n t\u1ea1i<\/li>\n<\/ul>\n<p>K\u1ef9 n\u0103ng:<\/p>\n<ul>\n<li>Ch\u00fa \u00fd \u0111\u1ebfn t\u1eebng chi ti\u1ebft \u0111\u1ec3 \u0111\u1ea3m b\u1ea3o kh\u00e1ch h\u00e0ng nh\u1eadn \u0111\u01b0\u1ee3c l\u1eddi khuy\u00ean v\u00e0 h\u1ed7 tr\u1ee3 ch\u00ednh x\u00e1c<\/li>\n<li>K\u1ef9 n\u0103ng gi\u1ea3i quy\u1ebft v\u1ea5n \u0111\u1ec1 \u0111\u1ec3 gi\u00fap nh\u1eefng kh\u00e1ch h\u00e0ng c\u00f3 th\u1ec3 g\u1eb7p v\u1ea5n \u0111\u1ec1<\/li>\n<li>Kh\u1ea3 n\u0103ng suy ngh\u0129 s\u00e1ng t\u1ea1o khi s\u1ea3n xu\u1ea5t t\u00e0i li\u1ec7u qu\u1ea3ng c\u00e1o v\u00e0 gi\u00fap chu\u1ea9n b\u1ecb cho c\u00e1c s\u1ef1 ki\u1ec7n<\/li>\n<li>K\u1ef9 n\u0103ng t\u1ed5 ch\u1ee9c v\u00e0 \u0111a nhi\u1ec7m m\u1ea1nh m\u1ebd \u0111\u1ec3 cung c\u1ea5p h\u1ed7 tr\u1ee3 hi\u1ec7u qu\u1ea3 cho m\u1ed9t s\u1ed1 l\u01b0\u1ee3ng l\u1edbn t\u00e0i kho\u1ea3n kh\u00e1ch h\u00e0ng<\/li>\n<li>K\u1ef9 n\u0103ng m\u00e1y t\u00ednh, bao g\u1ed3m tr\u00ecnh x\u1eed l\u00fd v\u0103n b\u1ea3n v\u00e0 ph\u1ea7n m\u1ec1m b\u1ea3ng t\u00ednh<\/li>\n<li>C\u00f3 kh\u1ea3 n\u0103ng gi\u1ea3i th\u00edch c\u00e1c s\u1ea3n ph\u1ea9m v\u00e0 kh\u00e1i ni\u1ec7m m\u1ed9t c\u00e1ch r\u00f5 r\u00e0ng v\u00e0 ch\u00ednh x\u00e1c cho kh\u00e1ch h\u00e0ng<\/li>\n<\/ul>\n<p>Tr\u00ecnh \u0111\u1ed9 chuy\u00ean m\u00f4n: B\u1eb1ng c\u1eed nh\u00e2n ti\u1ebfp th\u1ecb ho\u1eb7c l\u0129nh v\u1ef1c li\u00ean quan<\/p><\/div><\/div><\/div>[\/vc_column_inner][\/vc_row_inner][\/vc_column][\/vc_row]\n<\/div>","protected":false},"excerpt":{"rendered":"<p>[vc_row top_margin=&#8221;0&#8243; bottom_margin=&#8221;0&#8243; css=&#8221;.vc_custom_1499912039446{margin-top: -30px !important;}&#8221;][vc_column][vc_row_inner][vc_column_inner][vc_empty_space height=&#8221;10px&#8221;][vc_empty_space height=&#8221;30px&#8221;][\/vc_column_inner][\/vc_row_inner][\/vc_column][\/vc_row]<\/p>\n","protected":false},"author":4,"featured_media":0,"parent":0,"menu_order":0,"comment_status":"closed","ping_status":"closed","template":"","meta":{"nf_dc_page":"","footnotes":""},"class_list":["post-10681","page","type-page","status-publish","hentry"],"_links":{"self":[{"href":"https:\/\/worknow.vn\/vi\/wp-json\/wp\/v2\/pages\/10681","targetHints":{"allow":["GET"]}}],"collection":[{"href":"https:\/\/worknow.vn\/vi\/wp-json\/wp\/v2\/pages"}],"about":[{"href":"https:\/\/worknow.vn\/vi\/wp-json\/wp\/v2\/types\/page"}],"author":[{"embeddable":true,"href":"https:\/\/worknow.vn\/vi\/wp-json\/wp\/v2\/users\/4"}],"replies":[{"embeddable":true,"href":"https:\/\/worknow.vn\/vi\/wp-json\/wp\/v2\/comments?post=10681"}],"version-history":[{"count":5,"href":"https:\/\/worknow.vn\/vi\/wp-json\/wp\/v2\/pages\/10681\/revisions"}],"predecessor-version":[{"id":11910,"href":"https:\/\/worknow.vn\/vi\/wp-json\/wp\/v2\/pages\/10681\/revisions\/11910"}],"wp:attachment":[{"href":"https:\/\/worknow.vn\/vi\/wp-json\/wp\/v2\/media?parent=10681"}],"curies":[{"name":"wp","href":"https:\/\/api.w.org\/{rel}","templated":true}]}}