{"id":10919,"date":"2022-08-09T07:33:35","date_gmt":"2022-08-09T07:33:35","guid":{"rendered":"https:\/\/worknow.vn\/sourcer\/"},"modified":"2023-06-01T08:34:29","modified_gmt":"2023-06-01T08:34:29","slug":"sourcer","status":"publish","type":"page","link":"https:\/\/worknow.vn\/vi\/sourcer\/","title":{"rendered":"Sourcer\u00a0"},"content":{"rendered":"<div class=\"wpb-content-wrapper\">[vc_row top_margin=&#8221;0&#8243; bottom_margin=&#8221;0&#8243; css=&#8221;.vc_custom_1499912039446{margin-top: -30px !important;}&#8221;][vc_column]<div class=\"shortcode-wrapper shortcode-title clearfix hb-animate-element hb-fade-in\"><p style=\"color:#878787!important;border-color:#878787\" class=\"hb-text-large aligncenter\">Sourcer <\/p><\/div>[vc_row_inner][vc_column_inner][vc_empty_space height=&#8221;10px&#8221;]<div class=\"shortcode-wrapper shortcode-icon-box clearfix\"><div class=\"feature-box alternative left-icon-box aligncenter\"><div class=\"feature-box-content\"><h4 class=\"bold\">M\u00f4 t\u1ea3 c\u00f4ng vi\u1ec7c<\/h4><p>C\u00f3 tr\u00e1ch nhi\u1ec7m t\u00ecm ngu\u1ed3n \u1ee9ng vi\u00ean cho c\u00e1c v\u1ecb tr\u00ed c\u00f2n tr\u1ed1ng trong t\u1ed5 ch\u1ee9c. L\u00e0m vi\u1ec7c v\u1edbi m\u1ed9t nh\u00f3m c\u00e1c nh\u00e0 tuy\u1ec3n d\u1ee5ng \u0111\u1ec3 x\u00e1c \u0111\u1ecbnh c\u00e1c \u1ee9ng vi\u00ean ti\u1ec1m n\u0103ng, \u0111\u00f3ng vai tr\u00f2 trong vi\u1ec7c t\u1ef1 s\u00e0ng l\u1ecdc v\u00e0 ph\u1ecfng v\u1ea5n c\u00e1c \u1ee9ng vi\u00ean. S\u1eed d\u1ee5ng nhi\u1ec1u k\u1ef9 thu\u1eadt kh\u00e1c nhau \u0111\u1ec3 t\u00ecm ra nh\u1eefng \u1ee9ng vi\u00ean t\u1ed1t nh\u1ea5t cho c\u00e1c vai tr\u00f2 hi\u1ec7n c\u00f3. K\u1ebft n\u1ed1i v\u1edbi c\u00e1c \u0111\u1ecba ch\u1ec9 li\u00ean h\u1ec7 trong ng\u00e0nh ho\u1eb7c ti\u1ebfp c\u1eadn c\u00e1c c\u00e1 nh\u00e2n th\u00f4ng qua c\u00e1c k\u00eanh truy\u1ec1n th\u00f4ng x\u00e3 h\u1ed9i, \u0111\u1ea3m b\u1ea3o r\u1eb1ng c\u00f4ng ty \u0111ang c\u00f3 \u0111\u01b0\u1ee3c nh\u1eefng ng\u01b0\u1eddi c\u00f3 n\u0103ng l\u1ef1c t\u1ed1t nh\u1ea5t c\u00f3 th\u1ec3 cho t\u1eebng v\u1ecb tr\u00ed.<\/p>\n<p><strong>Vai tr\u00f2 v\u00e0 tr\u00e1ch nhi\u1ec7m<\/strong><\/p>\n<ul>\n<li>T\u01b0\u01a1ng t\u00e1c v\u1edbi c\u00e1c \u1ee9ng vi\u00ean ti\u1ec1m n\u0103ng tr\u00ean m\u1ea1ng x\u00e3 h\u1ed9i v\u00e0 m\u1ea1ng chuy\u00ean nghi\u1ec7p (v\u00ed d\u1ee5: LinkedIn, Slack v\u00e0 Github).<\/li>\n<li>T\u1ea1o v\u00e0 g\u1eedi email tuy\u1ec3n d\u1ee5ng.<\/li>\n<li>Ph\u1ed1i h\u1ee3p v\u1edbi ng\u01b0\u1eddi qu\u1ea3n l\u00fd tuy\u1ec3n d\u1ee5ng \u0111\u1ec3 x\u00e1c \u0111\u1ecbnh c\u00e1c y\u00eau c\u1ea7u v\u1ec1 v\u1ecb tr\u00ed.<\/li>\n<li>X\u00e1c \u0111\u1ecbnh h\u1ed3 s\u01a1 \u1ee9ng vi\u00ean \u0111\u1ee7 \u0111i\u1ec1u ki\u1ec7n b\u1eb1ng c\u00e1ch s\u1eed d\u1ee5ng c\u00e1c k\u1ef9 thu\u1eadt t\u00ecm ngu\u1ed3n cung \u1ee9ng kh\u00e1c nhau (v\u00ed d\u1ee5: t\u00ecm ki\u1ebfm Boolean).<\/li>\n<li>Ph\u00e1t tri\u1ec3n ngu\u1ed3n nh\u00e2n t\u00e0i cho c\u00e1c nhu c\u1ea7u tuy\u1ec3n d\u1ee5ng trong t\u01b0\u01a1ng lai.<\/li>\n<li>\u0110o l\u01b0\u1eddng t\u1ef7 l\u1ec7 chuy\u1ec3n \u0111\u1ed5i, bao g\u1ed3m s\u1ed1 l\u01b0\u1ee3ng \u1ee9ng vi\u00ean th\u1ee5 \u0111\u1ed9ng tr\u1edf th\u00e0nh \u1ee9ng vi\u00ean, \u0111\u01b0\u1ee3c m\u1eddi ph\u1ecfng v\u1ea5n, nh\u1eadn \u0111\u1ec1 ngh\u1ecb v\u00e0 \u0111\u01b0\u1ee3c tuy\u1ec3n d\u1ee5ng.<\/li>\n<li>Qu\u1ea3ng c\u00e1o th\u01b0\u01a1ng hi\u1ec7u nh\u00e0 tuy\u1ec3n d\u1ee5ng tr\u1ef1c tuy\u1ebfn v\u00e0 ngo\u1ea1i tuy\u1ebfn.<\/li>\n<li>Duy tr\u00ec c\u01a1 s\u1edf d\u1eef li\u1ec7u \u1ee9ng vi\u00ean (v\u00ed d\u1ee5: th\u00f4ng qua H\u1ec7 th\u1ed1ng Theo d\u00f5i \u1ee8ng vi\u00ean c\u1ee7a ch\u00fang t\u00f4i).<\/li>\n<li>Li\u00ean l\u1ea1c v\u1edbi c\u00e1c \u1ee9ng vi\u00ean tr\u01b0\u1edbc \u0111\u00e2y v\u1ec1 c\u00e1c c\u01a1 h\u1ed9i vi\u1ec7c l\u00e0m m\u1edbi.<\/li>\n<\/ul>\n<\/p><\/div><\/div><\/div>[vc_empty_space height=&#8221;30px&#8221;]<div class=\"shortcode-wrapper shortcode-icon-box clearfix\"><div class=\"feature-box alternative left-icon-box aligncenter\"><div class=\"feature-box-content\"><h4 class=\"bold\">K\u1ef9 n\u0103ng thi\u1ebft y\u1ebfu<\/h4><p>\n<ul>\n<li>Kinh nghi\u1ec7m l\u00e0m vi\u1ec7c v\u1edbi vai tr\u00f2 Ng\u01b0\u1eddi t\u00ecm ki\u1ebfm t\u00e0i n\u0103ng ho\u1eb7c t\u01b0\u01a1ng t\u1ef1.<\/li>\n<li>Kinh nghi\u1ec7m th\u1ef1c t\u1ebf v\u1edbi c\u00e1c k\u1ef9 thu\u1eadt t\u00ecm ngu\u1ed3n cung \u1ee9ng (v\u00ed d\u1ee5: tuy\u1ec3n d\u1ee5ng tr\u00ean c\u00e1c n\u1ec1n t\u1ea3ng x\u00e3 h\u1ed9i v\u00e0 t\u1ea1o chu\u1ed7i t\u00ecm ki\u1ebfm Boolean).<\/li>\n<li>Quen thu\u1ed9c v\u1edbi c\u01a1 s\u1edf d\u1eef li\u1ec7u nh\u00e2n s\u1ef1, H\u1ec7 th\u1ed1ng theo d\u00f5i \u1ee9ng vi\u00ean (ATS) v\u00e0 H\u1ec7 th\u1ed1ng qu\u1ea3n l\u00fd \u1ee9ng vi\u00ean (CMS).<\/li>\n<li>K\u1ef9 n\u0103ng giao ti\u1ebfp b\u1eb1ng l\u1eddi n\u00f3i v\u00e0 v\u0103n b\u1ea3n.<\/li>\n<li>C\u00f3 kh\u1ea3 n\u0103ng tr\u00ecnh b\u00e0y t\u00edch c\u1ef1c v\u1ec1 c\u00f4ng ty c\u1ee7a ch\u00fang t\u00f4i v\u00e0 m\u1edf r\u1ed9ng vai tr\u00f2 cho c\u00e1c \u1ee9ng vi\u00ean ti\u1ec1m n\u0103ng.<\/li>\n<li>Kh\u1ea3 n\u0103ng qu\u1ea3n l\u00fd th\u1eddi gian hi\u1ec7u qu\u1ea3.<\/li>\n<\/ul>\n<p><strong>Tr\u00ecnh \u0111\u1ed9 chuy\u00ean m\u00f4n:<\/strong> C\u1eed nh\u00e2n Qu\u1ea3n l\u00fd Nh\u00e2n s\u1ef1 ho\u1eb7c l\u0129nh v\u1ef1c li\u00ean quan.<\/p><\/div><\/div><\/div>[\/vc_column_inner][\/vc_row_inner][\/vc_column][\/vc_row]\n<\/div>","protected":false},"excerpt":{"rendered":"<p>[vc_row top_margin=&#8221;0&#8243; bottom_margin=&#8221;0&#8243; css=&#8221;.vc_custom_1499912039446{margin-top: -30px !important;}&#8221;][vc_column][vc_row_inner][vc_column_inner][vc_empty_space height=&#8221;10px&#8221;][vc_empty_space height=&#8221;30px&#8221;][\/vc_column_inner][\/vc_row_inner][\/vc_column][\/vc_row]<\/p>\n","protected":false},"author":4,"featured_media":0,"parent":0,"menu_order":0,"comment_status":"closed","ping_status":"closed","template":"","meta":{"footnotes":""},"class_list":["post-10919","page","type-page","status-publish","hentry"],"_links":{"self":[{"href":"https:\/\/worknow.vn\/vi\/wp-json\/wp\/v2\/pages\/10919","targetHints":{"allow":["GET"]}}],"collection":[{"href":"https:\/\/worknow.vn\/vi\/wp-json\/wp\/v2\/pages"}],"about":[{"href":"https:\/\/worknow.vn\/vi\/wp-json\/wp\/v2\/types\/page"}],"author":[{"embeddable":true,"href":"https:\/\/worknow.vn\/vi\/wp-json\/wp\/v2\/users\/4"}],"replies":[{"embeddable":true,"href":"https:\/\/worknow.vn\/vi\/wp-json\/wp\/v2\/comments?post=10919"}],"version-history":[{"count":4,"href":"https:\/\/worknow.vn\/vi\/wp-json\/wp\/v2\/pages\/10919\/revisions"}],"predecessor-version":[{"id":12010,"href":"https:\/\/worknow.vn\/vi\/wp-json\/wp\/v2\/pages\/10919\/revisions\/12010"}],"wp:attachment":[{"href":"https:\/\/worknow.vn\/vi\/wp-json\/wp\/v2\/media?parent=10919"}],"curies":[{"name":"wp","href":"https:\/\/api.w.org\/{rel}","templated":true}]}}