{"id":11224,"date":"2022-10-15T11:49:43","date_gmt":"2022-10-15T11:49:43","guid":{"rendered":"https:\/\/worknow.vn\/about-worknow\/"},"modified":"2023-07-02T08:42:36","modified_gmt":"2023-07-02T08:42:36","slug":"ve-chung-toi","status":"publish","type":"page","link":"https:\/\/worknow.vn\/vi\/ve-chung-toi\/","title":{"rendered":"V\u1ec1 Ch\u00fang T\u00f4i"},"content":{"rendered":"<div class=\"wpb-content-wrapper\">[vc_row fullwidth=&#8221;yes&#8221; top_margin=&#8221;0&#8243; bottom_margin=&#8221;0&#8243; css=&#8221;.vc_custom_1665890868592{margin-top: -40px !important;margin-bottom: 0px !important;}&#8221;][vc_column]<div class=\"shortcode-wrapper shortcode-title clearfix\"><h3 style=\"color:#9f121b!important;border-color:#9f121b\" class=\"hb-heading hb-center-heading aligncenter\"><span>V\u1ec1 Ch\u00fang T\u00f4i<\/span><\/h3><\/div>[vc_column_text el_class=&#8221;nbm&#8221;]WorkNow l\u00e0 m\u1ed9t c\u00f4ng ty cung c\u1ea5p c\u00e1c gi\u1ea3i ph\u00e1p s\u00e1ng t\u1ea1o ngu\u1ed3n nh\u00e2n l\u1ef1c, th\u00e0nh c\u00f4ng trong vi\u1ec7c cung c\u1ea5p nh\u00e2n s\u1ef1, tuy\u1ec3n d\u1ee5ng v\u00e0 thu\u00ea ngo\u00e0i cho Kh\u00e1ch h\u00e0ng, Nh\u00e2n vi\u00ean v\u00e0 \u1ee8ng vi\u00ean c\u1ee7a ch\u00fang t\u00f4i.<br \/>\nCh\u00fang t\u00f4i hi\u1ec3u r\u1eb1ng m\u1ed9t doanh nghi\u1ec7p th\u00e0nh c\u00f4ng ph\u1ee5 thu\u1ed9c v\u00e0o Con ng\u01b0\u1eddi v\u00e0 do \u0111\u00f3, ch\u00fang t\u00f4i r\u00fat ng\u1eafn kho\u1ea3ng c\u00e1ch gi\u1eefa doanh nghi\u1ec7p v\u00e0 nh\u00e2n vi\u00ean, chuy\u00ean gia xu\u1ea5t s\u1eafc. Ch\u00fang t\u00f4i cung c\u1ea5p c\u00e1c gi\u1ea3i ph\u00e1p ph\u00f9 h\u1ee3p cho kh\u00e1ch h\u00e0ng, t\u1eeb tuy\u1ec3n d\u1ee5ng t\u1ea1m th\u1eddi v\u00e0 l\u00e2u d\u00e0i \u0111\u1ebfn qu\u1ea3n l\u00fd nh\u00e2n t\u00e0i, thu\u00ea ngo\u00e0i, \u0111\u00e0o t\u1ea1o v\u00e0 tuy\u1ec3n d\u1ee5ng RPO theo d\u1ef1 \u00e1n.<br \/>\nCh\u00fang t\u00f4i t\u1ef1 h\u00e0o cung c\u1ea5p gi\u1ea3i ph\u00e1p nh\u00e2n l\u1ef1c hi\u1ec7u qu\u1ea3 v\u1ec1 chi ph\u00ed cho kh\u00e1ch h\u00e0ng, gi\u00fap kh\u00e1ch h\u00e0ng thu\u00ea nh\u00e2n vi\u00ean v\u00e0 chuy\u00ean gia c\u00f3 chuy\u00ean m\u00f4n cao m\u1ed9t c\u00e1ch nhanh ch\u00f3ng.<br \/>\nCh\u00fang t\u00f4i t\u1eadp trung v\u00e0o vi\u1ec7c t\u00ecm \u0110\u00fang Ng\u01b0\u1eddi cho \u0110\u00fang Vi\u1ec7c v\u00e0o \u0110\u00fang Th\u1eddi \u0111i\u1ec3m, v\u00e0 WorkNow c\u00f3 ngh\u0129a l\u00e0 khi kh\u00e1ch h\u00e0ng l\u00e0 \u0111\u1ed1i t\u00e1c c\u1ee7a WorkNow, kh\u00e1ch h\u00e0ng s\u1ebd ho\u00e0n th\u00e0nh c\u00f4ng vi\u1ec7c ngay![\/vc_column_text][\/vc_column][\/vc_row][vc_row fullwidth=&#8221;yes&#8221; top_margin=&#8221;0&#8243; bottom_margin=&#8221;0&#8243; css=&#8221;.vc_custom_1665891721052{margin-bottom: -60px !important;}&#8221;][vc_column width=&#8221;1\/3&#8243; css=&#8221;.vc_custom_1665892245059{margin-bottom: -25px !important;padding-top: 50px !important;}&#8221;]<div class=\"shortcode-wrapper shortcode-title clearfix\"><h6 style=\"color:#9f121b!important;border-color:#9f121b\" class=\"special \">Gi\u00e1 Tr\u1ecb C\u1ee7a Ch\u00fang T\u00f4i<\/h6><\/div>[vc_column_text el_class=&#8221;nbm&#8221;]Ch\u00fang t\u00f4i c\u1ed1 g\u1eafng mang l\u1ea1i m\u00f4i tr\u01b0\u1eddng l\u00e0m vi\u1ec7c c\u00f3 \u0111\u1ea1o \u0111\u1ee9c, khoa h\u1ecdc v\u00e0 th\u00e2n thi\u1ec7n v\u1edbi con ng\u01b0\u1eddi, duy tr\u00ec s\u1ef1 c\u00e2n b\u1eb1ng gi\u1eefa c\u00f4ng ngh\u1ec7 hi\u1ec7n \u0111\u1ea1i v\u00e0 nh\u00e2n s\u1ef1. \u0110i\u1ec1u n\u00e0y gi\u00fap t\u0103ng g\u1ea5p \u0111\u00f4i hi\u1ec7u su\u1ea5t, ch\u1ea5t l\u01b0\u1ee3ng v\u00e0 l\u1ee3i t\u1ee9c \u0111\u1ea7u t\u01b0. Trong khi duy tr\u00ec ti\u00eau chu\u1ea9n ch\u1ea5t l\u01b0\u1ee3ng, WorkNow lu\u00f4n c\u1ed1 g\u1eafng gi\u1eef v\u1eefng tr\u00e1ch nhi\u1ec7m x\u00e3 h\u1ed9i v\u00e0 \u0111\u1ea1o \u0111\u1ee9c b\u1eb1ng c\u00e1ch ph\u00e1t tri\u1ec3n \u0111\u1ed9i ng\u0169 n\u0103ng \u0111\u1ed9ng v\u00e0 tr\u00e0n \u0111\u1ea7y n\u0103ng l\u01b0\u1ee3ng \u0111\u1ec3 \u0111\u1ea3m b\u1ea3o th\u00e0nh t\u00edch tuy\u1ec7t v\u1eddi trong t\u01b0\u01a1ng lai.<br \/>\nPh\u01b0\u01a1ng ch\u00e2m c\u01a1 b\u1ea3n c\u1ee7a ch\u00fang t\u00f4i l\u00e0 mang l\u1ea1i gi\u00e1 tr\u1ecb l\u1edbn nh\u1ea5t cho kh\u00e1ch h\u00e0ng \u0111\u1ec3 gi\u00fap kh\u00e1ch h\u00e0ng th\u00e0nh c\u00f4ng m\u00e0 kh\u00f4ng m\u1ea5t nhi\u1ec1u c\u00f4ng s\u1ee9c v\u00e0 th\u1eddi gian trong th\u1ebf gi\u1edbi lu\u00f4n thay \u0111\u1ed5i v\u00e0 c\u1ea1nh tranh ng\u00e0y nay.[\/vc_column_text][vc_empty_space height=&#8221;85px&#8221;][\/vc_column][vc_column width=&#8221;1\/3&#8243; css=&#8221;.vc_custom_1665892262401{margin-bottom: -25px !important;padding-top: 50px !important;}&#8221;]<div class=\"shortcode-wrapper shortcode-title clearfix\"><h6 style=\"color:#9f121b!important;border-color:#9f121b\" class=\"special \">T\u1ea7m Nh\u00ecn C\u1ee7a Ch\u00fang T\u00f4i<\/h6><\/div>[vc_column_text]Ch\u00fang t\u00f4i mong mu\u1ed1n tr\u1edf th\u00e0nh c\u00f4ng ty \u0111i \u0111\u1ea7u trong ng\u00e0nh v\u00e0 mu\u1ed1n tr\u1edf th\u00e0nh c\u00f4ng ty h\u00e0ng \u0111\u1ea7u trong vi\u1ec7c t\u1ea1o c\u01a1 h\u1ed9i vi\u1ec7c l\u00e0m cho th\u1ebf h\u1ec7 tr\u1ebb.<br \/>\nCh\u00fang t\u00f4i \u0111\u00e3 v\u00e0 \u0111ang n\u1ed7 l\u1ef1c kh\u00f4ng ng\u1eebng \u0111\u1ec3 theo k\u1ecbp c\u00f4ng ngh\u1ec7 hi\u1ec7n \u0111\u1ea1i b\u1eb1ng c\u00e1ch \u00e1p d\u1ee5ng v\u00e0o m\u1ecdi ph\u00e2n kh\u00fac ngu\u1ed3n nh\u00e2n l\u1ef1c nh\u01b0 x\u1eed l\u00fd, huy \u0111\u1ed9ng v\u00e0 t\u00ecm ngu\u1ed3n cung \u1ee9ng, v.v. T\u1ea5t c\u1ea3 ng\u01b0\u1eddi d\u00f9ng cu\u1ed1i c\u1ee7a ch\u00fang t\u00f4i v\u1eabn duy tr\u00ec quan h\u1ec7 v\u1edbi ch\u00fang t\u00f4i v\u00ec nh\u1eefng c\u01a1 h\u1ed9i sinh l\u1ee3i m\u00e0 h\u1ecd nh\u1eadn \u0111\u01b0\u1ee3c t\u1eeb h\u1ec7 th\u1ed1ng hi\u1ec7n t\u1ea1i v\u00e0 \u0111ang ph\u00e1t tri\u1ec3n c\u1ee7a ch\u00fang t\u00f4i.<br \/>\nWorkNow s\u1ebd l\u00e0m kh\u00e1ch h\u00e0ng ho\u00e0n to\u00e0n h\u00e0i l\u00f2ng b\u1eb1ng c\u00e1ch tri\u1ec3n khai c\u00f4ng ngh\u1ec7 to\u00e0n c\u1ea7u \u0111\u01b0\u1ee3c qu\u1ea3n l\u00fd chuy\u00ean nghi\u1ec7p.<br \/>\nWorkNow tin t\u01b0\u1edfng v\u00e0o b\u1ed9 ba gi\u00e1 tr\u1ecb \u0111\u00f3 l\u00e0 s\u1ef1 xu\u1ea5t s\u1eafc, tr\u00e1ch nhi\u1ec7m v\u00e0 kh\u1ea3 n\u0103ng l\u00e3nh \u0111\u1ea1o v\u1edbi ni\u1ec1m tin s\u1ebd tr\u1edf th\u00e0nh c\u00f4ng ty y\u00eau th\u00edch c\u1ee7a kh\u00e1ch h\u00e0ng nh\u1edd n\u0103ng l\u1ef1c t\u1ed5 ch\u1ee9c.<br \/>\nCh\u00fang t\u00f4i hi\u1ec3u chi ph\u00ed, ch\u1ea5t l\u01b0\u1ee3ng v\u00e0 s\u1ef1 thay \u0111\u1ed5i b\u01b0\u1edbc ngo\u1eb7c \u0111\u00e3 gi\u00fap ch\u00fang t\u00f4i tr\u1edf th\u00e0nh nh\u00e0 cung c\u1ea5p \u0111\u1eb3ng c\u1ea5p th\u1ebf gi\u1edbi.[\/vc_column_text][vc_empty_space height=&#8221;85px&#8221;][\/vc_column][vc_column width=&#8221;1\/3&#8243; css=&#8221;.vc_custom_1665892773311{margin-bottom: -25px !important;padding-top: 50px !important;padding-bottom: px !important;}&#8221;]<div class=\"shortcode-wrapper shortcode-title clearfix\"><h6 style=\"color:#9f121b!important;border-color:#9f121b\" class=\"special \">Cam K\u1ebft C\u1ee7a Ch\u00fang T\u00f4i<\/h6><\/div>[vc_column_text]Cam k\u1ebft l\u00e0 m\u1ed9t t\u1eeb \u0111\u1eb7t ra v\u1eadn m\u1ec7nh cho b\u1ea5t k\u1ef3 t\u1ed5 ch\u1ee9c n\u00e0o v\u00e0 m\u1ed7i c\u00f4ng ty \u0111\u1ec1u c\u1ea7n c\u00f3 cam k\u1ebft. Ch\u00fang t\u00f4i cam k\u1ebft \u0111\u00e1p \u1ee9ng \u0111\u1ee7 y\u00eau c\u1ea7u nh\u00e2n l\u1ef1c c\u1ee7a c\u00e1c ng\u00e0nh c\u00f4ng nghi\u1ec7p kh\u00e1c nhau th\u00f4ng qua c\u00e1c gi\u1ea3i ph\u00e1p ngu\u1ed3n nh\u00e2n l\u1ef1c c\u1ee7a ch\u00fang t\u00f4i. Ch\u00fang t\u00f4i c\u1ed1 g\u1eafng h\u1ebft s\u1ee9c \u0111\u1ec3 \u0111\u00e1p \u1ee9ng c\u00e1c y\u00eau c\u1ea7u c\u1ee7a kh\u00e1ch h\u00e0ng v\u00e0 l\u00e0m kh\u00e1ch h\u00e0ng h\u00e0i l\u00f2ng b\u1eb1ng c\u00e1ch tu\u00e2n th\u1ee7 c\u00e1c quy tr\u00ecnh tuy\u1ec3n d\u1ee5ng tr\u00ean c\u01a1 s\u1edf \u0111\u1ea1o \u0111\u1ee9c v\u1edbi vi\u1ec7c x\u00e1c minh k\u1ef9 c\u00e1c \u1ee9ng vi\u00ean tr\u01b0\u1edbc v\u00e0 sau khi tuy\u1ec3n d\u1ee5ng.<br \/>\n\u0110\u1ed1i v\u1edbi b\u1ea5t k\u1ef3 doanh nghi\u1ec7p n\u00e0o, th\u1eddi gian l\u00e0 ti\u1ec1n b\u1ea1c, \u0111\u00f3 ch\u00ednh l\u00e0 l\u00fd do ch\u00fang t\u00f4i lu\u00f4n s\u1eb5n s\u00e0ng h\u00e0nh \u0111\u1ed9ng theo y\u00eau c\u1ea7u c\u1ee7a kh\u00e1ch h\u00e0ng. Ch\u00fang t\u00f4i t\u1eadn t\u00e2m cung c\u1ea5p d\u1ecbch v\u1ee5 cho kh\u00e1ch h\u00e0ng trong khung th\u1eddi gian \u0111\u00e3 \u0111\u1ecbnh v\u00e0 gi\u1edbi thi\u1ec7u cho kh\u00e1ch h\u00e0ng \u1ee9ng vi\u00ean ph\u00f9 h\u1ee3p nh\u1ea5t theo h\u1ed3 s\u01a1 c\u00f4ng vi\u1ec7c c\u1ee7a h\u1ecd.<br \/>\nWorkNow l\u00e0 chuy\u00ean gia to\u00e0n c\u1ea7u, ho\u1ea1t \u0111\u1ed9ng kinh doanh \u0111\u1ecba ph\u01b0\u01a1ng. WorkNow c\u00f3 chuy\u00ean m\u00f4n v\u00e0 ki\u1ebfn th\u1ee9c trong n\u01b0\u1edbc \u0111\u1ec3 gi\u00fap c\u00e1c doanh nghi\u1ec7p (thu\u1ed9c m\u1ecdi quy m\u00f4) m\u1edf r\u1ed9ng v\u00e0 ho\u1ea1t \u0111\u1ed9ng c\u1ea3 th\u1ecb tr\u01b0\u1eddng trong v\u00e0 ngo\u00e0i n\u01b0\u1edbc.[\/vc_column_text][vc_empty_space height=&#8221;85px&#8221;][\/vc_column][\/vc_row][vc_row fullwidth=&#8221;yes&#8221; bg_type=&#8221;bg_image&#8221; top_margin=&#8221;0&#8243; bottom_margin=&#8221;0&#8243; css=&#8221;.vc_custom_1665896323185{padding-top: 100px !important;padding-bottom: 100px !important;}&#8221; image_url=&#8221;9912&#8243;][vc_column width=&#8221;1\/4&#8243;]<div class=\"shortcode-wrapper shortcode-milestone-counter hb-animate-element hb-top-to-bottom\"><p class=\"aligncenter\"><i class=\"hb-moon-user hb-icon hb-icon-float-none\" style=\"color:#ffffff\"><\/i><\/p><div class=\"hb-counter\"><div class=\"count-number\" data-from=\"0\" data-to=\"52\" data-speed=\"1000\" style=\"color:#ffffff\"><\/div><div class=\"count-separator\"><span><\/span><\/div><h3 class=\"count-subject\" style=\"color:#ffffff\">Employees<\/h3><\/div><\/div>[\/vc_column][vc_column width=&#8221;1\/4&#8243;]<div class=\"shortcode-wrapper shortcode-milestone-counter hb-animate-element hb-top-to-bottom\" data-delay=\"900\"><p class=\"aligncenter\"><i class=\"hb-moon-medal-2 hb-icon hb-icon-float-none\" style=\"color:#ffffff\"><\/i><\/p><div class=\"hb-counter\"><div class=\"count-number\" data-from=\"0\" data-to=\"5\" data-speed=\"3100\" style=\"color:#ffffff\"><\/div><div class=\"count-separator\"><span><\/span><\/div><h3 class=\"count-subject\" style=\"color:#ffffff\">Years<\/h3><\/div><\/div>[\/vc_column][vc_column width=&#8221;1\/4&#8243;]<div class=\"shortcode-wrapper shortcode-milestone-counter hb-animate-element hb-top-to-bottom\" data-delay=\"300\"><p class=\"aligncenter\"><i class=\"icon-heart hb-icon hb-icon-float-none\" style=\"color:#ffffff\"><\/i><\/p><div class=\"hb-counter\"><div class=\"count-number\" data-from=\"0\" data-to=\"1100\" data-speed=\"1700\" style=\"color:#ffffff\"><\/div><div class=\"count-separator\"><span><\/span><\/div><h3 class=\"count-subject\" style=\"color:#ffffff\">Clients<\/h3><\/div><\/div>[\/vc_column][vc_column width=&#8221;1\/4&#8243;]<div class=\"shortcode-wrapper shortcode-milestone-counter hb-animate-element hb-top-to-bottom\" data-delay=\"600\"><p class=\"aligncenter\"><i class=\"hb-moon-profile hb-icon hb-icon-float-none\" style=\"color:#ffffff\"><\/i><\/p><div class=\"hb-counter\"><div class=\"count-number\" data-from=\"0\" data-to=\"2550\" data-speed=\"2400\" style=\"color:#ffffff\"><\/div><div class=\"count-separator\"><span><\/span><\/div><h3 class=\"count-subject\" style=\"color:#ffffff\">Orders completed<\/h3><\/div><\/div>[\/vc_column][\/vc_row][vc_row fullwidth=&#8221;yes&#8221; top_margin=&#8221;0&#8243; bottom_margin=&#8221;0&#8243; css=&#8221;.vc_custom_1665890828618{margin-top: px !important;margin-bottom: 50px !important;background-color: #ffffff !important;}&#8221; background_color=&#8221;#ececec&#8221;][vc_column width=&#8221;1\/2&#8243;][vc_empty_space height=&#8221;10px&#8221;]<div class=\"shortcode-wrapper shortcode-title clearfix hb-animate-element hb-flip-x\"><h3 style=\"color:#9f121b!important;border-color:#9f121b\" class=\"hb-heading hb-center-heading aligncenter\"><span>Kinh doanh T\u1ed1t h\u01a1n cho Kh\u00e1ch h\u00e0ng!<\/span><\/h3><\/div>[\/vc_column][vc_column width=&#8221;1\/2&#8243;][vc_empty_space height=&#8221;10px&#8221;]<div class=\"shortcode-wrapper shortcode-title clearfix hb-animate-element hb-flip-x\"><h3 style=\"color:#9f121b!important;border-color:#9f121b\" class=\"hb-heading hb-center-heading aligncenter\"><span>Vi\u1ec7c l\u00e0m T\u1ed1t h\u01a1n cho \u1ee8ng vi\u00ean!<\/span><\/h3><\/div>[\/vc_column][\/vc_row][vc_row][vc_column width=&#8221;1\/2&#8243;]<div class=\"shortcode-wrapper shortcode-callout clearfix\"><div class=\"hb-callout-box\"><h3 class=\"\">\u0110\u1ed1i t\u00e1c v\u1edbi WorkNow v\u00e0 nh\u1eadn c\u00f4ng vi\u1ec7c ho\u00e0n th\u00e0nh ngay!<\/h3><a href=\"https:\/\/worknow.vn\/vi\/giai-phap-cho-nha-tuyen-dung\/\" class=\"hb-button\"no>C\u1ea7n tuy\u1ec3n?<\/a><\/div><\/div>[\/vc_column][vc_column width=&#8221;1\/2&#8243;]<div class=\"shortcode-wrapper shortcode-callout clearfix\"><div class=\"hb-callout-box\"><h3 class=\"\">\n<p class=\"aligncenter\" style=\"text-align: left;\">T\u00ecm c\u01a1 h\u1ed9i m\u1edbi nhanh h\u01a1n! G\u1edfi ch\u00fang t\u00f4i CV c\u1ee7a b\u1ea1n!<\/p>\n<\/h3><a href=\"https:\/\/worknow.vn\/vi\/tim-viec\/\" class=\"hb-button\"no>T\u00ecm vi\u1ec7c l\u00e0m?<\/a><\/div><\/div>[\/vc_column][\/vc_row]\n<\/div>","protected":false},"excerpt":{"rendered":"<p>[vc_row fullwidth=&#8221;yes&#8221; top_margin=&#8221;0&#8243; bottom_margin=&#8221;0&#8243; css=&#8221;.vc_custom_1665890868592{margin-top: -40px !important;margin-bottom: 0px !important;}&#8221;][vc_column][vc_column_text el_class=&#8221;nbm&#8221;]WorkNow l\u00e0 m\u1ed9t c\u00f4ng ty cung c\u1ea5p c\u00e1c gi\u1ea3i ph\u00e1p s\u00e1ng t\u1ea1o ngu\u1ed3n nh\u00e2n l\u1ef1c, th\u00e0nh c\u00f4ng trong vi\u1ec7c cung c\u1ea5p nh\u00e2n s\u1ef1, tuy\u1ec3n d\u1ee5ng v\u00e0 thu\u00ea ngo\u00e0i cho Kh\u00e1ch h\u00e0ng, Nh\u00e2n vi\u00ean v\u00e0 \u1ee8ng vi\u00ean c\u1ee7a ch\u00fang t\u00f4i. Ch\u00fang t\u00f4i hi\u1ec3u r\u1eb1ng m\u1ed9t doanh nghi\u1ec7p [&hellip;]<\/p>\n","protected":false},"author":1,"featured_media":0,"parent":0,"menu_order":0,"comment_status":"closed","ping_status":"closed","template":"","meta":{"nf_dc_page":"","footnotes":""},"class_list":["post-11224","page","type-page","status-publish","hentry"],"_links":{"self":[{"href":"https:\/\/worknow.vn\/vi\/wp-json\/wp\/v2\/pages\/11224","targetHints":{"allow":["GET"]}}],"collection":[{"href":"https:\/\/worknow.vn\/vi\/wp-json\/wp\/v2\/pages"}],"about":[{"href":"https:\/\/worknow.vn\/vi\/wp-json\/wp\/v2\/types\/page"}],"author":[{"embeddable":true,"href":"https:\/\/worknow.vn\/vi\/wp-json\/wp\/v2\/users\/1"}],"replies":[{"embeddable":true,"href":"https:\/\/worknow.vn\/vi\/wp-json\/wp\/v2\/comments?post=11224"}],"version-history":[{"count":5,"href":"https:\/\/worknow.vn\/vi\/wp-json\/wp\/v2\/pages\/11224\/revisions"}],"predecessor-version":[{"id":12308,"href":"https:\/\/worknow.vn\/vi\/wp-json\/wp\/v2\/pages\/11224\/revisions\/12308"}],"wp:attachment":[{"href":"https:\/\/worknow.vn\/vi\/wp-json\/wp\/v2\/media?parent=11224"}],"curies":[{"name":"wp","href":"https:\/\/api.w.org\/{rel}","templated":true}]}}