{"id":11940,"date":"2022-09-17T02:29:42","date_gmt":"2022-09-17T02:29:42","guid":{"rendered":"https:\/\/worknow.vn\/senior-copywriter\/"},"modified":"2023-06-02T08:42:37","modified_gmt":"2023-06-02T08:42:37","slug":"copywriter-cap-cao","status":"publish","type":"page","link":"https:\/\/worknow.vn\/vi\/copywriter-cap-cao\/","title":{"rendered":"Copywriter C\u1ea5p Cao"},"content":{"rendered":"<div class=\"wpb-content-wrapper\">[vc_row top_margin=&#8221;0&#8243; bottom_margin=&#8221;0&#8243; css=&#8221;.vc_custom_1499912039446{margin-top: -30px !important;}&#8221;][vc_column]<div class=\"shortcode-wrapper shortcode-title clearfix hb-animate-element hb-fade-in\"><p style=\"color:#878787!important;border-color:#878787\" class=\"hb-text-large aligncenter\">Copywriter C\u1ea5p Cao<\/p><\/div>[vc_row_inner][vc_column_inner][vc_empty_space height=&#8221;10px&#8221;]<div class=\"shortcode-wrapper shortcode-icon-box clearfix\"><div class=\"feature-box alternative left-icon-box aligncenter\"><div class=\"feature-box-content\"><h4 class=\"bold\">M\u00f4 t\u1ea3 c\u00f4ng vi\u1ec7c <\/h4><p>C\u00e1c copywriter c\u1ea5p cao ch\u1ecbu tr\u00e1ch nhi\u1ec7m t\u1ea1o n\u1ed9i dung h\u1ea5p d\u1eabn g\u00e2y \u0111\u01b0\u1ee3c ti\u1ebfng vang v\u1edbi kh\u00e1n gi\u1ea3 c\u1ee7a h\u1ecd. H\u1ecd c\u00f3 th\u1ec3 vi\u1ebft c\u00e1c trang web, email, b\u00e0i \u0111\u0103ng tr\u00ean m\u1ea1ng x\u00e3 h\u1ed9i ho\u1eb7c c\u00e1c t\u00e0i li\u1ec7u kh\u00e1c gi\u1ea3i th\u00edch s\u1ea3n ph\u1ea9m ho\u1eb7c d\u1ecbch v\u1ee5, qu\u1ea3ng b\u00e1 s\u1ef1 ki\u1ec7n ho\u1eb7c thu h\u00fat kh\u00e1ch h\u00e0ng. C\u00e1c copywriter c\u1ea5p cao ph\u1ea3i c\u00f3 kh\u1ea3 n\u0103ng truy\u1ec1n \u0111\u1ea1t r\u00f5 r\u00e0ng c\u00e1c \u00fd t\u01b0\u1edfng v\u00e0 kh\u00e1i ni\u1ec7m theo c\u00e1ch ph\u00f9 h\u1ee3p v\u1edbi \u0111\u1ed1i t\u01b0\u1ee3ng m\u1ee5c ti\u00eau. H\u1ecd c\u0169ng c\u1ea7n hi\u1ec3u r\u00f5 v\u1ec1 c\u00e1c lo\u1ea1i n\u1ed9i dung kh\u00e1c nhau (ch\u1eb3ng h\u1ea1n nh\u01b0 trang web so v\u1edbi email) n\u00ean \u0111\u01b0\u1ee3c vi\u1ebft kh\u00e1c nhau nh\u01b0 th\u1ebf n\u00e0o \u0111\u1ec3 \u0111\u1ea1t \u0111\u01b0\u1ee3c t\u00e1c \u0111\u1ed9ng t\u1ed1i \u0111a.<br \/>\nL\u00e0 m\u1ed9t ng\u01b0\u1eddi vi\u1ebft qu\u1ea3ng c\u00e1o c\u1ea5p cao, b\u1ea1n c\u00f3 th\u1ec3 ph\u1ea3i l\u00e0m vi\u1ec7c v\u1edbi m\u1ed9t nh\u00f3m g\u1ed3m nh\u1eefng ng\u01b0\u1eddi vi\u1ebft qu\u1ea3ng c\u00e1o v\u00e0 chuy\u00ean gia ti\u1ebfp th\u1ecb kh\u00e1c. Giao ti\u1ebfp hi\u1ec7u qu\u1ea3 l\u00e0 r\u1ea5t quan tr\u1ecdng \u0111\u1ec3 c\u1ed9ng t\u00e1c v\u1edbi nh\u1eefng ng\u01b0\u1eddi kh\u00e1c v\u00e0 \u0111\u1ea3m b\u1ea3o r\u1eb1ng c\u00f4ng vi\u1ec7c c\u1ee7a b\u1ea1n \u0111\u00e1p \u1ee9ng nhu c\u1ea7u c\u1ee7a kh\u00e1ch h\u00e0ng. B\u1ea1n c\u0169ng c\u00f3 th\u1ec3 c\u1ea7n giao ti\u1ebfp v\u1edbi kh\u00e1ch h\u00e0ng \u0111\u1ec3 tr\u1ea3 l\u1eddi c\u00e1c c\u00e2u h\u1ecfi v\u00e0 cung c\u1ea5p ph\u1ea3n h\u1ed3i. S\u00e1ng t\u1ea1o l\u00e0 kh\u1ea3 n\u0103ng t\u1ea1o ra nh\u1eefng \u00fd t\u01b0\u1edfng v\u00e0 gi\u1ea3i ph\u00e1p m\u1edbi. L\u00e0 m\u1ed9t ng\u01b0\u1eddi vi\u1ebft qu\u1ea3ng c\u00e1o c\u1ea5p cao, b\u1ea1n c\u00f3 th\u1ec3 \u0111\u01b0\u1ee3c giao nhi\u1ec7m v\u1ee5 t\u1ea1o c\u00e1c chi\u1ebfn d\u1ecbch ti\u1ebfp th\u1ecb ph\u1ee9c t\u1ea1p h\u01a1n \u0111\u00f2i h\u1ecfi th\u00f4ng \u0111i\u1ec7p ph\u1ee9c t\u1ea1p h\u01a1n. \u0110i\u1ec1u n\u00e0y c\u00f3 th\u1ec3 \u0111\u00f2i h\u1ecfi s\u1ef1 s\u00e1ng t\u1ea1o nhi\u1ec1u h\u01a1n, v\u00ec b\u1ea1n c\u00f3 th\u1ec3 c\u1ea7n ngh\u0129 ra nh\u1eefng c\u00e1ch m\u1edbi \u0111\u1ec3 tr\u00ecnh b\u00e0y th\u00f4ng tin ho\u1eb7c \u00fd t\u01b0\u1edfng. L\u00e0 m\u1ed9t copywriter c\u1ea5p cao, b\u1ea1n c\u00f3 th\u1ec3 ph\u1ea3i nghi\u00ean c\u1ee9u c\u00e1c ch\u1ee7 \u0111\u1ec1 v\u00e0 vi\u1ebft v\u1ec1 ch\u00fang. \u0110i\u1ec1u n\u00e0y c\u00f3 ngh\u0129a l\u00e0 b\u1ea1n c\u1ea7n c\u00f3 kh\u1ea3 n\u0103ng t\u00ecm ki\u1ebfm th\u00f4ng tin v\u1ec1 m\u1ed9t ch\u1ee7 \u0111\u1ec1 v\u00e0 s\u1eed d\u1ee5ng n\u00f3 \u0111\u1ec3 t\u1ea1o ra m\u1ed9t ph\u1ea7n n\u1ed9i dung h\u1ea5p d\u1eabn. B\u1ea1n c\u0169ng c\u00f3 th\u1ec3 ph\u1ea3i nghi\u00ean c\u1ee9u \u0111\u1ed1i t\u01b0\u1ee3ng m\u1ee5c ti\u00eau cho m\u1ed9t ph\u1ea7n n\u1ed9i dung v\u00e0 t\u1ea1o ra m\u1ed9t th\u00f4ng \u0111i\u1ec7p c\u1ed9ng h\u01b0\u1edfng v\u1edbi h\u1ecd. L\u00e0 m\u1ed9t copywriter c\u1ea5p cao, b\u1ea1n c\u00f3 th\u1ec3 ch\u1ecbu tr\u00e1ch nhi\u1ec7m ch\u1ec9nh s\u1eeda t\u00e1c ph\u1ea9m c\u1ee7a ch\u00ednh m\u00ecnh ho\u1eb7c t\u00e1c ph\u1ea9m c\u1ee7a ng\u01b0\u1eddi kh\u00e1c. \u0110i\u1ec1u n\u00e0y c\u00f3 th\u1ec3 bao g\u1ed3m vi\u1ec7c \u0111\u1ecdc l\u1ea1i c\u00e1c l\u1ed7i ng\u1eef ph\u00e1p v\u00e0 ch\u00ednh t\u1ea3, nh\u01b0ng n\u00f3 c\u0169ng c\u00f3 th\u1ec3 c\u00f3 ngh\u0129a l\u00e0 \u0111\u01b0a ra c\u00e1c \u0111\u1ec1 xu\u1ea5t thay \u0111\u1ed5i \u0111\u1ec3 c\u1ea3i thi\u1ec7n ch\u1ea5t l\u01b0\u1ee3ng b\u00e0i vi\u1ebft. B\u1ea1n c\u0169ng c\u00f3 th\u1ec3 ch\u1ecbu tr\u00e1ch nhi\u1ec7m ch\u1ec9nh s\u1eeda t\u00e1c ph\u1ea9m c\u1ee7a ng\u01b0\u1eddi kh\u00e1c, ch\u1eb3ng h\u1ea1n nh\u01b0 ng\u01b0\u1eddi bi\u00ean t\u1eadp b\u1ea3n sao, ng\u01b0\u1eddi \u0111\u1ea3m b\u1ea3o ch\u1ea5t l\u01b0\u1ee3ng c\u1ee7a b\u00e0i vi\u1ebft. K\u1ef9 n\u0103ng qu\u1ea3n l\u00fd th\u1eddi gian cho ph\u00e9p b\u1ea1n ho\u00e0n th\u00e0nh c\u00f4ng vi\u1ec7c \u0111\u00fang h\u1ea1n. L\u00e0 m\u1ed9t copywriter c\u1ea5p cao, b\u1ea1n c\u00f3 th\u1ec3 ch\u1ecbu tr\u00e1ch nhi\u1ec7m t\u1ea1o nhi\u1ec1u ph\u1ea7n n\u1ed9i dung c\u00f9ng m\u1ed9t l\u00fac. V\u00ed d\u1ee5: b\u1ea1n c\u00f3 th\u1ec3 ch\u1ecbu tr\u00e1ch nhi\u1ec7m vi\u1ebft m\u1ed9t b\u00e0i \u0111\u0103ng tr\u00ean blog, m\u1ed9t b\u00e0i \u0111\u0103ng tr\u00ean m\u1ea1ng x\u00e3 h\u1ed9i v\u00e0 m\u1ed9t qu\u1ea3ng c\u00e1o tr\u00ean b\u00e1o in. C\u00f3 k\u1ef9 n\u0103ng qu\u1ea3n l\u00fd th\u1eddi gian t\u1ed1t c\u00f3 th\u1ec3 gi\u00fap b\u1ea1n ho\u00e0n th\u00e0nh t\u1ea5t c\u1ea3 c\u00f4ng vi\u1ec7c c\u1ee7a m\u00ecnh m\u1ed9t c\u00e1ch k\u1ecbp th\u1eddi.<br \/>\nH\u1ea7u h\u1ebft c\u00e1c copywriter c\u1ea5p cao \u0111\u1ec1u c\u00f3 \u00edt nh\u1ea5t b\u1eb1ng c\u1eed nh\u00e2n v\u1ec1 ti\u1ebfp th\u1ecb, qu\u1ea3ng c\u00e1o ho\u1eb7c ti\u1ebfng Anh. M\u1ed9t s\u1ed1 nh\u00e0 tuy\u1ec3n d\u1ee5ng c\u00f3 th\u1ec3 thu\u00ea nh\u1eefng ng\u01b0\u1eddi vi\u1ebft qu\u1ea3ng c\u00e1o cao c\u1ea5p c\u00f3 b\u1eb1ng c\u1ea5p trong l\u0129nh v\u1ef1c kh\u00e1c, ch\u1eb3ng h\u1ea1n nh\u01b0 kinh doanh ho\u1eb7c ngh\u1ec7 thu\u1eadt t\u1ef1 do. Nh\u1eefng ng\u01b0\u1eddi vi\u1ebft qu\u1ea3ng c\u00e1o c\u1ea5p cao c\u00f3 b\u1eb1ng th\u1ea1c s\u0129 v\u1ec1 ti\u1ebfp th\u1ecb ho\u1eb7c qu\u1ea3ng c\u00e1o c\u00f3 th\u1ec3 c\u00f3 l\u1ee3i th\u1ebf khi \u1ee9ng tuy\u1ec3n v\u00e0o c\u00e1c v\u1ecb tr\u00ed c\u1ea5p cao. M\u1eb7c d\u00f9 c\u00e1c ch\u1ee9ng ch\u1ec9 kh\u00f4ng b\u1eaft bu\u1ed9c \u0111\u1ed1i v\u1edbi c\u00e1c v\u1ecb tr\u00ed vi\u1ebft qu\u1ea3ng c\u00e1o c\u1ea5p cao, nh\u01b0ng ch\u00fang c\u00f3 th\u1ec3 gi\u00fap b\u1ea1n n\u1ed5i b\u1eadt khi xin vi\u1ec7c.<\/p><\/div><\/div><\/div>[vc_empty_space height=&#8221;30px&#8221;]<div class=\"shortcode-wrapper shortcode-icon-box clearfix\"><div class=\"feature-box alternative left-icon-box aligncenter\"><div class=\"feature-box-content\"><h4 class=\"bold\">Vai tr\u00f2 v\u00e0 tr\u00e1ch nhi\u1ec7m<\/h4><p>\u2022 Nghi\u00ean c\u1ee9u c\u00e1c ch\u1ee7 \u0111\u1ec1 ng\u00e0nh li\u00ean quan \u0111\u1ec3 x\u00e1c \u0111\u1ecbnh n\u1ed9i dung m\u1edbi.<br \/>\n\u2022 T\u1ea1o n\u1ed9i dung g\u1ed1c.<br \/>\n\u2022 S\u1ea3n xu\u1ea5t v\u00e0 xu\u1ea5t b\u1ea3n c\u00e1c b\u00e0i b\u00e1o ti\u1ebfp th\u1ecb c\u00f4ng ty v\u00e0 c\u00e1c s\u1ea3n ph\u1ea9m c\u1ee7a c\u00f4ng ty.<br \/>\n\u2022 Ch\u1ec9nh s\u1eeda v\u00e0 ki\u1ec3m tra th\u1ef1c t\u1ebf n\u1ed9i dung \u0111\u01b0\u1ee3c t\u1ea1o b\u1edfi Junior Copywriter.<br \/>\n\u2022 S\u1eed d\u1ee5ng c\u00e1c ph\u01b0\u01a1ng ph\u00e1p SEO \u0111\u1ec3 t\u1ed1i \u01b0u h\u00f3a n\u1ed9i dung.<br \/>\n\u2022 Ph\u1ed1i h\u1ee3p v\u1edbi Designer \u0111\u1ec3 ph\u00e1t tri\u1ec3n h\u00ecnh \u1ea3nh.<br \/>\n\u2022 T\u1ea1o b\u00e1o c\u00e1o v\u1ec1 n\u1ed9i dung.<br \/>\n\u2022 Ph\u1ecfng v\u1ea5n kh\u00e1ch h\u00e0ng v\u00e0 chuy\u00ean gia \u0111\u1ec3 \u0111\u01b0a ra nh\u1eefng \u00fd t\u01b0\u1edfng s\u00e1ng t\u1ea1o.<br \/>\nK\u1ef9 n\u0103ng:<br \/>\n\u2022 Kinh nghi\u1ec7m s\u1eed d\u1ee5ng H\u1ec7 th\u1ed1ng qu\u1ea3n l\u00fd n\u1ed9i dung.<br \/>\n\u2022 Danh m\u1ee5c n\u1ed9i dung \u0111\u00e3 xu\u1ea5t b\u1ea3n.<br \/>\n\u2022 Kh\u1ea3 n\u0103ng vi\u1ebft v\u00e0 ch\u1ec9nh s\u1eeda \u0111\u1eb7c bi\u1ec7t.<br \/>\n\u2022 K\u1ef9 n\u0103ng qu\u1ea3n l\u00fd th\u1eddi gian t\u1ed1t.<br \/>\n\u2022 Kh\u1ea3 n\u0103ng ti\u1ebfn h\u00e0nh nghi\u00ean c\u1ee9u t\u1eeb kh\u00f3a.<br \/>\nTr\u00ecnh \u0111\u1ed9 chuy\u00ean m\u00f4n: B\u1eb1ng c\u1eed nh\u00e2n v\u1ec1 ti\u1ebfp th\u1ecb, truy\u1ec1n th\u00f4ng ho\u1eb7c b\u00e1o ch\u00ed.<\/p>\n<\/p><\/div><\/div><\/div>[\/vc_column_inner][\/vc_row_inner][\/vc_column][\/vc_row]\n<\/div>","protected":false},"excerpt":{"rendered":"<p>[vc_row top_margin=&#8221;0&#8243; bottom_margin=&#8221;0&#8243; css=&#8221;.vc_custom_1499912039446{margin-top: -30px !important;}&#8221;][vc_column][vc_row_inner][vc_column_inner][vc_empty_space height=&#8221;10px&#8221;][vc_empty_space height=&#8221;30px&#8221;][\/vc_column_inner][\/vc_row_inner][\/vc_column][\/vc_row]<\/p>\n","protected":false},"author":4,"featured_media":0,"parent":0,"menu_order":0,"comment_status":"closed","ping_status":"closed","template":"","meta":{"nf_dc_page":"","footnotes":""},"class_list":["post-11940","page","type-page","status-publish","hentry"],"_links":{"self":[{"href":"https:\/\/worknow.vn\/vi\/wp-json\/wp\/v2\/pages\/11940","targetHints":{"allow":["GET"]}}],"collection":[{"href":"https:\/\/worknow.vn\/vi\/wp-json\/wp\/v2\/pages"}],"about":[{"href":"https:\/\/worknow.vn\/vi\/wp-json\/wp\/v2\/types\/page"}],"author":[{"embeddable":true,"href":"https:\/\/worknow.vn\/vi\/wp-json\/wp\/v2\/users\/4"}],"replies":[{"embeddable":true,"href":"https:\/\/worknow.vn\/vi\/wp-json\/wp\/v2\/comments?post=11940"}],"version-history":[{"count":1,"href":"https:\/\/worknow.vn\/vi\/wp-json\/wp\/v2\/pages\/11940\/revisions"}],"predecessor-version":[{"id":12161,"href":"https:\/\/worknow.vn\/vi\/wp-json\/wp\/v2\/pages\/11940\/revisions\/12161"}],"wp:attachment":[{"href":"https:\/\/worknow.vn\/vi\/wp-json\/wp\/v2\/media?parent=11940"}],"curies":[{"name":"wp","href":"https:\/\/api.w.org\/{rel}","templated":true}]}}